{"id":1922,"date":"2016-02-08T11:06:20","date_gmt":"2016-02-08T10:06:20","guid":{"rendered":"http:\/\/www.presstourism.ch\/WP_ALEX\/?page_id=1922"},"modified":"2016-02-08T11:06:59","modified_gmt":"2016-02-08T10:06:59","slug":"concours-de-photos-2015","status":"publish","type":"page","link":"http:\/\/www.presstourism.ch\/?page_id=1922","title":{"rendered":"Concours de photos 2015"},"content":{"rendered":"<p>A l&rsquo;occasion de notre voyage de presse dans le Balikesir (printemps 2015), les participants ont \u00e9t\u00e9 invit\u00e9s \u00e0 pr\u00e9senter \u00e0 un jury ad hoc leurs plus belles photos. Voici les cinq meilleures:<\/p>\n<div id=\"attachment_1923\" style=\"width: 650px\" class=\"wp-caption alignnone\"><a href=\"https:\/\/i0.wp.com\/www.presstourism.ch\/WP_ALEX\/wp-content\/uploads\/2016\/02\/1-Olivier-B\u00e9roud-20-pts.jpg\"><img aria-describedby=\"caption-attachment-1923\" loading=\"lazy\" class=\"wp-image-1923 size-large\" src=\"https:\/\/i0.wp.com\/www.presstourism.ch\/WP_ALEX\/wp-content\/uploads\/2016\/02\/1-Olivier-B\u00e9roud-20-pts-1024x683.jpg?resize=584%2C390\" alt=\"1 Olivier B\u00e9roud 20 pts\" width=\"584\" height=\"390\" srcset=\"https:\/\/i1.wp.com\/www.presstourism.ch\/wp-content\/uploads\/2016\/02\/1-Olivier-B\u00e9roud-20-pts.jpg?resize=1024%2C683 1024w, https:\/\/i1.wp.com\/www.presstourism.ch\/wp-content\/uploads\/2016\/02\/1-Olivier-B\u00e9roud-20-pts.jpg?resize=300%2C200 300w, https:\/\/i1.wp.com\/www.presstourism.ch\/wp-content\/uploads\/2016\/02\/1-Olivier-B\u00e9roud-20-pts.jpg?resize=600%2C400 600w, https:\/\/i1.wp.com\/www.presstourism.ch\/wp-content\/uploads\/2016\/02\/1-Olivier-B\u00e9roud-20-pts.jpg?w=1382 1382w, https:\/\/i1.wp.com\/www.presstourism.ch\/wp-content\/uploads\/2016\/02\/1-Olivier-B\u00e9roud-20-pts.jpg?w=1168 1168w\" sizes=\"(max-width: 584px) 100vw, 584px\" data-recalc-dims=\"1\" \/><\/a><p id=\"caption-attachment-1923\" class=\"wp-caption-text\">1er: Olivier B\u00e9roud (20 points)<\/p><\/div>\n<div id=\"attachment_1924\" style=\"width: 650px\" class=\"wp-caption alignnone\"><a href=\"https:\/\/i2.wp.com\/www.presstourism.ch\/WP_ALEX\/wp-content\/uploads\/2016\/02\/2-Roger-Juillerat-17-pts.jpg\"><img aria-describedby=\"caption-attachment-1924\" loading=\"lazy\" class=\"wp-image-1924 size-large\" src=\"https:\/\/i2.wp.com\/www.presstourism.ch\/WP_ALEX\/wp-content\/uploads\/2016\/02\/2-Roger-Juillerat-17-pts-1024x682.jpg?resize=584%2C389\" alt=\"Turquie, Balikesir, mai 2015\" width=\"584\" height=\"389\" srcset=\"https:\/\/i2.wp.com\/www.presstourism.ch\/wp-content\/uploads\/2016\/02\/2-Roger-Juillerat-17-pts.jpg?resize=1024%2C682 1024w, https:\/\/i2.wp.com\/www.presstourism.ch\/wp-content\/uploads\/2016\/02\/2-Roger-Juillerat-17-pts.jpg?resize=300%2C200 300w, https:\/\/i2.wp.com\/www.presstourism.ch\/wp-content\/uploads\/2016\/02\/2-Roger-Juillerat-17-pts.jpg?resize=600%2C400 600w, https:\/\/i2.wp.com\/www.presstourism.ch\/wp-content\/uploads\/2016\/02\/2-Roger-Juillerat-17-pts.jpg?w=1244 1244w, https:\/\/i2.wp.com\/www.presstourism.ch\/wp-content\/uploads\/2016\/02\/2-Roger-Juillerat-17-pts.jpg?w=1168 1168w\" sizes=\"(max-width: 584px) 100vw, 584px\" data-recalc-dims=\"1\" \/><\/a><p id=\"caption-attachment-1924\" class=\"wp-caption-text\">2\u00e8me: Roger Juillerat (17 points)<\/p><\/div>\n<div id=\"attachment_1925\" style=\"width: 650px\" class=\"wp-caption alignnone\"><a href=\"https:\/\/i2.wp.com\/www.presstourism.ch\/WP_ALEX\/wp-content\/uploads\/2016\/02\/3-Roger-Juillerat-12-pts.jpg\"><img aria-describedby=\"caption-attachment-1925\" loading=\"lazy\" class=\"wp-image-1925 size-large\" src=\"https:\/\/i0.wp.com\/www.presstourism.ch\/WP_ALEX\/wp-content\/uploads\/2016\/02\/3-Roger-Juillerat-12-pts-1024x683.jpg?resize=584%2C390\" alt=\"Turquie, Balikesir, mai 2015\" width=\"584\" height=\"390\" srcset=\"https:\/\/i0.wp.com\/www.presstourism.ch\/wp-content\/uploads\/2016\/02\/3-Roger-Juillerat-12-pts.jpg?resize=1024%2C683 1024w, https:\/\/i0.wp.com\/www.presstourism.ch\/wp-content\/uploads\/2016\/02\/3-Roger-Juillerat-12-pts.jpg?resize=300%2C200 300w, https:\/\/i0.wp.com\/www.presstourism.ch\/wp-content\/uploads\/2016\/02\/3-Roger-Juillerat-12-pts.jpg?resize=600%2C400 600w, https:\/\/i0.wp.com\/www.presstourism.ch\/wp-content\/uploads\/2016\/02\/3-Roger-Juillerat-12-pts.jpg?w=1200 1200w\" sizes=\"(max-width: 584px) 100vw, 584px\" data-recalc-dims=\"1\" \/><\/a><p id=\"caption-attachment-1925\" class=\"wp-caption-text\">3\u00e8me: Roger Juillerat (12 points)<\/p><\/div>\n<div id=\"attachment_1926\" style=\"width: 650px\" class=\"wp-caption alignnone\"><a href=\"https:\/\/i0.wp.com\/www.presstourism.ch\/WP_ALEX\/wp-content\/uploads\/2016\/02\/4-ex-aequo-Olivier-B\u00e9roud-11-pts.jpg\"><img aria-describedby=\"caption-attachment-1926\" loading=\"lazy\" class=\"wp-image-1926 size-large\" src=\"https:\/\/i2.wp.com\/www.presstourism.ch\/WP_ALEX\/wp-content\/uploads\/2016\/02\/4-ex-aequo-Olivier-B\u00e9roud-11-pts-683x1024.jpg?resize=584%2C876\" alt=\"4 ex aequo Olivier B\u00e9roud 11 pts\" width=\"584\" height=\"876\" srcset=\"https:\/\/i1.wp.com\/www.presstourism.ch\/wp-content\/uploads\/2016\/02\/4-ex-aequo-Olivier-B\u00e9roud-11-pts.jpg?resize=683%2C1024 683w, https:\/\/i1.wp.com\/www.presstourism.ch\/wp-content\/uploads\/2016\/02\/4-ex-aequo-Olivier-B\u00e9roud-11-pts.jpg?resize=200%2C300 200w, https:\/\/i1.wp.com\/www.presstourism.ch\/wp-content\/uploads\/2016\/02\/4-ex-aequo-Olivier-B\u00e9roud-11-pts.jpg?resize=600%2C900 600w, https:\/\/i1.wp.com\/www.presstourism.ch\/wp-content\/uploads\/2016\/02\/4-ex-aequo-Olivier-B\u00e9roud-11-pts.jpg?w=800 800w\" sizes=\"(max-width: 584px) 100vw, 584px\" data-recalc-dims=\"1\" \/><\/a><p id=\"caption-attachment-1926\" class=\"wp-caption-text\">4\u00e8me ex aequo: Olivier B\u00e9roud (11 points)<\/p><\/div>\n<div id=\"attachment_1927\" style=\"width: 650px\" class=\"wp-caption alignnone\"><a href=\"https:\/\/i0.wp.com\/www.presstourism.ch\/WP_ALEX\/wp-content\/uploads\/2016\/02\/4-ex-aequo-Pascal-Fleury-11-pts.jpg\"><img aria-describedby=\"caption-attachment-1927\" loading=\"lazy\" class=\"wp-image-1927 size-large\" src=\"https:\/\/i2.wp.com\/www.presstourism.ch\/WP_ALEX\/wp-content\/uploads\/2016\/02\/4-ex-aequo-Pascal-Fleury-11-pts-1024x685.jpg?resize=584%2C391\" alt=\"4 ex aequo Pascal Fleury 11 pts\" width=\"584\" height=\"391\" srcset=\"https:\/\/i0.wp.com\/www.presstourism.ch\/wp-content\/uploads\/2016\/02\/4-ex-aequo-Pascal-Fleury-11-pts.jpg?resize=1024%2C685 1024w, https:\/\/i0.wp.com\/www.presstourism.ch\/wp-content\/uploads\/2016\/02\/4-ex-aequo-Pascal-Fleury-11-pts.jpg?resize=300%2C201 300w, https:\/\/i0.wp.com\/www.presstourism.ch\/wp-content\/uploads\/2016\/02\/4-ex-aequo-Pascal-Fleury-11-pts.jpg?resize=600%2C402 600w, https:\/\/i0.wp.com\/www.presstourism.ch\/wp-content\/uploads\/2016\/02\/4-ex-aequo-Pascal-Fleury-11-pts.jpg?w=1200 1200w\" sizes=\"(max-width: 584px) 100vw, 584px\" data-recalc-dims=\"1\" \/><\/a><p id=\"caption-attachment-1927\" class=\"wp-caption-text\">4\u00e8me ex aequo: Pascal Fleury (11 points)<\/p><\/div>\n<p>Thierry Porchet, organisateur du concours, proclame le r\u00e9sultat final:<\/p>\n<ol>\n<li>Olivier B\u00e9roud avec 54 points<\/li>\n<li>Roger Juillerat avec 32 points<\/li>\n<li>Pascal Fleury avec 17 points<\/li>\n<\/ol>\n<p>Les prix, sous forme de bons d&rsquo;achat, pour un voyage (CFF ou agence de voyage) ou pour du mat\u00e9riel photo, sont les suivants:<\/p>\n<p>500 CHF pour le premier<\/p>\n<p>200 CHF\u00a0 pour deuxi\u00e8me<\/p>\n<p>100 CHF pour le troisi\u00e8me<\/p>\n<p>&nbsp;<\/p>\n","protected":false},"excerpt":{"rendered":"<p>A l&rsquo;occasion de notre voyage de presse dans le Balikesir (printemps 2015), les participants ont \u00e9t\u00e9 invit\u00e9s \u00e0 pr\u00e9senter \u00e0 un jury ad hoc leurs plus belles photos. Voici les cinq meilleures: Thierry Porchet, organisateur du concours, proclame le r\u00e9sultat &hellip; <a href=\"http:\/\/www.presstourism.ch\/?page_id=1922\">Continuer la lecture <span class=\"meta-nav\">&rarr;<\/span><\/a><\/p>\n","protected":false},"author":1,"featured_media":0,"parent":353,"menu_order":0,"comment_status":"closed","ping_status":"closed","template":"","meta":{"ngg_post_thumbnail":0,"spay_email":""},"jetpack_sharing_enabled":true,"jetpack_shortlink":"https:\/\/wp.me\/P468TV-v0","_links":{"self":[{"href":"http:\/\/www.presstourism.ch\/index.php?rest_route=\/wp\/v2\/pages\/1922"}],"collection":[{"href":"http:\/\/www.presstourism.ch\/index.php?rest_route=\/wp\/v2\/pages"}],"about":[{"href":"http:\/\/www.presstourism.ch\/index.php?rest_route=\/wp\/v2\/types\/page"}],"author":[{"embeddable":true,"href":"http:\/\/www.presstourism.ch\/index.php?rest_route=\/wp\/v2\/users\/1"}],"replies":[{"embeddable":true,"href":"http:\/\/www.presstourism.ch\/index.php?rest_route=%2Fwp%2Fv2%2Fcomments&post=1922"}],"version-history":[{"count":1,"href":"http:\/\/www.presstourism.ch\/index.php?rest_route=\/wp\/v2\/pages\/1922\/revisions"}],"predecessor-version":[{"id":1928,"href":"http:\/\/www.presstourism.ch\/index.php?rest_route=\/wp\/v2\/pages\/1922\/revisions\/1928"}],"up":[{"embeddable":true,"href":"http:\/\/www.presstourism.ch\/index.php?rest_route=\/wp\/v2\/pages\/353"}],"wp:attachment":[{"href":"http:\/\/www.presstourism.ch\/index.php?rest_route=%2Fwp%2Fv2%2Fmedia&parent=1922"}],"curies":[{"name":"wp","href":"https:\/\/api.w.org\/{rel}","templated":true}]}}