{"id":1910,"date":"2016-01-03T08:43:38","date_gmt":"2016-01-03T07:43:38","guid":{"rendered":"http:\/\/www.presstourism.ch\/WP_ALEX\/?page_id=1910"},"modified":"2016-01-03T08:43:38","modified_gmt":"2016-01-03T07:43:38","slug":"but-social","status":"publish","type":"page","link":"http:\/\/www.presstourism.ch\/?page_id=1910","title":{"rendered":"But social"},"content":{"rendered":"<div id=\"post-14\" class=\"post-14 page type-page status-publish hentry\">\n<div class=\"entry-content\">\n<p>Notre association a \u00e9t\u00e9 cr\u00e9\u00e9e en avril 1974 sous le nom d\u2019ASSET. Elle\u00a0 regroupe une centaine de journalistes suisses sp\u00e9cialis\u00e9s dans le tourisme, en Suisse et aux quatre coins de la plan\u00e8te.<\/p>\n<p>Presstourism.ch a pour but:<\/p>\n<p>1) de promouvoir la qualit\u00e9 du journalisme touristique et de d\u00e9fendre les int\u00e9r\u00eats de ses membres;<\/p>\n<p>2) d\u2019\u00e9tablir des rapports confiants et loyaux avec tous les partenaires du tourisme;<\/p>\n<p>3) d\u2019apporter aide et conseils aux membres, qu\u2019ils soient\u00a0journalistes\u00a0ou \u00e9crivains du tourisme, dans l\u2019exercice de leur profession;<\/p>\n<p>4) de favoriser la collaboration, la bonne entente et l\u2019\u00e9change d\u2019exp\u00e9rience entre les membres;<\/p>\n<p>5) d\u2019organiser des manifestations, rencontres et expositions en rapport avec le tourisme.<\/p>\n<div class=\"sharedaddy sd-sharing-enabled\">\n<div class=\"robots-nocontent sd-block sd-social sd-social-icon-text sd-sharing\"><\/div>\n<\/div>\n<\/div>\n<\/div>\n","protected":false},"excerpt":{"rendered":"<p>Notre association a \u00e9t\u00e9 cr\u00e9\u00e9e en avril 1974 sous le nom d\u2019ASSET. Elle\u00a0 regroupe une centaine de journalistes suisses sp\u00e9cialis\u00e9s dans le tourisme, en Suisse et aux quatre coins de la plan\u00e8te. Presstourism.ch a pour but: 1) de promouvoir la &hellip; <a href=\"http:\/\/www.presstourism.ch\/?page_id=1910\">Continuer la lecture <span class=\"meta-nav\">&rarr;<\/span><\/a><\/p>\n","protected":false},"author":1,"featured_media":0,"parent":14,"menu_order":0,"comment_status":"closed","ping_status":"closed","template":"","meta":{"ngg_post_thumbnail":0,"spay_email":""},"jetpack_sharing_enabled":true,"jetpack_shortlink":"https:\/\/wp.me\/P468TV-uO","_links":{"self":[{"href":"http:\/\/www.presstourism.ch\/index.php?rest_route=\/wp\/v2\/pages\/1910"}],"collection":[{"href":"http:\/\/www.presstourism.ch\/index.php?rest_route=\/wp\/v2\/pages"}],"about":[{"href":"http:\/\/www.presstourism.ch\/index.php?rest_route=\/wp\/v2\/types\/page"}],"author":[{"embeddable":true,"href":"http:\/\/www.presstourism.ch\/index.php?rest_route=\/wp\/v2\/users\/1"}],"replies":[{"embeddable":true,"href":"http:\/\/www.presstourism.ch\/index.php?rest_route=%2Fwp%2Fv2%2Fcomments&post=1910"}],"version-history":[{"count":1,"href":"http:\/\/www.presstourism.ch\/index.php?rest_route=\/wp\/v2\/pages\/1910\/revisions"}],"predecessor-version":[{"id":1911,"href":"http:\/\/www.presstourism.ch\/index.php?rest_route=\/wp\/v2\/pages\/1910\/revisions\/1911"}],"up":[{"embeddable":true,"href":"http:\/\/www.presstourism.ch\/index.php?rest_route=\/wp\/v2\/pages\/14"}],"wp:attachment":[{"href":"http:\/\/www.presstourism.ch\/index.php?rest_route=%2Fwp%2Fv2%2Fmedia&parent=1910"}],"curies":[{"name":"wp","href":"https:\/\/api.w.org\/{rel}","templated":true}]}}