{"id":19,"date":"2013-11-14T11:01:35","date_gmt":"2013-11-14T10:01:35","guid":{"rendered":"http:\/\/www.presstourism.ch\/WP_ALEX\/?page_id=19"},"modified":"2024-04-23T15:49:46","modified_gmt":"2024-04-23T13:49:46","slug":"statuts","status":"publish","type":"page","link":"http:\/\/www.presstourism.ch\/?page_id=19","title":{"rendered":"Statuts"},"content":{"rendered":"<p>Art. 1 D\u00e9nomination, si\u00e8ge, dur\u00e9e<br \/>\nSous la d\u00e9nomination<br \/>\nASSOCIATION SUISSE DES JOURNALISTES DU TOURISME<br \/>\nVEREINIGUNG SCHWEIZER TOURISMUSJOURNALISTEN<br \/>\nASSOCIAZIONE SVIZZERA DEI GIORNALISTI DI TURISMO<br \/>\nSWISS ASSOCIATION OF TRAVEL JOURNALISTS<br \/>\nci-dessous Tourismpress.ch, il existe une association r\u00e9gie par les pr\u00e9sents<br \/>\nstatuts et par les articles 60 et suivants du Code civil suisse.<br \/>\nSon si\u00e8ge est au domicile du pr\u00e9sident en fonction. Sa dur\u00e9e n\u2019est pas limit\u00e9e.<\/p>\n<p>Art. 2 But<br \/>\nTourismpress.ch a pour but:<br \/>\n1) de promouvoir la qualit\u00e9 du journalisme touristique et de d\u00e9fendre les<br \/>\nint\u00e9r\u00eats de ses membres;<br \/>\n2) d\u2019\u00e9tablir des rapports confiants et loyaux avec tous les partenaires du<br \/>\ntourisme;<br \/>\n3) d\u2019apporter aide et conseils aux journalistes et \u00e9crivains du tourisme<br \/>\nmembres dans l\u2019exercice de leur profession;<br \/>\n4) de favoriser la collaboration, la bonne entente et l\u2019\u00e9change d\u2019exp\u00e9rience<br \/>\nentre les membres;<br \/>\n5) d\u2019organiser des manifestations, rencontres et expositions en rapport avec le<br \/>\ntourisme.<\/p>\n<p>Art. 3 Membres<br \/>\nPeuvent \u00eatre membres de Tourismpress.ch :<br \/>\nEn tant que membres actifs :<br \/>\nles personnes physiques actives r\u00e9guli\u00e8rement \u00e0 titre professionnel dans le<br \/>\ndomaine du tourisme ou de la gastronomie en tant que journaliste, \u00e9crivain ou<br \/>\nphotographe.<br \/>\nLe comit\u00e9 \u00e9value si ces conditions sont remplies; cet examen se faisant<br \/>\nr\u00e9guli\u00e8rement.<br \/>\nEn tant que membres associ\u00e9s :<br \/>\na) les personnes physiques qui n\u2019ont qu\u2019une activit\u00e9 occasionnelle en tant<br \/>\nque journaliste de tourisme;<br \/>\nb) les personnes morales appartenant au monde du tourisme telles que tour<br \/>\nop\u00e9rateurs, offices de tourisme, transporteurs, h\u00f4teliers et cha\u00eenes d\u2019h\u00f4tels,<br \/>\nagences de relations publiques et de publicit\u00e9.<br \/>\nEn tant que membres d\u2019honneur :<br \/>\nles personnes physiques qui ont rendu des services importants au tourisme ou<br \/>\n\u00e0 Presstourism.ch. Le statut de membre d\u2019honneur ne peut \u00eatre conf\u00e9r\u00e9 que<br \/>\npar l\u2019assembl\u00e9e g\u00e9n\u00e9rale sur proposition du comit\u00e9.<\/p>\n<p>Art.4 Admission des membres<br \/>\nLa demande d\u2019admission comme membre actif ou associ\u00e9 doit \u00eatre adress\u00e9e<br \/>\npar \u00e9crit au pr\u00e9sident.<br \/>\nLa proc\u00e9dure d\u2019admission est r\u00e9gie par un r\u00e8glement qui fait partie int\u00e9grante<br \/>\ndes pr\u00e9sents statuts.<\/p>\n<p>Art. 5 Effet de la qualit\u00e9 de membre<br \/>\nLe fait d\u2019\u00eatre membre de Tourismpress.ch implique l\u2019adh\u00e9sion aux statuts et<br \/>\naux r\u00e8glements.<\/p>\n<p>Art. 6 Perte de la qualit\u00e9 de membre<br \/>\nLa qualit\u00e9 de membre se perd :<br \/>\na) par la d\u00e9mission donn\u00e9e par \u00e9crit trois mois avant la fin d\u2019une ann\u00e9e civile<br \/>\net pour la fin de celle-ci;<br \/>\nb) par le d\u00e9c\u00e8s, la cessation d\u2019activit\u00e9 ou la dissolution pour une personne<br \/>\nmorale;<br \/>\nc) par l\u2019exclusion qui peut \u00eatre prononc\u00e9e par le comit\u00e9 en respectant les<br \/>\ndispositions d\u2019un r\u00e8glement sp\u00e9cial qui fait partie int\u00e9grante des pr\u00e9sents<br \/>\nstatuts.<\/p>\n<p>Art. 7 Cotisations<br \/>\nL\u2019assembl\u00e9e g\u00e9n\u00e9rale fixe chaque ann\u00e9e, pour chaque cat\u00e9gorie de membres,<br \/>\nle montant de la cotisation. Parmi les membres associ\u00e9s, les personnes<br \/>\nmorales paient une cotisation plus \u00e9lev\u00e9e que les personnes physiques.<br \/>\nLes membres d\u2019honneur sont dispens\u00e9s du paiement de la cotisation.<br \/>\nUn membre qui, au cours d\u2019un exercice social, adh\u00e8re \u00e0 Tourismpress.ch ou au<br \/>\ncontraire cesse d\u2019y appartenir doit la cotisation enti\u00e8re pour cet exercice.<br \/>\nLes personnes membres associ\u00e9s individuels \u00e9tant au b\u00e9n\u00e9fice d\u2019une rente de<br \/>\nretraite paient ont droit une cotisation r\u00e9duite de 50%.<br \/>\nLes retrait\u00e9s exer\u00e7ant toujours une activit\u00e9 d\u00e9finie comme \u00e9tant propre au<br \/>\nmembre actif paient la cotisation int\u00e9grale.<\/p>\n<p>Art. 8 Exercice social<br \/>\nL\u2019exercice social correspond \u00e0 l\u2019ann\u00e9e civile.<\/p>\n<p>Art 9 Responsabilit\u00e9 des membres<br \/>\nLes membres n\u2019encourent aucune responsabilit\u00e9 personnelle quant aux<br \/>\nengagements financiers de Tourismpress.ch qui sont garantis uniquement par<br \/>\nles biens de celle-ci.<\/p>\n<p>Art. 10 Organes<br \/>\nLes organes de Tourismpress.ch sont :<br \/>\na) l\u2019assembl\u00e9e g\u00e9n\u00e9rale;<br \/>\nb) le comit\u00e9;<br \/>\nc) l\u2019organe de contr\u00f4le.<\/p>\n<p>Art. 11 Assembl\u00e9e g\u00e9n\u00e9rale<br \/>\nLes membres de Tourismpress.ch se r\u00e9unissent en assembl\u00e9e g\u00e9n\u00e9rale<br \/>\nordinaire une fois par an. L\u2019assembl\u00e9e g\u00e9n\u00e9rale a lieu au cours du premier<br \/>\nsemestre de l\u2019ann\u00e9e civile.<br \/>\nLes membres se r\u00e9unissent en assembl\u00e9e g\u00e9n\u00e9rale extraordinaire chaque fois<br \/>\nque le comit\u00e9 le juge utile ou \u00e0 la demande \u00e9crite de dix membres actifs au<br \/>\nmoins. Dans ce dernier cas, l\u2019assembl\u00e9e g\u00e9n\u00e9rale extraordinaire doit se r\u00e9unir<br \/>\ndans les trente jours qui suivent la demande de convocation ou dans les<br \/>\nsoixante jours s\u2019il s\u2019agit d\u2019une demande de modification des statuts.<\/p>\n<p>Art. 12 Convocations \u00e0 l\u2019assembl\u00e9e g\u00e9n\u00e9rale<br \/>\nLes convocations \u00e0 l\u2019assembl\u00e9e g\u00e9n\u00e9rale, comportant l\u2019ordre du jour, sont<br \/>\nadress\u00e9es personnellement aux membres au moins vingt jours \u00e0 l\u2019avance.<br \/>\nToute proposition individuelle doit \u00eatre adress\u00e9e par \u00e9crit au pr\u00e9sident au<br \/>\nmoins sept jours avant l\u2019assembl\u00e9e.<\/p>\n<p>Art. 13 Attributions de l\u2019assembl\u00e9e g\u00e9n\u00e9rale<br \/>\nL\u2019assembl\u00e9e g\u00e9n\u00e9rale est l\u2019organe supr\u00eame de Tourismpress.ch.<br \/>\nIl lui appartient notamment:<br \/>\na) d\u2019approuver les rapports et les comptes annuels<br \/>\nb) de proc\u00e9der aux \u00e9lections statutaires: du comit\u00e9, du pr\u00e9sident, de l\u2019organe<br \/>\nde contr\u00f4le<br \/>\nc) de nommer les membres d\u2019honneur<br \/>\nd) de fixer les cotisations annuelles et d\u2019adopter le budget<br \/>\ne) de se prononcer sur les points port\u00e9s \u00e0 l\u2019ordre du jour<br \/>\nf) de modifier les statuts<br \/>\ng) d\u2019approuver les r\u00e8glements<br \/>\nh) de d\u00e9cider la dissolution et la liquidation de Tourismpress.ch.<br \/>\nL\u2019assembl\u00e9e g\u00e9n\u00e9rale ne peut prendre de d\u00e9cision que sur les points port\u00e9s \u00e0<br \/>\nl\u2019ordre du jour.<\/p>\n<p>Art. 14 D\u00e9lib\u00e9rations, votes, r\u00e8gles de majorit\u00e9<br \/>\nL\u2019assembl\u00e9e g\u00e9n\u00e9rale d\u00e9lib\u00e8re valablement quelque soit le nombre des<br \/>\nmembres pr\u00e9sents, sous r\u00e9serve de l\u2019article 22.<br \/>\nTous les membres actifs de Tourismpress.ch ont le droit de vote en assembl\u00e9e<br \/>\ng\u00e9n\u00e9rale. Les membres d\u2019honneur et associ\u00e9s ont voix consultative.<br \/>\nLes membres actifs qui ne pourraient pas \u00eatre pr\u00e9sent \u00e0 une assembl\u00e9e<br \/>\ng\u00e9n\u00e9rale ordinaire ou extraordinaire peuvent donner procuration \u00e0 un membre<br \/>\npr\u00e9sent, lequel ne peut b\u00e9n\u00e9ficier que d\u2019une seule voix suppl\u00e9mentaire \u00e0 la<br \/>\nsienne. Une demande de procuration doit parvenir au secr\u00e9tariat de<br \/>\nPresstourism.ch au plus t\u00f4t trois jours apr\u00e8s r\u00e9ception de la convocation et au<br \/>\nplus tard 5 jours avant la date de d\u00e9part du voyage d\u2019assembl\u00e9e de<br \/>\nTourismpress.ch si celui-ci se d\u00e9roule \u00e0 l\u2019\u00e9tranger. Elle peut parvenir au<br \/>\nsecr\u00e9tariat de Tourismpress.ch au plus tard 5 jours avant la date de<br \/>\nl\u2019assembl\u00e9e si celle-ci se d\u00e9roule en Suisse. Lors de sa demande de<br \/>\nprocuration, le pourvoyeur de procuration peut faire mention de quatre noms<br \/>\nde procurant en cascade, ceci au cas o\u00f9 la ou les personnes d\u00e9sign\u00e9es<br \/>\nauraient d\u00e9j\u00e0 re\u00e7u des procurations.<br \/>\nSous r\u00e9serve des articles 21 et 22 les d\u00e9cisions sont prises \u00e0 la majorit\u00e9<br \/>\nsimple des voix des membres actifs pr\u00e9sents et des procurations<br \/>\nEn cas d\u2019\u00e9galit\u00e9 des voix, celle du pr\u00e9sident est pr\u00e9pond\u00e9rante.<br \/>\nDans la r\u00e8gle, les d\u00e9cisions sont prises \u00e0 main lev\u00e9e, \u00e0 moins que la majorit\u00e9<br \/>\ndes membres actifs ne demande le vote au bulletin secret.<\/p>\n<p>Art. 15 Comit\u00e9, composition, \u00e9lection<br \/>\nLe comit\u00e9 est compos\u00e9 de cinq membres au minimum et de neuf<br \/>\nmembres au maximum. Ils sont \u00e9lus individuellement par l\u2019assembl\u00e9e<br \/>\ng\u00e9n\u00e9rale ordinaire pour trois ans et r\u00e9\u00e9ligibles.<br \/>\nEn plus des membres actifs, le comit\u00e9 peut compter en son sein un membre<br \/>\nassoci\u00e9. Celui-ci a une voix consultative.<br \/>\nSi le nombre des candidats ne d\u00e9passe pas celui des postes \u00e0 repourvoir,<br \/>\nl\u2019assembl\u00e9e \u00e9lit en principe le comit\u00e9 \u00e0 main lev\u00e9e.<br \/>\nL\u2019\u00e9lection du pr\u00e9sident, choisi parmi les membres du comit\u00e9, a \u00e9galement lieu<br \/>\n\u00e0 main lev\u00e9e.<br \/>\nSi le vote au bulletin secret est n\u00e9cessaire ou demand\u00e9, l\u2019assembl\u00e9e \u00e9lit le<br \/>\ncomit\u00e9 au scrutin de liste \u00e0 la majorit\u00e9 simple puis \u00e9lit le pr\u00e9sident parmi les<br \/>\nmembres du comit\u00e9.<br \/>\nEn cas de d\u00e9mission d\u2019un membre du comit\u00e9 avant la fin de son mandat, le<br \/>\ncomit\u00e9 peut coopter un rempla\u00e7ant qui restera en fonction jusqu\u2019\u00e0 la prochaine<br \/>\nassembl\u00e9e g\u00e9n\u00e9rale ordinaire. S\u2019il le juge n\u00e9cessaire et si des places sont<br \/>\ndisponibles, le comit\u00e9 peut coopter un nouveau membre du comit\u00e9, lequel<br \/>\ndevra \u00eatre confirm\u00e9 dans sa fonction lors de l\u2019assembl\u00e9e g\u00e9n\u00e9rale ordinaire la<br \/>\nplus proche.<\/p>\n<p>Art. 16 Organisation<br \/>\nLe comit\u00e9 d\u00e9signe parmi ses membres un vice-pr\u00e9sident, un secr\u00e9taire et un<br \/>\ntr\u00e9sorier.<br \/>\nLes t\u00e2ches de secr\u00e9taire et de tr\u00e9sorier peuvent \u00eatre confi\u00e9es par le comit\u00e9 \u00e0<br \/>\nune personne ou institution mandat\u00e9e choisie en dehors des membres de<br \/>\nl\u2019association. Le secr\u00e9taire assiste alors aux s\u00e9ances du comit\u00e9 et aux<br \/>\nassembl\u00e9es g\u00e9n\u00e9rales avec voix consultative.<\/p>\n<p>Art. 17 Pouvoirs du comit\u00e9<br \/>\nLe comit\u00e9 est investi des pouvoirs les plus \u00e9tendus dans les limites fix\u00e9es par<br \/>\nles statuts et la loi pour assurer la bonne marche de Presstourism.ch sur la<br \/>\nbase des directives fournies par l\u2019assembl\u00e9e g\u00e9n\u00e9rale.<br \/>\nIl prend toutes d\u00e9cisions utiles \u00e0 la r\u00e9alisation du but social, lesquelles sont<br \/>\nconfidentielles.<br \/>\nIl convoque l\u2019assembl\u00e9e g\u00e9n\u00e9rale et fixe son ordre du jour.<br \/>\nIl re\u00e7oit les suggestions des membres et leur fait conna\u00eetre la suite qu\u2019il juge<br \/>\nopportune d\u2019y donner.<br \/>\nIl informe les membres des travaux en cours, des questions mises \u00e0<br \/>\nl\u2019\u00e9tude et des d\u00e9cisions d\u2019int\u00e9r\u00eat g\u00e9n\u00e9ral prises par lui.<br \/>\nIl rend compte annuellement de sa gestion \u00e0 l\u2019assembl\u00e9e g\u00e9n\u00e9rale<br \/>\nordinaire.<br \/>\nLe comit\u00e9 d\u00e9lib\u00e8re valablement si la moiti\u00e9 au moins de ses membres sont<br \/>\npr\u00e9sents.<br \/>\nLe pr\u00e9sident ou, en son absence, le vice-pr\u00e9sident dirige les d\u00e9bats.<br \/>\nLes droits, devoirs et pr\u00e9rogatives du comit\u00e9 sont r\u00e9gis par un r\u00e8glement<br \/>\nint\u00e9rieur et stipule, notamment, que chaque membre du comit\u00e9 peut recevoir,<br \/>\nle cas \u00e9ch\u00e9ant, un d\u00e9dommagement fixe en cas de travaux importants, soit un<br \/>\njeton de pr\u00e9sence \u00e0 chaque r\u00e9union, la somme \u00e9tant fix\u00e9e d\u2019ann\u00e9e en ann\u00e9e<br \/>\nselon l\u2019\u00e9tat des finances.<\/p>\n<p>Art. 18 Engagement \u00e0 l\u2019\u00e9gard des tiers<br \/>\nTourismpress.ch est engag\u00e9e \u00e0 l\u2019\u00e9gard des tiers par la signature de deux<br \/>\nmembres du comit\u00e9, dont l\u2019un doit \u00eatre le pr\u00e9sident ou le vice-pr\u00e9sident.<\/p>\n<p>Art. 19 Commissions<br \/>\nLe comit\u00e9 peut nommer des commissions temporaires ou permanentes<br \/>\nchaque fois qu\u2019il l\u2019estime n\u00e9cessaire. Il peut faire appel \u00e0 des non-membres de<br \/>\nTourismpress.ch.<br \/>\nChaque commission doit comprendre au moins un membre du comit\u00e9 qui la<br \/>\npr\u00e9side.<br \/>\nLes commissions ne peuvent engager Tourismpress.ch. Leurs rapports,<br \/>\npropositions et suggestions sont transmises au comit\u00e9.<\/p>\n<p>Art. 20 Organe de contr\u00f4le<br \/>\nL\u2019assembl\u00e9e g\u00e9n\u00e9rale ordinaire nomme chaque ann\u00e9e deux v\u00e9rificateurs des<br \/>\ncomptes et un suppl\u00e9ant.<br \/>\nLes v\u00e9rificateurs des comptes sont charg\u00e9s de contr\u00f4ler les comptes annuels<br \/>\nqui sont mis \u00e0 leur disposition au moins quinze jours avant l\u2019assembl\u00e9e<br \/>\ng\u00e9n\u00e9rale ordinaire \u00e0 laquelle ils doivent pr\u00e9senter un rapport \u00e9crit.<br \/>\nUne soci\u00e9t\u00e9 fiduciaire peut \u00eatre d\u00e9sign\u00e9e en qualit\u00e9 d\u2019organe de contr\u00f4le.<\/p>\n<p>Art. 21 Modification des statuts<br \/>\nToute modification des statuts doit \u00eatre d\u00e9cid\u00e9e \u00e0 la majorit\u00e9 des deux tiers<br \/>\ndes voix des membres actifs pr\u00e9sents \u00e0 l\u2019assembl\u00e9e g\u00e9n\u00e9rale.<br \/>\nL\u2019assembl\u00e9e g\u00e9n\u00e9rale ne peut se prononcer en mati\u00e8re de<br \/>\nmodification des statuts que sur les articles qui lui sont soumis. Le<br \/>\ntexte des modifications propos\u00e9es est joint \u00e0 la convocation.<\/p>\n<p>Art. 22 Dissolution et liquidation<br \/>\nLa dissolution et la liquidation de Tourismpress.ch ne peuvent \u00eatre d\u00e9cid\u00e9es<br \/>\nque par une assembl\u00e9e g\u00e9n\u00e9rale r\u00e9unissant au moins la moiti\u00e9 des membres<br \/>\nactifs. La d\u00e9cision doit \u00eatre prise \u00e0 la majorit\u00e9 des deux tiers des voix des<br \/>\nmembres actifs pr\u00e9sents.<br \/>\nSi une premi\u00e8re assembl\u00e9e ne r\u00e9unit pas la moiti\u00e9 des membres actifs, une<br \/>\nseconde assembl\u00e9e peut avoir lieu apr\u00e8s un d\u00e9lai de trente jours au minimum.<br \/>\nCette deuxi\u00e8me assembl\u00e9e peut prononcer la dissolution et la liquidation de<br \/>\nTourismpress.ch quel que soit le nombre des membres actifs pr\u00e9sents mais \u00e0<br \/>\nla majorit\u00e9 des deux tiers de ceux-ci.<br \/>\nEn cas de dissolution, l\u2019assembl\u00e9e g\u00e9n\u00e9rale se prononce sur la mani\u00e8re de<br \/>\nliquider Tourismpress.ch et sur l\u2019utilisation de son actif net.<\/p>\n<p>Art. 23 Texte faisant foi<br \/>\nPour les pr\u00e9sents statuts, seul le texte fran\u00e7ais fait foi.<\/p>\n<p>Art 24 Dispositions finales<br \/>\nLa dernier mise-\u00e0-jour des pr\u00e9sents statuts a \u00e9t\u00e9 effectu\u00e9 lors de l\u2019assembl\u00e9e<br \/>\ng\u00e9n\u00e9rale ordinaire qui s\u2019est tenue \u00e0 Toulouse le 20 mai 2011.<\/p>\n","protected":false},"excerpt":{"rendered":"<p>Art. 1 D\u00e9nomination, si\u00e8ge, dur\u00e9e Sous la d\u00e9nomination ASSOCIATION SUISSE DES JOURNALISTES DU TOURISME VEREINIGUNG SCHWEIZER TOURISMUSJOURNALISTEN ASSOCIAZIONE SVIZZERA DEI GIORNALISTI DI TURISMO SWISS ASSOCIATION OF TRAVEL JOURNALISTS ci-dessous Tourismpress.ch, il existe une association r\u00e9gie par les pr\u00e9sents statuts et &hellip; <a href=\"http:\/\/www.presstourism.ch\/?page_id=19\">Continuer la lecture <span class=\"meta-nav\">&rarr;<\/span><\/a><\/p>\n","protected":false},"author":1,"featured_media":0,"parent":14,"menu_order":0,"comment_status":"open","ping_status":"open","template":"","meta":{"ngg_post_thumbnail":0,"spay_email":""},"jetpack_sharing_enabled":true,"jetpack_shortlink":"https:\/\/wp.me\/P468TV-j","_links":{"self":[{"href":"http:\/\/www.presstourism.ch\/index.php?rest_route=\/wp\/v2\/pages\/19"}],"collection":[{"href":"http:\/\/www.presstourism.ch\/index.php?rest_route=\/wp\/v2\/pages"}],"about":[{"href":"http:\/\/www.presstourism.ch\/index.php?rest_route=\/wp\/v2\/types\/page"}],"author":[{"embeddable":true,"href":"http:\/\/www.presstourism.ch\/index.php?rest_route=\/wp\/v2\/users\/1"}],"replies":[{"embeddable":true,"href":"http:\/\/www.presstourism.ch\/index.php?rest_route=%2Fwp%2Fv2%2Fcomments&post=19"}],"version-history":[{"count":2,"href":"http:\/\/www.presstourism.ch\/index.php?rest_route=\/wp\/v2\/pages\/19\/revisions"}],"predecessor-version":[{"id":9440,"href":"http:\/\/www.presstourism.ch\/index.php?rest_route=\/wp\/v2\/pages\/19\/revisions\/9440"}],"up":[{"embeddable":true,"href":"http:\/\/www.presstourism.ch\/index.php?rest_route=\/wp\/v2\/pages\/14"}],"wp:attachment":[{"href":"http:\/\/www.presstourism.ch\/index.php?rest_route=%2Fwp%2Fv2%2Fmedia&parent=19"}],"curies":[{"name":"wp","href":"https:\/\/api.w.org\/{rel}","templated":true}]}}