{"id":1831,"date":"2015-10-13T11:42:09","date_gmt":"2015-10-13T10:42:09","guid":{"rendered":"http:\/\/www.presstourism.ch\/WP_ALEX\/?page_id=1831"},"modified":"2015-10-13T11:42:09","modified_gmt":"2015-10-13T10:42:09","slug":"mariazeller-bahn","status":"publish","type":"page","link":"http:\/\/www.presstourism.ch\/?page_id=1831","title":{"rendered":"Mariazeller Bahn"},"content":{"rendered":"<p><strong>Avec le Golden Pass de l&rsquo;Autriche<\/strong><\/p>\n<p><strong>Texte et photos: Roger Juillerat<\/strong><\/p>\n<div id=\"attachment_1841\" style=\"width: 650px\" class=\"wp-caption alignnone\"><a href=\"https:\/\/i2.wp.com\/www.presstourism.ch\/WP_ALEX\/wp-content\/uploads\/2015\/10\/1MariazellBahn.jpg\"><img aria-describedby=\"caption-attachment-1841\" loading=\"lazy\" class=\"wp-image-1841 size-large\" src=\"https:\/\/i2.wp.com\/www.presstourism.ch\/WP_ALEX\/wp-content\/uploads\/2015\/10\/1MariazellBahn-1024x683.jpg?resize=584%2C390\" alt=\"Le train \u00e0 vapeur est une des attractions de la station de Mariazell.\" width=\"584\" height=\"390\" srcset=\"https:\/\/i1.wp.com\/www.presstourism.ch\/wp-content\/uploads\/2015\/10\/1MariazellBahn.jpg?resize=1024%2C683 1024w, https:\/\/i1.wp.com\/www.presstourism.ch\/wp-content\/uploads\/2015\/10\/1MariazellBahn.jpg?resize=300%2C200 300w, https:\/\/i1.wp.com\/www.presstourism.ch\/wp-content\/uploads\/2015\/10\/1MariazellBahn.jpg?resize=600%2C400 600w, https:\/\/i1.wp.com\/www.presstourism.ch\/wp-content\/uploads\/2015\/10\/1MariazellBahn.jpg?w=1168 1168w, https:\/\/i1.wp.com\/www.presstourism.ch\/wp-content\/uploads\/2015\/10\/1MariazellBahn.jpg?w=1752 1752w\" sizes=\"(max-width: 584px) 100vw, 584px\" data-recalc-dims=\"1\" \/><\/a><p id=\"caption-attachment-1841\" class=\"wp-caption-text\">Le train \u00e0 vapeur est une des attractions de la station de Mariazell.<\/p><\/div>\n<p>MARIAZELLER BAHN &#8211; Le petit train a des voitures copies conformes au MOB et il traverse une charmante r\u00e9gion conduisant dans une station r\u00e9put\u00e9e, qui est aussi un lieu de p\u00e8lerinage tr\u00e8s fr\u00e9quent\u00e9.<\/p>\n<div id=\"attachment_1842\" style=\"width: 650px\" class=\"wp-caption alignnone\"><a href=\"https:\/\/i1.wp.com\/www.presstourism.ch\/WP_ALEX\/wp-content\/uploads\/2015\/10\/2MariazellBahn.jpg\"><img aria-describedby=\"caption-attachment-1842\" loading=\"lazy\" class=\"wp-image-1842 size-large\" src=\"https:\/\/i0.wp.com\/www.presstourism.ch\/WP_ALEX\/wp-content\/uploads\/2015\/10\/2MariazellBahn-1024x683.jpg?resize=584%2C390\" alt=\"Le Mariazeller Bahn sillonne une jolie r\u00e9gion et rejoint les Pr\u00e9alpes de Styrie.\" width=\"584\" height=\"390\" srcset=\"https:\/\/i1.wp.com\/www.presstourism.ch\/wp-content\/uploads\/2015\/10\/2MariazellBahn.jpg?resize=1024%2C683 1024w, https:\/\/i1.wp.com\/www.presstourism.ch\/wp-content\/uploads\/2015\/10\/2MariazellBahn.jpg?resize=300%2C200 300w, https:\/\/i1.wp.com\/www.presstourism.ch\/wp-content\/uploads\/2015\/10\/2MariazellBahn.jpg?resize=600%2C400 600w, https:\/\/i1.wp.com\/www.presstourism.ch\/wp-content\/uploads\/2015\/10\/2MariazellBahn.jpg?w=1168 1168w, https:\/\/i1.wp.com\/www.presstourism.ch\/wp-content\/uploads\/2015\/10\/2MariazellBahn.jpg?w=1752 1752w\" sizes=\"(max-width: 584px) 100vw, 584px\" data-recalc-dims=\"1\" \/><\/a><p id=\"caption-attachment-1842\" class=\"wp-caption-text\">Le Mariazeller Bahn sillonne une jolie r\u00e9gion et rejoint les Pr\u00e9alpes de Styrie.<\/p><\/div>\n<p>Quand il arrive dans la gare de Sankt-P\u00f6lten, capitale r\u00e9gionale de la Basse-Autriche, le petit train de Mariazell vous fait croire que vous \u00eates \u00e0 Montreux, pr\u00eats \u00e0 monter dans le Golden Pass panoramique. Car sa motrice et ses wagons sont tout \u00e0 fait les m\u00eames, \u00e0 l&rsquo;exception qu&rsquo;ils sont tract\u00e9s sur une ligne \u00e0 voie \u00e9troite de 76 cm, caract\u00e9ristique des chemins de fer secondaires de l&rsquo;ancien empire Austro-Hongrois.<\/p>\n<div id=\"attachment_1848\" style=\"width: 650px\" class=\"wp-caption alignnone\"><a href=\"https:\/\/i2.wp.com\/www.presstourism.ch\/WP_ALEX\/wp-content\/uploads\/2015\/10\/8MariazellBahn.jpg\"><img aria-describedby=\"caption-attachment-1848\" loading=\"lazy\" class=\"wp-image-1848 size-large\" src=\"https:\/\/i0.wp.com\/www.presstourism.ch\/WP_ALEX\/wp-content\/uploads\/2015\/10\/8MariazellBahn-1024x683.jpg?resize=584%2C390\" alt=\"Vue sur Mariazell et sa basilique au d\u00e9part du t\u00e9l\u00e9ph\u00e9rique vers le B\u00fcrgealpe.\" width=\"584\" height=\"390\" srcset=\"https:\/\/i2.wp.com\/www.presstourism.ch\/wp-content\/uploads\/2015\/10\/8MariazellBahn.jpg?resize=1024%2C683 1024w, https:\/\/i2.wp.com\/www.presstourism.ch\/wp-content\/uploads\/2015\/10\/8MariazellBahn.jpg?resize=300%2C200 300w, https:\/\/i2.wp.com\/www.presstourism.ch\/wp-content\/uploads\/2015\/10\/8MariazellBahn.jpg?resize=600%2C400 600w, https:\/\/i2.wp.com\/www.presstourism.ch\/wp-content\/uploads\/2015\/10\/8MariazellBahn.jpg?w=1168 1168w, https:\/\/i2.wp.com\/www.presstourism.ch\/wp-content\/uploads\/2015\/10\/8MariazellBahn.jpg?w=1752 1752w\" sizes=\"(max-width: 584px) 100vw, 584px\" data-recalc-dims=\"1\" \/><\/a><p id=\"caption-attachment-1848\" class=\"wp-caption-text\">Vue sur Mariazell et sa basilique au d\u00e9part du t\u00e9l\u00e9ph\u00e9rique vers le B\u00fcrgealpe.<\/p><\/div>\n<p>C&rsquo;est le d\u00e9part dans la vall\u00e9e du Pielachtal, qui ressemble sous plusieurs aspects \u00e0 notre Emmental national puis \u00e0 nos Pr\u00e9alpes d\u00e8s qu&rsquo;on prend de l&rsquo;altitude, apr\u00e8s la gare principale de Laubenbachm\u00fchle. Celle-ci est situ\u00e9e \u00e0 la limite de la section de la plaine et celle de la montagne. Enti\u00e8rement construite en bois, elle est une \u00e9tape importante et sert de base logistique \u00e0 la compagnie, comme elle constitue un point de d\u00e9part id\u00e9al \u00e0 de nombreuses randonn\u00e9es p\u00e9destres.<\/p>\n<div id=\"attachment_1844\" style=\"width: 650px\" class=\"wp-caption alignnone\"><a href=\"https:\/\/i1.wp.com\/www.presstourism.ch\/WP_ALEX\/wp-content\/uploads\/2015\/10\/4MariazellBahn.jpg\"><img aria-describedby=\"caption-attachment-1844\" loading=\"lazy\" class=\"wp-image-1844 size-large\" src=\"https:\/\/i1.wp.com\/www.presstourism.ch\/WP_ALEX\/wp-content\/uploads\/2015\/10\/4MariazellBahn-1024x683.jpg?resize=584%2C390\" alt=\"Coup d'oeil sur l'Erlaufsee o\u00f9 il est possible de se baigner et qui est riche en truites et brochets.\" width=\"584\" height=\"390\" srcset=\"https:\/\/i1.wp.com\/www.presstourism.ch\/wp-content\/uploads\/2015\/10\/4MariazellBahn.jpg?resize=1024%2C683 1024w, https:\/\/i1.wp.com\/www.presstourism.ch\/wp-content\/uploads\/2015\/10\/4MariazellBahn.jpg?resize=300%2C200 300w, https:\/\/i1.wp.com\/www.presstourism.ch\/wp-content\/uploads\/2015\/10\/4MariazellBahn.jpg?resize=600%2C400 600w, https:\/\/i1.wp.com\/www.presstourism.ch\/wp-content\/uploads\/2015\/10\/4MariazellBahn.jpg?w=1168 1168w, https:\/\/i1.wp.com\/www.presstourism.ch\/wp-content\/uploads\/2015\/10\/4MariazellBahn.jpg?w=1752 1752w\" sizes=\"(max-width: 584px) 100vw, 584px\" data-recalc-dims=\"1\" \/><\/a><p id=\"caption-attachment-1844\" class=\"wp-caption-text\">Coup d&rsquo;oeil sur l&rsquo;Erlaufsee o\u00f9 il est possible de se baigner et qui est riche en truites et brochets.<\/p><\/div>\n<p>Mais il est temps de poursuivre la route vers Mariazell. Entre courbes et tunnels, la ligne s&rsquo;enfile dans l&rsquo;\u00e9troite vall\u00e9e de la Pielag et va escalader la montagne en d\u00e9crivant deux boucles de sens oppos\u00e9, pour arriver dans cette station touristique de renom. Domin\u00e9e par sa basilique, c&rsquo;est l&rsquo;un des principaux sites de p\u00e8lerinages en Europe. On peut rejoindre son B\u00fcrgealpe en t\u00e9l\u00e9ph\u00e9rique pour visiter un captivant parc d&rsquo;attractions consacr\u00e9 aux m\u00e9tiers de la for\u00eat et du bois. Le panorama sur la r\u00e9gion est magnifique et la descente \u00e0 pied donne d&rsquo;autres points de vue int\u00e9ressants notamment vers le lac d&rsquo;Erlauf, riche de truites, d&rsquo;ombles et de brochets. Mais ce qu&rsquo;il ne faut surtout pas manquer \u00e0 Mariazell, c&rsquo;est le mus\u00e9e des tramways avec des voitures d&rsquo;une grande valeur historique et, surtout, une randonn\u00e9e avec le vieux train \u00e0 vapeur qui rejoint justement le lac d&rsquo;Erlauf. Tout un programme.<\/p>\n<p><strong>Texte et photos: Roger Juillerat<\/strong><\/p>\n<div id=\"attachment_1843\" style=\"width: 650px\" class=\"wp-caption alignnone\"><a href=\"https:\/\/i2.wp.com\/www.presstourism.ch\/WP_ALEX\/wp-content\/uploads\/2015\/10\/3MariazellBahn.jpg\"><img aria-describedby=\"caption-attachment-1843\" loading=\"lazy\" class=\"wp-image-1843 size-large\" src=\"https:\/\/i2.wp.com\/www.presstourism.ch\/WP_ALEX\/wp-content\/uploads\/2015\/10\/3MariazellBahn-1024x682.jpg?resize=584%2C389\" alt=\"Construite tout en bois, la gare de Laubenbachm\u00fchle est aussi la base logistique \u00e0 la compagnie.\" width=\"584\" height=\"389\" srcset=\"https:\/\/i1.wp.com\/www.presstourism.ch\/wp-content\/uploads\/2015\/10\/3MariazellBahn.jpg?resize=1024%2C682 1024w, https:\/\/i1.wp.com\/www.presstourism.ch\/wp-content\/uploads\/2015\/10\/3MariazellBahn.jpg?resize=300%2C200 300w, https:\/\/i1.wp.com\/www.presstourism.ch\/wp-content\/uploads\/2015\/10\/3MariazellBahn.jpg?resize=600%2C400 600w, https:\/\/i1.wp.com\/www.presstourism.ch\/wp-content\/uploads\/2015\/10\/3MariazellBahn.jpg?w=1168 1168w, https:\/\/i1.wp.com\/www.presstourism.ch\/wp-content\/uploads\/2015\/10\/3MariazellBahn.jpg?w=1752 1752w\" sizes=\"(max-width: 584px) 100vw, 584px\" data-recalc-dims=\"1\" \/><\/a><p id=\"caption-attachment-1843\" class=\"wp-caption-text\">Construite tout en bois, la gare de Laubenbachm\u00fchle est aussi la base logistique \u00e0 la compagnie.<\/p><\/div>\n<p><strong><em>\u00a0<\/em><\/strong><\/p>\n<h2><strong>Infos pratiques<\/strong><\/h2>\n<p><strong>Y Aller:<\/strong> Sankt P\u00f6lten est situ\u00e9 \u00e0 un peu plus de 60 km de Vienne qu&rsquo;on peut rejoindre en train de nuit depuis Z\u00fcrich avec l&rsquo;EuroNight Wiener Walzer, pour \u00eatre d\u00e9j\u00e0 dans l&rsquo;ambiance ferroviaire. Infos aupr\u00e8s des CFF et des \u00d6BB, les chemins de fer autrichiens.<\/p>\n<p><strong>Couettes et couverts:<\/strong> Des repas sont servis dans le train panoramique Mariazeller Bahn. La bonne cuisine du terroir au Brauhaus, sur la Wienerstrasse (<a href=\"http:\/\/www.bierundbett.at\">www.bierundbett.at<\/a>) \u00e0 Mariazell, avec ses bi\u00e8res maison.<\/p>\n<p><strong>Se renseigner:<\/strong> www.austria-info, <a href=\"http:\/\/www.noevog.at\/mariazellerbahn\">www.noevog.at\/mariazellerbahn<\/a>, <a href=\"http:\/\/www.museumtramway.at\">www.museumtramway.at<\/a><\/p>\n<div id=\"attachment_1846\" style=\"width: 650px\" class=\"wp-caption alignnone\"><a href=\"https:\/\/i0.wp.com\/www.presstourism.ch\/WP_ALEX\/wp-content\/uploads\/2015\/10\/6MariazellBahn.jpg\"><img aria-describedby=\"caption-attachment-1846\" loading=\"lazy\" class=\"wp-image-1846 size-large\" src=\"https:\/\/i1.wp.com\/www.presstourism.ch\/WP_ALEX\/wp-content\/uploads\/2015\/10\/6MariazellBahn-1024x683.jpg?resize=584%2C390\" alt=\"Le restaurant Brauhaus fabrique \u00e9galement une excellente bi\u00e8re maison.\" width=\"584\" height=\"390\" srcset=\"https:\/\/i1.wp.com\/www.presstourism.ch\/wp-content\/uploads\/2015\/10\/6MariazellBahn.jpg?resize=1024%2C683 1024w, https:\/\/i1.wp.com\/www.presstourism.ch\/wp-content\/uploads\/2015\/10\/6MariazellBahn.jpg?resize=300%2C200 300w, https:\/\/i1.wp.com\/www.presstourism.ch\/wp-content\/uploads\/2015\/10\/6MariazellBahn.jpg?resize=600%2C400 600w, https:\/\/i1.wp.com\/www.presstourism.ch\/wp-content\/uploads\/2015\/10\/6MariazellBahn.jpg?w=1168 1168w, https:\/\/i1.wp.com\/www.presstourism.ch\/wp-content\/uploads\/2015\/10\/6MariazellBahn.jpg?w=1752 1752w\" sizes=\"(max-width: 584px) 100vw, 584px\" data-recalc-dims=\"1\" \/><\/a><p id=\"caption-attachment-1846\" class=\"wp-caption-text\">Le restaurant Brauhaus fabrique \u00e9galement une excellente bi\u00e8re maison.<\/p><\/div>\n<div id=\"attachment_1847\" style=\"width: 650px\" class=\"wp-caption alignnone\"><a href=\"https:\/\/i2.wp.com\/www.presstourism.ch\/WP_ALEX\/wp-content\/uploads\/2015\/10\/7BMariazellBahn.jpg\"><img aria-describedby=\"caption-attachment-1847\" loading=\"lazy\" class=\"wp-image-1847 size-large\" src=\"https:\/\/i2.wp.com\/www.presstourism.ch\/WP_ALEX\/wp-content\/uploads\/2015\/10\/7BMariazellBahn-1024x683.jpg?resize=584%2C390\" alt=\"Des fleurs et une jolie demeure \u00e0 Mariazell, station estivale et hivernale renomm\u00e9e.\" width=\"584\" height=\"390\" srcset=\"https:\/\/i1.wp.com\/www.presstourism.ch\/wp-content\/uploads\/2015\/10\/7BMariazellBahn.jpg?resize=1024%2C683 1024w, https:\/\/i1.wp.com\/www.presstourism.ch\/wp-content\/uploads\/2015\/10\/7BMariazellBahn.jpg?resize=300%2C200 300w, https:\/\/i1.wp.com\/www.presstourism.ch\/wp-content\/uploads\/2015\/10\/7BMariazellBahn.jpg?resize=600%2C400 600w, https:\/\/i1.wp.com\/www.presstourism.ch\/wp-content\/uploads\/2015\/10\/7BMariazellBahn.jpg?w=1168 1168w, https:\/\/i1.wp.com\/www.presstourism.ch\/wp-content\/uploads\/2015\/10\/7BMariazellBahn.jpg?w=1752 1752w\" sizes=\"(max-width: 584px) 100vw, 584px\" data-recalc-dims=\"1\" \/><\/a><p id=\"caption-attachment-1847\" class=\"wp-caption-text\">Des fleurs et une jolie demeure \u00e0 Mariazell, station estivale et hivernale renomm\u00e9e.<\/p><\/div>\n<div id=\"attachment_1845\" style=\"width: 650px\" class=\"wp-caption alignnone\"><a href=\"https:\/\/i2.wp.com\/www.presstourism.ch\/WP_ALEX\/wp-content\/uploads\/2015\/10\/5MariazellBahn.jpg\"><img aria-describedby=\"caption-attachment-1845\" loading=\"lazy\" class=\"wp-image-1845 size-large\" src=\"https:\/\/i0.wp.com\/www.presstourism.ch\/WP_ALEX\/wp-content\/uploads\/2015\/10\/5MariazellBahn-1024x683.jpg?resize=584%2C390\" alt=\"Un parc d'attractions sur les m\u00e9tiers de la for\u00eat et du bois a \u00e9t\u00e9 am\u00e9nag\u00e9 au sommet du B\u00fcrgealpe.\" width=\"584\" height=\"390\" srcset=\"https:\/\/i2.wp.com\/www.presstourism.ch\/wp-content\/uploads\/2015\/10\/5MariazellBahn.jpg?resize=1024%2C683 1024w, https:\/\/i2.wp.com\/www.presstourism.ch\/wp-content\/uploads\/2015\/10\/5MariazellBahn.jpg?resize=300%2C200 300w, https:\/\/i2.wp.com\/www.presstourism.ch\/wp-content\/uploads\/2015\/10\/5MariazellBahn.jpg?resize=600%2C400 600w, https:\/\/i2.wp.com\/www.presstourism.ch\/wp-content\/uploads\/2015\/10\/5MariazellBahn.jpg?w=1168 1168w, https:\/\/i2.wp.com\/www.presstourism.ch\/wp-content\/uploads\/2015\/10\/5MariazellBahn.jpg?w=1752 1752w\" sizes=\"(max-width: 584px) 100vw, 584px\" data-recalc-dims=\"1\" \/><\/a><p id=\"caption-attachment-1845\" class=\"wp-caption-text\">Un parc d&rsquo;attractions sur les m\u00e9tiers de la for\u00eat et du bois a \u00e9t\u00e9 am\u00e9nag\u00e9 au sommet du B\u00fcrgealpe.<\/p><\/div>\n<p><a href=\"http:\/\/www.presstourism.ch\/WP_ALEX\/wp-content\/uploads\/2015\/10\/NVT_Vendredi180915-BaladeAutriche1-copie-2.pdf\">Voir l&rsquo;article de presse \u00e9crite<\/a><\/p>\n","protected":false},"excerpt":{"rendered":"<p>Avec le Golden Pass de l&rsquo;Autriche Texte et photos: Roger Juillerat MARIAZELLER BAHN &#8211; Le petit train a des voitures copies conformes au MOB et il traverse une charmante r\u00e9gion conduisant dans une station r\u00e9put\u00e9e, qui est aussi un lieu &hellip; <a href=\"http:\/\/www.presstourism.ch\/?page_id=1831\">Continuer la lecture <span class=\"meta-nav\">&rarr;<\/span><\/a><\/p>\n","protected":false},"author":1,"featured_media":0,"parent":1624,"menu_order":0,"comment_status":"closed","ping_status":"closed","template":"","meta":{"ngg_post_thumbnail":0,"spay_email":""},"jetpack_sharing_enabled":true,"jetpack_shortlink":"https:\/\/wp.me\/P468TV-tx","_links":{"self":[{"href":"http:\/\/www.presstourism.ch\/index.php?rest_route=\/wp\/v2\/pages\/1831"}],"collection":[{"href":"http:\/\/www.presstourism.ch\/index.php?rest_route=\/wp\/v2\/pages"}],"about":[{"href":"http:\/\/www.presstourism.ch\/index.php?rest_route=\/wp\/v2\/types\/page"}],"author":[{"embeddable":true,"href":"http:\/\/www.presstourism.ch\/index.php?rest_route=\/wp\/v2\/users\/1"}],"replies":[{"embeddable":true,"href":"http:\/\/www.presstourism.ch\/index.php?rest_route=%2Fwp%2Fv2%2Fcomments&post=1831"}],"version-history":[{"count":1,"href":"http:\/\/www.presstourism.ch\/index.php?rest_route=\/wp\/v2\/pages\/1831\/revisions"}],"predecessor-version":[{"id":1849,"href":"http:\/\/www.presstourism.ch\/index.php?rest_route=\/wp\/v2\/pages\/1831\/revisions\/1849"}],"up":[{"embeddable":true,"href":"http:\/\/www.presstourism.ch\/index.php?rest_route=\/wp\/v2\/pages\/1624"}],"wp:attachment":[{"href":"http:\/\/www.presstourism.ch\/index.php?rest_route=%2Fwp%2Fv2%2Fmedia&parent=1831"}],"curies":[{"name":"wp","href":"https:\/\/api.w.org\/{rel}","templated":true}]}}