{"id":1813,"date":"2015-08-25T15:03:21","date_gmt":"2015-08-25T14:03:21","guid":{"rendered":"http:\/\/www.presstourism.ch\/WP_ALEX\/?page_id=1813"},"modified":"2016-03-03T17:05:10","modified_gmt":"2016-03-03T16:05:10","slug":"thailande","status":"publish","type":"page","link":"http:\/\/www.presstourism.ch\/?page_id=1813","title":{"rendered":"Tha\u00eflande"},"content":{"rendered":"<div class=\"art-post\">\n<div class=\"art-post-body\">\n<div class=\"art-post-inner art-article \">\n<h2 class=\"art-postheader\"><a title=\"Lien permanent vers Les Parcs naturels : Le parc de Ao Phang Nga et la mer d\u2019Andaman en Tha\u00eflande\" href=\"http:\/\/www.jepars.ch\/magazine\/?p=12193\" rel=\"bookmark\">Le parc de Ao Phang Nga et la mer d\u2019Andaman<\/a><\/h2>\n<\/div>\n<\/div>\n<\/div>\n<div class=\"art-post\">\n<div class=\"art-post-body\">\n<div id=\"post-12193\" class=\"art-post-inner art-article post-12193 post type-post status-publish format-standard has-post-thumbnail hentry category-asie category-thailande\"><a title=\"Les Parcs naturels : Le parc de Ao Phang Nga et la mer d\u2019Andaman en Tha\u00eflande\" href=\"http:\/\/www.jepars.ch\/magazine\/?p=12193\"><img loading=\"lazy\" class=\"wp-post-image aligncenter\" title=\"Les Parcs naturels : Le parc de Ao Phang Nga et la mer d\u2019Andaman en Tha\u00eflande\" src=\"https:\/\/i0.wp.com\/www.jepars.ch\/magazine\/wp-content\/uploads\/2015\/05\/Phang-Nga-Khao-Tapu_G%C2%A9TourismAuthorityOfThailand-455x303.jpg?resize=455%2C303\" alt=\"\" width=\"455\" height=\"303\" data-recalc-dims=\"1\" \/><\/a><\/div>\n<p class=\"art-postheader\">Par G\u00e9rard Blanc<\/p>\n<p class=\"art-postheader\">La baie de Phang Nga vous est certainement famili\u00e8re pour avoir \u00e9t\u00e9 choisie comme d\u00e9cor des films de James Bond L\u2019homme au pistolet d\u2019or (1974) et Demain ne meurt jamais (1997), mais la splendeur du lieu se d\u00e9guste mieux de pr\u00e8s.<\/p>\n<div class=\"art-postcontent\">\n<p>La mer d\u2019Andaman, prolongement de l\u2019oc\u00e9an Indien, s\u2019\u00e9tend sur 400 km2 et renferme des tr\u00e9sors prot\u00e9g\u00e9s par le gouvernement tha\u00eflandais depuis 1981, dont le parc de Ao Phang Nga et l\u2019archipel de Similan. Depuis Phuket, la vari\u00e9t\u00e9 des sites laisse un choix de roi pour qui est amoureux de la nature avec, \u00e0 l\u2019est de la p\u00e9ninsule, la baie de Phang Nga, spectaculaire pour sa formation g\u00e9ologique, et au large de la c\u00f4te ouest, les \u00eeles de Similan pour leurs superbes plages, leur faune et leur flore.<\/p>\n<p><a href=\"http:\/\/www.jepars.ch\/magazine\/?p=12193\">Lire la suite&#8230;<\/a><\/p>\n<\/div>\n<\/div>\n<\/div>\n","protected":false},"excerpt":{"rendered":"<p>Le parc de Ao Phang Nga et la mer d\u2019Andaman Par G\u00e9rard Blanc La baie de Phang Nga vous est certainement famili\u00e8re pour avoir \u00e9t\u00e9 choisie comme d\u00e9cor des films de James Bond L\u2019homme au pistolet d\u2019or (1974) et Demain &hellip; <a href=\"http:\/\/www.presstourism.ch\/?page_id=1813\">Continuer la lecture <span class=\"meta-nav\">&rarr;<\/span><\/a><\/p>\n","protected":false},"author":1,"featured_media":0,"parent":2222,"menu_order":0,"comment_status":"closed","ping_status":"closed","template":"","meta":{"ngg_post_thumbnail":0,"spay_email":""},"jetpack_sharing_enabled":true,"jetpack_shortlink":"https:\/\/wp.me\/P468TV-tf","_links":{"self":[{"href":"http:\/\/www.presstourism.ch\/index.php?rest_route=\/wp\/v2\/pages\/1813"}],"collection":[{"href":"http:\/\/www.presstourism.ch\/index.php?rest_route=\/wp\/v2\/pages"}],"about":[{"href":"http:\/\/www.presstourism.ch\/index.php?rest_route=\/wp\/v2\/types\/page"}],"author":[{"embeddable":true,"href":"http:\/\/www.presstourism.ch\/index.php?rest_route=\/wp\/v2\/users\/1"}],"replies":[{"embeddable":true,"href":"http:\/\/www.presstourism.ch\/index.php?rest_route=%2Fwp%2Fv2%2Fcomments&post=1813"}],"version-history":[{"count":1,"href":"http:\/\/www.presstourism.ch\/index.php?rest_route=\/wp\/v2\/pages\/1813\/revisions"}],"predecessor-version":[{"id":1814,"href":"http:\/\/www.presstourism.ch\/index.php?rest_route=\/wp\/v2\/pages\/1813\/revisions\/1814"}],"up":[{"embeddable":true,"href":"http:\/\/www.presstourism.ch\/index.php?rest_route=\/wp\/v2\/pages\/2222"}],"wp:attachment":[{"href":"http:\/\/www.presstourism.ch\/index.php?rest_route=%2Fwp%2Fv2%2Fmedia&parent=1813"}],"curies":[{"name":"wp","href":"https:\/\/api.w.org\/{rel}","templated":true}]}}