{"id":178,"date":"2013-11-14T23:27:08","date_gmt":"2013-11-14T22:27:08","guid":{"rendered":"http:\/\/www.presstourism.ch\/WP_ALEX\/?page_id=178"},"modified":"2016-03-03T16:10:46","modified_gmt":"2016-03-03T15:10:46","slug":"bresil","status":"publish","type":"page","link":"http:\/\/www.presstourism.ch\/?page_id=178","title":{"rendered":"Br\u00e9sil"},"content":{"rendered":"<p style=\"text-align: center;\"><a href=\"https:\/\/i2.wp.com\/www.presstourism.ch\/WP_ALEX\/wp-content\/uploads\/2013\/11\/bresil.gif\"><img loading=\"lazy\" class=\"alignnone size-medium wp-image-179\" src=\"https:\/\/i0.wp.com\/www.presstourism.ch\/WP_ALEX\/wp-content\/uploads\/2013\/11\/bresil-300x260.gif?resize=300%2C260\" alt=\"bresil\" width=\"300\" height=\"260\" data-recalc-dims=\"1\" \/><\/a><\/p>\n<p><a href=\"http:\/\/www.jepars.ch\/magazine\/?p=6259\">Praia do Forte, le bronzage \u00e0 la br\u00e9silienne <\/a><\/p>\n<p>En arrivant apr\u00e8s 60 km de taxi depuis Salvador de Bahia, ma grande appr\u00e9hension \u00e9tait de me trouver en face d\u2019un ghetto \u00e0 touristes, comme cela peut exister dans certains pays d\u2019Am\u00e9rique latine. Il n\u2019en fut rien.<\/p>\n","protected":false},"excerpt":{"rendered":"<p>Praia do Forte, le bronzage \u00e0 la br\u00e9silienne En arrivant apr\u00e8s 60 km de taxi depuis Salvador de Bahia, ma grande appr\u00e9hension \u00e9tait de me trouver en face d\u2019un ghetto \u00e0 touristes, comme cela peut exister dans certains pays d\u2019Am\u00e9rique &hellip; <a href=\"http:\/\/www.presstourism.ch\/?page_id=178\">Continuer la lecture <span class=\"meta-nav\">&rarr;<\/span><\/a><\/p>\n","protected":false},"author":1,"featured_media":0,"parent":2217,"menu_order":0,"comment_status":"open","ping_status":"open","template":"","meta":{"ngg_post_thumbnail":0,"spay_email":""},"jetpack_sharing_enabled":true,"jetpack_shortlink":"https:\/\/wp.me\/P468TV-2S","_links":{"self":[{"href":"http:\/\/www.presstourism.ch\/index.php?rest_route=\/wp\/v2\/pages\/178"}],"collection":[{"href":"http:\/\/www.presstourism.ch\/index.php?rest_route=\/wp\/v2\/pages"}],"about":[{"href":"http:\/\/www.presstourism.ch\/index.php?rest_route=\/wp\/v2\/types\/page"}],"author":[{"embeddable":true,"href":"http:\/\/www.presstourism.ch\/index.php?rest_route=\/wp\/v2\/users\/1"}],"replies":[{"embeddable":true,"href":"http:\/\/www.presstourism.ch\/index.php?rest_route=%2Fwp%2Fv2%2Fcomments&post=178"}],"version-history":[{"count":3,"href":"http:\/\/www.presstourism.ch\/index.php?rest_route=\/wp\/v2\/pages\/178\/revisions"}],"predecessor-version":[{"id":2220,"href":"http:\/\/www.presstourism.ch\/index.php?rest_route=\/wp\/v2\/pages\/178\/revisions\/2220"}],"up":[{"embeddable":true,"href":"http:\/\/www.presstourism.ch\/index.php?rest_route=\/wp\/v2\/pages\/2217"}],"wp:attachment":[{"href":"http:\/\/www.presstourism.ch\/index.php?rest_route=%2Fwp%2Fv2%2Fmedia&parent=178"}],"curies":[{"name":"wp","href":"https:\/\/api.w.org\/{rel}","templated":true}]}}