{"id":1776,"date":"2015-07-01T21:43:46","date_gmt":"2015-07-01T20:43:46","guid":{"rendered":"http:\/\/www.presstourism.ch\/WP_ALEX\/?page_id=1776"},"modified":"2016-06-13T18:30:34","modified_gmt":"2016-06-13T17:30:34","slug":"2015-assemblee-generale-balikesir","status":"publish","type":"page","link":"http:\/\/www.presstourism.ch\/?page_id=1776","title":{"rendered":"2015 Assembl\u00e9e g\u00e9n\u00e9rale Balikesir"},"content":{"rendered":"<p>Ci-dessous l&rsquo;acc\u00e8s au compte-rendu de l&rsquo;assembl\u00e9e g\u00e9n\u00e9rale 2015 tenue \u00e0 Balikesir (Turquie) ainsi qu&rsquo;au message d&rsquo;adieu du pr\u00e9sident Blanc..<\/p>\n<p><a href=\"http:\/\/www.presstourism.ch\/WP_ALEX\/wp-content\/uploads\/2015\/07\/AG-2015-PV-Balikesir.pdf\">AG 2015 PV Balikesir<\/a><\/p>\n<p><a href=\"http:\/\/www.presstourism.ch\/WP_ALEX\/wp-content\/uploads\/2015\/07\/Au-revoir-les-amis-G.-Blanc.pdf\" rel=\"\">Au revoir les amis (G. Blanc)<\/a><\/p>\n<p>&nbsp;<\/p>\n","protected":false},"excerpt":{"rendered":"<p>Ci-dessous l&rsquo;acc\u00e8s au compte-rendu de l&rsquo;assembl\u00e9e g\u00e9n\u00e9rale 2015 tenue \u00e0 Balikesir (Turquie) ainsi qu&rsquo;au message d&rsquo;adieu du pr\u00e9sident Blanc.. AG 2015 PV Balikesir Au revoir les amis (G. Blanc) &nbsp;<\/p>\n","protected":false},"author":1,"featured_media":0,"parent":490,"menu_order":0,"comment_status":"open","ping_status":"open","template":"","meta":{"ngg_post_thumbnail":0,"spay_email":""},"jetpack_sharing_enabled":true,"jetpack_shortlink":"https:\/\/wp.me\/P468TV-sE","_links":{"self":[{"href":"http:\/\/www.presstourism.ch\/index.php?rest_route=\/wp\/v2\/pages\/1776"}],"collection":[{"href":"http:\/\/www.presstourism.ch\/index.php?rest_route=\/wp\/v2\/pages"}],"about":[{"href":"http:\/\/www.presstourism.ch\/index.php?rest_route=\/wp\/v2\/types\/page"}],"author":[{"embeddable":true,"href":"http:\/\/www.presstourism.ch\/index.php?rest_route=\/wp\/v2\/users\/1"}],"replies":[{"embeddable":true,"href":"http:\/\/www.presstourism.ch\/index.php?rest_route=%2Fwp%2Fv2%2Fcomments&post=1776"}],"version-history":[{"count":4,"href":"http:\/\/www.presstourism.ch\/index.php?rest_route=\/wp\/v2\/pages\/1776\/revisions"}],"predecessor-version":[{"id":2603,"href":"http:\/\/www.presstourism.ch\/index.php?rest_route=\/wp\/v2\/pages\/1776\/revisions\/2603"}],"up":[{"embeddable":true,"href":"http:\/\/www.presstourism.ch\/index.php?rest_route=\/wp\/v2\/pages\/490"}],"wp:attachment":[{"href":"http:\/\/www.presstourism.ch\/index.php?rest_route=%2Fwp%2Fv2%2Fmedia&parent=1776"}],"curies":[{"name":"wp","href":"https:\/\/api.w.org\/{rel}","templated":true}]}}