{"id":175,"date":"2013-11-14T23:23:31","date_gmt":"2013-11-14T22:23:31","guid":{"rendered":"http:\/\/www.presstourism.ch\/WP_ALEX\/?page_id=175"},"modified":"2016-03-03T16:07:14","modified_gmt":"2016-03-03T15:07:14","slug":"belgique","status":"publish","type":"page","link":"http:\/\/www.presstourism.ch\/?page_id=175","title":{"rendered":"Belgique"},"content":{"rendered":"<p style=\"text-align: center;\"><a href=\"https:\/\/i0.wp.com\/www.presstourism.ch\/WP_ALEX\/wp-content\/uploads\/2013\/11\/belgique.gif\"><img loading=\"lazy\" class=\"alignnone size-medium wp-image-176\" src=\"https:\/\/i1.wp.com\/www.presstourism.ch\/WP_ALEX\/wp-content\/uploads\/2013\/11\/belgique-300x244.gif?resize=360%2C292\" alt=\"belgique\" width=\"360\" height=\"292\" data-recalc-dims=\"1\" \/><\/a><\/p>\n<p><strong><a title=\"Lien permanent vers Le carnaval de Binche, ferveur d\u2019un jour\" href=\"http:\/\/www.jepars.ch\/magazine\/?p=3300\" rel=\"bookmark\"> Le carnaval de Binche, ferveur d\u2019un jour <\/a><\/strong><\/p>\n<p>G\u00e9rard Blanc<\/p>\n<p>Vous allez probablement me d\u00e9clarer que les Gilles, vous connaissez et que vous en avez d\u2019ailleurs rencontr\u00e9s dans un quelconque carnaval, voire dans une ville de Suisse ou de France. Erreur! C\u2019\u00e9taient des faux! Les vrais, ceux qui perp\u00e9tuent la tradition multis\u00e9culaire du carnaval de Binche (Belgique), class\u00e9 au patrimoine historique de l\u2019UNESCO, ne sortent jamais de Binche et uniquement le jour de Mardi gras.<\/p>\n<p style=\"text-align: center;\"><a title=\"Le carnaval de Binche, ferveur d\u2019un jour\" href=\"http:\/\/www.jepars.ch\/magazine\/?p=3300\"><img loading=\"lazy\" title=\"Le carnaval de Binche, ferveur d\u2019un jour\" src=\"https:\/\/i2.wp.com\/www.jepars.ch\/magazine\/wp-content\/uploads\/2006\/11\/Fespo2006-036-455x303.jpg?resize=455%2C303\" alt=\"\" width=\"455\" height=\"303\" data-recalc-dims=\"1\" \/><\/a><\/p>\n<p><strong><a href=\"http:\/\/www.jepars.ch\/magazine\/?p=3831\">Art nouveau \u00e0 Bruxelles \/ G. Blanc <\/a><\/strong><\/p>\n<p>Pass\u00e9e la premi\u00e8re guerre mondiale, la mode de l\u2019Art nouveau a connu une v\u00e9ritable descente aux enfers. Les guerres meurtri\u00e8res avaient vid\u00e9 les caisses des gouvernements. Et puis, cette forme d\u2019art consacr\u00e9 principalement \u00e0 l\u2019habitat et apparent\u00e9e \u00e0 la classe bourgeoise, \u00e9tait facilement tax\u00e9e d\u2019oisive, voire frivole et co\u00fbteuse.<\/p>\n<p><img loading=\"lazy\" class=\"aligncenter\" title=\"Volutes Art nouveau \u00e0 Bruxelles\" src=\"https:\/\/i2.wp.com\/www.jepars.ch\/magazine\/wp-content\/uploads\/2005\/08\/escalier-455x454.jpg?resize=413%2C413\" alt=\"\" width=\"413\" height=\"413\" data-recalc-dims=\"1\" \/><\/p>\n","protected":false},"excerpt":{"rendered":"<p>Le carnaval de Binche, ferveur d\u2019un jour G\u00e9rard Blanc Vous allez probablement me d\u00e9clarer que les Gilles, vous connaissez et que vous en avez d\u2019ailleurs rencontr\u00e9s dans un quelconque carnaval, voire dans une ville de Suisse ou de France. Erreur! &hellip; <a href=\"http:\/\/www.presstourism.ch\/?page_id=175\">Continuer la lecture <span class=\"meta-nav\">&rarr;<\/span><\/a><\/p>\n","protected":false},"author":1,"featured_media":0,"parent":2161,"menu_order":0,"comment_status":"open","ping_status":"open","template":"","meta":{"ngg_post_thumbnail":0,"spay_email":""},"jetpack_sharing_enabled":true,"jetpack_shortlink":"https:\/\/wp.me\/P468TV-2P","_links":{"self":[{"href":"http:\/\/www.presstourism.ch\/index.php?rest_route=\/wp\/v2\/pages\/175"}],"collection":[{"href":"http:\/\/www.presstourism.ch\/index.php?rest_route=\/wp\/v2\/pages"}],"about":[{"href":"http:\/\/www.presstourism.ch\/index.php?rest_route=\/wp\/v2\/types\/page"}],"author":[{"embeddable":true,"href":"http:\/\/www.presstourism.ch\/index.php?rest_route=\/wp\/v2\/users\/1"}],"replies":[{"embeddable":true,"href":"http:\/\/www.presstourism.ch\/index.php?rest_route=%2Fwp%2Fv2%2Fcomments&post=175"}],"version-history":[{"count":5,"href":"http:\/\/www.presstourism.ch\/index.php?rest_route=\/wp\/v2\/pages\/175\/revisions"}],"predecessor-version":[{"id":2216,"href":"http:\/\/www.presstourism.ch\/index.php?rest_route=\/wp\/v2\/pages\/175\/revisions\/2216"}],"up":[{"embeddable":true,"href":"http:\/\/www.presstourism.ch\/index.php?rest_route=\/wp\/v2\/pages\/2161"}],"wp:attachment":[{"href":"http:\/\/www.presstourism.ch\/index.php?rest_route=%2Fwp%2Fv2%2Fmedia&parent=175"}],"curies":[{"name":"wp","href":"https:\/\/api.w.org\/{rel}","templated":true}]}}