{"id":1712,"date":"2015-05-16T18:49:25","date_gmt":"2015-05-16T17:49:25","guid":{"rendered":"http:\/\/www.presstourism.ch\/WP_ALEX\/?page_id=1712"},"modified":"2019-05-30T21:54:53","modified_gmt":"2019-05-30T20:54:53","slug":"armenie-meconnue","status":"publish","type":"page","link":"http:\/\/www.presstourism.ch\/?page_id=1712","title":{"rendered":"Arm\u00e9nie m\u00e9connue"},"content":{"rendered":"<div id=\"attachment_1721\" style=\"width: 650px\" class=\"wp-caption aligncenter\"><a href=\"https:\/\/i2.wp.com\/www.presstourism.ch\/WP_ALEX\/wp-content\/uploads\/2015\/05\/1Arme\u0301nieBalade.jpg\"><img aria-describedby=\"caption-attachment-1721\" loading=\"lazy\" class=\"wp-image-1721 size-large\" src=\"https:\/\/i1.wp.com\/www.presstourism.ch\/WP_ALEX\/wp-content\/uploads\/2015\/05\/1Arme\u0301nieBalade-1024x683.jpg?resize=584%2C390\" alt=\"Les monast\u00e8res sont une carte de visite de l'Arm\u00e9nie comme celui de Sevanavank sur une colline au-dessus du lac alpin de Sevan.\" width=\"584\" height=\"390\" srcset=\"https:\/\/i2.wp.com\/www.presstourism.ch\/wp-content\/uploads\/2015\/05\/1Arme\u0301nieBalade.jpg?resize=1024%2C683 1024w, https:\/\/i2.wp.com\/www.presstourism.ch\/wp-content\/uploads\/2015\/05\/1Arme\u0301nieBalade.jpg?resize=300%2C200 300w, https:\/\/i2.wp.com\/www.presstourism.ch\/wp-content\/uploads\/2015\/05\/1Arme\u0301nieBalade.jpg?resize=600%2C400 600w, https:\/\/i2.wp.com\/www.presstourism.ch\/wp-content\/uploads\/2015\/05\/1Arme\u0301nieBalade.jpg?resize=676%2C451 676w, https:\/\/i2.wp.com\/www.presstourism.ch\/wp-content\/uploads\/2015\/05\/1Arme\u0301nieBalade.jpg?w=1168 1168w, https:\/\/i2.wp.com\/www.presstourism.ch\/wp-content\/uploads\/2015\/05\/1Arme\u0301nieBalade.jpg?w=1752 1752w\" sizes=\"(max-width: 584px) 100vw, 584px\" data-recalc-dims=\"1\" \/><\/a><p id=\"caption-attachment-1721\" class=\"wp-caption-text\">Les monast\u00e8res sont une carte de visite de l&rsquo;Arm\u00e9nie comme celui de Sevanavank sur une colline au-dessus du lac alpin de Sevan.<\/p><\/div>\n<p>Le petit pays du Caucase vient de faire la une de l&rsquo;actualit\u00e9 internationale \u00e0 cause du g\u00e9nocide qu&rsquo;il a connu il y a cent ans. Sa visite est vraiment passionnante et ses habitants ont un sens inn\u00e9 de l&rsquo;hospitalit\u00e9.<\/p>\n<div id=\"attachment_1722\" style=\"width: 650px\" class=\"wp-caption aligncenter\"><a href=\"https:\/\/i1.wp.com\/www.presstourism.ch\/WP_ALEX\/wp-content\/uploads\/2015\/05\/2Arme\u0301nieArarat.jpg\"><img aria-describedby=\"caption-attachment-1722\" loading=\"lazy\" class=\"wp-image-1722 size-large\" src=\"https:\/\/i0.wp.com\/www.presstourism.ch\/WP_ALEX\/wp-content\/uploads\/2015\/05\/2Arme\u0301nieArarat-1024x683.jpg?resize=584%2C390\" alt=\"Les quartiers industriels de la capitale Erevan, domin\u00e9e par le mont Ararat (5137 m\u00e8tres d'altitude).\" width=\"584\" height=\"390\" srcset=\"https:\/\/i0.wp.com\/www.presstourism.ch\/wp-content\/uploads\/2015\/05\/2Arme\u0301nieArarat.jpg?resize=1024%2C683 1024w, https:\/\/i0.wp.com\/www.presstourism.ch\/wp-content\/uploads\/2015\/05\/2Arme\u0301nieArarat.jpg?resize=300%2C200 300w, https:\/\/i0.wp.com\/www.presstourism.ch\/wp-content\/uploads\/2015\/05\/2Arme\u0301nieArarat.jpg?resize=600%2C400 600w, https:\/\/i0.wp.com\/www.presstourism.ch\/wp-content\/uploads\/2015\/05\/2Arme\u0301nieArarat.jpg?resize=676%2C451 676w, https:\/\/i0.wp.com\/www.presstourism.ch\/wp-content\/uploads\/2015\/05\/2Arme\u0301nieArarat.jpg?w=1168 1168w, https:\/\/i0.wp.com\/www.presstourism.ch\/wp-content\/uploads\/2015\/05\/2Arme\u0301nieArarat.jpg?w=1752 1752w\" sizes=\"(max-width: 584px) 100vw, 584px\" data-recalc-dims=\"1\" \/><\/a><p id=\"caption-attachment-1722\" class=\"wp-caption-text\">Les quartiers industriels de la capitale Erevan, domin\u00e9e par le mont Ararat (5137 m\u00e8tres d&rsquo;altitude).<\/p><\/div>\n<p>Avec un peuple chaleureux et une culture influenc\u00e9e par les pays voisin mais ayant quand m\u00eame conserv\u00e9 sa sp\u00e9cificit\u00e9, l&rsquo;Arm\u00e9nie est un pays riche en \u00e9motions et qui m\u00e9rite d&rsquo;\u00eatre mieux connu alors qu&rsquo;il vient de comm\u00e9morer les cent ans d&rsquo;un g\u00e9nocide qui a fait la une de l&rsquo;actualit\u00e9. Si cet \u00e9v\u00e9nement rappelle de douloureux souvenirs, il faut savoir que l&rsquo;Arm\u00e9nie t\u00e9moigne aujourd&rsquo;hui d&rsquo;un potentiel prometteur au niveau touristique.<\/p>\n<div id=\"attachment_1723\" style=\"width: 650px\" class=\"wp-caption aligncenter\"><a href=\"https:\/\/i0.wp.com\/www.presstourism.ch\/WP_ALEX\/wp-content\/uploads\/2015\/05\/3Arme\u0301nieBalade.jpg\"><img aria-describedby=\"caption-attachment-1723\" loading=\"lazy\" class=\"wp-image-1723 size-large\" src=\"https:\/\/i0.wp.com\/www.presstourism.ch\/WP_ALEX\/wp-content\/uploads\/2015\/05\/3Arme\u0301nieBalade-1024x683.jpg?resize=584%2C390\" alt=\"Chaque jour, les habitants vont fleurir le m\u00e9morial d\u00e9di\u00e9 aux victimes du g\u00e9nocide.\" width=\"584\" height=\"390\" srcset=\"https:\/\/i0.wp.com\/www.presstourism.ch\/wp-content\/uploads\/2015\/05\/3Arme\u0301nieBalade.jpg?resize=1024%2C683 1024w, https:\/\/i0.wp.com\/www.presstourism.ch\/wp-content\/uploads\/2015\/05\/3Arme\u0301nieBalade.jpg?resize=300%2C200 300w, https:\/\/i0.wp.com\/www.presstourism.ch\/wp-content\/uploads\/2015\/05\/3Arme\u0301nieBalade.jpg?resize=600%2C400 600w, https:\/\/i0.wp.com\/www.presstourism.ch\/wp-content\/uploads\/2015\/05\/3Arme\u0301nieBalade.jpg?resize=676%2C451 676w, https:\/\/i0.wp.com\/www.presstourism.ch\/wp-content\/uploads\/2015\/05\/3Arme\u0301nieBalade.jpg?w=1168 1168w, https:\/\/i0.wp.com\/www.presstourism.ch\/wp-content\/uploads\/2015\/05\/3Arme\u0301nieBalade.jpg?w=1752 1752w\" sizes=\"(max-width: 584px) 100vw, 584px\" data-recalc-dims=\"1\" \/><\/a><p id=\"caption-attachment-1723\" class=\"wp-caption-text\">Chaque jour, les habitants vont fleurir le m\u00e9morial d\u00e9di\u00e9 aux victimes du g\u00e9nocide.<\/p><\/div>\n<p>Enclav\u00e9 entre la G\u00e9orgie au nord, la Turquie \u00e0 l&rsquo;ouest, l&rsquo;Iran au sud et l&rsquo;Azerba\u00efdjan \u00e0 l&rsquo;est et au sud-ouest, elle abrite de somptueux paysages montagneux et elle est domin\u00e9e par la silhouette du Mont Ararat, symbole national, du haut de ses 5137 m\u00e8tres. La capitale Erevan a de nombreux attraits culturels dont l&rsquo;\u00e9tonnant mus\u00e9e de Matemadaran, devant lequel tr\u00f4ne la statue Machlotz, le cr\u00e9ateur de l&rsquo;alphabet arm\u00e9nien. Quant au centre-ville, il gravite autour des places de la R\u00e9publique et de l&rsquo;Op\u00e9ra et il est form\u00e9 de larges avenues et de grandes places qui ont quand m\u00eame retrouv\u00e9 des couleurs par rapport \u00e0 l&rsquo;\u00e9poque sovi\u00e9tique.<\/p>\n<div id=\"attachment_1725\" style=\"width: 650px\" class=\"wp-caption aligncenter\"><a href=\"https:\/\/i2.wp.com\/www.presstourism.ch\/WP_ALEX\/wp-content\/uploads\/2015\/05\/5Arme\u0301nieBalade.jpg\"><img aria-describedby=\"caption-attachment-1725\" loading=\"lazy\" class=\"wp-image-1725 size-large\" src=\"https:\/\/i1.wp.com\/www.presstourism.ch\/WP_ALEX\/wp-content\/uploads\/2015\/05\/5Arme\u0301nieBalade-1024x683.jpg?resize=584%2C390\" alt=\"Sur la place de la R\u00e9publique \u00e0 Erevan, qui compte quelque 1,12 million d'habitants.\" width=\"584\" height=\"390\" srcset=\"https:\/\/i2.wp.com\/www.presstourism.ch\/wp-content\/uploads\/2015\/05\/5Arme\u0301nieBalade.jpg?resize=1024%2C683 1024w, https:\/\/i2.wp.com\/www.presstourism.ch\/wp-content\/uploads\/2015\/05\/5Arme\u0301nieBalade.jpg?resize=300%2C200 300w, https:\/\/i2.wp.com\/www.presstourism.ch\/wp-content\/uploads\/2015\/05\/5Arme\u0301nieBalade.jpg?resize=600%2C400 600w, https:\/\/i2.wp.com\/www.presstourism.ch\/wp-content\/uploads\/2015\/05\/5Arme\u0301nieBalade.jpg?resize=676%2C451 676w, https:\/\/i2.wp.com\/www.presstourism.ch\/wp-content\/uploads\/2015\/05\/5Arme\u0301nieBalade.jpg?w=1168 1168w, https:\/\/i2.wp.com\/www.presstourism.ch\/wp-content\/uploads\/2015\/05\/5Arme\u0301nieBalade.jpg?w=1752 1752w\" sizes=\"(max-width: 584px) 100vw, 584px\" data-recalc-dims=\"1\" \/><\/a><p id=\"caption-attachment-1725\" class=\"wp-caption-text\">Sur la place de la R\u00e9publique \u00e0 Erevan, qui compte quelque 1,12 million d&rsquo;habitants.<\/p><\/div>\n<p>En sillonnant les provinces, c&rsquo;est un bonheur de rencontrer le monde rural qui a une hospitalit\u00e9 hors du commun, alors que la pauvret\u00e9 est encore bien pr\u00e9sente. Les nombreux monast\u00e8res, certains haut perch\u00e9s, d&rsquo;autres taill\u00e9s dans le roc, repr\u00e9sentent une des pi\u00e8ces ma\u00eetresses des excursions. Ils poss\u00e8dent chacun leur caract\u00e9ristique et ils permettent implicitement de d\u00e9couvrir d&rsquo;autres richesses naturelles, du patrimoine et du terroir sur les parcours de l&rsquo;un \u00e0 l&rsquo;autre. Comme le lac alpin de Sevan et la d\u00e9gustation du fameux \u00ab\u00a0Bordeaux arm\u00e9nien\u00a0\u00bb dans une famille vigneronne \u00e0 Areni. Oui, c&rsquo;est un beau pays l&rsquo;Arm\u00e9nie.<\/p>\n<div id=\"attachment_1714\" style=\"width: 650px\" class=\"wp-caption aligncenter\"><a href=\"https:\/\/i1.wp.com\/www.presstourism.ch\/WP_ALEX\/wp-content\/uploads\/2015\/05\/7Arme\u0301nieBalade.jpg\"><img aria-describedby=\"caption-attachment-1714\" loading=\"lazy\" class=\"wp-image-1714 size-large\" src=\"https:\/\/i2.wp.com\/www.presstourism.ch\/WP_ALEX\/wp-content\/uploads\/2015\/05\/7Arme\u0301nieBalade-1024x683.jpg?resize=584%2C390\" alt=\"Dans le sud de l'Arm\u00e9nie, le monast\u00e8re de Khor Virap (VIIe si\u00e8cle) est le premier lieu saint de l'Arm\u00e9nie chr\u00e9tienne.\" width=\"584\" height=\"390\" srcset=\"https:\/\/i2.wp.com\/www.presstourism.ch\/wp-content\/uploads\/2015\/05\/7Arme\u0301nieBalade.jpg?resize=1024%2C683 1024w, https:\/\/i2.wp.com\/www.presstourism.ch\/wp-content\/uploads\/2015\/05\/7Arme\u0301nieBalade.jpg?resize=300%2C200 300w, https:\/\/i2.wp.com\/www.presstourism.ch\/wp-content\/uploads\/2015\/05\/7Arme\u0301nieBalade.jpg?resize=600%2C400 600w, https:\/\/i2.wp.com\/www.presstourism.ch\/wp-content\/uploads\/2015\/05\/7Arme\u0301nieBalade.jpg?resize=676%2C451 676w, https:\/\/i2.wp.com\/www.presstourism.ch\/wp-content\/uploads\/2015\/05\/7Arme\u0301nieBalade.jpg?w=1168 1168w, https:\/\/i2.wp.com\/www.presstourism.ch\/wp-content\/uploads\/2015\/05\/7Arme\u0301nieBalade.jpg?w=1752 1752w\" sizes=\"(max-width: 584px) 100vw, 584px\" data-recalc-dims=\"1\" \/><\/a><p id=\"caption-attachment-1714\" class=\"wp-caption-text\">Dans le sud de l&rsquo;Arm\u00e9nie, le monast\u00e8re de Khor Virap (VIIe si\u00e8cle) est le premier lieu saint de l&rsquo;Arm\u00e9nie chr\u00e9tienne.<\/p><\/div>\n<div id=\"attachment_1719\" style=\"width: 650px\" class=\"wp-caption aligncenter\"><a href=\"https:\/\/i1.wp.com\/www.presstourism.ch\/WP_ALEX\/wp-content\/uploads\/2015\/05\/12BaladeArme\u0301nie.jpg\"><img aria-describedby=\"caption-attachment-1719\" loading=\"lazy\" class=\"wp-image-1719 size-large\" src=\"https:\/\/i2.wp.com\/www.presstourism.ch\/WP_ALEX\/wp-content\/uploads\/2015\/05\/12BaladeArme\u0301nie-1024x683.jpg?resize=584%2C390\" alt=\"Cette fid\u00e8le s'appr\u00eate \u00e0 mettre un cierge devant une statue de la vierge \u00e0 la cath\u00e9drale d'Etchmiadzin, consid\u00e9r\u00e9e comme le Vatican arm\u00e9nien.\" width=\"584\" height=\"390\" srcset=\"https:\/\/i0.wp.com\/www.presstourism.ch\/wp-content\/uploads\/2015\/05\/12BaladeArme\u0301nie.jpg?resize=1024%2C683 1024w, https:\/\/i0.wp.com\/www.presstourism.ch\/wp-content\/uploads\/2015\/05\/12BaladeArme\u0301nie.jpg?resize=300%2C200 300w, https:\/\/i0.wp.com\/www.presstourism.ch\/wp-content\/uploads\/2015\/05\/12BaladeArme\u0301nie.jpg?resize=600%2C400 600w, https:\/\/i0.wp.com\/www.presstourism.ch\/wp-content\/uploads\/2015\/05\/12BaladeArme\u0301nie.jpg?resize=676%2C451 676w, https:\/\/i0.wp.com\/www.presstourism.ch\/wp-content\/uploads\/2015\/05\/12BaladeArme\u0301nie.jpg?w=1168 1168w, https:\/\/i0.wp.com\/www.presstourism.ch\/wp-content\/uploads\/2015\/05\/12BaladeArme\u0301nie.jpg?w=1752 1752w\" sizes=\"(max-width: 584px) 100vw, 584px\" data-recalc-dims=\"1\" \/><\/a><p id=\"caption-attachment-1719\" class=\"wp-caption-text\">Cette fid\u00e8le s&rsquo;appr\u00eate \u00e0 mettre un cierge devant une statue de la vierge \u00e0 la cath\u00e9drale d&rsquo;Etchmiadzin, consid\u00e9r\u00e9e comme le Vatican arm\u00e9nien.<\/p><\/div>\n<div id=\"attachment_1713\" style=\"width: 650px\" class=\"wp-caption aligncenter\"><a href=\"https:\/\/i0.wp.com\/www.presstourism.ch\/WP_ALEX\/wp-content\/uploads\/2015\/05\/6BaladeArme\u0301nie.jpg\"><img aria-describedby=\"caption-attachment-1713\" loading=\"lazy\" class=\"wp-image-1713 size-large\" src=\"https:\/\/i2.wp.com\/www.presstourism.ch\/WP_ALEX\/wp-content\/uploads\/2015\/05\/6BaladeArme\u0301nie-683x1024.jpg?resize=584%2C876\" alt=\"Le tapis est une des principales activit\u00e9s industrielle et artisanale du pays.\" width=\"584\" height=\"876\" srcset=\"https:\/\/i0.wp.com\/www.presstourism.ch\/wp-content\/uploads\/2015\/05\/6BaladeArme\u0301nie.jpg?resize=683%2C1024 683w, https:\/\/i0.wp.com\/www.presstourism.ch\/wp-content\/uploads\/2015\/05\/6BaladeArme\u0301nie.jpg?resize=200%2C300 200w, https:\/\/i0.wp.com\/www.presstourism.ch\/wp-content\/uploads\/2015\/05\/6BaladeArme\u0301nie.jpg?resize=600%2C900 600w, https:\/\/i0.wp.com\/www.presstourism.ch\/wp-content\/uploads\/2015\/05\/6BaladeArme\u0301nie.jpg?resize=676%2C1014 676w, https:\/\/i0.wp.com\/www.presstourism.ch\/wp-content\/uploads\/2015\/05\/6BaladeArme\u0301nie.jpg?w=1168 1168w, https:\/\/i0.wp.com\/www.presstourism.ch\/wp-content\/uploads\/2015\/05\/6BaladeArme\u0301nie.jpg?w=1752 1752w\" sizes=\"(max-width: 584px) 100vw, 584px\" data-recalc-dims=\"1\" \/><\/a><p id=\"caption-attachment-1713\" class=\"wp-caption-text\">Le tapis est une des principales activit\u00e9s industrielle et artisanale du pays.<\/p><\/div>\n<div id=\"attachment_1718\" style=\"width: 650px\" class=\"wp-caption aligncenter\"><a href=\"https:\/\/i2.wp.com\/www.presstourism.ch\/WP_ALEX\/wp-content\/uploads\/2015\/05\/11BaladeArme\u0301nie.jpg\"><img aria-describedby=\"caption-attachment-1718\" loading=\"lazy\" class=\"wp-image-1718 size-large\" src=\"https:\/\/i0.wp.com\/www.presstourism.ch\/WP_ALEX\/wp-content\/uploads\/2015\/05\/11BaladeArme\u0301nie-1024x683.jpg?resize=584%2C390\" alt=\"La pr\u00e9paration du lavash, le pain traditionnel arm\u00e9nien.\" width=\"584\" height=\"390\" srcset=\"https:\/\/i0.wp.com\/www.presstourism.ch\/wp-content\/uploads\/2015\/05\/11BaladeArme\u0301nie.jpg?resize=1024%2C683 1024w, https:\/\/i0.wp.com\/www.presstourism.ch\/wp-content\/uploads\/2015\/05\/11BaladeArme\u0301nie.jpg?resize=300%2C200 300w, https:\/\/i0.wp.com\/www.presstourism.ch\/wp-content\/uploads\/2015\/05\/11BaladeArme\u0301nie.jpg?resize=600%2C400 600w, https:\/\/i0.wp.com\/www.presstourism.ch\/wp-content\/uploads\/2015\/05\/11BaladeArme\u0301nie.jpg?resize=676%2C451 676w, https:\/\/i0.wp.com\/www.presstourism.ch\/wp-content\/uploads\/2015\/05\/11BaladeArme\u0301nie.jpg?w=1168 1168w, https:\/\/i0.wp.com\/www.presstourism.ch\/wp-content\/uploads\/2015\/05\/11BaladeArme\u0301nie.jpg?w=1752 1752w\" sizes=\"(max-width: 584px) 100vw, 584px\" data-recalc-dims=\"1\" \/><\/a><p id=\"caption-attachment-1718\" class=\"wp-caption-text\">La pr\u00e9paration du lavash, le pain traditionnel arm\u00e9nien.<\/p><\/div>\n<div id=\"attachment_1717\" style=\"width: 650px\" class=\"wp-caption aligncenter\"><a href=\"https:\/\/i1.wp.com\/www.presstourism.ch\/WP_ALEX\/wp-content\/uploads\/2015\/05\/10Arme\u0301nieBalade.jpg\"><img aria-describedby=\"caption-attachment-1717\" loading=\"lazy\" class=\"wp-image-1717 size-large\" src=\"https:\/\/i1.wp.com\/www.presstourism.ch\/WP_ALEX\/wp-content\/uploads\/2015\/05\/10Arme\u0301nieBalade-683x1024.jpg?resize=584%2C876\" alt=\"Le sourire d'une petite Arm\u00e9nienne au village d'Aknashen.\" width=\"584\" height=\"876\" srcset=\"https:\/\/i0.wp.com\/www.presstourism.ch\/wp-content\/uploads\/2015\/05\/10Arme\u0301nieBalade.jpg?resize=683%2C1024 683w, https:\/\/i0.wp.com\/www.presstourism.ch\/wp-content\/uploads\/2015\/05\/10Arme\u0301nieBalade.jpg?resize=200%2C300 200w, https:\/\/i0.wp.com\/www.presstourism.ch\/wp-content\/uploads\/2015\/05\/10Arme\u0301nieBalade.jpg?resize=600%2C900 600w, https:\/\/i0.wp.com\/www.presstourism.ch\/wp-content\/uploads\/2015\/05\/10Arme\u0301nieBalade.jpg?resize=676%2C1014 676w, https:\/\/i0.wp.com\/www.presstourism.ch\/wp-content\/uploads\/2015\/05\/10Arme\u0301nieBalade.jpg?w=1168 1168w, https:\/\/i0.wp.com\/www.presstourism.ch\/wp-content\/uploads\/2015\/05\/10Arme\u0301nieBalade.jpg?w=1752 1752w\" sizes=\"(max-width: 584px) 100vw, 584px\" data-recalc-dims=\"1\" \/><\/a><p id=\"caption-attachment-1717\" class=\"wp-caption-text\">Le sourire d&rsquo;une petite Arm\u00e9nienne au village d&rsquo;Aknashen.<\/p><\/div>\n<div id=\"attachment_1715\" style=\"width: 650px\" class=\"wp-caption aligncenter\"><a href=\"https:\/\/i0.wp.com\/www.presstourism.ch\/WP_ALEX\/wp-content\/uploads\/2015\/05\/8Arme\u0301nieBalade.jpg\"><img aria-describedby=\"caption-attachment-1715\" loading=\"lazy\" class=\"wp-image-1715 size-large\" src=\"https:\/\/i1.wp.com\/www.presstourism.ch\/WP_ALEX\/wp-content\/uploads\/2015\/05\/8Arme\u0301nieBalade-1024x683.jpg?resize=584%2C390\" alt=\"Le site historique de la Cath\u00e9drale ronde de Zvartnos (IVe si\u00e8cle) dans la r\u00e9gion d'Armavir.\" width=\"584\" height=\"390\" srcset=\"https:\/\/i2.wp.com\/www.presstourism.ch\/wp-content\/uploads\/2015\/05\/8Arme\u0301nieBalade.jpg?resize=1024%2C683 1024w, https:\/\/i2.wp.com\/www.presstourism.ch\/wp-content\/uploads\/2015\/05\/8Arme\u0301nieBalade.jpg?resize=300%2C200 300w, https:\/\/i2.wp.com\/www.presstourism.ch\/wp-content\/uploads\/2015\/05\/8Arme\u0301nieBalade.jpg?resize=600%2C400 600w, https:\/\/i2.wp.com\/www.presstourism.ch\/wp-content\/uploads\/2015\/05\/8Arme\u0301nieBalade.jpg?resize=676%2C451 676w, https:\/\/i2.wp.com\/www.presstourism.ch\/wp-content\/uploads\/2015\/05\/8Arme\u0301nieBalade.jpg?w=1168 1168w, https:\/\/i2.wp.com\/www.presstourism.ch\/wp-content\/uploads\/2015\/05\/8Arme\u0301nieBalade.jpg?w=1752 1752w\" sizes=\"(max-width: 584px) 100vw, 584px\" data-recalc-dims=\"1\" \/><\/a><p id=\"caption-attachment-1715\" class=\"wp-caption-text\">Le site historique de la Cath\u00e9drale ronde de Zvartnos (IVe si\u00e8cle) dans la r\u00e9gion d&rsquo;Armavir.<\/p><\/div>\n<div id=\"attachment_1716\" style=\"width: 650px\" class=\"wp-caption aligncenter\"><a href=\"https:\/\/i2.wp.com\/www.presstourism.ch\/WP_ALEX\/wp-content\/uploads\/2015\/05\/9Arme\u0301nieBalade.jpg\"><img aria-describedby=\"caption-attachment-1716\" loading=\"lazy\" class=\"wp-image-1716 size-large\" src=\"https:\/\/i1.wp.com\/www.presstourism.ch\/WP_ALEX\/wp-content\/uploads\/2015\/05\/9Arme\u0301nieBalade-1024x683.jpg?resize=584%2C390\" alt=\"Une habitante de Tatev vend les pommes qu'elle a cueillies durant la matin\u00e9e.\" width=\"584\" height=\"390\" srcset=\"https:\/\/i0.wp.com\/www.presstourism.ch\/wp-content\/uploads\/2015\/05\/9Arme\u0301nieBalade.jpg?resize=1024%2C683 1024w, https:\/\/i0.wp.com\/www.presstourism.ch\/wp-content\/uploads\/2015\/05\/9Arme\u0301nieBalade.jpg?resize=300%2C200 300w, https:\/\/i0.wp.com\/www.presstourism.ch\/wp-content\/uploads\/2015\/05\/9Arme\u0301nieBalade.jpg?resize=600%2C400 600w, https:\/\/i0.wp.com\/www.presstourism.ch\/wp-content\/uploads\/2015\/05\/9Arme\u0301nieBalade.jpg?resize=676%2C451 676w, https:\/\/i0.wp.com\/www.presstourism.ch\/wp-content\/uploads\/2015\/05\/9Arme\u0301nieBalade.jpg?w=1168 1168w, https:\/\/i0.wp.com\/www.presstourism.ch\/wp-content\/uploads\/2015\/05\/9Arme\u0301nieBalade.jpg?w=1752 1752w\" sizes=\"(max-width: 584px) 100vw, 584px\" data-recalc-dims=\"1\" \/><\/a><p id=\"caption-attachment-1716\" class=\"wp-caption-text\">Une habitante de Tatev vend les pommes qu&rsquo;elle a cueillies durant la matin\u00e9e.<\/p><\/div>\n<div id=\"attachment_1724\" style=\"width: 650px\" class=\"wp-caption aligncenter\"><a href=\"https:\/\/i1.wp.com\/www.presstourism.ch\/WP_ALEX\/wp-content\/uploads\/2015\/05\/4Arme\u0301nieBalade.jpg\"><img aria-describedby=\"caption-attachment-1724\" loading=\"lazy\" class=\"wp-image-1724 size-large\" src=\"https:\/\/i1.wp.com\/www.presstourism.ch\/WP_ALEX\/wp-content\/uploads\/2015\/05\/4Arme\u0301nieBalade-1024x683.jpg?resize=584%2C390\" alt=\"Les sculptures de l'alphabet arm\u00e9nien sur un site \u00e9rig\u00e9 en 1962 \u00e0 Oshakan.\" width=\"584\" height=\"390\" srcset=\"https:\/\/i0.wp.com\/www.presstourism.ch\/wp-content\/uploads\/2015\/05\/4Arme\u0301nieBalade.jpg?resize=1024%2C683 1024w, https:\/\/i0.wp.com\/www.presstourism.ch\/wp-content\/uploads\/2015\/05\/4Arme\u0301nieBalade.jpg?resize=300%2C200 300w, https:\/\/i0.wp.com\/www.presstourism.ch\/wp-content\/uploads\/2015\/05\/4Arme\u0301nieBalade.jpg?resize=600%2C400 600w, https:\/\/i0.wp.com\/www.presstourism.ch\/wp-content\/uploads\/2015\/05\/4Arme\u0301nieBalade.jpg?resize=676%2C451 676w, https:\/\/i0.wp.com\/www.presstourism.ch\/wp-content\/uploads\/2015\/05\/4Arme\u0301nieBalade.jpg?w=1168 1168w, https:\/\/i0.wp.com\/www.presstourism.ch\/wp-content\/uploads\/2015\/05\/4Arme\u0301nieBalade.jpg?w=1752 1752w\" sizes=\"(max-width: 584px) 100vw, 584px\" data-recalc-dims=\"1\" \/><\/a><p id=\"caption-attachment-1724\" class=\"wp-caption-text\">Les sculptures de l&rsquo;alphabet arm\u00e9nien sur un site \u00e9rig\u00e9 en 1962 \u00e0 Oshakan.<\/p><\/div>\n<p><strong>Infos pratiques<\/strong><\/p>\n<p><strong>Y aller:<\/strong> pour rejoindre l&rsquo;Arm\u00e9nie, il est recommand\u00e9 de s&rsquo;adresser \u00e0 une agence sp\u00e9cialis\u00e9e. Comme Aratours Travel Services \u00e0 Fribourg, qui organise des voyages par petits groupes ou en individuel. Forte d\u2019une exp\u00e9rience de plus de dix ans, elle d\u00e9veloppe des programmes diversifi\u00e9s, bas\u00e9s sur un tourisme \u00e9thique, responsable et solidaire. www.aratours.travel, info@aratours.travel, 026\u00a0322 77 77.<\/p>\n<p><strong>Mais aussi:<\/strong> Tsitsernakaberd est un m\u00e9morial d\u00e9di\u00e9 aux victimes du g\u00e9nocide arm\u00e9nien. Il est situ\u00e9 sur une des collines de la capitale Erevan.<\/p>\n<p><strong>Texte et photos: Roger Juillerat<\/strong><\/p>\n<p><a href=\"http:\/\/www.presstourism.ch\/WP_ALEX\/wp-content\/uploads\/2015\/05\/NVT_Mercredi220415-Arme\u0301nieVoyage-copie.pdf\">PDF de l&rsquo;article de presse<\/a><\/p>\n","protected":false},"excerpt":{"rendered":"<p>Le petit pays du Caucase vient de faire la une de l&rsquo;actualit\u00e9 internationale \u00e0 cause du g\u00e9nocide qu&rsquo;il a connu il y a cent ans. Sa visite est vraiment passionnante et ses habitants ont un sens inn\u00e9 de l&rsquo;hospitalit\u00e9. Avec &hellip; <a href=\"http:\/\/www.presstourism.ch\/?page_id=1712\">Continuer la lecture <span class=\"meta-nav\">&rarr;<\/span><\/a><\/p>\n","protected":false},"author":1,"featured_media":0,"parent":713,"menu_order":0,"comment_status":"open","ping_status":"open","template":"","meta":{"ngg_post_thumbnail":0,"spay_email":""},"jetpack_sharing_enabled":true,"jetpack_shortlink":"https:\/\/wp.me\/P468TV-rC","_links":{"self":[{"href":"http:\/\/www.presstourism.ch\/index.php?rest_route=\/wp\/v2\/pages\/1712"}],"collection":[{"href":"http:\/\/www.presstourism.ch\/index.php?rest_route=\/wp\/v2\/pages"}],"about":[{"href":"http:\/\/www.presstourism.ch\/index.php?rest_route=\/wp\/v2\/types\/page"}],"author":[{"embeddable":true,"href":"http:\/\/www.presstourism.ch\/index.php?rest_route=\/wp\/v2\/users\/1"}],"replies":[{"embeddable":true,"href":"http:\/\/www.presstourism.ch\/index.php?rest_route=%2Fwp%2Fv2%2Fcomments&post=1712"}],"version-history":[{"count":2,"href":"http:\/\/www.presstourism.ch\/index.php?rest_route=\/wp\/v2\/pages\/1712\/revisions"}],"predecessor-version":[{"id":5500,"href":"http:\/\/www.presstourism.ch\/index.php?rest_route=\/wp\/v2\/pages\/1712\/revisions\/5500"}],"up":[{"embeddable":true,"href":"http:\/\/www.presstourism.ch\/index.php?rest_route=\/wp\/v2\/pages\/713"}],"wp:attachment":[{"href":"http:\/\/www.presstourism.ch\/index.php?rest_route=%2Fwp%2Fv2%2Fmedia&parent=1712"}],"curies":[{"name":"wp","href":"https:\/\/api.w.org\/{rel}","templated":true}]}}