{"id":17,"date":"2013-11-14T10:57:54","date_gmt":"2013-11-14T09:57:54","guid":{"rendered":"http:\/\/www.presstourism.ch\/WP_ALEX\/?page_id=17"},"modified":"2024-07-24T09:08:43","modified_gmt":"2024-07-24T07:08:43","slug":"comite","status":"publish","type":"page","link":"http:\/\/www.presstourism.ch\/?page_id=17","title":{"rendered":"Comit\u00e9"},"content":{"rendered":"<p>&nbsp;<\/p>\n<p>Pr\u00e9sident&nbsp;: <strong><em>Roger Juillerat<\/em><\/strong><\/p>\n<p>Rue des Jordils 6, 1400 Yverdon-les-Bains<\/p>\n<p>T\u00e9l. +41 24&nbsp;425 55 77 \/\/ mobile +41 79&nbsp;412 58 47 \/\/ <a href=\"mailto:roger.juillerat@bluewin.ch\">roger.juillerat@bluewin.ch<\/a><\/p>\n<p>Site internet: <a href=\"http:\/\/www.rogerjuillerat.ch\">www.rogerjuillerat.ch<\/a><\/p>\n<p style=\"text-align: center;\">*****<\/p>\n<p>Vice-Pr\u00e9sident : <strong><em>Dr. Bernhard im Oberdorf<\/em><\/strong><\/p>\n<p>Irchelstrasse 44, 8057 Z\u00fcrich<\/p>\n<p>T\u00e9l. +41 44&nbsp;363 00 00 \/\/ mobile +41 79&nbsp;400 48 00 \/\/ <a href=\"mailto:bio@vision-redaktion.academy\">bio@vision-redaktion.academy<\/a><\/p>\n<p style=\"text-align: center;\">*****<\/p>\n<p>Tr\u00e9sori\u00e8re&nbsp;: <strong><em>Josiane Richardet<\/em><\/strong><\/p>\n<p>Chemin Baumaz 16 \u2013 1422 Grandson<\/p>\n<p>Mobile +41 79&nbsp;293 29 58 \/\/ <a href=\"mailto:josiane.richardet@hispeed.ch\">josiane.richardet@hispeed.ch<\/a><\/p>\n<p style=\"text-align: center;\">*****<\/p>\n<p>Webmaster : <strong><em>Orith Tempelman<\/em><\/strong><\/p>\n<p>Parkstrasse 14, 3800 Matten &nbsp;<\/p>\n<p>T\u00e9l. +41 33&nbsp;826 56 59 \/\/ mobile +41 79&nbsp;649 25 21 \/\/ &nbsp;<a href=\"about:blank\">orith.tempelman@gmail.com<\/a><\/p>\n<p>Site internet: <a href=\"https:\/\/www.fatema.com\">www.fatema.com<\/a><\/p>\n<p>&nbsp;<\/p>\n<p style=\"text-align: center;\">*****<\/p>\n<p><em><strong>Philippe Nanzer&nbsp;<\/strong><\/em><\/p>\n<p>Avenue d&rsquo;A\u00efre 38, 1203 Gen\u00e8ve<\/p>\n<p>Mobile +4179 631 28 67 \/\/ <a href=\"mailto:ph.nanzer@eurottn.com\">ph.nanzer@eurottn.com<\/a><\/p>\n<p style=\"text-align: center;\">*****<\/p>\n<p><strong><em>Emmanuel Espana<\/em><\/strong><\/p>\n<p>Passion Bleue<\/p>\n<p>CP 426, 1211 Gen\u00e8ve 4<\/p>\n<p>Mobile +4179 629 08 89 \/\/ <a href=\"mailto:passionbleue@bluewin.ch\">passionbleue@bluewin.ch<\/a><\/p>\n<p style=\"text-align: center;\">*****<\/p>\n<p><em><strong>Alain Barbier<\/strong><\/em><\/p>\n<p>Magazine D\u00e9couverte<\/p>\n<p>Chemin de Brit 17 B, 1462 Yvonand<\/p>\n<p>Mobile +4179 789 89 72 \/\/ <a href=\"mailto:alain@croisimer.ch\">alain@croisimer.ch, alain@scriptis.ch<\/a><\/p>\n<pre class=\"wp-block-preformatted\"><br><br><\/pre>\n<p><strong>Secr\u00e9tariat:<\/strong> Alain Barbier, Chemin de Brit 17 B, 1462 Yvonand<\/p>\n<p><a href=\"mailto:alain@croisimer.ch\">alain@croisimer.ch, alain@scriptis.ch<\/a><\/p>\n<p>&nbsp;<\/p>\n\n\n<div class=\"wp-block-file\"><a href=\"http:\/\/www.presstourism.ch\/WP_ALEX\/wp-content\/uploads\/2019\/12\/PTCH-Comit\u00e9-2019-2020.pdf\" class=\"wp-block-file__button\" download>T\u00e9l\u00e9charger<\/a><\/div>\n\n\n\n<p><\/p>\n","protected":false},"excerpt":{"rendered":"<p>&nbsp; Pr\u00e9sident&nbsp;: Roger Juillerat Rue des Jordils 6, 1400 Yverdon-les-Bains T\u00e9l. +41 24&nbsp;425 55 77 \/\/ mobile +41 79&nbsp;412 58 47 \/\/ roger.juillerat@bluewin.ch Site internet: www.rogerjuillerat.ch ***** Vice-Pr\u00e9sident : Dr. Bernhard im Oberdorf Irchelstrasse 44, 8057 Z\u00fcrich T\u00e9l. +41 44&nbsp;363 &hellip; <a href=\"http:\/\/www.presstourism.ch\/?page_id=17\">Continuer la lecture <span class=\"meta-nav\">&rarr;<\/span><\/a><\/p>\n","protected":false},"author":1,"featured_media":0,"parent":14,"menu_order":0,"comment_status":"open","ping_status":"open","template":"","meta":{"ngg_post_thumbnail":0,"spay_email":""},"jetpack_sharing_enabled":true,"jetpack_shortlink":"https:\/\/wp.me\/P468TV-h","_links":{"self":[{"href":"http:\/\/www.presstourism.ch\/index.php?rest_route=\/wp\/v2\/pages\/17"}],"collection":[{"href":"http:\/\/www.presstourism.ch\/index.php?rest_route=\/wp\/v2\/pages"}],"about":[{"href":"http:\/\/www.presstourism.ch\/index.php?rest_route=\/wp\/v2\/types\/page"}],"author":[{"embeddable":true,"href":"http:\/\/www.presstourism.ch\/index.php?rest_route=\/wp\/v2\/users\/1"}],"replies":[{"embeddable":true,"href":"http:\/\/www.presstourism.ch\/index.php?rest_route=%2Fwp%2Fv2%2Fcomments&post=17"}],"version-history":[{"count":31,"href":"http:\/\/www.presstourism.ch\/index.php?rest_route=\/wp\/v2\/pages\/17\/revisions"}],"predecessor-version":[{"id":9519,"href":"http:\/\/www.presstourism.ch\/index.php?rest_route=\/wp\/v2\/pages\/17\/revisions\/9519"}],"up":[{"embeddable":true,"href":"http:\/\/www.presstourism.ch\/index.php?rest_route=\/wp\/v2\/pages\/14"}],"wp:attachment":[{"href":"http:\/\/www.presstourism.ch\/index.php?rest_route=%2Fwp%2Fv2%2Fmedia&parent=17"}],"curies":[{"name":"wp","href":"https:\/\/api.w.org\/{rel}","templated":true}]}}