{"id":1665,"date":"2014-12-25T11:20:56","date_gmt":"2014-12-25T10:20:56","guid":{"rendered":"http:\/\/www.presstourism.ch\/WP_ALEX\/?page_id=1665"},"modified":"2014-12-25T11:20:56","modified_gmt":"2014-12-25T10:20:56","slug":"a-berlin-juste-apres-leffervescence","status":"publish","type":"page","link":"http:\/\/www.presstourism.ch\/?page_id=1665","title":{"rendered":"\u00c0 Berlin, juste apr\u00e8s l\u2019effervescence"},"content":{"rendered":"<h6 style=\"text-align: center;\"><a href=\"https:\/\/i1.wp.com\/www.presstourism.ch\/WP_ALEX\/wp-content\/uploads\/2014\/12\/1B_BerlinMur1B.jpg\"><img loading=\"lazy\" class=\"size-full wp-image-1666 aligncenter\" src=\"https:\/\/i1.wp.com\/www.presstourism.ch\/WP_ALEX\/wp-content\/uploads\/2014\/12\/1B_BerlinMur1B.jpg?resize=584%2C390\" alt=\"Balade La R\u008egion, Berlin, nov 2014\" width=\"584\" height=\"390\" srcset=\"https:\/\/i1.wp.com\/www.presstourism.ch\/wp-content\/uploads\/2014\/12\/1B_BerlinMur1B.jpg?w=750 750w, https:\/\/i1.wp.com\/www.presstourism.ch\/wp-content\/uploads\/2014\/12\/1B_BerlinMur1B.jpg?resize=300%2C200 300w, https:\/\/i1.wp.com\/www.presstourism.ch\/wp-content\/uploads\/2014\/12\/1B_BerlinMur1B.jpg?resize=600%2C400 600w, https:\/\/i1.wp.com\/www.presstourism.ch\/wp-content\/uploads\/2014\/12\/1B_BerlinMur1B.jpg?resize=676%2C451 676w\" sizes=\"(max-width: 584px) 100vw, 584px\" data-recalc-dims=\"1\" \/><\/a><\/h6>\n<h6 style=\"text-align: center;\">L&rsquo;East Side Gallery est un morceau du mur de Berlin de 1,3 km de long constitu\u00e9 d&rsquo;environ 105 peintures r\u00e9alis\u00e9es par des artistes du monde entier.<\/h6>\n<p>Berlin vient de f\u00eater les 25 ans de la chute du Mur, ce symbole de la guerre froide et de la s\u00e9paration des deux Allemagnes. La fin de l\u2019ann\u00e9e est une bonne p\u00e9riode pour aller d\u00e9couvrir cette ville chaleureuse et branch\u00e9e.<\/p>\n<h6 style=\"text-align: center;\">\u00a0<a href=\"https:\/\/i2.wp.com\/www.presstourism.ch\/WP_ALEX\/wp-content\/uploads\/2014\/12\/1A_BerlinMur1A.jpg\"><img loading=\"lazy\" class=\"size-full wp-image-1667 aligncenter\" src=\"https:\/\/i2.wp.com\/www.presstourism.ch\/WP_ALEX\/wp-content\/uploads\/2014\/12\/1A_BerlinMur1A.jpg?resize=584%2C390\" alt=\"Balade La R\u008egion, Berlin, nov 2014\" width=\"584\" height=\"390\" srcset=\"https:\/\/i1.wp.com\/www.presstourism.ch\/wp-content\/uploads\/2014\/12\/1A_BerlinMur1A.jpg?w=750 750w, https:\/\/i1.wp.com\/www.presstourism.ch\/wp-content\/uploads\/2014\/12\/1A_BerlinMur1A.jpg?resize=300%2C200 300w, https:\/\/i1.wp.com\/www.presstourism.ch\/wp-content\/uploads\/2014\/12\/1A_BerlinMur1A.jpg?resize=600%2C400 600w, https:\/\/i1.wp.com\/www.presstourism.ch\/wp-content\/uploads\/2014\/12\/1A_BerlinMur1A.jpg?resize=676%2C451 676w\" sizes=\"(max-width: 584px) 100vw, 584px\" data-recalc-dims=\"1\" \/><\/a><\/h6>\n<h6 style=\"text-align: center;\">Le Mur sur la Bernauerstrasse, pas loin de son M\u00e9morial.<\/h6>\n<p>Il y a juste dix jours que la capitale allemande \u00e9tait envahie par des dizaines de milliers de personnes venues c\u00e9l\u00e9brer les 25 ans de la chute du Mur. Un anniversaire qui a, entre autres, \u00e9t\u00e9 marqu\u00e9 par la reconstitution de la fronti\u00e8re longue de 15,3 kilom\u00e8tres entre l\u2019Est et l\u2019Ouest \u00e0 l\u2019aide de ballons illumin\u00e9s. Il \u00e9tait ainsi possible de suivre le parcours le long duquel \u00e9tait \u00e9rig\u00e9 ce Mur, dont trop peu de fragments ont malheureusement \u00e9t\u00e9 conserv\u00e9s.<\/p>\n<h6 style=\"text-align: center;\"><a href=\"https:\/\/i0.wp.com\/www.presstourism.ch\/WP_ALEX\/wp-content\/uploads\/2014\/12\/2_BerlinMurDsTexte.jpg\"><img loading=\"lazy\" class=\"size-full wp-image-1668 aligncenter\" src=\"https:\/\/i0.wp.com\/www.presstourism.ch\/WP_ALEX\/wp-content\/uploads\/2014\/12\/2_BerlinMurDsTexte.jpg?resize=584%2C390\" alt=\"Balade La R\u008egion, Berlin, nov 2014\" width=\"584\" height=\"390\" srcset=\"https:\/\/i1.wp.com\/www.presstourism.ch\/wp-content\/uploads\/2014\/12\/2_BerlinMurDsTexte.jpg?w=750 750w, https:\/\/i1.wp.com\/www.presstourism.ch\/wp-content\/uploads\/2014\/12\/2_BerlinMurDsTexte.jpg?resize=300%2C200 300w, https:\/\/i1.wp.com\/www.presstourism.ch\/wp-content\/uploads\/2014\/12\/2_BerlinMurDsTexte.jpg?resize=600%2C400 600w, https:\/\/i1.wp.com\/www.presstourism.ch\/wp-content\/uploads\/2014\/12\/2_BerlinMurDsTexte.jpg?resize=676%2C451 676w\" sizes=\"(max-width: 584px) 100vw, 584px\" data-recalc-dims=\"1\" \/><\/a><\/h6>\n<h6 style=\"text-align: center;\">La position du Mur est indiqu\u00e9e au sol en plusieurs lieux de la cit\u00e9 o\u00f9 il n\u2019existe plus.<\/h6>\n<p>Si les ballons se sont envol\u00e9s, il est toujours possible de se lancer dans une balade captivante sur l\u2019ancienne fronti\u00e8re de la guerre froide et se retrouver du coup sur plusieurs lieux-cl\u00e9s de l\u2019histoire de Berlin, de la Bornholmerstrasse \u00e0 l\u2019Oberbaumbr\u00fccke, en passant par le Reichstag, la porte de Brandenbourg, Potsdamer Platz et ses immeubles au design moderne, Bernauerstrasse, le M\u00e9morial du Mur, Checkpoint Charlie ou encore l\u2019East Side Gallery.<\/p>\n<p style=\"text-align: center;\"><a href=\"https:\/\/i0.wp.com\/www.presstourism.ch\/WP_ALEX\/wp-content\/uploads\/2014\/12\/3BerlinMur3.jpg\"><img loading=\"lazy\" class=\"alignnone size-full wp-image-1669\" src=\"https:\/\/i0.wp.com\/www.presstourism.ch\/WP_ALEX\/wp-content\/uploads\/2014\/12\/3BerlinMur3.jpg?resize=584%2C390\" alt=\"Balade La R\u008egion, Berlin, nov 2014\" width=\"584\" height=\"390\" srcset=\"https:\/\/i2.wp.com\/www.presstourism.ch\/wp-content\/uploads\/2014\/12\/3BerlinMur3.jpg?w=750 750w, https:\/\/i2.wp.com\/www.presstourism.ch\/wp-content\/uploads\/2014\/12\/3BerlinMur3.jpg?resize=300%2C200 300w, https:\/\/i2.wp.com\/www.presstourism.ch\/wp-content\/uploads\/2014\/12\/3BerlinMur3.jpg?resize=600%2C400 600w, https:\/\/i2.wp.com\/www.presstourism.ch\/wp-content\/uploads\/2014\/12\/3BerlinMur3.jpg?resize=676%2C451 676w\" sizes=\"(max-width: 584px) 100vw, 584px\" data-recalc-dims=\"1\" \/><\/a><\/p>\n<h6 style=\"text-align: center;\">La coupole en verre du Reichstag est un endroit incontournable m\u00eame si\u2019il faut faire la queue pour y monter.<\/h6>\n<p>Au Reichstag, si\u00e8ge du Parlement allemand, il faut absolument monter dans la coupole vitr\u00e9e de l\u2019architecte Norman Forster afin d\u2019avoir un super panorama sur l\u2019ensemble du quartier gouvernemental \u00e0 l\u2019architecture audacieuse. Autour de la vaste esplanade de la place de la R\u00e9publique, on aper\u00e7oit aussi l\u2019Ambassade de Suisse dans son \u00e9crin vert, sans oublier la nouvelle gare centrale, autre symbole du renouveau berlinois. Et sur la berge de la rivi\u00e8re Spree, arr\u00eatez-vous donc vers les croix blanches comm\u00e9moratives d\u00e9di\u00e9es aux victimes du Mur tu\u00e9es lors de leurs tentatives de fuite \u00e0 l\u2019ouest.<\/p>\n<p><a href=\"https:\/\/i0.wp.com\/www.presstourism.ch\/WP_ALEX\/wp-content\/uploads\/2014\/12\/4_BerlinMur4.jpg\"><img loading=\"lazy\" class=\"size-full wp-image-1670 aligncenter\" src=\"https:\/\/i0.wp.com\/www.presstourism.ch\/WP_ALEX\/wp-content\/uploads\/2014\/12\/4_BerlinMur4.jpg?resize=584%2C390\" alt=\"Balade La R\u008egion, Berlin, Nov 2014\" width=\"584\" height=\"390\" srcset=\"https:\/\/i1.wp.com\/www.presstourism.ch\/wp-content\/uploads\/2014\/12\/4_BerlinMur4.jpg?w=750 750w, https:\/\/i1.wp.com\/www.presstourism.ch\/wp-content\/uploads\/2014\/12\/4_BerlinMur4.jpg?resize=300%2C200 300w, https:\/\/i1.wp.com\/www.presstourism.ch\/wp-content\/uploads\/2014\/12\/4_BerlinMur4.jpg?resize=600%2C400 600w, https:\/\/i1.wp.com\/www.presstourism.ch\/wp-content\/uploads\/2014\/12\/4_BerlinMur4.jpg?resize=676%2C451 676w\" sizes=\"(max-width: 584px) 100vw, 584px\" data-recalc-dims=\"1\" \/><\/a><\/p>\n<h6 style=\"text-align: center;\">Le lieu comm\u00e9moratif des Croix blanches au bord de la Spree, o\u00f9 figurent les noms des victimes du Mur.<\/h6>\n<p>Ville au terreau cr\u00e9atif extraordinaire, la capitale allemande rec\u00e8le bien entendu de plein d\u2019autres attraits, en particulier dans le domaine culturel et artistique. Les chiffres se passent de commentaires: 140 th\u00e9\u00e2tres et salles de spectacle, plus de 175 mus\u00e9es et collections, environ 400 galeries, etc. De quoi vivre un s\u00e9jour vivant et anim\u00e9!<\/p>\n<p>&nbsp;<\/p>\n<h2>Texte et photos: Roger Juillerat<\/h2>\n<p>&nbsp;<\/p>\n<h6 style=\"text-align: center;\"><a href=\"https:\/\/i2.wp.com\/www.presstourism.ch\/WP_ALEX\/wp-content\/uploads\/2014\/12\/5BerlinMur5.jpg\"><img loading=\"lazy\" class=\"size-full wp-image-1671 aligncenter\" src=\"https:\/\/i2.wp.com\/www.presstourism.ch\/WP_ALEX\/wp-content\/uploads\/2014\/12\/5BerlinMur5.jpg?resize=550%2C824\" alt=\"Balade La R\u008egion, Berlin, nov 2oq4\" width=\"550\" height=\"824\" srcset=\"https:\/\/i1.wp.com\/www.presstourism.ch\/wp-content\/uploads\/2014\/12\/5BerlinMur5.jpg?w=550 550w, https:\/\/i1.wp.com\/www.presstourism.ch\/wp-content\/uploads\/2014\/12\/5BerlinMur5.jpg?resize=200%2C300 200w\" sizes=\"(max-width: 550px) 100vw, 550px\" data-recalc-dims=\"1\" \/><\/a><\/h6>\n<h6 style=\"text-align: center;\">Potzdamer Platz est l\u2019un des exemples du renouveau berlinois.<\/h6>\n<p>&nbsp;<\/p>\n<h2>Informations pratiques<\/h2>\n<p>&nbsp;<\/p>\n<p><strong>Y aller:<\/strong> Easyjet, Swiss et Luftansa assurent des vols quotidiens de Gen\u00e8ve \u00e0 Berlin. <a href=\"http:\/\/www.easyjet.com\/\">www.easyjet.com<\/a>, <a href=\"http:\/\/www.swiss.com\/\">www.swiss.com<\/a>, <a href=\"http:\/\/www.lufthansa.com\/\">www.lufthansa.com<\/a>. En train<\/p>\n<p>avec les CFF et City Night Line depuis Z\u00fcrich ou B\u00e2le, <a href=\"http:\/\/www.cff.ch\/\">www.cff.ch<\/a>, <a href=\"http:\/\/www.bahn.de\/citynightline\">www.bahn.de\/citynightline<\/a>.<\/p>\n<p><strong>Sur place<\/strong>: la Berlin WelcomeCard donne acc\u00e8s \u00e0 tous les transports publics pendant 48 ou 72 heures (d\u00e8s 18,50\u00a0\u20ac). Elle permet aussi de b\u00e9n\u00e9ficier de r\u00e9ductions sur plusieurs attractions touristiques et culturelles.<\/p>\n<p><strong>Se renseigner:<\/strong> <a href=\"http:\/\/www.germany.travel\/fr\">www.germany.travel\/fr<\/a>, <a href=\"http:\/\/www.visit-berlin.de\/\">www.visitberlin.de<\/a><\/p>\n<p style=\"text-align: center;\"><a href=\"https:\/\/i1.wp.com\/www.presstourism.ch\/WP_ALEX\/wp-content\/uploads\/2014\/12\/7BerlinMur7.jpg\"><img loading=\"lazy\" class=\"alignnone size-medium wp-image-1674\" src=\"https:\/\/i1.wp.com\/www.presstourism.ch\/WP_ALEX\/wp-content\/uploads\/2014\/12\/7BerlinMur7-200x300.jpg?resize=200%2C300\" alt=\"Berlin\" width=\"200\" height=\"300\" srcset=\"https:\/\/i1.wp.com\/www.presstourism.ch\/wp-content\/uploads\/2014\/12\/7BerlinMur7.jpg?resize=200%2C300 200w, https:\/\/i1.wp.com\/www.presstourism.ch\/wp-content\/uploads\/2014\/12\/7BerlinMur7.jpg?w=550 550w\" sizes=\"(max-width: 200px) 100vw, 200px\" data-recalc-dims=\"1\" \/><\/a>\u00a0<img loading=\"lazy\" class=\"alignnone size-medium wp-image-1673\" src=\"https:\/\/i1.wp.com\/www.presstourism.ch\/WP_ALEX\/wp-content\/uploads\/2014\/12\/6BerlinMur6-200x300.jpg?resize=200%2C300\" alt=\"Berlin\" width=\"200\" height=\"300\" srcset=\"https:\/\/i0.wp.com\/www.presstourism.ch\/wp-content\/uploads\/2014\/12\/6BerlinMur6.jpg?resize=200%2C300 200w, https:\/\/i0.wp.com\/www.presstourism.ch\/wp-content\/uploads\/2014\/12\/6BerlinMur6.jpg?resize=683%2C1024 683w, https:\/\/i0.wp.com\/www.presstourism.ch\/wp-content\/uploads\/2014\/12\/6BerlinMur6.jpg?resize=600%2C898 600w, https:\/\/i0.wp.com\/www.presstourism.ch\/wp-content\/uploads\/2014\/12\/6BerlinMur6.jpg?resize=676%2C1012 676w, https:\/\/i0.wp.com\/www.presstourism.ch\/wp-content\/uploads\/2014\/12\/6BerlinMur6.jpg?w=1400 1400w, https:\/\/i0.wp.com\/www.presstourism.ch\/wp-content\/uploads\/2014\/12\/6BerlinMur6.jpg?w=1168 1168w\" sizes=\"(max-width: 200px) 100vw, 200px\" data-recalc-dims=\"1\" \/> <a href=\"https:\/\/i0.wp.com\/www.presstourism.ch\/WP_ALEX\/wp-content\/uploads\/2014\/12\/8BerlinMur8.jpg\"><img loading=\"lazy\" class=\"alignnone size-medium wp-image-1672\" src=\"https:\/\/i1.wp.com\/www.presstourism.ch\/WP_ALEX\/wp-content\/uploads\/2014\/12\/8BerlinMur8-200x300.jpg?resize=200%2C300\" alt=\"Balade La R\u008egion, Berlin, nov 2014\" width=\"200\" height=\"300\" srcset=\"https:\/\/i2.wp.com\/www.presstourism.ch\/wp-content\/uploads\/2014\/12\/8BerlinMur8.jpg?resize=200%2C300 200w, https:\/\/i2.wp.com\/www.presstourism.ch\/wp-content\/uploads\/2014\/12\/8BerlinMur8.jpg?w=500 500w\" sizes=\"(max-width: 200px) 100vw, 200px\" data-recalc-dims=\"1\" \/><\/a><\/p>\n<h6 style=\"text-align: center;\">Alexanderplatz et la tour de la t\u00e9l\u00e9vision pour\u2026.<\/h6>\n<h6 style=\"text-align: center;\">\u2026 des panoramas sur la ville.<\/h6>\n<h6 style=\"text-align: center;\">\u00a0Sur Kurf\u00fcrstendam, le shopping et l\u2019animation sont partout pr\u00e9sents.<\/h6>\n<p><a href=\"http:\/\/www.presstourism.ch\/WP_ALEX\/wp-content\/uploads\/2014\/12\/NVT_191114-gliss\u00e9es.pdf\">Voir l&rsquo;article de presse \u00e9crite&#8230;<\/a><\/p>\n","protected":false},"excerpt":{"rendered":"<p>L&rsquo;East Side Gallery est un morceau du mur de Berlin de 1,3 km de long constitu\u00e9 d&rsquo;environ 105 peintures r\u00e9alis\u00e9es par des artistes du monde entier. Berlin vient de f\u00eater les 25 ans de la chute du Mur, ce symbole &hellip; <a href=\"http:\/\/www.presstourism.ch\/?page_id=1665\">Continuer la lecture <span class=\"meta-nav\">&rarr;<\/span><\/a><\/p>\n","protected":false},"author":1,"featured_media":0,"parent":166,"menu_order":0,"comment_status":"open","ping_status":"open","template":"","meta":{"ngg_post_thumbnail":0,"spay_email":""},"jetpack_sharing_enabled":true,"jetpack_shortlink":"https:\/\/wp.me\/P468TV-qR","_links":{"self":[{"href":"http:\/\/www.presstourism.ch\/index.php?rest_route=\/wp\/v2\/pages\/1665"}],"collection":[{"href":"http:\/\/www.presstourism.ch\/index.php?rest_route=\/wp\/v2\/pages"}],"about":[{"href":"http:\/\/www.presstourism.ch\/index.php?rest_route=\/wp\/v2\/types\/page"}],"author":[{"embeddable":true,"href":"http:\/\/www.presstourism.ch\/index.php?rest_route=\/wp\/v2\/users\/1"}],"replies":[{"embeddable":true,"href":"http:\/\/www.presstourism.ch\/index.php?rest_route=%2Fwp%2Fv2%2Fcomments&post=1665"}],"version-history":[{"count":1,"href":"http:\/\/www.presstourism.ch\/index.php?rest_route=\/wp\/v2\/pages\/1665\/revisions"}],"predecessor-version":[{"id":1676,"href":"http:\/\/www.presstourism.ch\/index.php?rest_route=\/wp\/v2\/pages\/1665\/revisions\/1676"}],"up":[{"embeddable":true,"href":"http:\/\/www.presstourism.ch\/index.php?rest_route=\/wp\/v2\/pages\/166"}],"wp:attachment":[{"href":"http:\/\/www.presstourism.ch\/index.php?rest_route=%2Fwp%2Fv2%2Fmedia&parent=1665"}],"curies":[{"name":"wp","href":"https:\/\/api.w.org\/{rel}","templated":true}]}}