{"id":1641,"date":"2014-12-21T16:24:00","date_gmt":"2014-12-21T15:24:00","guid":{"rendered":"http:\/\/www.presstourism.ch\/WP_ALEX\/?page_id=1641"},"modified":"2014-12-21T16:24:11","modified_gmt":"2014-12-21T15:24:11","slug":"tgv-trente-ans-a-toute-allure","status":"publish","type":"page","link":"http:\/\/www.presstourism.ch\/?page_id=1641","title":{"rendered":"TGV: Trente ans \u00e0 toute allure"},"content":{"rendered":"<p><em>La navette Lausanne-Paris a 30 ans! En 2013, 669&rsquo;461 voyageurs l\u2019ont emprunt\u00e9e. Le TGV Lyria a f\u00eat\u00e9 cet anniversaire dans la halle aux locomotives, futur p\u00f4le mus\u00e9al de Lausanne.<\/em><\/p>\n<p>&nbsp;<\/p>\n<p>Lausanne et Paris n\u2019ont cess\u00e9 de se rapprocher. Alors que longtemps Paris a brill\u00e9 au loin et qu\u2019il fallait compter un jour ou une nuit pour s\u2019y rendre, voil\u00e0 la Capitale fran\u00e7aise \u00e0 port\u00e9e de d\u00e9couverte en 3.35 heures. C\u2019est que le TGV, la ligne Lyria est pass\u00e9e par l\u00e0 avec un succ\u00e8s croissant au point qu\u2019une cinqui\u00e8me rame, passant par Gen\u00e8ve va \u00eatre mise en service d\u00e8s le 14 d\u00e9cembre quatre fois par semaine. Le train partira \u00e0 16h45 alors qu\u2019actuellement, il n\u2019y a pas de ligne l\u2019apr\u00e8s-midi, pour arriver 4h plus tard \u00e0 Paris. Rien que pour l\u2019ann\u00e9e 2013, ce sont 669&rsquo;461 voyageurs qui ont emprunt\u00e9 l\u2019axe Lausanne Paris. Un tiers pour les affaires, les autres pour le plaisir. Autrement dit, 460 usagers par rame qui compte une moyenne 500 places. C\u2019est dire que la ligne est rentable. Sur l\u2019ensemble des lignes au d\u00e9part de la Suisse, les voyageurs transport\u00e9s par Lyria, qui appartient \u00e0 la SNCF (74%) et aux CFF, 3.8 millions de personnes ont pris ces trains entre janvier et ao\u00fbt 2014. Soit un chiffre d\u2019affaires moyen de 287 millions de francs pour la m\u00eame p\u00e9riode. En 30 ans, soit entre le premier TGV en 1984 et ceux de 2014, la vitesse a augment\u00e9 de 50 km\/h, passant de 270 \u00e0 320 km\/h.<\/p>\n<p>&nbsp;<\/p>\n<p><strong>Noces de perles<\/strong><\/p>\n<p>Egalement ambassadrice de Lyria, la Conseill\u00e8re d\u2019Etat Nuria Gorrite, cheff du d\u00e9partement des infrastructures, a vant\u00e9 la magie du train ajout\u00e9e \u00e0 celle de Paris, cette destination d\u2019\u00e9vasion. Elle a salu\u00e9 ces noces de perles qui selon elle, devraient se consolider encore entre les deux capitales culturelles, notamment lorsque le p\u00f4le mus\u00e9al sera termin\u00e9. La c\u00e9l\u00e9bration de cet anniversaire se d\u00e9roulait justement dans l\u2019ancienne halle aux locomotives, l\u00e0 o\u00f9 le futur P\u00f4le mus\u00e9al prendra place. Pour l\u2019occasion, un spectacle unique \u00e9tait propos\u00e9 par les \u00e9l\u00e8ves de l\u2019\u00e9cole de danse Rudra-B\u00e9jart \u00e0 laquelle s\u2019est joint le p\u00e9tillant Bastian Baker.<\/p>\n<p>&nbsp;<\/p>\n<p><strong>Lille nouvelle destination<\/strong><\/p>\n<p><strong>S<\/strong>i la destination Ile de France est courue, une nouvelle ligne s\u2019ouvre vers Lille en passant par Marne la Vall\u00e9e avec une halte \u00e0 Disney Land et une autre \u00e0 l\u2019a\u00e9roport Charles de Gaulle. Ce Gen\u00e8ve Lille prend 4h09 et circulera d\u00e8s le 14 d\u00e9cembre. Une collaboration avec Eurostar permettra de changer de train en gare de Lille pour rejoindre rapidement Bruxelles ou Londres.<\/p>\n<p>&nbsp;<\/p>\n<p><strong>Modernisation<\/strong><\/p>\n<p>Au rythme de deux rames \u00e0 la fois, l\u2019ensemble de la flotte est modernis\u00e9e. Sur Gen\u00e8ve, deux aller-retour sont op\u00e9r\u00e9s avec des Europlex de la derni\u00e8re technologie ce qui n\u2019est pas encore possible sur la ligne Lausanne en raison de la hauteur des tunnels. D\u2019ici \u00e0 2019, toute la flotte devrait \u00eatre remise au gout du jour. Petit b\u00e9mol toutefois, pour diverses raisons, Lyria n\u2019est pas en mesure d\u2019assurer le wifi sur ses lignes s\u2019est excus\u00e9 son directeur g\u00e9n\u00e9ral Alain Barbey.<\/p>\n<p>&nbsp;<\/p>\n<p>Nina Brissot<\/p>\n<p>Quatre fois par semaine, une cinqui\u00e8me liaison sera op\u00e9r\u00e9e entre Lausanne et Paris, via Gen\u00e8ve.<\/p>\n<p><a href=\"https:\/\/i1.wp.com\/www.presstourism.ch\/WP_ALEX\/wp-content\/uploads\/2014\/12\/photo1.jpg\"><img loading=\"lazy\" class=\"alignnone size-full wp-image-1642\" src=\"https:\/\/i1.wp.com\/www.presstourism.ch\/WP_ALEX\/wp-content\/uploads\/2014\/12\/photo1.jpg?resize=584%2C438\" alt=\"photo1\" width=\"584\" height=\"438\" srcset=\"https:\/\/i2.wp.com\/www.presstourism.ch\/wp-content\/uploads\/2014\/12\/photo1.jpg?w=2272 2272w, https:\/\/i2.wp.com\/www.presstourism.ch\/wp-content\/uploads\/2014\/12\/photo1.jpg?resize=300%2C224 300w, https:\/\/i2.wp.com\/www.presstourism.ch\/wp-content\/uploads\/2014\/12\/photo1.jpg?resize=1024%2C768 1024w, https:\/\/i2.wp.com\/www.presstourism.ch\/wp-content\/uploads\/2014\/12\/photo1.jpg?resize=600%2C449 600w, https:\/\/i2.wp.com\/www.presstourism.ch\/wp-content\/uploads\/2014\/12\/photo1.jpg?resize=676%2C507 676w, https:\/\/i2.wp.com\/www.presstourism.ch\/wp-content\/uploads\/2014\/12\/photo1.jpg?w=1168 1168w, https:\/\/i2.wp.com\/www.presstourism.ch\/wp-content\/uploads\/2014\/12\/photo1.jpg?w=1752 1752w\" sizes=\"(max-width: 584px) 100vw, 584px\" data-recalc-dims=\"1\" \/><\/a><\/p>\n<p><em>\u00abApr\u00e8s ces noces de perles, j\u2019esp\u00e8re revenir pour les noces de diamant\u00bb.<\/em> Nuria Gorrite Conseill\u00e8re d\u2019Etat.<em> Photo N. Brissot<\/em><\/p>\n<p><em>\u00a0<a href=\"https:\/\/i2.wp.com\/www.presstourism.ch\/WP_ALEX\/wp-content\/uploads\/2014\/12\/photo2.jpg\"><img loading=\"lazy\" class=\"alignnone size-full wp-image-1643\" src=\"https:\/\/i2.wp.com\/www.presstourism.ch\/WP_ALEX\/wp-content\/uploads\/2014\/12\/photo2.jpg?resize=584%2C389\" alt=\"TGV, SNCF, SCHNELLZUG,  HOCHGESCHWINDIGKEITSBAHN, HOCHGESCHWINDIGKEITSZUG,\" width=\"584\" height=\"389\" srcset=\"https:\/\/i0.wp.com\/www.presstourism.ch\/wp-content\/uploads\/2014\/12\/photo2.jpg?w=640 640w, https:\/\/i0.wp.com\/www.presstourism.ch\/wp-content\/uploads\/2014\/12\/photo2.jpg?resize=300%2C199 300w, https:\/\/i0.wp.com\/www.presstourism.ch\/wp-content\/uploads\/2014\/12\/photo2.jpg?resize=600%2C399 600w\" sizes=\"(max-width: 584px) 100vw, 584px\" data-recalc-dims=\"1\" \/><\/a><\/em><\/p>\n<p>3.8 millions de personnes ont emprunt\u00e9 l\u2019ensemble des lignes TGV au d\u00e9part de la Suisse entre janvier et ao\u00fbt 2014, soit un chiffre d\u2019affaires moyen de 287 millions de francs.<\/p>\n<p>&nbsp;<\/p>\n","protected":false},"excerpt":{"rendered":"<p>La navette Lausanne-Paris a 30 ans! En 2013, 669&rsquo;461 voyageurs l\u2019ont emprunt\u00e9e. Le TGV Lyria a f\u00eat\u00e9 cet anniversaire dans la halle aux locomotives, futur p\u00f4le mus\u00e9al de Lausanne. &nbsp; Lausanne et Paris n\u2019ont cess\u00e9 de se rapprocher. Alors que &hellip; <a href=\"http:\/\/www.presstourism.ch\/?page_id=1641\">Continuer la lecture <span class=\"meta-nav\">&rarr;<\/span><\/a><\/p>\n","protected":false},"author":1,"featured_media":0,"parent":289,"menu_order":0,"comment_status":"open","ping_status":"open","template":"","meta":{"ngg_post_thumbnail":0,"spay_email":""},"jetpack_sharing_enabled":true,"jetpack_shortlink":"https:\/\/wp.me\/P468TV-qt","_links":{"self":[{"href":"http:\/\/www.presstourism.ch\/index.php?rest_route=\/wp\/v2\/pages\/1641"}],"collection":[{"href":"http:\/\/www.presstourism.ch\/index.php?rest_route=\/wp\/v2\/pages"}],"about":[{"href":"http:\/\/www.presstourism.ch\/index.php?rest_route=\/wp\/v2\/types\/page"}],"author":[{"embeddable":true,"href":"http:\/\/www.presstourism.ch\/index.php?rest_route=\/wp\/v2\/users\/1"}],"replies":[{"embeddable":true,"href":"http:\/\/www.presstourism.ch\/index.php?rest_route=%2Fwp%2Fv2%2Fcomments&post=1641"}],"version-history":[{"count":1,"href":"http:\/\/www.presstourism.ch\/index.php?rest_route=\/wp\/v2\/pages\/1641\/revisions"}],"predecessor-version":[{"id":1644,"href":"http:\/\/www.presstourism.ch\/index.php?rest_route=\/wp\/v2\/pages\/1641\/revisions\/1644"}],"up":[{"embeddable":true,"href":"http:\/\/www.presstourism.ch\/index.php?rest_route=\/wp\/v2\/pages\/289"}],"wp:attachment":[{"href":"http:\/\/www.presstourism.ch\/index.php?rest_route=%2Fwp%2Fv2%2Fmedia&parent=1641"}],"curies":[{"name":"wp","href":"https:\/\/api.w.org\/{rel}","templated":true}]}}