{"id":1627,"date":"2014-12-21T15:26:35","date_gmt":"2014-12-21T14:26:35","guid":{"rendered":"http:\/\/www.presstourism.ch\/WP_ALEX\/?page_id=1627"},"modified":"2014-12-21T16:08:07","modified_gmt":"2014-12-21T15:08:07","slug":"vienne-la-ville-du-baiser","status":"publish","type":"page","link":"http:\/\/www.presstourism.ch\/?page_id=1627","title":{"rendered":"Vienne, la ville du baiser\u2026."},"content":{"rendered":"<p><a href=\"https:\/\/i1.wp.com\/www.presstourism.ch\/WP_ALEX\/wp-content\/uploads\/2014\/12\/DSCN5925.jpg\"><img loading=\"lazy\" class=\"alignnone size-full wp-image-1629\" src=\"https:\/\/i1.wp.com\/www.presstourism.ch\/WP_ALEX\/wp-content\/uploads\/2014\/12\/DSCN5925.jpg?resize=584%2C438\" alt=\"DSCN5925\" width=\"584\" height=\"438\" srcset=\"https:\/\/i1.wp.com\/www.presstourism.ch\/wp-content\/uploads\/2014\/12\/DSCN5925.jpg?w=2272 2272w, https:\/\/i1.wp.com\/www.presstourism.ch\/wp-content\/uploads\/2014\/12\/DSCN5925.jpg?resize=300%2C224 300w, https:\/\/i1.wp.com\/www.presstourism.ch\/wp-content\/uploads\/2014\/12\/DSCN5925.jpg?resize=1024%2C768 1024w, https:\/\/i1.wp.com\/www.presstourism.ch\/wp-content\/uploads\/2014\/12\/DSCN5925.jpg?resize=600%2C449 600w, https:\/\/i1.wp.com\/www.presstourism.ch\/wp-content\/uploads\/2014\/12\/DSCN5925.jpg?resize=676%2C507 676w, https:\/\/i1.wp.com\/www.presstourism.ch\/wp-content\/uploads\/2014\/12\/DSCN5925.jpg?w=1168 1168w, https:\/\/i1.wp.com\/www.presstourism.ch\/wp-content\/uploads\/2014\/12\/DSCN5925.jpg?w=1752 1752w\" sizes=\"(max-width: 584px) 100vw, 584px\" data-recalc-dims=\"1\" \/><\/a><\/p>\n<p><em>Imp\u00e9riale et moderne, la ville de Vienne est avant tout une capitale culturelle et architecturale. Des mois entiers seraient n\u00e9cessaires pour bien la d\u00e9couvrir. Le transporteur a\u00e9rien Easyjet vient d\u2019ouvrir une ligne qui la relie Gen\u00e8ve en moins de 2 heures. Visite.<\/em><\/p>\n<p><a href=\"https:\/\/i1.wp.com\/www.presstourism.ch\/WP_ALEX\/wp-content\/uploads\/2014\/12\/DSCN5987.jpg\"><img loading=\"lazy\" class=\"alignnone size-full wp-image-1632\" src=\"https:\/\/i1.wp.com\/www.presstourism.ch\/WP_ALEX\/wp-content\/uploads\/2014\/12\/DSCN5987.jpg?resize=584%2C438\" alt=\"DSCN5987\" width=\"584\" height=\"438\" srcset=\"https:\/\/i0.wp.com\/www.presstourism.ch\/wp-content\/uploads\/2014\/12\/DSCN5987.jpg?w=2272 2272w, https:\/\/i0.wp.com\/www.presstourism.ch\/wp-content\/uploads\/2014\/12\/DSCN5987.jpg?resize=300%2C224 300w, https:\/\/i0.wp.com\/www.presstourism.ch\/wp-content\/uploads\/2014\/12\/DSCN5987.jpg?resize=1024%2C768 1024w, https:\/\/i0.wp.com\/www.presstourism.ch\/wp-content\/uploads\/2014\/12\/DSCN5987.jpg?resize=600%2C449 600w, https:\/\/i0.wp.com\/www.presstourism.ch\/wp-content\/uploads\/2014\/12\/DSCN5987.jpg?resize=676%2C507 676w, https:\/\/i0.wp.com\/www.presstourism.ch\/wp-content\/uploads\/2014\/12\/DSCN5987.jpg?w=1168 1168w, https:\/\/i0.wp.com\/www.presstourism.ch\/wp-content\/uploads\/2014\/12\/DSCN5987.jpg?w=1752 1752w\" sizes=\"(max-width: 584px) 100vw, 584px\" data-recalc-dims=\"1\" \/><\/a><\/p>\n<p>Gabriela, guide francophone a jet\u00e9 son d\u00e9volu sur la Ringstrasse. Ce boulevard circulaire encercle la zone historique, soit le 1<sup>er<\/sup> arrondissement d\u2019une ville pour le moins orgueilleuse, l\u00e0 o\u00f9 autrefois s\u2019\u00e9rigeaient des remparts que l\u2019empereur Fran\u00e7ois Joseph a fait tomber pour ouvrir la ville et l\u2019\u00e9tendre. Le long de ce ring, entretenus comme s\u2019ils venaient de na\u00eetre, les plus imposants b\u00e2timents publics de Vienne, dont l\u2019Op\u00e9ra principal (la ville en compte 5), le Parlement et l\u2019H\u00f4tel de ville, des palais, des maisons patriciennes, des \u00e9glises, des th\u00e9\u00e2tres, acad\u00e9mies de musique et conservatoire, bref tout ce qui consacre Vienne en capitale culturelle et musicale.<\/p>\n<p>&nbsp;<\/p>\n<p>La Ringstrasse et son quartier des Mus\u00e9es d\u00e9bute devant ce qui fut la r\u00e9sidence priv\u00e9e du prince de Wurtemberg et qui, d\u00e8s 1863 deviendra un h\u00f4tel de prestige, l\u2019Imperial, dans lequel, m\u00eame la reine Elisabeth II d\u2019Angleterre a fait halte (<em>voir encadr\u00e9<\/em>). Le circuit, desservi par des bus et des trams fait 5 km et f\u00eatera en 2015 ses 150 ans. Mais Vienne poss\u00e8de \u00e9galement 1200 km de pistes cyclables en ville\u2026<\/p>\n<p>La Ringstrasse et le 1<sup>er<\/sup> arrondissement ont marqu\u00e9 la naissance d&rsquo;une modernit\u00e9 urbaine fort d\u00e9cri\u00e9e \u00e0 l\u2019\u00e9poque, d\u2019ailleurs, les architectes de l\u2019Op\u00e9ra n\u2019ont pas support\u00e9 tant de critiques. Van der N\u00fcll s\u2019est suicid\u00e9 tandis que son acolyte Sicardsburg a succomb\u00e9 \u00e0 une attaque cardiaque dix semaines plus tard. Les travaux \u00e9taient encore en cours. Cet op\u00e9ra est pourtant aujourd\u2019hui l\u2019un des plus prestigieux au monde.<\/p>\n<p><a href=\"https:\/\/i0.wp.com\/www.presstourism.ch\/WP_ALEX\/wp-content\/uploads\/2014\/12\/DSCN5955.jpg\"><img loading=\"lazy\" class=\"alignnone size-full wp-image-1633\" src=\"https:\/\/i0.wp.com\/www.presstourism.ch\/WP_ALEX\/wp-content\/uploads\/2014\/12\/DSCN5955.jpg?resize=584%2C438\" alt=\"DSCN5955\" width=\"584\" height=\"438\" srcset=\"https:\/\/i2.wp.com\/www.presstourism.ch\/wp-content\/uploads\/2014\/12\/DSCN5955.jpg?w=2272 2272w, https:\/\/i2.wp.com\/www.presstourism.ch\/wp-content\/uploads\/2014\/12\/DSCN5955.jpg?resize=300%2C224 300w, https:\/\/i2.wp.com\/www.presstourism.ch\/wp-content\/uploads\/2014\/12\/DSCN5955.jpg?resize=1024%2C768 1024w, https:\/\/i2.wp.com\/www.presstourism.ch\/wp-content\/uploads\/2014\/12\/DSCN5955.jpg?resize=600%2C449 600w, https:\/\/i2.wp.com\/www.presstourism.ch\/wp-content\/uploads\/2014\/12\/DSCN5955.jpg?resize=676%2C507 676w, https:\/\/i2.wp.com\/www.presstourism.ch\/wp-content\/uploads\/2014\/12\/DSCN5955.jpg?w=1168 1168w, https:\/\/i2.wp.com\/www.presstourism.ch\/wp-content\/uploads\/2014\/12\/DSCN5955.jpg?w=1752 1752w\" sizes=\"(max-width: 584px) 100vw, 584px\" data-recalc-dims=\"1\" \/><\/a><\/p>\n<p><strong>Le baiser<\/strong><\/p>\n<p>Entre Palais, monuments, Mus\u00e9es et parcs, il faut pourtant s\u2019\u00e9chapper une paire d\u2019heures au moins pour se rendre vers la paix du Belv\u00e9d\u00e8re. Ce palais jardin abrite une aile transform\u00e9e en Mus\u00e9e au sein de laquelle sont install\u00e9es de nombreuses \u0153uvres de Klimt, Schiele, Kokoshka et autres artistes des styles Biedermeier, Jugendstil\/Art d\u00e9co. Surtout, c\u2019est l\u00e0 que l\u2019on peut admirer en vrai le fameux baiser de Gustav Klimt ainsi que la belle Judith, connue pour avoir d\u00e9capit\u00e9 l\u2019opprimant Hololpherne. Klimt l\u2019amoureux a fait de Vienne la ville du baiser. Klimt est aussi l\u2019un des membres fondateur du mouvement s\u00e9cessionniste dont le b\u00e2timent \u00e0 proche du Ring abrite sa fabuleuse frise cr\u00e9e pour la 14<sup>e<\/sup> exposition de la S\u00e9cession et consacr\u00e9e \u00e0 la musique de Beethoven. Vienne et Klimt, Klimt et Vienne ne font qu\u2019un.<\/p>\n<p>Nina Brissot<\/p>\n<p style=\"text-align: right;\"><em>Voir la version longue sur <\/em><a href=\"http:\/\/www.leregional.ch\"><em>www.leregional.ch<\/em><\/a><\/p>\n<p><a href=\"https:\/\/i2.wp.com\/www.presstourism.ch\/WP_ALEX\/wp-content\/uploads\/2014\/12\/DSCN5976.jpg\"><img loading=\"lazy\" class=\"alignnone size-full wp-image-1636\" src=\"https:\/\/i2.wp.com\/www.presstourism.ch\/WP_ALEX\/wp-content\/uploads\/2014\/12\/DSCN5976.jpg?resize=584%2C438\" alt=\"DSCN5976\" width=\"584\" height=\"438\" srcset=\"https:\/\/i1.wp.com\/www.presstourism.ch\/wp-content\/uploads\/2014\/12\/DSCN5976.jpg?w=2272 2272w, https:\/\/i1.wp.com\/www.presstourism.ch\/wp-content\/uploads\/2014\/12\/DSCN5976.jpg?resize=300%2C224 300w, https:\/\/i1.wp.com\/www.presstourism.ch\/wp-content\/uploads\/2014\/12\/DSCN5976.jpg?resize=1024%2C768 1024w, https:\/\/i1.wp.com\/www.presstourism.ch\/wp-content\/uploads\/2014\/12\/DSCN5976.jpg?resize=600%2C449 600w, https:\/\/i1.wp.com\/www.presstourism.ch\/wp-content\/uploads\/2014\/12\/DSCN5976.jpg?resize=676%2C507 676w, https:\/\/i1.wp.com\/www.presstourism.ch\/wp-content\/uploads\/2014\/12\/DSCN5976.jpg?w=1168 1168w, https:\/\/i1.wp.com\/www.presstourism.ch\/wp-content\/uploads\/2014\/12\/DSCN5976.jpg?w=1752 1752w\" sizes=\"(max-width: 584px) 100vw, 584px\" data-recalc-dims=\"1\" \/><\/a><\/p>\n<p>&nbsp;<\/p>\n<p>Exergue<\/p>\n<p>La Ringstrasse et son quartier des Mus\u00e9es d\u00e9bute devant ce qui fut la r\u00e9sidence priv\u00e9e du prince de Wurtemberg et qui, d\u00e8s 1863 deviendra un h\u00f4tel de prestige, l\u2019Imperial.<\/p>\n<p><a href=\"https:\/\/i2.wp.com\/www.presstourism.ch\/WP_ALEX\/wp-content\/uploads\/2014\/12\/L\u2019h\u00f4tel-Imp\u00e9rial.jpg\"><img loading=\"lazy\" class=\"alignnone size-full wp-image-1634\" src=\"https:\/\/i2.wp.com\/www.presstourism.ch\/WP_ALEX\/wp-content\/uploads\/2014\/12\/L\u2019h\u00f4tel-Imp\u00e9rial.jpg?resize=584%2C329\" alt=\"HAM.IMPERIAL-WIEN-01\" width=\"584\" height=\"329\" srcset=\"https:\/\/i1.wp.com\/www.presstourism.ch\/wp-content\/uploads\/2014\/12\/L\u2019h\u00f4tel-Imp\u00e9rial.jpg?w=1600 1600w, https:\/\/i1.wp.com\/www.presstourism.ch\/wp-content\/uploads\/2014\/12\/L\u2019h\u00f4tel-Imp\u00e9rial.jpg?resize=300%2C168 300w, https:\/\/i1.wp.com\/www.presstourism.ch\/wp-content\/uploads\/2014\/12\/L\u2019h\u00f4tel-Imp\u00e9rial.jpg?resize=1024%2C576 1024w, https:\/\/i1.wp.com\/www.presstourism.ch\/wp-content\/uploads\/2014\/12\/L\u2019h\u00f4tel-Imp\u00e9rial.jpg?resize=600%2C337 600w, https:\/\/i1.wp.com\/www.presstourism.ch\/wp-content\/uploads\/2014\/12\/L\u2019h\u00f4tel-Imp\u00e9rial.jpg?resize=676%2C380 676w, https:\/\/i1.wp.com\/www.presstourism.ch\/wp-content\/uploads\/2014\/12\/L\u2019h\u00f4tel-Imp\u00e9rial.jpg?w=1168 1168w\" sizes=\"(max-width: 584px) 100vw, 584px\" data-recalc-dims=\"1\" \/><\/a><\/p>\n<p>&nbsp;<\/p>\n<p><em>L\u2019h\u00f4tel Imp\u00e9rial se trouve dans les 40 premiers m\u00e8tres de la Ringstrasse<\/em><\/p>\n<p><em><a href=\"https:\/\/i0.wp.com\/www.presstourism.ch\/WP_ALEX\/wp-content\/uploads\/2014\/12\/DSCN5901.jpg\"><img loading=\"lazy\" class=\"alignnone size-full wp-image-1635\" src=\"https:\/\/i0.wp.com\/www.presstourism.ch\/WP_ALEX\/wp-content\/uploads\/2014\/12\/DSCN5901.jpg?resize=584%2C438\" alt=\"DSCN5901\" width=\"584\" height=\"438\" srcset=\"https:\/\/i2.wp.com\/www.presstourism.ch\/wp-content\/uploads\/2014\/12\/DSCN5901.jpg?w=2272 2272w, https:\/\/i2.wp.com\/www.presstourism.ch\/wp-content\/uploads\/2014\/12\/DSCN5901.jpg?resize=300%2C224 300w, https:\/\/i2.wp.com\/www.presstourism.ch\/wp-content\/uploads\/2014\/12\/DSCN5901.jpg?resize=1024%2C768 1024w, https:\/\/i2.wp.com\/www.presstourism.ch\/wp-content\/uploads\/2014\/12\/DSCN5901.jpg?resize=600%2C449 600w, https:\/\/i2.wp.com\/www.presstourism.ch\/wp-content\/uploads\/2014\/12\/DSCN5901.jpg?resize=676%2C507 676w, https:\/\/i2.wp.com\/www.presstourism.ch\/wp-content\/uploads\/2014\/12\/DSCN5901.jpg?w=1168 1168w, https:\/\/i2.wp.com\/www.presstourism.ch\/wp-content\/uploads\/2014\/12\/DSCN5901.jpg?w=1752 1752w\" sizes=\"(max-width: 584px) 100vw, 584px\" data-recalc-dims=\"1\" \/><\/a><\/em><\/p>\n<p>&nbsp;<\/p>\n<table>\n<tbody>\n<tr>\n<td width=\"307\"><strong>L\u2019h\u00f4tel Imperial<\/strong>Pass\u00e9e de demeure imp\u00e9riale \u00e0 h\u00f4tel d\u2019apparat en 1873 lors de l\u2019exposition universelle, ce Palais au luxe ostentatoire a re\u00e7u les grands de la terre. Tant les t\u00eates couronn\u00e9es dont sa majest\u00e9ElisabethII du Royaume Uni, pour qui il a fallu acheter un lit neuf. (Le protocole exige que sa royale majest\u00e9 ne se couche jamais dans le lit ou quelqu\u2019un est d\u00e9j\u00e0 entr\u00e9), que des hommes politiques et des stars. Le Chef conciergeManfredGrassauer a bien voulu ouvrir quelques uns des 20 livres d\u2019or o\u00f9 l\u2019on peut admirer la signature deChurchill, deWaltDisney, deCharlyChaplin ou, plus r\u00e9cemment deKarlLagerfeld avec plusieurs dessins, mais aussi deMickaelJackson,Madona ou Lady Gaga\u2026L\u2019immensit\u00e9 du lieu fait \u00e9cho \u00e0 une \u00e9poque r\u00e9volue mais savamment respect\u00e9e. D\u2019ailleurs 11.5 millions d\u2019Euros viennent d\u2019\u00eatre investis dans ce lieu pour lui rendre son lustre d\u2019antan. Au premier \u00e9tage, les portes des suites ont 6 m\u00e8tres. L\u2019escalier d\u2019apparat \u00e0 lui seul offre une ambiance princi\u00e8re.<\/p>\n<p>http:\/\/www.imperialvienna.com\/<\/td>\n<td width=\"307\"><strong>Vienne<\/strong><strong>Y aller<\/strong>: Au d\u00e9part de Gen\u00e8ve,Easyjet op\u00e8re ses vols directs 3 jours par semaine. www.easyjet.com<strong>Y s\u00e9journer<\/strong>: Pour jouer les princes et c\u00f4toyer les stars \u00e0 l\u2019Imp\u00e9rial h\u00f4tel: <a href=\"http:\/\/www.imperialvienna.com\">http:\/\/www.imperialvienna.com<\/a>. L\u2019h\u00f4tellerie viennoise est relativement ch\u00e8re, cependant en passant un peu de temps sur le net, on trouve chambre a sa bourse.<\/p>\n<p><strong>O\u00f9 manger<\/strong>: Si vous n\u2019aimez pas le s\u00fcss, le doux, le sucr\u00e9, allez ailleurs. Vienne aime le sucre et en met partout. <em>L\u2019Opus,<\/em> le restaurant de l\u2019Imperial propose une carte raffin\u00e9e et des mets sophistiqu\u00e9s. Le <em>caf\u00e9 Imp\u00e9rial<\/em> sugg\u00e8re un petit d\u00e9jeuner au champagne. En ville, les mus\u00e9es ont des restaurants tr\u00e8s fr\u00e9quent\u00e9s. Celui de l\u2019Albertina le <em>Do&amp;Co<\/em> propose des plats viennois et\u2026 japonais. Tr\u00e8s branch\u00e9, un bateau \u00e0 quai sur le Danube <em>Motto am fluss<\/em> est sans doute un endroit o\u00f9 se retrouver. Bien s\u00fbr <em>le Heuer<\/em> au Mus\u00e9e d\u2019art contemporain est l\u2019adresse qui se passe. Au restaurant, les viennois se donnent du temps. Par cons\u00e9quent, le service n\u2019est jamais rapide.<\/p>\n<p>Tout sur Vienne: <a href=\"http:\/\/www.wien.info\/fr\">www.wien.info\/fr<\/a><\/p>\n<p><em>Ce reportage a \u00e9t\u00e9 rendu possible gr\u00e2ce \u00e0 la collaboration d\u2019easyjet <\/em><a href=\"http:\/\/www.easyjet.com\"><em>www.easyjet.com<\/em><\/a><em> et de l\u2019office du tourisme de Vienne www.wien.info\/fr<\/em><\/p>\n<p>&nbsp;<\/td>\n<\/tr>\n<\/tbody>\n<\/table>\n<p><a href=\"https:\/\/i0.wp.com\/www.presstourism.ch\/WP_ALEX\/wp-content\/uploads\/2014\/12\/DSCN5871.jpg\"><img loading=\"lazy\" class=\"alignnone size-full wp-image-1638\" src=\"https:\/\/i0.wp.com\/www.presstourism.ch\/WP_ALEX\/wp-content\/uploads\/2014\/12\/DSCN5871.jpg?resize=584%2C779\" alt=\"DSCN5871\" width=\"584\" height=\"779\" srcset=\"https:\/\/i2.wp.com\/www.presstourism.ch\/wp-content\/uploads\/2014\/12\/DSCN5871.jpg?w=1704 1704w, https:\/\/i2.wp.com\/www.presstourism.ch\/wp-content\/uploads\/2014\/12\/DSCN5871.jpg?resize=224%2C300 224w, https:\/\/i2.wp.com\/www.presstourism.ch\/wp-content\/uploads\/2014\/12\/DSCN5871.jpg?resize=768%2C1024 768w, https:\/\/i2.wp.com\/www.presstourism.ch\/wp-content\/uploads\/2014\/12\/DSCN5871.jpg?resize=600%2C800 600w, https:\/\/i2.wp.com\/www.presstourism.ch\/wp-content\/uploads\/2014\/12\/DSCN5871.jpg?resize=676%2C901 676w, https:\/\/i2.wp.com\/www.presstourism.ch\/wp-content\/uploads\/2014\/12\/DSCN5871.jpg?w=1168 1168w\" sizes=\"(max-width: 584px) 100vw, 584px\" data-recalc-dims=\"1\" \/><\/a><\/p>\n<p>&nbsp;<\/p>\n<p>&nbsp;<\/p>\n<p>n.brissot@leregional.ch<\/p>\n<p>&nbsp;<\/p>\n","protected":false},"excerpt":{"rendered":"<p>Imp\u00e9riale et moderne, la ville de Vienne est avant tout une capitale culturelle et architecturale. Des mois entiers seraient n\u00e9cessaires pour bien la d\u00e9couvrir. Le transporteur a\u00e9rien Easyjet vient d\u2019ouvrir une ligne qui la relie Gen\u00e8ve en moins de 2 &hellip; <a href=\"http:\/\/www.presstourism.ch\/?page_id=1627\">Continuer la lecture <span class=\"meta-nav\">&rarr;<\/span><\/a><\/p>\n","protected":false},"author":1,"featured_media":0,"parent":1624,"menu_order":0,"comment_status":"open","ping_status":"open","template":"","meta":{"ngg_post_thumbnail":0,"spay_email":""},"jetpack_sharing_enabled":true,"jetpack_shortlink":"https:\/\/wp.me\/P468TV-qf","_links":{"self":[{"href":"http:\/\/www.presstourism.ch\/index.php?rest_route=\/wp\/v2\/pages\/1627"}],"collection":[{"href":"http:\/\/www.presstourism.ch\/index.php?rest_route=\/wp\/v2\/pages"}],"about":[{"href":"http:\/\/www.presstourism.ch\/index.php?rest_route=\/wp\/v2\/types\/page"}],"author":[{"embeddable":true,"href":"http:\/\/www.presstourism.ch\/index.php?rest_route=\/wp\/v2\/users\/1"}],"replies":[{"embeddable":true,"href":"http:\/\/www.presstourism.ch\/index.php?rest_route=%2Fwp%2Fv2%2Fcomments&post=1627"}],"version-history":[{"count":5,"href":"http:\/\/www.presstourism.ch\/index.php?rest_route=\/wp\/v2\/pages\/1627\/revisions"}],"predecessor-version":[{"id":1639,"href":"http:\/\/www.presstourism.ch\/index.php?rest_route=\/wp\/v2\/pages\/1627\/revisions\/1639"}],"up":[{"embeddable":true,"href":"http:\/\/www.presstourism.ch\/index.php?rest_route=\/wp\/v2\/pages\/1624"}],"wp:attachment":[{"href":"http:\/\/www.presstourism.ch\/index.php?rest_route=%2Fwp%2Fv2%2Fmedia&parent=1627"}],"curies":[{"name":"wp","href":"https:\/\/api.w.org\/{rel}","templated":true}]}}