{"id":160,"date":"2013-11-14T22:55:41","date_gmt":"2013-11-14T21:55:41","guid":{"rendered":"http:\/\/www.presstourism.ch\/WP_ALEX\/?page_id=160"},"modified":"2021-05-17T09:38:20","modified_gmt":"2021-05-17T08:38:20","slug":"pays-2","status":"publish","type":"page","link":"http:\/\/www.presstourism.ch\/?page_id=160","title":{"rendered":"Destinations"},"content":{"rendered":"\n<div class=\"wp-block-image\"><figure class=\"aligncenter size-large\"><img loading=\"lazy\" width=\"512\" height=\"260\" src=\"https:\/\/i2.wp.com\/www.presstourism.ch\/WP_ALEX\/wp-content\/uploads\/2020\/04\/Monde-ovale.jpg?resize=512%2C260\" alt=\"\" class=\"wp-image-6515\" srcset=\"https:\/\/i0.wp.com\/www.presstourism.ch\/wp-content\/uploads\/2020\/04\/Monde-ovale.jpg?w=512 512w, https:\/\/i0.wp.com\/www.presstourism.ch\/wp-content\/uploads\/2020\/04\/Monde-ovale.jpg?resize=300%2C152 300w\" sizes=\"(max-width: 512px) 100vw, 512px\" data-recalc-dims=\"1\" \/><\/figure><\/div>\n\n\n\n<p>En d\u00e9pla\u00e7ant la fl\u00e8che sur Pays, choisissez le continent puis le pays et enfin l&rsquo;article. Sinon, en page d&rsquo;accueil, indiquez un nom, un lieu&#8230; et vous trouverez certainement votre bonheur.<\/p>\n","protected":false},"excerpt":{"rendered":"<p>En d\u00e9pla\u00e7ant la fl\u00e8che sur Pays, choisissez le continent puis le pays et enfin l&rsquo;article. Sinon, en page d&rsquo;accueil, indiquez un nom, un lieu&#8230; et vous trouverez certainement votre bonheur.<\/p>\n","protected":false},"author":1,"featured_media":0,"parent":0,"menu_order":2,"comment_status":"open","ping_status":"open","template":"","meta":{"ngg_post_thumbnail":0,"spay_email":""},"jetpack_sharing_enabled":true,"jetpack_shortlink":"https:\/\/wp.me\/P468TV-2A","_links":{"self":[{"href":"http:\/\/www.presstourism.ch\/index.php?rest_route=\/wp\/v2\/pages\/160"}],"collection":[{"href":"http:\/\/www.presstourism.ch\/index.php?rest_route=\/wp\/v2\/pages"}],"about":[{"href":"http:\/\/www.presstourism.ch\/index.php?rest_route=\/wp\/v2\/types\/page"}],"author":[{"embeddable":true,"href":"http:\/\/www.presstourism.ch\/index.php?rest_route=\/wp\/v2\/users\/1"}],"replies":[{"embeddable":true,"href":"http:\/\/www.presstourism.ch\/index.php?rest_route=%2Fwp%2Fv2%2Fcomments&post=160"}],"version-history":[{"count":5,"href":"http:\/\/www.presstourism.ch\/index.php?rest_route=\/wp\/v2\/pages\/160\/revisions"}],"predecessor-version":[{"id":7279,"href":"http:\/\/www.presstourism.ch\/index.php?rest_route=\/wp\/v2\/pages\/160\/revisions\/7279"}],"wp:attachment":[{"href":"http:\/\/www.presstourism.ch\/index.php?rest_route=%2Fwp%2Fv2%2Fmedia&parent=160"}],"curies":[{"name":"wp","href":"https:\/\/api.w.org\/{rel}","templated":true}]}}