{"id":1583,"date":"2014-11-21T15:58:27","date_gmt":"2014-11-21T14:58:27","guid":{"rendered":"http:\/\/www.presstourism.ch\/WP_ALEX\/?page_id=1583"},"modified":"2014-11-21T15:58:27","modified_gmt":"2014-11-21T14:58:27","slug":"des-remparts-de-morat-jusqua-laupen","status":"publish","type":"page","link":"http:\/\/www.presstourism.ch\/?page_id=1583","title":{"rendered":"Des remparts de Morat jusqu\u2019\u00e0 Laupen"},"content":{"rendered":"<div id=\"attachment_1586\" style=\"width: 560px\" class=\"wp-caption aligncenter\"><a href=\"https:\/\/i1.wp.com\/www.presstourism.ch\/WP_ALEX\/wp-content\/uploads\/2014\/11\/3MoratTerrasses.jpg\"><img aria-describedby=\"caption-attachment-1586\" loading=\"lazy\" class=\"wp-image-1586 size-full\" src=\"https:\/\/i1.wp.com\/www.presstourism.ch\/WP_ALEX\/wp-content\/uploads\/2014\/11\/3MoratTerrasses.jpg?resize=550%2C825\" alt=\"Balades La R\u008egion, Morat-Laupen, sept 2014\" width=\"550\" height=\"825\" srcset=\"https:\/\/i1.wp.com\/www.presstourism.ch\/wp-content\/uploads\/2014\/11\/3MoratTerrasses.jpg?w=550 550w, https:\/\/i1.wp.com\/www.presstourism.ch\/wp-content\/uploads\/2014\/11\/3MoratTerrasses.jpg?resize=200%2C300 200w\" sizes=\"(max-width: 550px) 100vw, 550px\" data-recalc-dims=\"1\" \/><\/a><p id=\"caption-attachment-1586\" class=\"wp-caption-text\">Une halte bienvenue sur des terrasses ombrag\u00e9es.<\/p><\/div>\n<p>Point de d\u00e9part de la plus ancienne des courses p\u00e9destres de Suisse, la cit\u00e9 fribourgeoise a su pr\u00e9server son cachet authentique. Elle offre aussi de nombreuses excursions comme rejoindre Laupen, une autre cit\u00e9 historique.<\/p>\n<div id=\"attachment_1584\" style=\"width: 810px\" class=\"wp-caption aligncenter\"><a href=\"https:\/\/i2.wp.com\/www.presstourism.ch\/WP_ALEX\/wp-content\/uploads\/2014\/11\/1MoratGrRue.jpg\"><img aria-describedby=\"caption-attachment-1584\" loading=\"lazy\" class=\"wp-image-1584 size-full\" src=\"https:\/\/i2.wp.com\/www.presstourism.ch\/WP_ALEX\/wp-content\/uploads\/2014\/11\/1MoratGrRue.jpg?resize=584%2C389\" alt=\"Balades La R\u008egion, Morat-Laupen, sept 2014\" width=\"584\" height=\"389\" srcset=\"https:\/\/i0.wp.com\/www.presstourism.ch\/wp-content\/uploads\/2014\/11\/1MoratGrRue.jpg?w=800 800w, https:\/\/i0.wp.com\/www.presstourism.ch\/wp-content\/uploads\/2014\/11\/1MoratGrRue.jpg?resize=300%2C199 300w, https:\/\/i0.wp.com\/www.presstourism.ch\/wp-content\/uploads\/2014\/11\/1MoratGrRue.jpg?resize=600%2C399 600w, https:\/\/i0.wp.com\/www.presstourism.ch\/wp-content\/uploads\/2014\/11\/1MoratGrRue.jpg?resize=676%2C450 676w\" sizes=\"(max-width: 584px) 100vw, 584px\" data-recalc-dims=\"1\" \/><\/a><p id=\"caption-attachment-1584\" class=\"wp-caption-text\">La Grand-Rue et sa Porte de Berne dans une vieille ville de Morat o\u00f9 les nombreux commerces se cachent derri\u00e8re les arcades.<\/p><\/div>\n<p>Franchissez ses remparts et vous vous retrouverez au Moyen \u00c2ge. Car Morat, th\u00e9\u00e2tre comme Grandson d\u2019une c\u00e9l\u00e8bre bataille entre les Conf\u00e9d\u00e9r\u00e9s et les Bourguignons (1476), plonge le visiteur dans cette p\u00e9riode historique avec sa Porte de Berne, ses pittoresque venelles et arcades, ses fontaines, son ch\u00e2teau et ses anciennes maisons parfaitement restaur\u00e9es et color\u00e9es.<\/p>\n<div id=\"attachment_1585\" style=\"width: 560px\" class=\"wp-caption aligncenter\"><a href=\"https:\/\/i2.wp.com\/www.presstourism.ch\/WP_ALEX\/wp-content\/uploads\/2014\/11\/2MoratRuelles.jpg\"><img aria-describedby=\"caption-attachment-1585\" loading=\"lazy\" class=\"wp-image-1585 size-full\" src=\"https:\/\/i2.wp.com\/www.presstourism.ch\/WP_ALEX\/wp-content\/uploads\/2014\/11\/2MoratRuelles.jpg?resize=550%2C825\" alt=\"Balades La R\u008egion, Morat-Laupen, sept 2014\" width=\"550\" height=\"825\" srcset=\"https:\/\/i0.wp.com\/www.presstourism.ch\/wp-content\/uploads\/2014\/11\/2MoratRuelles.jpg?w=550 550w, https:\/\/i0.wp.com\/www.presstourism.ch\/wp-content\/uploads\/2014\/11\/2MoratRuelles.jpg?resize=200%2C300 200w\" sizes=\"(max-width: 550px) 100vw, 550px\" data-recalc-dims=\"1\" \/><\/a><p id=\"caption-attachment-1585\" class=\"wp-caption-text\">Des ruelles \u00e0 d\u00e9couvrir comme la Speicherg\u00e4sslein.<\/p><\/div>\n<p>La petite ville poss\u00e8de aussi une magnifique promenade au bord du lac avec bon nombre de sports nautiques, comme elle propose de nombreuses opportunit\u00e9s culturelles et excursions en bateau, \u00e0 pied ou \u00e0 v\u00e9lo. Une croisi\u00e8re conduit jusque dans la r\u00e9gion viticole du Vully et dure une heure et d\u2019autres englobent deux voire les trois lacs. On peut aussi se diriger vers les collines des plateaux fribourgeois et bernois, alternance de sections ombrag\u00e9es en for\u00eat et de petits villages aux fermes cossues et fleuries \u00e0 souhait.<\/p>\n<div id=\"attachment_1587\" style=\"width: 810px\" class=\"wp-caption aligncenter\"><a href=\"https:\/\/i0.wp.com\/www.presstourism.ch\/WP_ALEX\/wp-content\/uploads\/2014\/11\/4MoratPanoramaLac.jpg\"><img aria-describedby=\"caption-attachment-1587\" loading=\"lazy\" class=\"wp-image-1587 size-full\" src=\"https:\/\/i0.wp.com\/www.presstourism.ch\/WP_ALEX\/wp-content\/uploads\/2014\/11\/4MoratPanoramaLac.jpg?resize=584%2C389\" alt=\"Balades La R\u008egion, Morat - Laupen, sept 2014\" width=\"584\" height=\"389\" srcset=\"https:\/\/i2.wp.com\/www.presstourism.ch\/wp-content\/uploads\/2014\/11\/4MoratPanoramaLac.jpg?w=800 800w, https:\/\/i2.wp.com\/www.presstourism.ch\/wp-content\/uploads\/2014\/11\/4MoratPanoramaLac.jpg?resize=300%2C199 300w, https:\/\/i2.wp.com\/www.presstourism.ch\/wp-content\/uploads\/2014\/11\/4MoratPanoramaLac.jpg?resize=600%2C399 600w, https:\/\/i2.wp.com\/www.presstourism.ch\/wp-content\/uploads\/2014\/11\/4MoratPanoramaLac.jpg?resize=676%2C450 676w\" sizes=\"(max-width: 584px) 100vw, 584px\" data-recalc-dims=\"1\" \/><\/a><p id=\"caption-attachment-1587\" class=\"wp-caption-text\">De nombreux panoramas sur le lac et le Vully, son mont et ses vignes, ici depuis la cour du ch\u00e2teau.<\/p><\/div>\n<p>Une de ces aventures nature peut par exemple conduire jusqu\u2019\u00e0 Laupen, dans le canton de Berne, autre jolie petite cit\u00e9 historique au confluent de la Singine et de la Sarine, coiff\u00e9e d\u2019un ch\u00e2teau sur un rocher de gr\u00e8s. Superbe au demeurant cette forteresse, avec d\u2019anciennes maisons \u00e0 colombages blotties \u00e0 ses pieds sur la L\u00e4ubliplatz. Et th\u00e9\u00e2tre, d\u2019ailleurs elle aussi, d\u2019une bataille entre les Bernois et les Bourguignons (1339).<\/p>\n<div id=\"attachment_1588\" style=\"width: 810px\" class=\"wp-caption aligncenter\"><a href=\"https:\/\/i1.wp.com\/www.presstourism.ch\/WP_ALEX\/wp-content\/uploads\/2014\/11\/5LaupenCh\u00e2teau.jpg\"><img aria-describedby=\"caption-attachment-1588\" loading=\"lazy\" class=\"wp-image-1588 size-full\" src=\"https:\/\/i1.wp.com\/www.presstourism.ch\/WP_ALEX\/wp-content\/uploads\/2014\/11\/5LaupenCh\u00e2teau.jpg?resize=584%2C407\" alt=\"Balade La R\u008egion, Sept 2014, Morat - Laupen\" width=\"584\" height=\"407\" srcset=\"https:\/\/i1.wp.com\/www.presstourism.ch\/wp-content\/uploads\/2014\/11\/5LaupenCh\u00e2teau.jpg?w=800 800w, https:\/\/i1.wp.com\/www.presstourism.ch\/wp-content\/uploads\/2014\/11\/5LaupenCh\u00e2teau.jpg?resize=300%2C209 300w, https:\/\/i1.wp.com\/www.presstourism.ch\/wp-content\/uploads\/2014\/11\/5LaupenCh\u00e2teau.jpg?resize=600%2C418 600w, https:\/\/i1.wp.com\/www.presstourism.ch\/wp-content\/uploads\/2014\/11\/5LaupenCh\u00e2teau.jpg?resize=676%2C471 676w\" sizes=\"(max-width: 584px) 100vw, 584px\" data-recalc-dims=\"1\" \/><\/a><p id=\"caption-attachment-1588\" class=\"wp-caption-text\">Le ch\u00e2teau de Laupen, superbe monument surplombant une petite ville bernoise qui m\u00e9rite la d\u00e9couverte.<\/p><\/div>\n<p>Entre Morat et Laupen, on peut emprunter le parcours Altavilla, Salvenach, Jeuss, Liebisdorf puis Kriechenwil dans une campagne magnifique. Et se souvenir que cette r\u00e9gion a servi de cadre au dernier roman \u00abOp\u00e9ration Rhapsodie\u00bb de l\u2019\u00e9crivain grandsonnois Michel Bory, mettant notamment en sc\u00e8ne la cavale d\u2019un espion de gros calibre. De quoi revivre une v\u00e9ritable filature\u2026<\/p>\n<p style=\"text-align: right;\"><strong>Texte et photos: Roger Juillerat<\/strong><\/p>\n<p style=\"text-align: right;\"><a href=\"http:\/\/www.presstourism.ch\/WP_ALEX\/wp-content\/uploads\/2014\/11\/MoratLaupenBalade-copie.pdf\">Lire l&rsquo;article de presse \u00e9crite&#8230;<\/a><\/p>\n<p>&nbsp;<\/p>\n<div id=\"attachment_1589\" style=\"width: 810px\" class=\"wp-caption aligncenter\"><a href=\"https:\/\/i1.wp.com\/www.presstourism.ch\/WP_ALEX\/wp-content\/uploads\/2014\/11\/6MoratLaupenTabac.jpg\"><img aria-describedby=\"caption-attachment-1589\" loading=\"lazy\" class=\"wp-image-1589 size-full\" src=\"https:\/\/i1.wp.com\/www.presstourism.ch\/WP_ALEX\/wp-content\/uploads\/2014\/11\/6MoratLaupenTabac.jpg?resize=584%2C389\" alt=\"Balades La R\u008egion, Morat-Laupen, spet 2014\" width=\"584\" height=\"389\" srcset=\"https:\/\/i1.wp.com\/www.presstourism.ch\/wp-content\/uploads\/2014\/11\/6MoratLaupenTabac.jpg?w=800 800w, https:\/\/i1.wp.com\/www.presstourism.ch\/wp-content\/uploads\/2014\/11\/6MoratLaupenTabac.jpg?resize=300%2C199 300w, https:\/\/i1.wp.com\/www.presstourism.ch\/wp-content\/uploads\/2014\/11\/6MoratLaupenTabac.jpg?resize=600%2C399 600w, https:\/\/i1.wp.com\/www.presstourism.ch\/wp-content\/uploads\/2014\/11\/6MoratLaupenTabac.jpg?resize=676%2C450 676w\" sizes=\"(max-width: 584px) 100vw, 584px\" data-recalc-dims=\"1\" \/><\/a><p id=\"caption-attachment-1589\" class=\"wp-caption-text\">La cueillette du tabac et son s\u00e9chage \u00e0 l\u2019ancienne ont toujours lieu dans la campagne fribourgeoise, comme ici \u00e0 Altavilla.<\/p><\/div>\n<p>&nbsp;<\/p>\n<hr \/>\n<p>&nbsp;<\/p>\n<h2>Informations pratiques<\/h2>\n<p>&nbsp;<\/p>\n<p><strong>Y aller:<\/strong> rejoindre Morat en train ou par l\u2019autoroute A1, via Payerne-Avenches. Cars postaux \u00e0 disposition entre Morat et Laupen.<\/p>\n<p><strong>Mais aussi:<\/strong> la r\u00e9serve naturelle \u00abLaupenau-Hirsried\u00bb, zone alluviale d\u2019importance nationale sur la rive droite de la Sarine, dont le chemin \u00abR\u00f6merweg\u00bb est une randonn\u00e9e sympa (2\u00a0h) menant de Laupen \u00e0 travers le paysage alluvial. Ou faire du v\u00e9lo sur les rails, une belle exp\u00e9rience pour les familles sur la ligne ferroviaire d\u00e9saffect\u00e9e Laupen-G\u00fcmmenen.<\/p>\n<p><strong>Se renseigner:<\/strong> Morat Tourisme, Franz\u00f6sische Kirchgasse 6, 3280 Murten, 026 670 51 12,<\/p>\n<p><a href=\"mailto:info@murtentourismus.ch\">info@murtentourismus.ch<\/a><\/p>\n<p><a href=\"http:\/\/www.murtentourismus.ch\/\">www.murtentourismus.ch<\/a>, <a href=\"http:\/\/www.fribourgregion.ch\/\">www.fribourgregion.ch<\/a>, <a href=\"http:\/\/www.regionlaupen.ch\/\">www.regionlaupen.ch<\/a><\/p>\n<p>&nbsp;<\/p>\n<hr \/>\n<p>&nbsp;<\/p>\n","protected":false},"excerpt":{"rendered":"<p>Point de d\u00e9part de la plus ancienne des courses p\u00e9destres de Suisse, la cit\u00e9 fribourgeoise a su pr\u00e9server son cachet authentique. Elle offre aussi de nombreuses excursions comme rejoindre Laupen, une autre cit\u00e9 historique. Franchissez ses remparts et vous vous &hellip; <a href=\"http:\/\/www.presstourism.ch\/?page_id=1583\">Continuer la lecture <span class=\"meta-nav\">&rarr;<\/span><\/a><\/p>\n","protected":false},"author":1,"featured_media":0,"parent":341,"menu_order":0,"comment_status":"open","ping_status":"open","template":"","meta":{"ngg_post_thumbnail":0,"spay_email":""},"jetpack_sharing_enabled":true,"jetpack_shortlink":"https:\/\/wp.me\/P468TV-px","_links":{"self":[{"href":"http:\/\/www.presstourism.ch\/index.php?rest_route=\/wp\/v2\/pages\/1583"}],"collection":[{"href":"http:\/\/www.presstourism.ch\/index.php?rest_route=\/wp\/v2\/pages"}],"about":[{"href":"http:\/\/www.presstourism.ch\/index.php?rest_route=\/wp\/v2\/types\/page"}],"author":[{"embeddable":true,"href":"http:\/\/www.presstourism.ch\/index.php?rest_route=\/wp\/v2\/users\/1"}],"replies":[{"embeddable":true,"href":"http:\/\/www.presstourism.ch\/index.php?rest_route=%2Fwp%2Fv2%2Fcomments&post=1583"}],"version-history":[{"count":1,"href":"http:\/\/www.presstourism.ch\/index.php?rest_route=\/wp\/v2\/pages\/1583\/revisions"}],"predecessor-version":[{"id":1591,"href":"http:\/\/www.presstourism.ch\/index.php?rest_route=\/wp\/v2\/pages\/1583\/revisions\/1591"}],"up":[{"embeddable":true,"href":"http:\/\/www.presstourism.ch\/index.php?rest_route=\/wp\/v2\/pages\/341"}],"wp:attachment":[{"href":"http:\/\/www.presstourism.ch\/index.php?rest_route=%2Fwp%2Fv2%2Fmedia&parent=1583"}],"curies":[{"name":"wp","href":"https:\/\/api.w.org\/{rel}","templated":true}]}}