{"id":154,"date":"2013-11-14T17:11:08","date_gmt":"2013-11-14T16:11:08","guid":{"rendered":"http:\/\/www.presstourism.ch\/WP_ALEX\/?page_id=154"},"modified":"2016-02-17T18:08:58","modified_gmt":"2016-02-17T17:08:58","slug":"uhlmann-gerard","status":"publish","type":"page","link":"http:\/\/www.presstourism.ch\/?page_id=154","title":{"rendered":"Ulmann G\u00e9rard"},"content":{"rendered":"<p><strong>Quelques publications :<\/strong><\/p>\n<p><a href=\"http:\/\/sb4-1.infomaniak.ch\/sites\/c4\/c493c95f91125629724acfd1fee9774f\/attachments\/File\/ulmanng__cosse.pdf\">Edimbourg, tartans, whisky et fant\u00f4mes<\/a><br \/>\n<a href=\"http:\/\/sb4-1.infomaniak.ch\/sites\/c4\/c493c95f91125629724acfd1fee9774f\/attachments\/File\/ulmanngmalte.pdf\"><br \/>\nMalte, \u00eele citadelle<\/a><br \/>\n<a href=\"http:\/\/sb4-1.infomaniak.ch\/sites\/c4\/c493c95f91125629724acfd1fee9774f\/attachments\/File\/ulmanngplages.pdf\"><br \/>\nG\u00e9ographie du plaisir<\/a><\/p>\n<p>&nbsp;<\/p>\n<p><b>ULMANN, G\u00e9rard<\/b><br \/>\nEmail: <a href=\"mailto:ulmann@noos.fr\">ulmann@noos.fr<\/a><br \/>\nFonction: Directeur de la publication \/ r\u00e9dacteur en chef<br \/>\nLangue: Fran\u00e7ais<\/p>\n","protected":false},"excerpt":{"rendered":"<p>Quelques publications : Edimbourg, tartans, whisky et fant\u00f4mes Malte, \u00eele citadelle G\u00e9ographie du plaisir &nbsp; ULMANN, G\u00e9rard Email: ulmann@noos.fr Fonction: Directeur de la publication \/ r\u00e9dacteur en chef Langue: Fran\u00e7ais<\/p>\n","protected":false},"author":1,"featured_media":0,"parent":76,"menu_order":0,"comment_status":"open","ping_status":"open","template":"","meta":{"ngg_post_thumbnail":0,"spay_email":""},"jetpack_sharing_enabled":true,"jetpack_shortlink":"https:\/\/wp.me\/P468TV-2u","_links":{"self":[{"href":"http:\/\/www.presstourism.ch\/index.php?rest_route=\/wp\/v2\/pages\/154"}],"collection":[{"href":"http:\/\/www.presstourism.ch\/index.php?rest_route=\/wp\/v2\/pages"}],"about":[{"href":"http:\/\/www.presstourism.ch\/index.php?rest_route=\/wp\/v2\/types\/page"}],"author":[{"embeddable":true,"href":"http:\/\/www.presstourism.ch\/index.php?rest_route=\/wp\/v2\/users\/1"}],"replies":[{"embeddable":true,"href":"http:\/\/www.presstourism.ch\/index.php?rest_route=%2Fwp%2Fv2%2Fcomments&post=154"}],"version-history":[{"count":3,"href":"http:\/\/www.presstourism.ch\/index.php?rest_route=\/wp\/v2\/pages\/154\/revisions"}],"predecessor-version":[{"id":1949,"href":"http:\/\/www.presstourism.ch\/index.php?rest_route=\/wp\/v2\/pages\/154\/revisions\/1949"}],"up":[{"embeddable":true,"href":"http:\/\/www.presstourism.ch\/index.php?rest_route=\/wp\/v2\/pages\/76"}],"wp:attachment":[{"href":"http:\/\/www.presstourism.ch\/index.php?rest_route=%2Fwp%2Fv2%2Fmedia&parent=154"}],"curies":[{"name":"wp","href":"https:\/\/api.w.org\/{rel}","templated":true}]}}