{"id":150,"date":"2013-11-14T17:05:27","date_gmt":"2013-11-14T16:05:27","guid":{"rendered":"http:\/\/www.presstourism.ch\/WP_ALEX\/?page_id=150"},"modified":"2017-01-30T19:51:08","modified_gmt":"2017-01-30T18:51:08","slug":"porchet-thierry","status":"publish","type":"page","link":"http:\/\/www.presstourism.ch\/?page_id=150","title":{"rendered":"Porchet Thierry"},"content":{"rendered":"<p><a href=\"https:\/\/i0.wp.com\/www.presstourism.ch\/WP_ALEX\/wp-content\/uploads\/2013\/11\/Porchet-new.jpg\"><img loading=\"lazy\" class=\"alignnone size-medium wp-image-874\" src=\"https:\/\/i2.wp.com\/www.presstourism.ch\/WP_ALEX\/wp-content\/uploads\/2013\/11\/Porchet-new-206x300.jpg?resize=206%2C300\" alt=\"Porchet new\" width=\"206\" height=\"300\" srcset=\"https:\/\/i2.wp.com\/www.presstourism.ch\/wp-content\/uploads\/2013\/11\/Porchet-new.jpg?resize=206%2C300 206w, https:\/\/i2.wp.com\/www.presstourism.ch\/wp-content\/uploads\/2013\/11\/Porchet-new.jpg?w=434 434w\" sizes=\"(max-width: 206px) 100vw, 206px\" data-recalc-dims=\"1\" \/><\/a><\/p>\n<p><strong><a href=\"http:\/\/www.image21.ch\">www.image21.ch<\/a><\/strong><\/p>\n<p><strong>Quelques publications :<\/strong><\/p>\n<p><a href=\"http:\/\/www.presstourism.ch\/WP_ALEX\/?page_id=3475\">Ecosse: beaut\u00e9 d&rsquo;Achiltibuie<\/a><\/p>\n<p><a href=\"http:\/\/www.presstourism.ch\/WP_ALEX\/wp-content\/uploads\/2013\/11\/Balikesir-Mermoud1.pdf\">Turquie \/ Balikesir<\/a><\/p>\n<p><a title=\"Balade maritime en Istrie\" href=\"http:\/\/www.presstourism.ch\/WP_ALEX\/?page_id=856\">Balade maritime en Istrie<\/a><\/p>\n<p><a href=\"http:\/\/www.presstourism.ch\/WP_ALEX\/wp-content\/uploads\/2014\/05\/CHEVALv3.pdf\">Le facteur Cheval ou l&rsquo;imaginaire d\u00e9brid\u00e9<\/a><\/p>\n<p><a href=\"http:\/\/www.jepars.ch\/magazine\/?p=5773\">Saint-Barth\u00e9l\u00e9my: les \u00eelets de la plage<\/a><br \/>\n<a href=\"http:\/\/sb4-1.infomaniak.ch\/sites\/c4\/c493c95f91125629724acfd1fee9774f\/attachments\/File\/AD_Nouveaux_20120806\/porchett20110727france__v__nement.pdf\"><br \/>\nAlbi, la vie en bleu<\/a><strong><br \/>\n<\/strong><a href=\"http:\/\/sb4-1.infomaniak.ch\/sites\/c4\/c493c95f91125629724acfd1fee9774f\/attachments\/File\/AD_Nouveaux_20120806\/porchett02110710suissehebdo.pdf\"><br \/>\nVaud: P&rsquo;tits coins de Paradis<\/a><br \/>\n<a href=\"http:\/\/sb4-1.infomaniak.ch\/sites\/c4\/c493c95f91125629724acfd1fee9774f\/attachments\/File\/AD_Nouveaux_20120806\/porchett20111103suissehebdo.pdf\"><br \/>\nVaud: les meilleures adresses<\/a><br \/>\n<a href=\"http:\/\/sb4-1.infomaniak.ch\/sites\/c4\/c493c95f91125629724acfd1fee9774f\/attachments\/File\/AD_Nouveaux_20120806\/porchett20120322suissehebdo.pdf\"><br \/>\nVaud: 45 restaurants italiens<\/a><br \/>\n<a href=\"http:\/\/sb4-1.infomaniak.ch\/sites\/c4\/c493c95f91125629724acfd1fee9774f\/attachments\/File\/AD_Nouveaux_20120806\/Porchett20120610suissehebdo.pdf\"><br \/>\nLes meilleures terrasses<\/a><\/p>\n<p>&nbsp;<\/p>\n<p><b>PORCHET, Thierry<\/b><br \/>\nRte de Molondin 10<br \/>\n1416 D\u00e9moret<br \/>\nMobile: 079 637 35 11<br \/>\nEmail: <a href=\"mailto:tporchet@bluewin.ch\">tporchet@bluewin.ch<\/a><br \/>\nInternet: <a href=\"http:\/\/www.image21.ch\/\">www.image21.ch<\/a><br \/>\nM\u00e9dias: Hebdo, Le Temps, L&rsquo;Ev\u00e9nement Syndical, Points Forts (BCL)<br \/>\nLangue: fran\u00e7ais<\/p>\n","protected":false},"excerpt":{"rendered":"<p>www.image21.ch Quelques publications : Ecosse: beaut\u00e9 d&rsquo;Achiltibuie Turquie \/ Balikesir Balade maritime en Istrie Le facteur Cheval ou l&rsquo;imaginaire d\u00e9brid\u00e9 Saint-Barth\u00e9l\u00e9my: les \u00eelets de la plage Albi, la vie en bleu Vaud: P&rsquo;tits coins de Paradis Vaud: les meilleures adresses &hellip; <a href=\"http:\/\/www.presstourism.ch\/?page_id=150\">Continuer la lecture <span class=\"meta-nav\">&rarr;<\/span><\/a><\/p>\n","protected":false},"author":1,"featured_media":0,"parent":76,"menu_order":0,"comment_status":"open","ping_status":"open","template":"","meta":{"ngg_post_thumbnail":0,"spay_email":""},"jetpack_sharing_enabled":true,"jetpack_shortlink":"https:\/\/wp.me\/P468TV-2q","_links":{"self":[{"href":"http:\/\/www.presstourism.ch\/index.php?rest_route=\/wp\/v2\/pages\/150"}],"collection":[{"href":"http:\/\/www.presstourism.ch\/index.php?rest_route=\/wp\/v2\/pages"}],"about":[{"href":"http:\/\/www.presstourism.ch\/index.php?rest_route=\/wp\/v2\/types\/page"}],"author":[{"embeddable":true,"href":"http:\/\/www.presstourism.ch\/index.php?rest_route=\/wp\/v2\/users\/1"}],"replies":[{"embeddable":true,"href":"http:\/\/www.presstourism.ch\/index.php?rest_route=%2Fwp%2Fv2%2Fcomments&post=150"}],"version-history":[{"count":12,"href":"http:\/\/www.presstourism.ch\/index.php?rest_route=\/wp\/v2\/pages\/150\/revisions"}],"predecessor-version":[{"id":3490,"href":"http:\/\/www.presstourism.ch\/index.php?rest_route=\/wp\/v2\/pages\/150\/revisions\/3490"}],"up":[{"embeddable":true,"href":"http:\/\/www.presstourism.ch\/index.php?rest_route=\/wp\/v2\/pages\/76"}],"wp:attachment":[{"href":"http:\/\/www.presstourism.ch\/index.php?rest_route=%2Fwp%2Fv2%2Fmedia&parent=150"}],"curies":[{"name":"wp","href":"https:\/\/api.w.org\/{rel}","templated":true}]}}