{"id":1477,"date":"2014-10-28T09:41:47","date_gmt":"2014-10-28T08:41:47","guid":{"rendered":"http:\/\/www.presstourism.ch\/WP_ALEX\/?page_id=1477"},"modified":"2019-06-04T09:01:52","modified_gmt":"2019-06-04T08:01:52","slug":"geneve-brel-eleve-pilote","status":"publish","type":"page","link":"http:\/\/www.presstourism.ch\/?page_id=1477","title":{"rendered":"Gen\u00e8ve: Brel \u00e9l\u00e8ve pilote"},"content":{"rendered":"<p>Par Robert Sirdey<\/p>\n<p>Comment Jean Liardon a fait de Jacques Brel un pilote accompli&#8230;<\/p>\n<p><a href=\"https:\/\/i1.wp.com\/www.presstourism.ch\/WP_ALEX\/wp-content\/uploads\/2014\/10\/Brel-1.jpg\"><img loading=\"lazy\" class=\"wp-image-1478 size-medium aligncenter\" src=\"https:\/\/i2.wp.com\/www.presstourism.ch\/WP_ALEX\/wp-content\/uploads\/2014\/10\/Brel-1-219x300.jpg?resize=219%2C300\" alt=\"Brel -1\" width=\"219\" height=\"300\" srcset=\"https:\/\/i2.wp.com\/www.presstourism.ch\/wp-content\/uploads\/2014\/10\/Brel-1.jpg?resize=219%2C300 219w, https:\/\/i2.wp.com\/www.presstourism.ch\/wp-content\/uploads\/2014\/10\/Brel-1.jpg?w=563 563w\" sizes=\"(max-width: 219px) 100vw, 219px\" data-recalc-dims=\"1\" \/><\/a><\/p>\n<p><a href=\"http:\/\/www.presstourism.ch\/WP_ALEX\/wp-content\/uploads\/2014\/10\/Brel-1.pdf\">Lire ou t\u00e9l\u00e9charger l&rsquo;article<\/a><\/p>\n","protected":false},"excerpt":{"rendered":"<p>Par Robert Sirdey Comment Jean Liardon a fait de Jacques Brel un pilote accompli&#8230; Lire ou t\u00e9l\u00e9charger l&rsquo;article<\/p>\n","protected":false},"author":1,"featured_media":0,"parent":341,"menu_order":0,"comment_status":"open","ping_status":"open","template":"","meta":{"ngg_post_thumbnail":0,"spay_email":""},"jetpack_sharing_enabled":true,"jetpack_shortlink":"https:\/\/wp.me\/P468TV-nP","_links":{"self":[{"href":"http:\/\/www.presstourism.ch\/index.php?rest_route=\/wp\/v2\/pages\/1477"}],"collection":[{"href":"http:\/\/www.presstourism.ch\/index.php?rest_route=\/wp\/v2\/pages"}],"about":[{"href":"http:\/\/www.presstourism.ch\/index.php?rest_route=\/wp\/v2\/types\/page"}],"author":[{"embeddable":true,"href":"http:\/\/www.presstourism.ch\/index.php?rest_route=\/wp\/v2\/users\/1"}],"replies":[{"embeddable":true,"href":"http:\/\/www.presstourism.ch\/index.php?rest_route=%2Fwp%2Fv2%2Fcomments&post=1477"}],"version-history":[{"count":2,"href":"http:\/\/www.presstourism.ch\/index.php?rest_route=\/wp\/v2\/pages\/1477\/revisions"}],"predecessor-version":[{"id":5547,"href":"http:\/\/www.presstourism.ch\/index.php?rest_route=\/wp\/v2\/pages\/1477\/revisions\/5547"}],"up":[{"embeddable":true,"href":"http:\/\/www.presstourism.ch\/index.php?rest_route=\/wp\/v2\/pages\/341"}],"wp:attachment":[{"href":"http:\/\/www.presstourism.ch\/index.php?rest_route=%2Fwp%2Fv2%2Fmedia&parent=1477"}],"curies":[{"name":"wp","href":"https:\/\/api.w.org\/{rel}","templated":true}]}}