{"id":143,"date":"2013-11-14T16:58:14","date_gmt":"2013-11-14T15:58:14","guid":{"rendered":"http:\/\/www.presstourism.ch\/WP_ALEX\/?page_id=143"},"modified":"2014-05-20T16:47:39","modified_gmt":"2014-05-20T15:47:39","slug":"muller-mariette","status":"publish","type":"page","link":"http:\/\/www.presstourism.ch\/?page_id=143","title":{"rendered":"Muller Mariette"},"content":{"rendered":"<p>&nbsp;<\/p>\n<p><strong>Quelques publications :<\/strong><\/p>\n<p><a href=\"http:\/\/www.jepars.ch\/magazine\/?p=5794\">Aux confins de la Chine sur la Route de la soie<\/a><\/p>\n<p><a href=\"http:\/\/sb4-1.infomaniak.ch\/sites\/c4\/c493c95f91125629724acfd1fee9774f\/attachments\/File\/MullerAlgarve_Je_pars_23%281%29.pdf\">Algarve secr\u00e8te<\/a><\/p>\n<p>&nbsp;<\/p>\n<p><strong><b>M\u00dcLLER-SCHERTENLEIB, Mariette<br \/>\n<\/b><\/strong>Ch. des Ormeaux 22<br \/>\n1066 Epalinges<br \/>\nT\u00e9l. 021 652 74 07<br \/>\nFonction: Journaliste RP<br \/>\nM\u00e9dias: Je pars, etc.<br \/>\nLangues: Fran\u00e7ais, anglais, allemand<\/p>\n","protected":false},"excerpt":{"rendered":"<p>&nbsp; Quelques publications : Aux confins de la Chine sur la Route de la soie Algarve secr\u00e8te &nbsp; M\u00dcLLER-SCHERTENLEIB, Mariette Ch. des Ormeaux 22 1066 Epalinges T\u00e9l. 021 652 74 07 Fonction: Journaliste RP M\u00e9dias: Je pars, etc. Langues: Fran\u00e7ais, &hellip; <a href=\"http:\/\/www.presstourism.ch\/?page_id=143\">Continuer la lecture <span class=\"meta-nav\">&rarr;<\/span><\/a><\/p>\n","protected":false},"author":1,"featured_media":0,"parent":76,"menu_order":0,"comment_status":"open","ping_status":"open","template":"","meta":{"ngg_post_thumbnail":0,"spay_email":""},"jetpack_sharing_enabled":true,"jetpack_shortlink":"https:\/\/wp.me\/P468TV-2j","_links":{"self":[{"href":"http:\/\/www.presstourism.ch\/index.php?rest_route=\/wp\/v2\/pages\/143"}],"collection":[{"href":"http:\/\/www.presstourism.ch\/index.php?rest_route=\/wp\/v2\/pages"}],"about":[{"href":"http:\/\/www.presstourism.ch\/index.php?rest_route=\/wp\/v2\/types\/page"}],"author":[{"embeddable":true,"href":"http:\/\/www.presstourism.ch\/index.php?rest_route=\/wp\/v2\/users\/1"}],"replies":[{"embeddable":true,"href":"http:\/\/www.presstourism.ch\/index.php?rest_route=%2Fwp%2Fv2%2Fcomments&post=143"}],"version-history":[{"count":3,"href":"http:\/\/www.presstourism.ch\/index.php?rest_route=\/wp\/v2\/pages\/143\/revisions"}],"predecessor-version":[{"id":822,"href":"http:\/\/www.presstourism.ch\/index.php?rest_route=\/wp\/v2\/pages\/143\/revisions\/822"}],"up":[{"embeddable":true,"href":"http:\/\/www.presstourism.ch\/index.php?rest_route=\/wp\/v2\/pages\/76"}],"wp:attachment":[{"href":"http:\/\/www.presstourism.ch\/index.php?rest_route=%2Fwp%2Fv2%2Fmedia&parent=143"}],"curies":[{"name":"wp","href":"https:\/\/api.w.org\/{rel}","templated":true}]}}