{"id":141,"date":"2013-11-14T16:55:40","date_gmt":"2013-11-14T15:55:40","guid":{"rendered":"http:\/\/www.presstourism.ch\/WP_ALEX\/?page_id=141"},"modified":"2013-11-14T16:55:40","modified_gmt":"2013-11-14T15:55:40","slug":"moussadek-marion","status":"publish","type":"page","link":"http:\/\/www.presstourism.ch\/?page_id=141","title":{"rendered":"Moussadek Marion"},"content":{"rendered":"<p><strong><a href=\"https:\/\/i1.wp.com\/www.presstourism.ch\/WP_ALEX\/wp-content\/uploads\/2013\/11\/Moussadek.jpg\"><img loading=\"lazy\" class=\"alignnone size-full wp-image-62\" alt=\"Moussadek\" src=\"https:\/\/i1.wp.com\/www.presstourism.ch\/WP_ALEX\/wp-content\/uploads\/2013\/11\/Moussadek.jpg?resize=114%2C160\" width=\"114\" height=\"160\" data-recalc-dims=\"1\" \/><\/a><\/strong><\/p>\n<p><strong>Quelques publications :<\/strong><\/p>\n<p><a href=\"http:\/\/sb4-1.infomaniak.ch\/sites\/c4\/c493c95f91125629724acfd1fee9774f\/attachments\/File\/MoussadekM20080503suissesealandLT.pdf\">Seeland en cano\u00eb<br \/>\n<\/a><\/p>\n<p align=\"left\"><strong>MOUSSADEK Marion<\/strong><br \/>\nCh. Jacques-Attenville, 39<br \/>\n1218 Le Grand Saconnex\/Gen\u00e8ve<br \/>\nT\u00e9l. 022 794 31 62 Mobile : 079 635 03 37<br \/>\nEmail : <a href=\"mailto:marion.moussadek@mail.com\">marion.moussadek@mail.com<\/a><br \/>\nFonction : Journaliste RP<br \/>\nM\u00e9dias : Le Temps, l\u2019Hebdo, La Tribune de Gen\u00e8ve, Deutsche Welle\/Radio France Internationale<\/p>\n<p align=\"left\">Langues: Fran\u00e7ais, anglais, italien, espagnol<\/p>\n","protected":false},"excerpt":{"rendered":"<p>Quelques publications : Seeland en cano\u00eb MOUSSADEK Marion Ch. Jacques-Attenville, 39 1218 Le Grand Saconnex\/Gen\u00e8ve T\u00e9l. 022 794 31 62 Mobile : 079 635 03 37 Email : marion.moussadek@mail.com Fonction : Journaliste RP M\u00e9dias : Le Temps, l\u2019Hebdo, La Tribune &hellip; <a href=\"http:\/\/www.presstourism.ch\/?page_id=141\">Continuer la lecture <span class=\"meta-nav\">&rarr;<\/span><\/a><\/p>\n","protected":false},"author":1,"featured_media":0,"parent":76,"menu_order":0,"comment_status":"open","ping_status":"open","template":"","meta":{"ngg_post_thumbnail":0,"spay_email":""},"jetpack_sharing_enabled":true,"jetpack_shortlink":"https:\/\/wp.me\/P468TV-2h","_links":{"self":[{"href":"http:\/\/www.presstourism.ch\/index.php?rest_route=\/wp\/v2\/pages\/141"}],"collection":[{"href":"http:\/\/www.presstourism.ch\/index.php?rest_route=\/wp\/v2\/pages"}],"about":[{"href":"http:\/\/www.presstourism.ch\/index.php?rest_route=\/wp\/v2\/types\/page"}],"author":[{"embeddable":true,"href":"http:\/\/www.presstourism.ch\/index.php?rest_route=\/wp\/v2\/users\/1"}],"replies":[{"embeddable":true,"href":"http:\/\/www.presstourism.ch\/index.php?rest_route=%2Fwp%2Fv2%2Fcomments&post=141"}],"version-history":[{"count":1,"href":"http:\/\/www.presstourism.ch\/index.php?rest_route=\/wp\/v2\/pages\/141\/revisions"}],"predecessor-version":[{"id":142,"href":"http:\/\/www.presstourism.ch\/index.php?rest_route=\/wp\/v2\/pages\/141\/revisions\/142"}],"up":[{"embeddable":true,"href":"http:\/\/www.presstourism.ch\/index.php?rest_route=\/wp\/v2\/pages\/76"}],"wp:attachment":[{"href":"http:\/\/www.presstourism.ch\/index.php?rest_route=%2Fwp%2Fv2%2Fmedia&parent=141"}],"curies":[{"name":"wp","href":"https:\/\/api.w.org\/{rel}","templated":true}]}}