{"id":14,"date":"2013-11-14T10:54:25","date_gmt":"2013-11-14T09:54:25","guid":{"rendered":"http:\/\/www.presstourism.ch\/WP_ALEX\/?page_id=14"},"modified":"2023-02-03T23:34:03","modified_gmt":"2023-02-03T22:34:03","slug":"qui","status":"publish","type":"page","link":"http:\/\/www.presstourism.ch\/?page_id=14","title":{"rendered":"Qui sommes-nous ?"},"content":{"rendered":"<p>Notre association a \u00e9t\u00e9 cr\u00e9\u00e9e en avril 1974 sous le nom d&rsquo;ASSET. Elle&nbsp; regroupe une centaine de journalistes suisses sp\u00e9cialis\u00e9s dans le tourisme, en Suisse et aux quatre coins de la plan\u00e8te.<\/p>\n<p>Presstourism.ch a pour but:<\/p>\n<p>1) de promouvoir la qualit\u00e9 du journalisme touristique et de d\u00e9fendre les int\u00e9r\u00eats de ses membres;<\/p>\n<p>2) d\u2019\u00e9tablir des rapports confiants et loyaux avec tous les partenaires du tourisme;<\/p>\n<p>3) d\u2019apporter aide et conseils aux membres, qu&rsquo;ils soient&nbsp;journalistes&nbsp;ou \u00e9crivains du tourisme, dans l\u2019exercice de leur profession;<\/p>\n<p>4) de favoriser la collaboration, la bonne entente et l\u2019\u00e9change d\u2019exp\u00e9rience entre les membres;<\/p>\n<p>5) d\u2019organiser des manifestations, rencontres et expositions en rapport avec le tourisme.<\/p>\n\n\n<hr class=\"wp-block-separator\"\/>\n\n\n\n<p><a href=\"http:\/\/www.presstourism.ch\/WP_ALEX\/?page_id=8615\"><strong>Membres actifs \/ Aktivmitglieder<\/strong><\/a><\/p>\n","protected":false},"excerpt":{"rendered":"<p>Notre association a \u00e9t\u00e9 cr\u00e9\u00e9e en avril 1974 sous le nom d&rsquo;ASSET. Elle&nbsp; regroupe une centaine de journalistes suisses sp\u00e9cialis\u00e9s dans le tourisme, en Suisse et aux quatre coins de la plan\u00e8te. Presstourism.ch a pour but: 1) de promouvoir la &hellip; <a href=\"http:\/\/www.presstourism.ch\/?page_id=14\">Continuer la lecture <span class=\"meta-nav\">&rarr;<\/span><\/a><\/p>\n","protected":false},"author":1,"featured_media":0,"parent":0,"menu_order":2,"comment_status":"open","ping_status":"closed","template":"","meta":{"ngg_post_thumbnail":0,"spay_email":""},"jetpack_sharing_enabled":true,"jetpack_shortlink":"https:\/\/wp.me\/P468TV-e","_links":{"self":[{"href":"http:\/\/www.presstourism.ch\/index.php?rest_route=\/wp\/v2\/pages\/14"}],"collection":[{"href":"http:\/\/www.presstourism.ch\/index.php?rest_route=\/wp\/v2\/pages"}],"about":[{"href":"http:\/\/www.presstourism.ch\/index.php?rest_route=\/wp\/v2\/types\/page"}],"author":[{"embeddable":true,"href":"http:\/\/www.presstourism.ch\/index.php?rest_route=\/wp\/v2\/users\/1"}],"replies":[{"embeddable":true,"href":"http:\/\/www.presstourism.ch\/index.php?rest_route=%2Fwp%2Fv2%2Fcomments&post=14"}],"version-history":[{"count":5,"href":"http:\/\/www.presstourism.ch\/index.php?rest_route=\/wp\/v2\/pages\/14\/revisions"}],"predecessor-version":[{"id":8717,"href":"http:\/\/www.presstourism.ch\/index.php?rest_route=\/wp\/v2\/pages\/14\/revisions\/8717"}],"wp:attachment":[{"href":"http:\/\/www.presstourism.ch\/index.php?rest_route=%2Fwp%2Fv2%2Fmedia&parent=14"}],"curies":[{"name":"wp","href":"https:\/\/api.w.org\/{rel}","templated":true}]}}