{"id":1252,"date":"2014-10-23T00:43:02","date_gmt":"2014-10-22T23:43:02","guid":{"rendered":"http:\/\/www.presstourism.ch\/WP_ALEX\/?page_id=1252"},"modified":"2014-10-23T15:06:39","modified_gmt":"2014-10-23T14:06:39","slug":"presstourism-a-interlaken","status":"publish","type":"page","link":"http:\/\/www.presstourism.ch\/?page_id=1252","title":{"rendered":"Presstourism \u00e0 Interlaken"},"content":{"rendered":"<p style=\"text-align: center;\"><a href=\"https:\/\/i2.wp.com\/www.presstourism.ch\/WP_ALEX\/wp-content\/uploads\/2014\/10\/IMG_2579.jpg\"><img loading=\"lazy\" class=\"alignnone size-full wp-image-1297\" src=\"https:\/\/i2.wp.com\/www.presstourism.ch\/WP_ALEX\/wp-content\/uploads\/2014\/10\/IMG_2579.jpg?resize=584%2C390\" alt=\"IMG_2579\" width=\"584\" height=\"390\" srcset=\"https:\/\/i0.wp.com\/www.presstourism.ch\/wp-content\/uploads\/2014\/10\/IMG_2579.jpg?w=1000 1000w, https:\/\/i0.wp.com\/www.presstourism.ch\/wp-content\/uploads\/2014\/10\/IMG_2579.jpg?resize=300%2C200 300w, https:\/\/i0.wp.com\/www.presstourism.ch\/wp-content\/uploads\/2014\/10\/IMG_2579.jpg?resize=600%2C400 600w\" sizes=\"(max-width: 584px) 100vw, 584px\" data-recalc-dims=\"1\" \/><\/a><\/p>\n<p>En octobre 2014, les membres de Presstourism.ch (ex-Asset) se sont donn\u00e9 rendez-vous \u00e0 Interlaken, haut-lieu du tourisme suisse et mondial, pour c\u00e9l\u00e9brer les 40 ans de leur association. Moments d&rsquo;\u00e9motion, qui ont permis des retrouvailles par-del\u00e0 les ann\u00e9es. Quelques-uns des membres fondateurs ont en effet pu rencontrer, certains pour la premi\u00e8re fois, les confr\u00e8res qui leur ont succ\u00e9d\u00e9.<\/p>\n<p>Ensuite, les rires se sont mis \u00e0 cr\u00e9piter. Les appareils photo aussi. Nous avons d\u00e9j\u00e0 re\u00e7u les clich\u00e9s de plusieurs de nos photographes. Les autres ne devraient plus gu\u00e8re tarder. Nous avons choisi de regrouper leurs images dans deux cahiers, \u00ab\u00a0retrouvailles\u00a0\u00bb et \u00ab\u00a0d\u00e9couverte\u00a0\u00bb. A vous de choisir:<\/p>\n<p><a title=\"Les participants\" href=\"http:\/\/www.presstourism.ch\/WP_ALEX\/?page_id=1264\">Retrouvailles<\/a> apr\u00e8s quarante ans<\/p>\n<p><a title=\"La d\u00e9couverte\" href=\"http:\/\/www.presstourism.ch\/WP_ALEX\/?page_id=1322\">D\u00e9couverte<\/a> d&rsquo;Interlaken<\/p>\n<p>&nbsp;<\/p>\n","protected":false},"excerpt":{"rendered":"<p>En octobre 2014, les membres de Presstourism.ch (ex-Asset) se sont donn\u00e9 rendez-vous \u00e0 Interlaken, haut-lieu du tourisme suisse et mondial, pour c\u00e9l\u00e9brer les 40 ans de leur association. Moments d&rsquo;\u00e9motion, qui ont permis des retrouvailles par-del\u00e0 les ann\u00e9es. Quelques-uns des &hellip; <a href=\"http:\/\/www.presstourism.ch\/?page_id=1252\">Continuer la lecture <span class=\"meta-nav\">&rarr;<\/span><\/a><\/p>\n","protected":false},"author":1,"featured_media":0,"parent":341,"menu_order":0,"comment_status":"open","ping_status":"open","template":"","meta":{"ngg_post_thumbnail":0,"spay_email":""},"jetpack_sharing_enabled":true,"jetpack_shortlink":"https:\/\/wp.me\/P468TV-kc","_links":{"self":[{"href":"http:\/\/www.presstourism.ch\/index.php?rest_route=\/wp\/v2\/pages\/1252"}],"collection":[{"href":"http:\/\/www.presstourism.ch\/index.php?rest_route=\/wp\/v2\/pages"}],"about":[{"href":"http:\/\/www.presstourism.ch\/index.php?rest_route=\/wp\/v2\/types\/page"}],"author":[{"embeddable":true,"href":"http:\/\/www.presstourism.ch\/index.php?rest_route=\/wp\/v2\/users\/1"}],"replies":[{"embeddable":true,"href":"http:\/\/www.presstourism.ch\/index.php?rest_route=%2Fwp%2Fv2%2Fcomments&post=1252"}],"version-history":[{"count":3,"href":"http:\/\/www.presstourism.ch\/index.php?rest_route=\/wp\/v2\/pages\/1252\/revisions"}],"predecessor-version":[{"id":1347,"href":"http:\/\/www.presstourism.ch\/index.php?rest_route=\/wp\/v2\/pages\/1252\/revisions\/1347"}],"up":[{"embeddable":true,"href":"http:\/\/www.presstourism.ch\/index.php?rest_route=\/wp\/v2\/pages\/341"}],"wp:attachment":[{"href":"http:\/\/www.presstourism.ch\/index.php?rest_route=%2Fwp%2Fv2%2Fmedia&parent=1252"}],"curies":[{"name":"wp","href":"https:\/\/api.w.org\/{rel}","templated":true}]}}