{"id":122,"date":"2013-11-14T16:29:38","date_gmt":"2013-11-14T15:29:38","guid":{"rendered":"http:\/\/www.presstourism.ch\/WP_ALEX\/?page_id=122"},"modified":"2024-04-12T19:56:55","modified_gmt":"2024-04-12T17:56:55","slug":"juillerat-roger","status":"publish","type":"page","link":"http:\/\/www.presstourism.ch\/?page_id=122","title":{"rendered":"Juillerat Roger"},"content":{"rendered":"\n<figure class=\"wp-block-image is-resized\"><img loading=\"lazy\" src=\"https:\/\/i1.wp.com\/www.presstourism.ch\/WP_ALEX\/wp-content\/uploads\/2019\/04\/20170504_171628_002s.jpg?fit=640%2C517\" alt=\"\" class=\"wp-image-5452\" width=\"246\" height=\"199\" srcset=\"https:\/\/i0.wp.com\/www.presstourism.ch\/wp-content\/uploads\/2019\/04\/20170504_171628_002s.jpg?w=3511 3511w, https:\/\/i0.wp.com\/www.presstourism.ch\/wp-content\/uploads\/2019\/04\/20170504_171628_002s.jpg?resize=300%2C242 300w, https:\/\/i0.wp.com\/www.presstourism.ch\/wp-content\/uploads\/2019\/04\/20170504_171628_002s.jpg?resize=768%2C620 768w, https:\/\/i0.wp.com\/www.presstourism.ch\/wp-content\/uploads\/2019\/04\/20170504_171628_002s.jpg?resize=1024%2C827 1024w, https:\/\/i0.wp.com\/www.presstourism.ch\/wp-content\/uploads\/2019\/04\/20170504_171628_002s.jpg?resize=600%2C484 600w, https:\/\/i0.wp.com\/www.presstourism.ch\/wp-content\/uploads\/2019\/04\/20170504_171628_002s.jpg?resize=1320%2C1066 1320w, https:\/\/i0.wp.com\/www.presstourism.ch\/wp-content\/uploads\/2019\/04\/20170504_171628_002s.jpg?w=1168 1168w, https:\/\/i0.wp.com\/www.presstourism.ch\/wp-content\/uploads\/2019\/04\/20170504_171628_002s.jpg?w=1752 1752w\" sizes=\"(max-width: 246px) 100vw, 246px\" \/><\/figure>\n\n\n\n<p>Jordils 6, 1400 Yverdon-les-Bains  \/ T\u00e9l. priv\u00e9: 024 425 55 77 \/ T\u00e9l. mobile: 079 412 58 47 \/ Email: <a href=\"mailto:roger.juillerat@bluewin.ch\">roger.juillerat@bluewin.ch<\/a><\/p>\n\n\n\n<h3><strong>Publications<\/strong><\/h3>\n\n\n\n<p><a href=\"http:\/\/www.presstourism.ch\/?page_id=5443\">Albi et Toulouse-Lautrec<\/a><\/p>\n\n\n\n<p><a href=\"http:\/\/www.presstourism.ch\/?page_id=5429\">De l\u2019or blanc sur les cr\u00eates nord-vaudoises<\/a><\/p>\n\n\n\n<p><a href=\"http:\/\/www.presstourism.ch\/?page_id=5433\">Le vignoble en mode printanier<\/a><\/p>\n\n\n\n<p><a href=\"Ornans: Sur les pas de Gustave Courbet\">Ornans: Sur les pas de Gustave Courbet<\/a><\/p>\n\n\n\n<p><a href=\"http:\/\/www.presstourism.ch\/?page_id=5448\">Villages du pied du Jura<\/a><\/p>\n\n\n\n<p><a href=\"http:\/\/www.presstourism.ch\/?page_id=5308\">De la Nouvelle-Orl\u00e9ans au pays cajun<\/a><\/p>\n\n\n\n<p><a href=\"http:\/\/www.presstourism.ch\/?page_id=5224\">Immersion dans le coeur fran\u00e7ais des Etats-Unis<\/a><\/p>\n\n\n\n<p><a href=\"http:\/\/www.presstourism.ch\/?page_id=5217\">Balade sur les march\u00e9s de No\u00ebl 2018<\/a><\/p>\n\n\n\n<p><a href=\"http:\/\/www.presstourism.ch\/?page_id=4931\">Les fameuses gourmandises de la Bresse<\/a><\/p>\n\n\n\n<p><a href=\"http:\/\/www.presstourism.ch\/?page_id=5091\">Dans les vignobles du prestigieux champagne<\/a><\/p>\n\n\n\n<p><a href=\"http:\/\/www.presstourism.ch\/?page_id=5127\">Les destinations qui ont la cote en 2019<\/a><\/p>\n\n\n\n<p><a href=\"http:\/\/www.presstourism.ch\/?page_id=4815\">Arm\u00e9nie: Escale au petit pays de l\u2019Arche de No\u00e9<\/a><\/p>\n\n\n\n<p><a href=\"http:\/\/www.presstourism.ch\/?page_id=4801\">P\u00e9riple d&rsquo;un autre temps \u00e0 la Furka<\/a><\/p>\n\n\n\n<p><a href=\"http:\/\/www.presstourism.ch\/?page_id=4783\">Charmante Orthez sur le chemin de Saint-Jacques<\/a><\/p>\n\n\n\n<p><a href=\"http:\/\/www.presstourism.ch\/?page_id=4768\">Pontarlier l&rsquo;amie, c&rsquo;est juste \u00e0 c\u00f4t\u00e9<\/a><\/p>\n\n\n\n<p><a href=\"http:\/\/www.presstourism.ch\/?page_id=4754\">Jura: Au pays du cheval et des grands espaces<\/a><\/p>\n\n\n\n<p><a href=\"http:\/\/www.presstourism.ch\/?page_id=4738\">Jura: Un petit air de libert\u00e9 souffle \u00e0 Del\u00e9mont<\/a><\/p>\n\n\n\n<p><a href=\"http:\/\/www.presstourism.ch\/?page_id=4723\">Romainm\u00f4tier: la petite bourgade m\u00e9di\u00e9vale c\u00f4t\u00e9 pile<\/a><\/p>\n\n\n\n<p><a href=\"http:\/\/www.presstourism.ch\/?page_id=4707\">La Sarraz: Un ch\u00e2teau, des vignes et la cit\u00e9 romaine<\/a><\/p>\n\n\n\n<p><a href=\"http:\/\/www.presstourism.ch\/?page_id=4633\">Rwanda: Les tr\u00e9sors du pays des mille collines<\/a><\/p>\n\n\n\n<p><a href=\"http:\/\/www.presstourism.ch\/?page_id=4660\">Kigali: Une capitale vraiment tourn\u00e9e vers l&rsquo;avenir<\/a><\/p>\n\n\n\n<p><a href=\"http:\/\/www.presstourism.ch\/?page_id=4538\">La capitale de la Slovaquie rayonne aussi<\/a><\/p>\n\n\n\n<p><a href=\"http:\/\/www.presstourism.ch\/?page_id=4443\">Petit air de printemps dans le Salento<\/a><\/p>\n\n\n\n<p><a href=\"http:\/\/www.presstourism.ch\/?page_id=4363\">Soleure, petite perle touristique au bord de l&rsquo;Aar<\/a><\/p>\n\n\n\n<p><a href=\"http:\/\/www.presstourism.ch\/?page_id=4326\">Magie de la Moselle et du Rhin romantique<\/a><\/p>\n\n\n\n<p><a href=\"http:\/\/www.presstourism.ch\/?page_id=4301\">S\u00e8te: Escale dans la ville pos\u00e9e sur l&rsquo;eau<\/a><\/p>\n\n\n\n<p><a href=\"http:\/\/www.presstourism.ch\/?page_id=4238\">Dans le berceau de l&rsquo;imprimerie \u00e0 Mayence<\/a><\/p>\n\n\n\n<p><a href=\"http:\/\/www.presstourism.ch\/?page_id=4254\">Sublimes couleurs du lac et des vignes<\/a><\/p>\n\n\n\n<p><a href=\"http:\/\/www.presstourism.ch\/?page_id=4224\">Bordeaux a vraiment le vent en poupe<\/a><\/p>\n\n\n\n<p><a href=\"http:\/\/www.presstourism.ch\/?page_id=4161\">D\u00e9cor de r\u00eave en montant sur les cr\u00eates<\/a><\/p>\n\n\n\n<p><a href=\"http:\/\/www.presstourism.ch\/?page_id=4057\">Un Emmental bon \u00e0 manger et \u00e0 visiter<\/a><\/p>\n\n\n\n<p><a href=\"http:\/\/www.presstourism.ch\/?page_id=4008\">Le soleil brille toujours sur le Vieux-Port<\/a><\/p>\n\n\n\n<p><a href=\"http:\/\/www.presstourism.ch\/?page_id=3922\">Les lettres de noblesse du Lavaux<\/a><\/p>\n\n\n\n<p><a href=\"http:\/\/www.presstourism.ch\/?page_id=3876\">Italie &#8211; Petit coin de paradis au bout du talon<\/a><\/p>\n\n\n\n<p><a href=\"http:\/\/www.presstourism.ch\/?page_id=3754\">Un tr\u00e9sor floral sous toutes ses formes<\/a><\/p>\n\n\n\n<p><a href=\"http:\/\/www.presstourism.ch\/?page_id=3829\">Pays-Bas \/ Sur l\u2019Ijsselmeer d\u2019Amsterdam \u00e0 Lemmer<\/a><\/p>\n\n\n\n<p><a href=\"http:\/\/www.presstourism.ch\/?page_id=3737\">Grandson: la cit\u00e9 d\u2019Othon en mode patrimoine<\/a><\/p>\n\n\n\n<p><a href=\"http:\/\/www.presstourism.ch\/?page_id=3533\">Moudon, une remarquable architecture m\u00e9di\u00e9vale<\/a><\/p>\n\n\n\n<p><a href=\"http:\/\/www.presstourism.ch\/?page_id=3516\">Pl\u00e9iade d&rsquo;excursions autour de l&rsquo;Auberson<\/a><\/p>\n\n\n\n<p><a href=\"http:\/\/www.presstourism.ch\/?page_id=3491\">Antsirabe, une ville thermale o\u00f9 le pousse-pousse est roi<\/a><\/p>\n\n\n\n<p><a href=\"http:\/\/www.presstourism.ch\/?page_id=3452\">Madagascar, paradis des couleurs<\/a><\/p>\n\n\n\n<p><a href=\"http:\/\/www.presstourism.ch\/?page_id=2955\">Du Coni&rsquo;fer jusqu&rsquo;au ch\u00e2teau de Joux<\/a><\/p>\n\n\n\n<p><a href=\"http:\/\/www.presstourism.ch\/?page_id=2897\">De la Lombardie jusqu&rsquo;en Valteline<\/a><\/p>\n\n\n\n<p><a href=\"http:\/\/www.presstourism.ch\/?page_id=2839\">Le superbe \u00e9crin du lac Saint-Point<\/a><\/p>\n\n\n\n<p><a href=\"http:\/\/www.presstourism.ch\/?page_id=2608\">Yverdon-les-Bains, curiosit\u00e9s de la cit\u00e9 thermale<\/a><\/p>\n\n\n\n<p><a href=\"http:\/\/www.presstourism.ch\/?page_id=2514\">Verdun: Sur les pas des soldats de la grande bataille<\/a><\/p>\n\n\n\n<p><a href=\"http:\/\/www.presstourism.ch\/?page_id=2531\">La bataille de Verdun et ses sites de m\u00e9moire<\/a><\/p>\n\n\n\n<p><a href=\"http:\/\/www.presstourism.ch\/?page_id=2283\">Corse: Jusqu&rsquo;au promontoire lumineux d&rsquo;Evisa<\/a><\/p>\n\n\n\n<p><a href=\"http:\/\/www.presstourism.ch\/?page_id=1980\">Zurich: En suivant les rives de la Limmatt<\/a><\/p>\n\n\n\n<p><a href=\"http:\/\/www.presstourism.ch\/wp-content\/uploads\/2013\/11\/NVT_Vendredi030715-IrlandeAuBordEau2.pdf\">L&rsquo;Irlande au bord de l&rsquo;eau<\/a><\/p>\n\n\n\n<p><a href=\"http:\/\/www.presstourism.ch\/wp-content\/uploads\/2013\/11\/NVT_Mercredi150715-DublinIrlande2.pdf\">Voyage \u00e0 Dublin<\/a><\/p>\n\n\n\n<p><a href=\"http:\/\/www.presstourism.ch\/wp-content\/uploads\/2013\/11\/NVT_Mercredi080715-IrlandeHistoire2.pdf\">Irlande: Tr\u00e9sors de l&rsquo;Ile d&rsquo;Emeraude<\/a><\/p>\n\n\n\n<p><a href=\"http:\/\/www.presstourism.ch\/wp-content\/uploads\/2013\/11\/NVT_Mardi230615-R\u00e9myJugementIrlande-copie.pdf\">Le \u00ab\u00a0ma\u00eetre\u00a0\u00bb de Gossens en Irlande<\/a><\/p>\n\n\n\n<p><a href=\"http:\/\/www.presstourism.ch\/?page_id=1956\">L&rsquo;Irlande en hiver<\/a><\/p>\n\n\n\n<p><a href=\"http:\/\/www.presstourism.ch\/?page_id=1870\">Autriche: Wachau, patrimoine mondial<\/a><\/p>\n\n\n\n<p><a href=\"http:\/\/www.presstourism.ch\/?page_id=1831\">Autriche: Mariazeller Bahn <\/a><\/p>\n\n\n\n<p><a href=\"http:\/\/www.presstourism.ch\/wp-content\/uploads\/2015\/03\/20150226-Bruggmann-Juillerat-NVD.pdf\">Les instants d&rsquo;\u00e9ternit\u00e9 de Maximilien Bruggmann<\/a><\/p>\n\n\n\n<p><a title=\"\u00c0 Berlin, juste apr\u00e8s l\u2019effervescence\" href=\"http:\/\/www.presstourism.ch\/?page_id=1665\">\u00c0 Berlin, juste apr\u00e8s l\u2019effervescence<\/a><\/p>\n\n\n\n<p><a title=\"L\u2019\u00eele de Chypre du nord au sud\" href=\"http:\/\/www.presstourism.ch\/?page_id=1501\">L&rsquo;\u00eele de Chypre du nord au sud<\/a><\/p>\n\n\n\n<p><a title=\"La Vall\u00e9e de Joux f\u00eate son vacherin\" href=\"http:\/\/www.presstourism.ch\/?page_id=1570\">La Vall\u00e9e de Joux f\u00eate son vacherin<\/a><\/p>\n\n\n\n<p><a title=\"Des remparts de Morat jusqu\u2019\u00e0 Laupen\" href=\"http:\/\/www.presstourism.ch\/?page_id=1583\">Des remparts de Morat jusqu&rsquo;\u00e0 Laupen<\/a><\/p>\n\n\n\n<p><a title=\"D\u00e9couvrir quelques sites du Nord vaudois\" href=\"http:\/\/www.presstourism.ch\/?page_id=1202\">D\u00e9couvrir quelques sites du Nord vaudois<\/a><\/p>\n\n\n\n<p><a title=\"L\u2019Istrie magique et fascinante\" href=\"http:\/\/www.presstourism.ch\/?page_id=1188\">L&rsquo;Istrie magique et fascinante<\/a><\/p>\n\n\n\n<p><a title=\"Un petit joyau nomm\u00e9 M\u00f4tiers\" href=\"http:\/\/www.presstourism.ch\/?page_id=1162\">Un petit joyau nomm\u00e9 M\u00f4tiers<\/a><\/p>\n\n\n\n<p><a title=\"Les Aiguilles de Baulmes\" href=\"http:\/\/www.presstourism.ch\/?page_id=1142\">Les Aiguilles de Baulmes<\/a><\/p>\n\n\n\n<p><a href=\"http:\/\/www.presstourism.ch\/?page_id=1124\">Bourg-en-Bresse la gourmande<\/a><\/p>\n\n\n\n<p><a title=\"Winterthour m\u00e9rite vraiment le d\u00e9tour\" href=\"http:\/\/www.presstourism.ch\/?page_id=1050\">Winterthour m\u00e9rite vraiment le d\u00e9tour<\/a><\/p>\n\n\n\n<p><a title=\"Une Islande enchanteresse et fascinante\" href=\"http:\/\/www.presstourism.ch\/?page_id=1039\">Une Islande enchanteresse et fascinante<\/a><\/p>\n\n\n\n<p><a title=\"Escapade sur la route des menhirs\" href=\"http:\/\/www.presstourism.ch\/?page_id=1028\">Escapade sur la route des menhirs<\/a><\/p>\n\n\n\n<p><a title=\"Source d\u2019inspiration \u00e0 Chamoson\" href=\"http:\/\/www.presstourism.ch\/?page_id=1017\">Source d&rsquo;inspiration \u00e0 Chamoson<\/a><\/p>\n\n\n\n<p><a title=\"La star de l\u2019Islande s\u2019appelle Eyjafjallaj\u00f6kull\" href=\"http:\/\/www.presstourism.ch\/?page_id=920\">La star de l\u2019Islande s\u2019appelle Eyjafjallaj\u00f6kull<\/a><\/p>\n\n\n\n<p><a title=\"Les ailes de Tatev\" href=\"http:\/\/www.presstourism.ch\/?page_id=716\">Arm\u00e9nie: Les ailes de Tatev<\/a><\/p>\n\n\n\n<p><a title=\"Sur un bateau l\u00e9gendaire dans les fjords de Norv\u00e8ge\" href=\"http:\/\/www.presstourism.ch\/?page_id=654\">Sur un bateau l\u00e9gendaire dans les fjords de Norv\u00e8ge<\/a><\/p>\n\n\n\n<p><a href=\"http:\/\/sb4-1.infomaniak.ch\/sites\/c4\/c493c95f91125629724acfd1fee9774f\/attachments\/File\/AD_Nouveaux_20120806\/juilleratr20120601landeron.pdf\">Suisse: le patrimoine du Landeron<\/a><br><a href=\"http:\/\/sb4-1.infomaniak.ch\/sites\/c4\/c493c95f91125629724acfd1fee9774f\/attachments\/File\/AD_Nouveaux_20120806\/juilleratr20120301couvet.pdf\"><br>Suisse: Conte de f\u00e9es \u00e0 Couvet<\/a><br><a href=\"http:\/\/sb4-1.infomaniak.ch\/sites\/c4\/c493c95f91125629724acfd1fee9774f\/attachments\/File\/AD_Nouveaux_20120806\/juilleratr20111001lachauxdefonds.pdf\"><br>Suisse: Coup de coeur pour La Chaux-de-Fonds<\/a><br><a href=\"http:\/\/sb4-1.infomaniak.ch\/sites\/c4\/c493c95f91125629724acfd1fee9774f\/attachments\/File\/AD_Nouveaux_20120806\/juilleratr20110801franceplaisirs.pdf\"><br>France: Mer et vertige dans l&rsquo;Aude<\/a><\/p>\n\n\n\n<p><a href=\"http:\/\/sb4-1.infomaniak.ch\/sites\/c4\/c493c95f91125629724acfd1fee9774f\/attachments\/File\/AD_Nouveaux_20120806\/juilleratr20100801portugalplaisirs.pdf\">Portugal: Couleurs et bonheur en Alentejo<\/a><br><a href=\"http:\/\/sb4-1.infomaniak.ch\/sites\/c4\/c493c95f91125629724acfd1fee9774f\/attachments\/File\/AD_Nouveaux_20120806\/JuilleratCopenhaguePlaisirs2012.pdf\"><br>Danemark:&nbsp; le v\u00e9lo-roi \u00e0 Copenhaguei<\/a><\/p>\n\n\n\n<p><a href=\"http:\/\/tourismpress.ch\/attachments\/File\/PTCJ_Juillerat_Jordanie_1.pdf\">Jordanie: A l&rsquo;est du Jourdain<\/a><\/p>\n\n\n\n<p><a href=\"http:\/\/www.presstourism.ch\/wp-content\/uploads\/2013\/11\/BaladeEte\u2560\u00fc2013NVD-Domodossola-copie.pdf\">Italie: de Domodossola \u00e0 la cascade du Toce<\/a><\/p>\n\n\n\n<p><a href=\"http:\/\/www.presstourism.ch\/wp-content\/uploads\/2013\/11\/BaladeEte\u2560\u00fc2013NVD-Bonifacio-copie.pdf\">Corse: A l\u2019assaut de la sentinelle de Bonifacio<\/a><\/p>\n\n\n\n<p><a href=\"http:\/\/www.presstourism.ch\/wp-content\/uploads\/2013\/11\/Nantes-et-Jules-Verne.pdf\">France: sur les pas de Jules Verne \u00e0 Nantes<\/a><\/p>\n\n\n\n<p><a href=\"http:\/\/www.presstourism.ch\/wp-content\/uploads\/2013\/11\/TourStMartin.pdf\">Suisse: en route vers la tour StMartin<\/a><\/p>\n\n\n\n<p><a href=\"http:\/\/www.presstourism.ch\/wp-content\/uploads\/2013\/11\/Estavayer.pdf\">Suisse: Les remparts d&rsquo;Estavayer-le-Lac<\/a><\/p>\n\n\n\n<p><b>JUILLERAT, Roger<br><\/b>Rue des Jordils 6<br>1400 Yverdon-les-Bains<br>T\u00e9l. priv\u00e9: 024 425 55 77 , mobile: 079 412 58 47<br>Email: <a href=\"mailto:roger.juillerat@bluewin.ch\">roger.juillerat@bluewin.ch<\/a><br>Fonction: R\u00e9dacteur et photographe<br>M\u00e9dia: Journal *La R\u00e9gion Nord vaudois*<br>Langues: Fran\u00e7ais, italien, allemand<\/p>\n\n\n\n<div class=\"wp-block-file\"><a href=\"http:\/\/www.presstourism.ch\/WP_ALEX\/wp-content\/uploads\/2019\/01\/NVT_171118-Balade-March\u00e9sNo\u00ebl_3.pdf\">March\u00e9s de No\u00ebl 2018<\/a><a href=\"http:\/\/www.presstourism.ch\/WP_ALEX\/wp-content\/uploads\/2019\/01\/NVT_171118-Balade-March\u00e9sNo\u00ebl_3.pdf\" class=\"wp-block-file__button\" download>T\u00e9l\u00e9charger<\/a><\/div>\n","protected":false},"excerpt":{"rendered":"<p>Jordils 6, 1400 Yverdon-les-Bains \/ T\u00e9l. priv\u00e9: 024 425 55 77 \/ T\u00e9l. mobile: 079 412 58 47 \/ Email: roger.juillerat@bluewin.ch Publications Albi et Toulouse-Lautrec De l\u2019or blanc sur les cr\u00eates nord-vaudoises Le vignoble en mode printanier Ornans: Sur les &hellip; <a href=\"http:\/\/www.presstourism.ch\/?page_id=122\">Continuer la lecture <span class=\"meta-nav\">&rarr;<\/span><\/a><\/p>\n","protected":false},"author":1540,"featured_media":0,"parent":76,"menu_order":0,"comment_status":"open","ping_status":"open","template":"","meta":{"ngg_post_thumbnail":0,"spay_email":""},"jetpack_sharing_enabled":true,"jetpack_shortlink":"https:\/\/wp.me\/P468TV-1Y","_links":{"self":[{"href":"http:\/\/www.presstourism.ch\/index.php?rest_route=\/wp\/v2\/pages\/122"}],"collection":[{"href":"http:\/\/www.presstourism.ch\/index.php?rest_route=\/wp\/v2\/pages"}],"about":[{"href":"http:\/\/www.presstourism.ch\/index.php?rest_route=\/wp\/v2\/types\/page"}],"author":[{"embeddable":true,"href":"http:\/\/www.presstourism.ch\/index.php?rest_route=\/wp\/v2\/users\/1540"}],"replies":[{"embeddable":true,"href":"http:\/\/www.presstourism.ch\/index.php?rest_route=%2Fwp%2Fv2%2Fcomments&post=122"}],"version-history":[{"count":134,"href":"http:\/\/www.presstourism.ch\/index.php?rest_route=\/wp\/v2\/pages\/122\/revisions"}],"predecessor-version":[{"id":9347,"href":"http:\/\/www.presstourism.ch\/index.php?rest_route=\/wp\/v2\/pages\/122\/revisions\/9347"}],"up":[{"embeddable":true,"href":"http:\/\/www.presstourism.ch\/index.php?rest_route=\/wp\/v2\/pages\/76"}],"wp:attachment":[{"href":"http:\/\/www.presstourism.ch\/index.php?rest_route=%2Fwp%2Fv2%2Fmedia&parent=122"}],"curies":[{"name":"wp","href":"https:\/\/api.w.org\/{rel}","templated":true}]}}