{"id":1202,"date":"2014-10-07T10:12:14","date_gmt":"2014-10-07T09:12:14","guid":{"rendered":"http:\/\/www.presstourism.ch\/WP_ALEX\/?page_id=1202"},"modified":"2014-10-07T10:12:14","modified_gmt":"2014-10-07T09:12:14","slug":"decouvrir-quelques-sites-du-nord-vaudois","status":"publish","type":"page","link":"http:\/\/www.presstourism.ch\/?page_id=1202","title":{"rendered":"D\u00e9couvrir quelques sites du Nord vaudois"},"content":{"rendered":"<p style=\"text-align: center;\">\u00a0<a href=\"https:\/\/i2.wp.com\/www.presstourism.ch\/WP_ALEX\/wp-content\/uploads\/2014\/10\/3Pr\u00e9GiroudVallorbe.jpg\"><img loading=\"lazy\" class=\"alignnone size-medium wp-image-1205\" src=\"https:\/\/i2.wp.com\/www.presstourism.ch\/WP_ALEX\/wp-content\/uploads\/2014\/10\/3Pr\u00e9GiroudVallorbe-300x225.jpg?resize=300%2C225\" alt=\"Les balades estivales La R\u008egion, 2014\" width=\"300\" height=\"225\" srcset=\"https:\/\/i0.wp.com\/www.presstourism.ch\/wp-content\/uploads\/2014\/10\/3Pr\u00e9GiroudVallorbe.jpg?resize=300%2C225 300w, https:\/\/i0.wp.com\/www.presstourism.ch\/wp-content\/uploads\/2014\/10\/3Pr\u00e9GiroudVallorbe.jpg?resize=600%2C450 600w, https:\/\/i0.wp.com\/www.presstourism.ch\/wp-content\/uploads\/2014\/10\/3Pr\u00e9GiroudVallorbe.jpg?w=800 800w\" sizes=\"(max-width: 300px) 100vw, 300px\" data-recalc-dims=\"1\" \/><\/a><\/p>\n<h6 style=\"text-align: center;\">Vue sur les fortifications et Vallorbe depuis le fort du Pr\u00e9-Giroud.<\/h6>\n<p>S\u2019en aller dans les Gorges de l\u2019Orbe, jusqu\u2019au Fort du Pr\u00e9-Giroud et dans le Vallon des Vaux. Ou encore \u00e0 v\u00e9lo le long des rives du lac: quatre excursions recommand\u00e9es par l\u2019Office du tourisme de notre r\u00e9gion.<\/p>\n<p style=\"text-align: center;\"><a href=\"https:\/\/i2.wp.com\/www.presstourism.ch\/WP_ALEX\/wp-content\/uploads\/2014\/10\/1LesCl\u00e9esBaladeNVD.jpg\"><img loading=\"lazy\" class=\"alignnone size-medium wp-image-1203\" src=\"https:\/\/i2.wp.com\/www.presstourism.ch\/WP_ALEX\/wp-content\/uploads\/2014\/10\/1LesCl\u00e9esBaladeNVD-300x199.jpg?resize=300%2C199\" alt=\"Balades estivales La R\u008egion, 2014\" width=\"300\" height=\"199\" srcset=\"https:\/\/i2.wp.com\/www.presstourism.ch\/wp-content\/uploads\/2014\/10\/1LesCl\u00e9esBaladeNVD.jpg?resize=300%2C199 300w, https:\/\/i2.wp.com\/www.presstourism.ch\/wp-content\/uploads\/2014\/10\/1LesCl\u00e9esBaladeNVD.jpg?resize=600%2C399 600w, https:\/\/i2.wp.com\/www.presstourism.ch\/wp-content\/uploads\/2014\/10\/1LesCl\u00e9esBaladeNVD.jpg?w=800 800w\" sizes=\"(max-width: 300px) 100vw, 300px\" data-recalc-dims=\"1\" \/><\/a><\/p>\n<h6 style=\"text-align: center;\">Le joli village des Cl\u00e9es et son ch\u00e2teau sur le chemin des gorges de l\u2019Orbe.<\/h6>\n<p><em>Les Gorges de l\u2019Orbe offrent aux randonneurs la richesse d\u2019une nature au flanc du Jura<\/em>, indique l\u2019Office du tourisme de la r\u00e9gion Nord vaudois Jura-Lac. C\u2019est l\u2019une des nombreuses excursions \u00e0 pied ou \u00e0 v\u00e9lo recommand\u00e9es par ce dernier.<\/p>\n<p>L\u2019Orbe abrite et nourrit une faune diverse, telle la truite, le martin-p\u00eacheur, le h\u00e9ron cendr\u00e9 et quelquefois un troupeau de chamois. Des parcours sont propos\u00e9s pour l\u2019entier de la randonn\u00e9e ou sur un tron\u00e7on raccourci, par exemple en partant du Day, pr\u00e8s de Vallorbe, pour arriver aux charmant petit village des Cl\u00e9es.<\/p>\n<p><strong>Fort du Pr\u00e9-Giroud<\/strong><\/p>\n<p style=\"text-align: center;\"><a href=\"https:\/\/i1.wp.com\/www.presstourism.ch\/WP_ALEX\/wp-content\/uploads\/2014\/10\/2Pr\u00e9GiroudBaladeNVD.jpg\"><img loading=\"lazy\" class=\"alignnone size-medium wp-image-1204\" src=\"https:\/\/i1.wp.com\/www.presstourism.ch\/WP_ALEX\/wp-content\/uploads\/2014\/10\/2Pr\u00e9GiroudBaladeNVD-300x209.jpg?resize=300%2C209\" alt=\"Balades estivales La R\u008egion, 2014\" width=\"300\" height=\"209\" srcset=\"https:\/\/i1.wp.com\/www.presstourism.ch\/wp-content\/uploads\/2014\/10\/2Pr\u00e9GiroudBaladeNVD.jpg?resize=300%2C209 300w, https:\/\/i1.wp.com\/www.presstourism.ch\/wp-content\/uploads\/2014\/10\/2Pr\u00e9GiroudBaladeNVD.jpg?resize=600%2C419 600w, https:\/\/i1.wp.com\/www.presstourism.ch\/wp-content\/uploads\/2014\/10\/2Pr\u00e9GiroudBaladeNVD.jpg?w=800 800w\" sizes=\"(max-width: 300px) 100vw, 300px\" data-recalc-dims=\"1\" \/><\/a><\/p>\n<h6 style=\"text-align: center;\">Le fort du Pr\u00e9-Giroud, au-dessus de Vallorbe, sous lequel se cache un d\u00e9dale de galeries.<\/h6>\n<p>Depuis la gare CFF du Day, il est aussi possible de rejoindre le Fort du Pr\u00e9-Giroud surplombant Vallorbe et ses alentours. Le parcours est balis\u00e9 en suivant d\u2019abord la route goudronn\u00e9e puis le sentier qui monte et serpente \u00e0 travers la for\u00eat. Un chalet se dessine \u00e0 l&rsquo;horizon et cache l\u2019entr\u00e9e du fort, un des plus hauts lieux de la d\u00e9fense suisse lors de la 2e guerre mondiale. Sous ce paisible chalet, on peut visiter un d\u00e9dale de galeries souterraines.<\/p>\n<p><strong>Au Vallon des Vaux<\/strong><\/p>\n<p style=\"text-align: center;\"><a href=\"https:\/\/i2.wp.com\/www.presstourism.ch\/WP_ALEX\/wp-content\/uploads\/2014\/10\/6EgliseCh\u00eaneP\u00e2quier.jpg\"><img loading=\"lazy\" class=\"alignnone size-medium wp-image-1208\" src=\"https:\/\/i0.wp.com\/www.presstourism.ch\/WP_ALEX\/wp-content\/uploads\/2014\/10\/6EgliseCh\u00eaneP\u00e2quier-300x199.jpg?resize=300%2C199\" alt=\"Les \u008eglises du Nord vaudois, ao\u009et 2014\" width=\"300\" height=\"199\" srcset=\"https:\/\/i2.wp.com\/www.presstourism.ch\/wp-content\/uploads\/2014\/10\/6EgliseCh\u00eaneP\u00e2quier.jpg?resize=300%2C199 300w, https:\/\/i2.wp.com\/www.presstourism.ch\/wp-content\/uploads\/2014\/10\/6EgliseCh\u00eaneP\u00e2quier.jpg?resize=600%2C399 600w, https:\/\/i2.wp.com\/www.presstourism.ch\/wp-content\/uploads\/2014\/10\/6EgliseCh\u00eaneP\u00e2quier.jpg?w=800 800w\" sizes=\"(max-width: 300px) 100vw, 300px\" data-recalc-dims=\"1\" \/><\/a><\/p>\n<h6 style=\"text-align: center;\">L\u2019\u00e9glise elliptique de Ch\u00eane-P\u00e2quier.<\/h6>\n<p>Le Vallon des Vaux emm\u00e8ne le promeneur dans ses sous-bois, jusqu&rsquo;\u00e0 la Tour Saint-Martin, t\u00e9moin de la pr\u00e9sence d&rsquo;une importante bourgade au Moyen Age. En partant d&rsquo;Yvonand, on rejoint un v\u00e9ritable canyon form\u00e9 par les ruisseaux des Vaux et du Flonzel, qui ont cr\u00e9e ces versants abrupts.<\/p>\n<p style=\"text-align: center;\"><a href=\"https:\/\/i0.wp.com\/www.presstourism.ch\/WP_ALEX\/wp-content\/uploads\/2014\/10\/4TourStMartinBaladeNVD.jpg\"><img loading=\"lazy\" class=\"alignnone size-medium wp-image-1206\" src=\"https:\/\/i0.wp.com\/www.presstourism.ch\/WP_ALEX\/wp-content\/uploads\/2014\/10\/4TourStMartinBaladeNVD-300x203.jpg?resize=300%2C203\" alt=\"Balades estivales La R\u008egion en 2014\" width=\"300\" height=\"203\" srcset=\"https:\/\/i2.wp.com\/www.presstourism.ch\/wp-content\/uploads\/2014\/10\/4TourStMartinBaladeNVD.jpg?resize=300%2C203 300w, https:\/\/i2.wp.com\/www.presstourism.ch\/wp-content\/uploads\/2014\/10\/4TourStMartinBaladeNVD.jpg?resize=600%2C406 600w, https:\/\/i2.wp.com\/www.presstourism.ch\/wp-content\/uploads\/2014\/10\/4TourStMartinBaladeNVD.jpg?w=800 800w\" sizes=\"(max-width: 300px) 100vw, 300px\" data-recalc-dims=\"1\" \/><\/a><\/p>\n<h6 style=\"text-align: center;\">Le Vallon des Vaux emm\u00e8ne le promeneur jusqu\u2019\u00e0 la Tour Saint-Martin.<\/h6>\n<p>En plus de la Tour St-Martin, il vaut la peine de s\u2019arr\u00eater \u00e0 l&rsquo;\u00e9glise elliptique de Ch\u00eane-P\u00e2quier (1667), l&rsquo;un des plus vieux t\u00e9moins de l&rsquo;architecture protestante en Suisse.<\/p>\n<p><strong>Le Haut-Lac<\/strong><\/p>\n<p style=\"text-align: center;\"><a href=\"https:\/\/i2.wp.com\/www.presstourism.ch\/WP_ALEX\/wp-content\/uploads\/2014\/10\/5HtLacBaladeNVD.jpg\"><img loading=\"lazy\" class=\"alignnone size-medium wp-image-1207\" src=\"https:\/\/i2.wp.com\/www.presstourism.ch\/WP_ALEX\/wp-content\/uploads\/2014\/10\/5HtLacBaladeNVD-300x211.jpg?resize=300%2C211\" alt=\"Balades estivales La R\u008egion, 2014\" width=\"300\" height=\"211\" srcset=\"https:\/\/i0.wp.com\/www.presstourism.ch\/wp-content\/uploads\/2014\/10\/5HtLacBaladeNVD.jpg?resize=300%2C211 300w, https:\/\/i0.wp.com\/www.presstourism.ch\/wp-content\/uploads\/2014\/10\/5HtLacBaladeNVD.jpg?resize=600%2C423 600w, https:\/\/i0.wp.com\/www.presstourism.ch\/wp-content\/uploads\/2014\/10\/5HtLacBaladeNVD.jpg?w=800 800w\" sizes=\"(max-width: 300px) 100vw, 300px\" data-recalc-dims=\"1\" \/><\/a><\/p>\n<h6 style=\"text-align: center;\">Autour du Haut-Lac, ici \u00e0 Concise, on peut se lancer dans des excursions \u00e0 pied ou \u00e0 v\u00e9lo ou encore prendre un bateau de la Compagnie LNM.<\/h6>\n<p>Les randonn\u00e9es sont aussi sympas autour du Haut-Lac de Neuch\u00e2tel. Sur la rive nord, bord\u00e9e des premiers contreforts du Jura, on peut traverser les vignobles des C\u00f4tes de Bonvillars. Quant \u00e0 la rive sud, elle s\u2019ouvre avec la Grande Cari\u00e7aie sur le plus grand marais lacustre de Suisse. 200 esp\u00e8ces d\u2019oiseaux y nichent de mani\u00e8re permanente ou saisonni\u00e8re. Au nord comme au sud, les plages am\u00e9nag\u00e9es offrent des conditions id\u00e9ales pour la baignade.<\/p>\n<p style=\"text-align: right;\"><strong>Texte et photos\u00a0: Roger Juillerat<\/strong><\/p>\n<hr \/>\n<p>&nbsp;<\/p>\n<h2>Informations utiles<\/h2>\n<p><strong>Se renseigner:<\/strong> Les offices du tourisme du Nord vaudois, 024 423\u00a061\u00a001, info@yverdonlesbainsregion.ch, <a href=\"http:\/\/www.yverdonlesbainsregion.ch\/fr\">www.yverdonlesbainsregion.ch\/fr<\/a>. Avec une liste des h\u00f4tels, des restaurants et des chalets d\u2019alpage. Offres de forfaits \u00abVisites et Repas\u00bb.<\/p>\n<p><strong>Bien-\u00eatre:<\/strong> Le Centre Thermal d\u2019Yverdon-les-Bains: piscines, hammam, saunas, etc., pour un s\u00e9jour de d\u00e9lassement.<\/p>\n<p><a href=\"http:\/\/www.presstourism.ch\/WP_ALEX\/wp-content\/uploads\/2014\/10\/QuatreSitesNordVDBalade-SitePresstourism.pdf\">Lire ou t\u00e9l\u00e9charger l&rsquo;article de presse \u00e9crite<\/a><\/p>\n","protected":false},"excerpt":{"rendered":"<p>\u00a0 Vue sur les fortifications et Vallorbe depuis le fort du Pr\u00e9-Giroud. S\u2019en aller dans les Gorges de l\u2019Orbe, jusqu\u2019au Fort du Pr\u00e9-Giroud et dans le Vallon des Vaux. Ou encore \u00e0 v\u00e9lo le long des rives du lac: quatre &hellip; <a href=\"http:\/\/www.presstourism.ch\/?page_id=1202\">Continuer la lecture <span class=\"meta-nav\">&rarr;<\/span><\/a><\/p>\n","protected":false},"author":1,"featured_media":0,"parent":341,"menu_order":0,"comment_status":"open","ping_status":"open","template":"","meta":{"ngg_post_thumbnail":0,"spay_email":""},"jetpack_sharing_enabled":true,"jetpack_shortlink":"https:\/\/wp.me\/P468TV-jo","_links":{"self":[{"href":"http:\/\/www.presstourism.ch\/index.php?rest_route=\/wp\/v2\/pages\/1202"}],"collection":[{"href":"http:\/\/www.presstourism.ch\/index.php?rest_route=\/wp\/v2\/pages"}],"about":[{"href":"http:\/\/www.presstourism.ch\/index.php?rest_route=\/wp\/v2\/types\/page"}],"author":[{"embeddable":true,"href":"http:\/\/www.presstourism.ch\/index.php?rest_route=\/wp\/v2\/users\/1"}],"replies":[{"embeddable":true,"href":"http:\/\/www.presstourism.ch\/index.php?rest_route=%2Fwp%2Fv2%2Fcomments&post=1202"}],"version-history":[{"count":1,"href":"http:\/\/www.presstourism.ch\/index.php?rest_route=\/wp\/v2\/pages\/1202\/revisions"}],"predecessor-version":[{"id":1210,"href":"http:\/\/www.presstourism.ch\/index.php?rest_route=\/wp\/v2\/pages\/1202\/revisions\/1210"}],"up":[{"embeddable":true,"href":"http:\/\/www.presstourism.ch\/index.php?rest_route=\/wp\/v2\/pages\/341"}],"wp:attachment":[{"href":"http:\/\/www.presstourism.ch\/index.php?rest_route=%2Fwp%2Fv2%2Fmedia&parent=1202"}],"curies":[{"name":"wp","href":"https:\/\/api.w.org\/{rel}","templated":true}]}}