{"id":1188,"date":"2014-10-06T21:16:00","date_gmt":"2014-10-06T20:16:00","guid":{"rendered":"http:\/\/www.presstourism.ch\/WP_ALEX\/?page_id=1188"},"modified":"2014-10-06T21:19:47","modified_gmt":"2014-10-06T20:19:47","slug":"listrie-magique-et-fascinante","status":"publish","type":"page","link":"http:\/\/www.presstourism.ch\/?page_id=1188","title":{"rendered":"L\u2019Istrie magique et fascinante"},"content":{"rendered":"<p style=\"text-align: center;\"><a href=\"https:\/\/i1.wp.com\/www.presstourism.ch\/WP_ALEX\/wp-content\/uploads\/2013\/11\/3IstrieCroatieMer.jpg\"><img loading=\"lazy\" class=\"alignnone size-medium wp-image-1185\" src=\"https:\/\/i1.wp.com\/www.presstourism.ch\/WP_ALEX\/wp-content\/uploads\/2013\/11\/3IstrieCroatieMer-300x199.jpg?resize=300%2C199\" alt=\"Balades estivales La R\u008egion, ao\u009et 2014\" width=\"300\" height=\"199\" srcset=\"https:\/\/i1.wp.com\/www.presstourism.ch\/wp-content\/uploads\/2013\/11\/3IstrieCroatieMer.jpg?resize=300%2C199 300w, https:\/\/i1.wp.com\/www.presstourism.ch\/wp-content\/uploads\/2013\/11\/3IstrieCroatieMer.jpg?resize=600%2C399 600w, https:\/\/i1.wp.com\/www.presstourism.ch\/wp-content\/uploads\/2013\/11\/3IstrieCroatieMer.jpg?w=800 800w\" sizes=\"(max-width: 300px) 100vw, 300px\" data-recalc-dims=\"1\" \/><\/a><\/p>\n<h6 style=\"text-align: center;\">Un superbe panorama depuis la cath\u00e9drale de Rovinj.<\/h6>\n<p>Au nord de la Croatie, l\u2019Istrie se conjugue en trois parties selon la couleur de ses terres. L\u2019arri\u00e8re-pays est riche de jolis villages accroch\u00e9s sur les collines et la mer bleu d\u2019azur fait scintiller les c\u00f4tes.<\/p>\n<p style=\"text-align: center;\">\u00a0<a href=\"https:\/\/i1.wp.com\/www.presstourism.ch\/WP_ALEX\/wp-content\/uploads\/2013\/11\/4IstrieCroatieMer.jpg\"><img loading=\"lazy\" class=\"alignnone size-medium wp-image-1186\" src=\"https:\/\/i0.wp.com\/www.presstourism.ch\/WP_ALEX\/wp-content\/uploads\/2013\/11\/4IstrieCroatieMer-300x199.jpg?resize=300%2C199\" alt=\"Balades estivales La R\u008egion, ao\u009et 2014\" width=\"300\" height=\"199\" srcset=\"https:\/\/i2.wp.com\/www.presstourism.ch\/wp-content\/uploads\/2013\/11\/4IstrieCroatieMer.jpg?resize=300%2C199 300w, https:\/\/i2.wp.com\/www.presstourism.ch\/wp-content\/uploads\/2013\/11\/4IstrieCroatieMer.jpg?resize=600%2C399 600w, https:\/\/i2.wp.com\/www.presstourism.ch\/wp-content\/uploads\/2013\/11\/4IstrieCroatieMer.jpg?w=800 800w\" sizes=\"(max-width: 300px) 100vw, 300px\" data-recalc-dims=\"1\" \/><\/a><\/p>\n<h6 style=\"text-align: center;\">Une mer bleu d\u2019azur sur toute la c\u00f4te de la p\u00e9ninsule croate, qui invite \u00e0 la baignade ou aux excursions en bateau.<\/h6>\n<p>La Croatie est devenue ces derni\u00e8res ann\u00e9es un but de vacances tr\u00e8s pris\u00e9. Au nord, l\u2019Istrie est la r\u00e9gion la plus touristique du pays et d\u00e9gage un charme et un attrait tout particuliers. En raison de la couleur de ses terres, les habitants l\u2019ont divis\u00e9e en trois parties: l\u2019Istrie \u00abrouge\u00bb, sur le littoral ouest, avec ses jolies villes au bord de l\u2019Adriatique et son sol fertile; la \u00abgrise\u00bb o\u00f9 les villages perch\u00e9s dominent une v\u00e9g\u00e9tation pr\u00e9serv\u00e9e; la \u00abblanche\u00bb dans la partie des massifs escarp\u00e9s de l\u2019est.<\/p>\n<p style=\"text-align: center;\"><a href=\"https:\/\/i0.wp.com\/www.presstourism.ch\/WP_ALEX\/wp-content\/uploads\/2013\/11\/6IstrieCroatie.jpg\"><img loading=\"lazy\" class=\"alignnone size-medium wp-image-1181\" src=\"https:\/\/i2.wp.com\/www.presstourism.ch\/WP_ALEX\/wp-content\/uploads\/2013\/11\/6IstrieCroatie-300x199.jpg?resize=300%2C199\" alt=\"Balades estivales La R\u008egion, \u008et\u008e 2014\" width=\"300\" height=\"199\" srcset=\"https:\/\/i1.wp.com\/www.presstourism.ch\/wp-content\/uploads\/2013\/11\/6IstrieCroatie.jpg?resize=300%2C199 300w, https:\/\/i1.wp.com\/www.presstourism.ch\/wp-content\/uploads\/2013\/11\/6IstrieCroatie.jpg?resize=600%2C399 600w, https:\/\/i1.wp.com\/www.presstourism.ch\/wp-content\/uploads\/2013\/11\/6IstrieCroatie.jpg?w=800 800w\" sizes=\"(max-width: 300px) 100vw, 300px\" data-recalc-dims=\"1\" \/><\/a><\/p>\n<h6 style=\"text-align: center;\">Les truffes sont aussi une sp\u00e9cialit\u00e9 de l\u2019Istrie, ici un restaurateur avec sa cueillette du matin.<\/h6>\n<p>Sur son perchoir, Groznjan est sans aucun doute un des plus beaux villages du pays. Il a \u00e9t\u00e9 consacr\u00e9 \u00abcit\u00e9 des artistes\u00bb avec ses galeries d\u2019art et les concerts qui y sont r\u00e9guli\u00e8rement programm\u00e9s. Une route \u00e9troite, raide et sinueuse conduit de Buzet \u00e0 Sovinjac qui offre de super panoramas.<\/p>\n<p style=\"text-align: center;\"><img loading=\"lazy\" class=\"alignnone size-medium wp-image-1183\" src=\"https:\/\/i0.wp.com\/www.presstourism.ch\/WP_ALEX\/wp-content\/uploads\/2013\/11\/1MotovunIstrieCroatie-300x199.jpg?resize=300%2C199\" alt=\"Balades estivales La R\u008egion, ao\u009et 2014\" width=\"300\" height=\"199\" srcset=\"https:\/\/i2.wp.com\/www.presstourism.ch\/wp-content\/uploads\/2013\/11\/1MotovunIstrieCroatie.jpg?resize=300%2C199 300w, https:\/\/i2.wp.com\/www.presstourism.ch\/wp-content\/uploads\/2013\/11\/1MotovunIstrieCroatie.jpg?resize=600%2C399 600w, https:\/\/i2.wp.com\/www.presstourism.ch\/wp-content\/uploads\/2013\/11\/1MotovunIstrieCroatie.jpg?w=800 800w\" sizes=\"(max-width: 300px) 100vw, 300px\" data-recalc-dims=\"1\" \/><\/p>\n<h6 style=\"text-align: center;\">Motovun un de ces villages perch\u00e9s caract\u00e9ristiques de l\u2019Istrie avec ses remparts et qui offre un panorama sur toute la r\u00e9gion.<\/h6>\n<p>Quant \u00e0 Motovun la m\u00e9di\u00e9vale, elle poss\u00e8de un riche patrimoine o\u00f9 chaque pierre a son histoire.<\/p>\n<p><strong>Rovinj le bijou<\/strong><\/p>\n<p style=\"text-align: center;\"><a href=\"https:\/\/i1.wp.com\/www.presstourism.ch\/WP_ALEX\/wp-content\/uploads\/2013\/11\/2RovinjIstrieCroatie.jpg\"><img loading=\"lazy\" class=\"alignnone size-medium wp-image-1184\" src=\"https:\/\/i2.wp.com\/www.presstourism.ch\/WP_ALEX\/wp-content\/uploads\/2013\/11\/2RovinjIstrieCroatie-300x199.jpg?resize=300%2C199\" alt=\"Balades estivales,La R\u008egion, ao\u009et 2014\" width=\"300\" height=\"199\" srcset=\"https:\/\/i0.wp.com\/www.presstourism.ch\/wp-content\/uploads\/2013\/11\/2RovinjIstrieCroatie.jpg?resize=300%2C199 300w, https:\/\/i0.wp.com\/www.presstourism.ch\/wp-content\/uploads\/2013\/11\/2RovinjIstrieCroatie.jpg?resize=600%2C399 600w, https:\/\/i0.wp.com\/www.presstourism.ch\/wp-content\/uploads\/2013\/11\/2RovinjIstrieCroatie.jpg?w=800 800w\" sizes=\"(max-width: 300px) 100vw, 300px\" data-recalc-dims=\"1\" \/><\/a><\/p>\n<h6 style=\"text-align: center;\">Rovinj au bord de la M\u00e9diterran\u00e9e: une presqu\u2019\u00eele qui se parcourt \u00e0 pied depuis la porte de Balbi jusqu\u2019\u00e0 la cath\u00e9drale Sainte-Euph\u00e9mie.<\/h6>\n<p>Mais il est temps d\u2019aller sur la c\u00f4te et de visiter Rovinj, qui s\u2019\u00e9lance sur la mer. Son centre historique est un petit bijou. Patronne de la cit\u00e9, Sainte-Euph\u00e9mie fut tortur\u00e9e et jet\u00e9e au lion, et ses reliques furent envoy\u00e9es \u00e0 Constantinople. On dit qu\u2019en l\u2019an 800, ces m\u00eames reliques auraient travers\u00e9 la M\u00e9diterran\u00e9e dans un sarcophage de marbre et se seraient \u00e9chou\u00e9es \u00e0 Rovinj. Il est \u00e0 pr\u00e9sent expos\u00e9 \u00e0 l\u2019int\u00e9rieur de la cath\u00e9drale, qui se trouve au point le plus haut de la presqu\u2019\u00eele.<\/p>\n<p>D\u2019autres cit\u00e9s telles que Novigrad et Bale, ainsi que les \u00eeles Brijun valent le d\u00e9tour. Mais si vous devez choisir, allez donc \u00e0 Porec, qui a la particularit\u00e9 d&rsquo;avoir conserv\u00e9 ses art\u00e8res romaines. Puis \u00e0 Pula, le plus grand centre urbain de l\u2019Istrie, digne h\u00e9ritier de l&rsquo;Empire romain. Il est jalonn\u00e9 de temples et de portes fortifi\u00e9es avec, en vedette, un exceptionnel amphith\u00e9\u00e2tre du 1<sup>er<\/sup> si\u00e8cle.<\/p>\n<p style=\"text-align: center;\"><a href=\"https:\/\/i2.wp.com\/www.presstourism.ch\/WP_ALEX\/wp-content\/uploads\/2013\/11\/5IstrieCroatie.jpg\"><img loading=\"lazy\" class=\"alignnone size-medium wp-image-1187\" src=\"https:\/\/i1.wp.com\/www.presstourism.ch\/WP_ALEX\/wp-content\/uploads\/2013\/11\/5IstrieCroatie-300x199.jpg?resize=300%2C199\" alt=\"Balades estivales, La R\u008egion,\u008et\u008e 2014\" width=\"300\" height=\"199\" srcset=\"https:\/\/i0.wp.com\/www.presstourism.ch\/wp-content\/uploads\/2013\/11\/5IstrieCroatie.jpg?resize=300%2C199 300w, https:\/\/i0.wp.com\/www.presstourism.ch\/wp-content\/uploads\/2013\/11\/5IstrieCroatie.jpg?resize=600%2C399 600w, https:\/\/i0.wp.com\/www.presstourism.ch\/wp-content\/uploads\/2013\/11\/5IstrieCroatie.jpg?w=800 800w\" sizes=\"(max-width: 300px) 100vw, 300px\" data-recalc-dims=\"1\" \/><\/a><\/p>\n<h6 style=\"text-align: center;\">Une jolie apicultrice du march\u00e9 de Porec pr\u00e9sente les miels de la r\u00e9gion, qui compte aussi de bons vins.<\/h6>\n<p style=\"text-align: right;\"><strong>Texte et photos: Roger Juillerat<\/strong><\/p>\n<hr \/>\n<h2>Informations pratiques<\/h2>\n<p>&nbsp;<\/p>\n<p><strong>Vol:<\/strong> Z\u00fcrich-Pula avec Air-Croatia, escale \u00e0 Zagreb.<\/p>\n<p><strong>Renseignements:<\/strong> OT de Croatie en Suisse, 8002 Z\u00fcrich, 043 336 20 30, <a href=\"mailto:info@visitkroatien.ch\">info@visitkroatien.ch<\/a>, <a href=\"http:\/\/www.croatia.hr\/fr-FR\/Homepage\">www.croatia.hr\/fr-FR\/Homepage<\/a><\/p>\n<p><strong>Couettes et couverts:<\/strong> Le San Rocco \u00e0 Brtoniglia (pas loin de Porec), son wellness, sa piscine et son restaurant, qui sert une excellente cuisine avec les produits du terroir, <a href=\"http:\/\/www.san-rocco.hr\/\">www.san-rocco.hr<\/a>. Le restaurant Toklarija \u00e0 Sovinjac, pas loin de Buzet, et sa fine cuisine avec les sp\u00e9cialit\u00e9s r\u00e9gionales. Le Zigante \u00e0 Livade, pr\u00e8s de Motovun, ses plats \u00e0 la truffe et sa boutique de produits du pays, <a href=\"http:\/\/www.restaurantzigante.com\/\">www.restaurantzigante.com<\/a>.<\/p>\n<p><a href=\"http:\/\/www.presstourism.ch\/WP_ALEX\/wp-content\/uploads\/2013\/11\/IstrieCroatieBaladePour-PresstourismSept2014.pdf\">Lire ou t\u00e9l\u00e9charger l&rsquo;article de presse<\/a><\/p>\n<p>&nbsp;<\/p>\n<p>&nbsp;<\/p>\n<p>&nbsp;<\/p>\n<p>&nbsp;<\/p>\n<p>&nbsp;<\/p>\n<p>&nbsp;<\/p>\n<p>&nbsp;<\/p>\n<p>&nbsp;<\/p>\n<p>&nbsp;<\/p>\n<p>&nbsp;<\/p>\n<p>&nbsp;<\/p>\n","protected":false},"excerpt":{"rendered":"<p>Un superbe panorama depuis la cath\u00e9drale de Rovinj. Au nord de la Croatie, l\u2019Istrie se conjugue en trois parties selon la couleur de ses terres. L\u2019arri\u00e8re-pays est riche de jolis villages accroch\u00e9s sur les collines et la mer bleu d\u2019azur &hellip; <a href=\"http:\/\/www.presstourism.ch\/?page_id=1188\">Continuer la lecture <span class=\"meta-nav\">&rarr;<\/span><\/a><\/p>\n","protected":false},"author":1,"featured_media":0,"parent":208,"menu_order":0,"comment_status":"open","ping_status":"open","template":"","meta":{"ngg_post_thumbnail":0,"spay_email":""},"jetpack_sharing_enabled":true,"jetpack_shortlink":"https:\/\/wp.me\/P468TV-ja","_links":{"self":[{"href":"http:\/\/www.presstourism.ch\/index.php?rest_route=\/wp\/v2\/pages\/1188"}],"collection":[{"href":"http:\/\/www.presstourism.ch\/index.php?rest_route=\/wp\/v2\/pages"}],"about":[{"href":"http:\/\/www.presstourism.ch\/index.php?rest_route=\/wp\/v2\/types\/page"}],"author":[{"embeddable":true,"href":"http:\/\/www.presstourism.ch\/index.php?rest_route=\/wp\/v2\/users\/1"}],"replies":[{"embeddable":true,"href":"http:\/\/www.presstourism.ch\/index.php?rest_route=%2Fwp%2Fv2%2Fcomments&post=1188"}],"version-history":[{"count":3,"href":"http:\/\/www.presstourism.ch\/index.php?rest_route=\/wp\/v2\/pages\/1188\/revisions"}],"predecessor-version":[{"id":1194,"href":"http:\/\/www.presstourism.ch\/index.php?rest_route=\/wp\/v2\/pages\/1188\/revisions\/1194"}],"up":[{"embeddable":true,"href":"http:\/\/www.presstourism.ch\/index.php?rest_route=\/wp\/v2\/pages\/208"}],"wp:attachment":[{"href":"http:\/\/www.presstourism.ch\/index.php?rest_route=%2Fwp%2Fv2%2Fmedia&parent=1188"}],"curies":[{"name":"wp","href":"https:\/\/api.w.org\/{rel}","templated":true}]}}