{"id":1142,"date":"2014-10-03T08:38:37","date_gmt":"2014-10-03T07:38:37","guid":{"rendered":"http:\/\/www.presstourism.ch\/WP_ALEX\/?page_id=1142"},"modified":"2014-10-06T20:25:18","modified_gmt":"2014-10-06T19:25:18","slug":"les-aiguilles-de-baulmes","status":"publish","type":"page","link":"http:\/\/www.presstourism.ch\/?page_id=1142","title":{"rendered":"Les Aiguilles de Baulmes"},"content":{"rendered":"<h2 style=\"text-align: center;\"><strong>Falaises et panoramas vertigineux<\/strong><\/h2>\n<address style=\"text-align: center;\"><a href=\"https:\/\/i0.wp.com\/www.presstourism.ch\/WP_ALEX\/wp-content\/uploads\/2014\/10\/1AiguillesBaulmes.jpg\"><img loading=\"lazy\" class=\"size-medium wp-image-1143 aligncenter\" src=\"https:\/\/i2.wp.com\/www.presstourism.ch\/WP_ALEX\/wp-content\/uploads\/2014\/10\/1AiguillesBaulmes-300x199.jpg?resize=300%2C199\" alt=\"Balades estivales La R\u008egion, ao\u009et 2014\" width=\"300\" height=\"199\" srcset=\"https:\/\/i1.wp.com\/www.presstourism.ch\/wp-content\/uploads\/2014\/10\/1AiguillesBaulmes.jpg?resize=300%2C199 300w, https:\/\/i1.wp.com\/www.presstourism.ch\/wp-content\/uploads\/2014\/10\/1AiguillesBaulmes.jpg?resize=600%2C399 600w, https:\/\/i1.wp.com\/www.presstourism.ch\/wp-content\/uploads\/2014\/10\/1AiguillesBaulmes.jpg?w=800 800w\" sizes=\"(max-width: 300px) 100vw, 300px\" data-recalc-dims=\"1\" \/><\/a>Les Aiguilles de Baulmes et la nouvelle croix qui a remplac\u00e9 celle qui avait \u00e9t\u00e9 cass\u00e9 par les intemp\u00e9ries.<\/address>\n<p>NORD VAUDOIS \u2013 Autour des Aiguilles de Baulmes, on peut varier les itin\u00e9raires \u00e0 sa guise avec un passage oblig\u00e9 \u00e0 la Table-Ronde, pour avoir une vue imprenable sur le plateau, du lac de Neuch\u00e2tel au L\u00e9man.<\/p>\n<address style=\"text-align: center;\"><a href=\"https:\/\/i1.wp.com\/www.presstourism.ch\/WP_ALEX\/wp-content\/uploads\/2014\/10\/2AiguillesBaulmes.jpg\"><img loading=\"lazy\" class=\"size-medium wp-image-1144 aligncenter\" src=\"https:\/\/i1.wp.com\/www.presstourism.ch\/WP_ALEX\/wp-content\/uploads\/2014\/10\/2AiguillesBaulmes-300x199.jpg?resize=300%2C199\" alt=\"Balades estivales La R\u008egion, Autour Aiguilles Baulmes, ao\u009et 2014\" width=\"300\" height=\"199\" srcset=\"https:\/\/i1.wp.com\/www.presstourism.ch\/wp-content\/uploads\/2014\/10\/2AiguillesBaulmes.jpg?resize=300%2C199 300w, https:\/\/i1.wp.com\/www.presstourism.ch\/wp-content\/uploads\/2014\/10\/2AiguillesBaulmes.jpg?resize=600%2C399 600w, https:\/\/i1.wp.com\/www.presstourism.ch\/wp-content\/uploads\/2014\/10\/2AiguillesBaulmes.jpg?w=800 800w\" sizes=\"(max-width: 300px) 100vw, 300px\" data-recalc-dims=\"1\" \/><\/a>Un magnifique panorama depuis la Table Ronde, le belv\u00e9d\u00e8re qui donne le vertige pr\u00e8s du Mont-de-Baulmes.<\/address>\n<p>\u00c0 cinq minutes du restaurant du Mont-de-Baulmes-Dessus (1271 m\u00e8tres d\u2019altitude), la Table-Ronde offre un panorama unique sur la plaine. Lors d\u2019une belle journ\u00e9e d\u2019\u00e9t\u00e9 (il y en aura quand m\u00eame encore\u2026), il vaut la peine de monter jusqu\u2019\u00e0 ce belv\u00e9d\u00e8re. Avec la possibilit\u00e9 de se lancer depuis l\u00e0 dans des excursions plut\u00f4t sympathiques.<\/p>\n<p style=\"text-align: center;\"><a href=\"https:\/\/i0.wp.com\/www.presstourism.ch\/WP_ALEX\/wp-content\/uploads\/2014\/10\/5AiguillesBaulmes.jpg\"><img loading=\"lazy\" class=\"alignnone size-medium wp-image-1147\" src=\"https:\/\/i2.wp.com\/www.presstourism.ch\/WP_ALEX\/wp-content\/uploads\/2014\/10\/5AiguillesBaulmes-300x195.jpg?resize=300%2C195\" alt=\"Balades estivales La R\u008egion, ao\u009et 2014\" width=\"300\" height=\"195\" srcset=\"https:\/\/i1.wp.com\/www.presstourism.ch\/wp-content\/uploads\/2014\/10\/5AiguillesBaulmes.jpg?resize=300%2C195 300w, https:\/\/i1.wp.com\/www.presstourism.ch\/wp-content\/uploads\/2014\/10\/5AiguillesBaulmes.jpg?resize=600%2C390 600w, https:\/\/i1.wp.com\/www.presstourism.ch\/wp-content\/uploads\/2014\/10\/5AiguillesBaulmes.jpg?w=800 800w\" sizes=\"(max-width: 300px) 100vw, 300px\" data-recalc-dims=\"1\" \/><\/a><\/p>\n<address style=\"text-align: center;\">Il y a un beau choix d\u2019excursions autour des Aiguilles de Baulmes avec m\u00eame parfois des bouchons\u2026<\/address>\n<p>En particulier jusqu\u2019aux Aiguilles de Baulmes (1559 m\u00e8tres) et sa nouvelle croix, qui a remplac\u00e9 derni\u00e8rement celle qui avait \u00e9t\u00e9 bris\u00e9e par les intemp\u00e9ries. On la rejoint en suivant l\u2019itin\u00e9raire balis\u00e9 et en faisant bien attention \u00e0 ne pas prendre de risque le long des sentiers et des falaises. On peut aussi passer aux pieds de celles-ci avec la chance, peut-\u00eatre, de rencontrer des chamois et presque \u00e0 coup s\u00fbr deux ou trois parapentistes qui volent au-dessus de vos t\u00eates. Vers le Sud et l&rsquo;Ouest, le regard embrasse le Suchet,\u00a0le Mont Tendre que l&rsquo;on devine dans le lointain, la Dent de Vaulion ou encore plus loin le Mont d&rsquo;Or.<\/p>\n<p style=\"text-align: center;\"><a href=\"https:\/\/i2.wp.com\/www.presstourism.ch\/WP_ALEX\/wp-content\/uploads\/2014\/10\/3AiguillesMontBaulmes.jpg\"><img loading=\"lazy\" class=\"alignnone size-medium wp-image-1145\" src=\"https:\/\/i0.wp.com\/www.presstourism.ch\/WP_ALEX\/wp-content\/uploads\/2014\/10\/3AiguillesMontBaulmes-300x199.jpg?resize=300%2C199\" alt=\"Balades estivales La R\u008egion, ao\u009et 2014\" width=\"300\" height=\"199\" srcset=\"https:\/\/i2.wp.com\/www.presstourism.ch\/wp-content\/uploads\/2014\/10\/3AiguillesMontBaulmes.jpg?resize=300%2C199 300w, https:\/\/i2.wp.com\/www.presstourism.ch\/wp-content\/uploads\/2014\/10\/3AiguillesMontBaulmes.jpg?resize=600%2C399 600w, https:\/\/i2.wp.com\/www.presstourism.ch\/wp-content\/uploads\/2014\/10\/3AiguillesMontBaulmes.jpg?w=800 800w\" sizes=\"(max-width: 300px) 100vw, 300px\" data-recalc-dims=\"1\" \/><\/a><\/p>\n<address style=\"text-align: center;\">Le restaurant du Mont-de-Baulmes est bien connu pour ses fameux beignets aux fromages et autres sp\u00e9cialit\u00e9s montagnardes.<\/address>\n<p>En fait, les points de vue sont saisissants de tous c\u00f4t\u00e9s et c\u2019est ce qui fait le charme d\u2019une balade autour de ces Aiguilles de Baulmes. O\u00f9 se trouve aussi la Cave Noire. Il s\u2019agit d\u2019\u00eatre prudent pour y acc\u00e9der, car m\u00eame si on peut se tenir \u00e0 une main courante, la grotte se trouve au bout d\u2019une sorte de corniche herbeuse \u00e9troite et en d\u00e9vers, elle-m\u00eame au-dessus d\u2019une petite paroi abrupte. Reste que c\u2019est une curiosit\u00e9 que les plus t\u00e9m\u00e9raires iront d\u00e9couvrir.<\/p>\n<p style=\"text-align: center;\"><a href=\"https:\/\/i1.wp.com\/www.presstourism.ch\/WP_ALEX\/wp-content\/uploads\/2014\/10\/4AiguillesBaulmes.jpg\"><img loading=\"lazy\" class=\"alignnone size-medium wp-image-1146\" src=\"https:\/\/i2.wp.com\/www.presstourism.ch\/WP_ALEX\/wp-content\/uploads\/2014\/10\/4AiguillesBaulmes-300x199.jpg?resize=300%2C199\" alt=\"Balades estivales La R\u008egion, ao\u009et 2014\" width=\"300\" height=\"199\" srcset=\"https:\/\/i2.wp.com\/www.presstourism.ch\/wp-content\/uploads\/2014\/10\/4AiguillesBaulmes.jpg?resize=300%2C199 300w, https:\/\/i2.wp.com\/www.presstourism.ch\/wp-content\/uploads\/2014\/10\/4AiguillesBaulmes.jpg?resize=600%2C399 600w, https:\/\/i2.wp.com\/www.presstourism.ch\/wp-content\/uploads\/2014\/10\/4AiguillesBaulmes.jpg?w=800 800w\" sizes=\"(max-width: 300px) 100vw, 300px\" data-recalc-dims=\"1\" \/><\/a><\/p>\n<address style=\"text-align: center;\">Le joli Refuge de La Joux, en direction de L\u2019Auberson, est aussi le point de d\u00e9part du Sentier des G\u00e9ants.<\/address>\n<p>Il sera temps ensuite de se rendre au Col de l\u2019Aiguillon puis de descendre sur les Gitte-Dessus puis celle de Dessous, ou alors directement jusqu\u2019\u00e0 L\u2019Auberson et retour \u00e0 Sainte-Croix. En ayant encore de nombreuses belles surprises sur le parcours que vous aurez choisi.<\/p>\n<p style=\"text-align: center;\"><a href=\"https:\/\/i2.wp.com\/www.presstourism.ch\/WP_ALEX\/wp-content\/uploads\/2014\/10\/6AiguillesBaulmes.jpg\"><img loading=\"lazy\" class=\"alignnone size-medium wp-image-1148\" src=\"https:\/\/i2.wp.com\/www.presstourism.ch\/WP_ALEX\/wp-content\/uploads\/2014\/10\/6AiguillesBaulmes-215x300.jpg?resize=215%2C300\" alt=\"Balades estivales La R\u008egion, ao\u009et 2014\" width=\"215\" height=\"300\" srcset=\"https:\/\/i0.wp.com\/www.presstourism.ch\/wp-content\/uploads\/2014\/10\/6AiguillesBaulmes.jpg?resize=215%2C300 215w, https:\/\/i0.wp.com\/www.presstourism.ch\/wp-content\/uploads\/2014\/10\/6AiguillesBaulmes.jpg?w=600 600w\" sizes=\"(max-width: 215px) 100vw, 215px\" data-recalc-dims=\"1\" \/><\/a><\/p>\n<address style=\"text-align: center;\">Il n\u2019est pas rare non plus d\u2019avoir des parapentiste sur vos t\u00eates.<\/address>\n<p style=\"text-align: right;\"><strong>Texte et photos: Roger Juillerat<\/strong><\/p>\n<hr \/>\n<h2>Informations pratiques<\/h2>\n<p><strong>Y aller:<\/strong> rejoindre le restaurant du Mont-de-Baulmes en voiture ou prendre le train Yverdon\u00a0&#8211;\u00a0Sainte-Croix (YSC) et y monter \u00e0 pied depuis la gare. Suivre ensuite les itin\u00e9raires balis\u00e9s pour les Aiguilles de Baulmes puis le Col de l\u2019Aiguillon avec un retour sur Sainte-Croix selon votre choix. Il est aussi possible de monter au col de l\u2019Aiguillon depuis Baulmes et faire le chemin inverse jusqu\u2019au Mont de Baulmes.<\/p>\n<p><strong>Terroir montagnard:<\/strong> les fameux beignets au fromage ou la fondue 100% Gruy\u00e8re de ce restaurant du Mont de Baulmes (r\u00e9server au 024 454 24 89). Les cro\u00fbtes au fromage et les cornets \u00e0 la cr\u00e8me du chalet de Grange-Neuve (024 459 11 81), sur la route du col.<\/p>\n<p><a href=\"http:\/\/www.sainte-croix-les-rasses-tourisme.ch\/\">www.sainte-croix-les-rasses-tourisme.ch<\/a>, <a href=\"http:\/\/www.rando-jura.ch\/\">www.rando-jura.ch<\/a><\/p>\n<hr \/>\n<p style=\"text-align: right;\">\u00a0<strong><a href=\"http:\/\/www.presstourism.ch\/WP_ALEX\/wp-content\/uploads\/2014\/10\/AiguillesBaulmesBalade-copie.pdf\">Lire ou t\u00e9l\u00e9charger l&rsquo;article de presse<\/a><\/strong><\/p>\n","protected":false},"excerpt":{"rendered":"<p>Falaises et panoramas vertigineux Les Aiguilles de Baulmes et la nouvelle croix qui a remplac\u00e9 celle qui avait \u00e9t\u00e9 cass\u00e9 par les intemp\u00e9ries. NORD VAUDOIS \u2013 Autour des Aiguilles de Baulmes, on peut varier les itin\u00e9raires \u00e0 sa guise avec &hellip; <a href=\"http:\/\/www.presstourism.ch\/?page_id=1142\">Continuer la lecture <span class=\"meta-nav\">&rarr;<\/span><\/a><\/p>\n","protected":false},"author":1,"featured_media":0,"parent":341,"menu_order":0,"comment_status":"open","ping_status":"open","template":"","meta":{"ngg_post_thumbnail":0,"spay_email":""},"jetpack_sharing_enabled":true,"jetpack_shortlink":"https:\/\/wp.me\/P468TV-iq","_links":{"self":[{"href":"http:\/\/www.presstourism.ch\/index.php?rest_route=\/wp\/v2\/pages\/1142"}],"collection":[{"href":"http:\/\/www.presstourism.ch\/index.php?rest_route=\/wp\/v2\/pages"}],"about":[{"href":"http:\/\/www.presstourism.ch\/index.php?rest_route=\/wp\/v2\/types\/page"}],"author":[{"embeddable":true,"href":"http:\/\/www.presstourism.ch\/index.php?rest_route=\/wp\/v2\/users\/1"}],"replies":[{"embeddable":true,"href":"http:\/\/www.presstourism.ch\/index.php?rest_route=%2Fwp%2Fv2%2Fcomments&post=1142"}],"version-history":[{"count":7,"href":"http:\/\/www.presstourism.ch\/index.php?rest_route=\/wp\/v2\/pages\/1142\/revisions"}],"predecessor-version":[{"id":1161,"href":"http:\/\/www.presstourism.ch\/index.php?rest_route=\/wp\/v2\/pages\/1142\/revisions\/1161"}],"up":[{"embeddable":true,"href":"http:\/\/www.presstourism.ch\/index.php?rest_route=\/wp\/v2\/pages\/341"}],"wp:attachment":[{"href":"http:\/\/www.presstourism.ch\/index.php?rest_route=%2Fwp%2Fv2%2Fmedia&parent=1142"}],"curies":[{"name":"wp","href":"https:\/\/api.w.org\/{rel}","templated":true}]}}