{"id":1124,"date":"2014-10-01T14:22:20","date_gmt":"2014-10-01T13:22:20","guid":{"rendered":"http:\/\/www.presstourism.ch\/WP_ALEX\/?page_id=1124"},"modified":"2014-10-01T14:22:49","modified_gmt":"2014-10-01T13:22:49","slug":"a-bourg-en-bresse-la-gourmande","status":"publish","type":"page","link":"http:\/\/www.presstourism.ch\/?page_id=1124","title":{"rendered":"\u00c0 Bourg-en-Bresse la gourmande"},"content":{"rendered":"<p>&nbsp;<\/p>\n<p><a href=\"https:\/\/i1.wp.com\/www.presstourism.ch\/WP_ALEX\/wp-content\/uploads\/2014\/10\/1BMuse\u00a6\u00fcedelaBresse.jpg\"><img loading=\"lazy\" class=\"alignnone size-medium wp-image-1126 aligncenter\" src=\"https:\/\/i2.wp.com\/www.presstourism.ch\/WP_ALEX\/wp-content\/uploads\/2014\/10\/1BMuse\u00a6\u00fcedelaBresse-300x199.jpg?resize=300%2C199\" alt=\"1BMuse\u00a6\u00fcedelaBresse\" width=\"300\" height=\"199\" srcset=\"https:\/\/i1.wp.com\/www.presstourism.ch\/wp-content\/uploads\/2014\/10\/1BMuse\u00a6\u00fcedelaBresse.jpg?resize=300%2C199 300w, https:\/\/i1.wp.com\/www.presstourism.ch\/wp-content\/uploads\/2014\/10\/1BMuse\u00a6\u00fcedelaBresse.jpg?resize=600%2C399 600w, https:\/\/i1.wp.com\/www.presstourism.ch\/wp-content\/uploads\/2014\/10\/1BMuse\u00a6\u00fcedelaBresse.jpg?w=800 800w\" sizes=\"(max-width: 300px) 100vw, 300px\" data-recalc-dims=\"1\" \/><\/a><\/p>\n<p>\u00c0 moins d&rsquo;une heure de Gen\u00e8ve, cette ville d\u2019histoire et de gastronomie est une destination id\u00e9ale pour passer un beau week-end, d\u00e9guster les fameux poulets bressans et d\u2019autres produits typiques du bocage.<\/p>\n<p>Si c\u2019est avant tout un lieu de s\u00e9jour gourmand, la Bresse est aussi une r\u00e9gion culturellement riche et un parfum de nature pour des excursions captivantes et des loisirs en famille. Qui ne conna\u00eet pas son fameux poulet, un d\u00e9lice quand on a l\u2019occasion d\u2019aller le d\u00e9guster \u00e0 la Brasserie Le Fran\u00e7ais, restaurant incontournable dans le c\u0153ur de Bourg-en-Bresse. C\u2019est un des lieux favoris de l\u2019humoriste et imitateur Laurent Gerra, le plus c\u00e9l\u00e8bre Bressan du monde, lorsqu\u2019il est de retour au pays.<\/p>\n<p>Son renom gastronomique, la Bresse le doit \u00e0 ses \u00e9leveurs, producteurs et artisans des m\u00e9tiers de bouche, qui perp\u00e9tuent avec passion la tradition. Les march\u00e9s color\u00e9s et anim\u00e9s en sont d\u2019ailleurs la meilleure illustration. Si vous vous d\u00e9cidez \u00e0 y aller, il est vraiment recommand\u00e9 de visiter un \u00e9levage de volailles par exemple chez Cyril D\u00e9gluaire, \u00e0 Saint-Cyr-sur-Menthon.<\/p>\n<p>Avant d\u2019aller admirer les fermes bressanes et leurs chemin\u00e9es sarrasines, embl\u00e8me de l\u2019histoire de la r\u00e9gion, en suivant la route de la Bresse, un parcours qui m\u00e8ne du chef-lieu \u00e0 la vall\u00e9e de la Sa\u00f4ne. Il y a en outre des \u00e9glises romanes et d\u2019autres jolis \u00e9difices dans plusieurs communes. Et il y a surtout l\u2019incontournable Mus\u00e9e d\u00e9partemental de la Bresse, au Domaine des Planons, lui aussi \u00e0 Saint-Cyr-sur-Menthon. Avec sa ferme class\u00e9e et un grand domaine naturel o\u00f9 les animaux sont rois.<\/p>\n<p>\u00c0 Bourg-en-Bresse, une balade vous conduira dans les petites rues avec ses maisons \u00e0 colombages, dans ses parcs, ses jardins et fontaines et au Monast\u00e8re royal de Brou. C\u2019est le chef-d\u2019\u0153uvre d\u2019une fille d\u2019empereur, dont l\u2019\u00e9glise \u00e0 la fa\u00e7ade gothique flamboyante et aux clo\u00eetres majestueux est une des plus belles de France.<\/p>\n<p style=\"text-align: right;\"><strong>Texte et photos: Roger Juillerat<\/strong><\/p>\n<hr \/>\n<p>&nbsp;<\/p>\n<p><a href=\"https:\/\/i1.wp.com\/www.presstourism.ch\/WP_ALEX\/wp-content\/uploads\/2014\/10\/1AMuse\u00a6\u00fcedelaBresse.jpg\"><img loading=\"lazy\" class=\"size-medium wp-image-1125 aligncenter\" src=\"https:\/\/i1.wp.com\/www.presstourism.ch\/WP_ALEX\/wp-content\/uploads\/2014\/10\/1AMuse\u00a6\u00fcedelaBresse-300x199.jpg?resize=300%2C199\" alt=\"Balade La R\u008egion, ao\u009et 2014, Bourg-en-Bresse\" width=\"300\" height=\"199\" srcset=\"https:\/\/i0.wp.com\/www.presstourism.ch\/wp-content\/uploads\/2014\/10\/1AMuse\u00a6\u00fcedelaBresse.jpg?resize=300%2C199 300w, https:\/\/i0.wp.com\/www.presstourism.ch\/wp-content\/uploads\/2014\/10\/1AMuse\u00a6\u00fcedelaBresse.jpg?resize=600%2C399 600w, https:\/\/i0.wp.com\/www.presstourism.ch\/wp-content\/uploads\/2014\/10\/1AMuse\u00a6\u00fcedelaBresse.jpg?w=800 800w\" sizes=\"(max-width: 300px) 100vw, 300px\" data-recalc-dims=\"1\" \/><\/a> La ferme du Mus\u00e9e de la Bresse, au Domaine des Planons, avec ses panouilles et sa chemin\u00e9e sarrasine. Elle organise des journ\u00e9es bons plans pour les familles.<\/p>\n<p><a href=\"https:\/\/i2.wp.com\/www.presstourism.ch\/WP_ALEX\/wp-content\/uploads\/2014\/10\/2BourgEnBresse.jpg\"><img loading=\"lazy\" class=\"size-medium wp-image-1127 aligncenter\" src=\"https:\/\/i0.wp.com\/www.presstourism.ch\/WP_ALEX\/wp-content\/uploads\/2014\/10\/2BourgEnBresse-200x300.jpg?resize=200%2C300\" alt=\"Balade La R\u008egion, ao\u009et 2014, \u0088 Bourg-en-Bresse et r\u008egion\" width=\"200\" height=\"300\" srcset=\"https:\/\/i0.wp.com\/www.presstourism.ch\/wp-content\/uploads\/2014\/10\/2BourgEnBresse.jpg?resize=200%2C300 200w, https:\/\/i0.wp.com\/www.presstourism.ch\/wp-content\/uploads\/2014\/10\/2BourgEnBresse.jpg?w=600 600w\" sizes=\"(max-width: 200px) 100vw, 200px\" data-recalc-dims=\"1\" \/><\/a>Didier Goiffon, le chef \u00e9toil\u00e9 de la Marelle, \u00e0 P\u00e9ronnas, donne aussi des cours de cuisine. Ici la pr\u00e9paration d\u2019un poulet de Bresse selon la tradition.<\/p>\n<p><img loading=\"lazy\" class=\"size-medium wp-image-1128 aligncenter\" src=\"https:\/\/i0.wp.com\/www.presstourism.ch\/WP_ALEX\/wp-content\/uploads\/2014\/10\/3PouletdeBresse-300x199.jpg?resize=300%2C199\" alt=\"Balades La R\u008egion, ao\u009et 2014\" width=\"300\" height=\"199\" srcset=\"https:\/\/i2.wp.com\/www.presstourism.ch\/wp-content\/uploads\/2014\/10\/3PouletdeBresse.jpg?resize=300%2C199 300w, https:\/\/i2.wp.com\/www.presstourism.ch\/wp-content\/uploads\/2014\/10\/3PouletdeBresse.jpg?resize=600%2C399 600w, https:\/\/i2.wp.com\/www.presstourism.ch\/wp-content\/uploads\/2014\/10\/3PouletdeBresse.jpg?w=700 700w\" sizes=\"(max-width: 300px) 100vw, 300px\" data-recalc-dims=\"1\" \/><\/p>\n<p>Un des pr\u00e9s de l\u2019\u00e9levage de Cyril D\u00e9gluaire, o\u00f9 les poulets s\u2019\u00e9battent et mangent en toute libert\u00e9.<\/p>\n<p><img loading=\"lazy\" class=\"size-medium wp-image-1129 aligncenter\" src=\"https:\/\/i1.wp.com\/www.presstourism.ch\/WP_ALEX\/wp-content\/uploads\/2014\/10\/4PouletdeBresse-300x225.jpg?resize=300%2C225\" alt=\"4PouletdeBresse\" width=\"300\" height=\"225\" srcset=\"https:\/\/i2.wp.com\/www.presstourism.ch\/wp-content\/uploads\/2014\/10\/4PouletdeBresse.jpg?resize=300%2C225 300w, https:\/\/i2.wp.com\/www.presstourism.ch\/wp-content\/uploads\/2014\/10\/4PouletdeBresse.jpg?resize=600%2C450 600w, https:\/\/i2.wp.com\/www.presstourism.ch\/wp-content\/uploads\/2014\/10\/4PouletdeBresse.jpg?w=700 700w\" sizes=\"(max-width: 300px) 100vw, 300px\" data-recalc-dims=\"1\" \/><\/p>\n<p>Le poulet de Bresse dans l\u2019assiette: un v\u00e9ritable d\u00e9lice.<\/p>\n<p><a href=\"https:\/\/i0.wp.com\/www.presstourism.ch\/WP_ALEX\/wp-content\/uploads\/2014\/10\/5VieilleVilleBourgEnBr.jpg\"><img loading=\"lazy\" class=\"size-medium wp-image-1130 aligncenter\" src=\"https:\/\/i2.wp.com\/www.presstourism.ch\/WP_ALEX\/wp-content\/uploads\/2014\/10\/5VieilleVilleBourgEnBr-300x199.jpg?resize=300%2C199\" alt=\"5VieilleVilleBourgEnBr\" width=\"300\" height=\"199\" srcset=\"https:\/\/i1.wp.com\/www.presstourism.ch\/wp-content\/uploads\/2014\/10\/5VieilleVilleBourgEnBr.jpg?resize=300%2C199 300w, https:\/\/i1.wp.com\/www.presstourism.ch\/wp-content\/uploads\/2014\/10\/5VieilleVilleBourgEnBr.jpg?resize=600%2C399 600w, https:\/\/i1.wp.com\/www.presstourism.ch\/wp-content\/uploads\/2014\/10\/5VieilleVilleBourgEnBr.jpg?w=700 700w\" sizes=\"(max-width: 300px) 100vw, 300px\" data-recalc-dims=\"1\" \/><\/a><\/p>\n<p>Il fait bon d\u00e9couvrir le centre historique de Bourg-en-Bresse.<\/p>\n<p><img loading=\"lazy\" class=\"size-medium wp-image-1131 aligncenter\" src=\"https:\/\/i2.wp.com\/www.presstourism.ch\/WP_ALEX\/wp-content\/uploads\/2014\/10\/6AEgliseMonaste\u00a6\u00c7reBrou-300x199.jpg?resize=300%2C199\" alt=\"6AEgliseMonaste\u00a6\u00c7reBrou\" width=\"300\" height=\"199\" srcset=\"https:\/\/i2.wp.com\/www.presstourism.ch\/wp-content\/uploads\/2014\/10\/6AEgliseMonaste\u00a6\u00c7reBrou.jpg?resize=300%2C199 300w, https:\/\/i2.wp.com\/www.presstourism.ch\/wp-content\/uploads\/2014\/10\/6AEgliseMonaste\u00a6\u00c7reBrou.jpg?resize=600%2C399 600w, https:\/\/i2.wp.com\/www.presstourism.ch\/wp-content\/uploads\/2014\/10\/6AEgliseMonaste\u00a6\u00c7reBrou.jpg?w=700 700w\" sizes=\"(max-width: 300px) 100vw, 300px\" data-recalc-dims=\"1\" \/><\/p>\n<p><a href=\"https:\/\/i1.wp.com\/www.presstourism.ch\/WP_ALEX\/wp-content\/uploads\/2014\/10\/6BEgliseMonaste\u00a6\u00c7reBrou.jpg\"><img loading=\"lazy\" class=\"size-medium wp-image-1132 aligncenter\" src=\"https:\/\/i1.wp.com\/www.presstourism.ch\/WP_ALEX\/wp-content\/uploads\/2014\/10\/6BEgliseMonaste\u00a6\u00c7reBrou-200x300.jpg?resize=200%2C300\" alt=\"Balade La R\u008egion, ao\u009et 2014, Bourg-en-Bresse\" width=\"200\" height=\"300\" srcset=\"https:\/\/i1.wp.com\/www.presstourism.ch\/wp-content\/uploads\/2014\/10\/6BEgliseMonaste\u00a6\u00c7reBrou.jpg?resize=200%2C300 200w, https:\/\/i1.wp.com\/www.presstourism.ch\/wp-content\/uploads\/2014\/10\/6BEgliseMonaste\u00a6\u00c7reBrou.jpg?w=500 500w\" sizes=\"(max-width: 200px) 100vw, 200px\" data-recalc-dims=\"1\" \/><\/a>Inscrit dans le r\u00e9seau des monuments nationaux, le monast\u00e8re royal de Brou abrite une remarquable \u00e9glise, d\u2019admirables clo\u00eetres et d\u2019autres merveilles.<\/p>\n<p><a href=\"https:\/\/i2.wp.com\/www.presstourism.ch\/WP_ALEX\/wp-content\/uploads\/2014\/10\/7Ho\u00a6\u00e9telFrance.jpg\"><img loading=\"lazy\" class=\"size-medium wp-image-1133 aligncenter\" src=\"https:\/\/i0.wp.com\/www.presstourism.ch\/WP_ALEX\/wp-content\/uploads\/2014\/10\/7Ho\u00a6\u00e9telFrance-300x199.jpg?resize=300%2C199\" alt=\"7Ho\u00a6\u00e9telFrance\" width=\"300\" height=\"199\" srcset=\"https:\/\/i2.wp.com\/www.presstourism.ch\/wp-content\/uploads\/2014\/10\/7Ho\u00a6\u00e9telFrance.jpg?resize=300%2C199 300w, https:\/\/i2.wp.com\/www.presstourism.ch\/wp-content\/uploads\/2014\/10\/7Ho\u00a6\u00e9telFrance.jpg?resize=600%2C399 600w, https:\/\/i2.wp.com\/www.presstourism.ch\/wp-content\/uploads\/2014\/10\/7Ho\u00a6\u00e9telFrance.jpg?w=700 700w\" sizes=\"(max-width: 300px) 100vw, 300px\" data-recalc-dims=\"1\" \/><\/a><\/p>\n<p>Au centre ville, le Best Western H\u00f4tel de France est un trois \u00e9toiles de charme au style Belle \u00e9poque proposant tout le confort moderne.<\/p>\n<hr \/>\n<h2 style=\"text-align: center;\"><a href=\"http:\/\/www.presstourism.ch\/WP_ALEX\/wp-content\/uploads\/2014\/10\/BourgEnBresseBalade-copie.pdf\">Lire ou t\u00e9l\u00e9charger l&rsquo;article de presse<\/a><\/h2>\n<hr \/>\n<p>&nbsp;<\/p>\n<h2 style=\"text-align: center;\"><strong>Informations pratiques<\/strong><\/h2>\n<p><strong>Y aller:<\/strong> En TGV Lyria direct au d\u00e9part de Gen\u00e8ve. En voiture, il faut compter deux heures via Gen\u00e8ve.<\/p>\n<p><strong>Couettes et couverts:<\/strong> L\u2019H\u00f4tel de France bien plac\u00e9 pour rayonner en ville et dans la r\u00e9gion, <a href=\"http:\/\/www.bestwestern-hoteldefrance.com\/\">www.bestwestern-hoteldefrance.com<\/a>, et sa Brasserie, un restaurant du fameux cuisinier Georges Blanc. Le Fran\u00e7ais, Avenue Alsace-Lorraine 7, son ambiance et sa savoureuse cuisine maison, <a href=\"http:\/\/www.brasserielefrancais.com\/\">www.brasserielefrancais.com<\/a>. La Marelle \u00e0 P\u00e9ronnas, Av. de Lyon, un restaurant \u00e9toil\u00e9 avec la cuisine cr\u00e9ative de Didier Goiffon, <a href=\"http:\/\/www.lamarelle.fr\/\">www.lamarelle.fr<\/a>.<\/p>\n<p><strong>Se renseigner:<\/strong> Office du Tourisme de Bourg-en-Bresse, 00334 74\u00a022\u00a049\u00a040 et <a href=\"mailto:accueil@bourenbressetourisme.fr\">accueil@bourenbressetourisme.fr<\/a>, <a href=\"http:\/\/www.bourgenbressetourisme.fr\/\">www.bourgenbressetourisme.fr<\/a><\/p>\n<p>&nbsp;<\/p>\n","protected":false},"excerpt":{"rendered":"<p>&nbsp; \u00c0 moins d&rsquo;une heure de Gen\u00e8ve, cette ville d\u2019histoire et de gastronomie est une destination id\u00e9ale pour passer un beau week-end, d\u00e9guster les fameux poulets bressans et d\u2019autres produits typiques du bocage. Si c\u2019est avant tout un lieu de &hellip; <a href=\"http:\/\/www.presstourism.ch\/?page_id=1124\">Continuer la lecture <span class=\"meta-nav\">&rarr;<\/span><\/a><\/p>\n","protected":false},"author":1,"featured_media":0,"parent":293,"menu_order":0,"comment_status":"open","ping_status":"open","template":"","meta":{"ngg_post_thumbnail":0,"spay_email":""},"jetpack_sharing_enabled":true,"jetpack_shortlink":"https:\/\/wp.me\/P468TV-i8","_links":{"self":[{"href":"http:\/\/www.presstourism.ch\/index.php?rest_route=\/wp\/v2\/pages\/1124"}],"collection":[{"href":"http:\/\/www.presstourism.ch\/index.php?rest_route=\/wp\/v2\/pages"}],"about":[{"href":"http:\/\/www.presstourism.ch\/index.php?rest_route=\/wp\/v2\/types\/page"}],"author":[{"embeddable":true,"href":"http:\/\/www.presstourism.ch\/index.php?rest_route=\/wp\/v2\/users\/1"}],"replies":[{"embeddable":true,"href":"http:\/\/www.presstourism.ch\/index.php?rest_route=%2Fwp%2Fv2%2Fcomments&post=1124"}],"version-history":[{"count":1,"href":"http:\/\/www.presstourism.ch\/index.php?rest_route=\/wp\/v2\/pages\/1124\/revisions"}],"predecessor-version":[{"id":1135,"href":"http:\/\/www.presstourism.ch\/index.php?rest_route=\/wp\/v2\/pages\/1124\/revisions\/1135"}],"up":[{"embeddable":true,"href":"http:\/\/www.presstourism.ch\/index.php?rest_route=\/wp\/v2\/pages\/293"}],"wp:attachment":[{"href":"http:\/\/www.presstourism.ch\/index.php?rest_route=%2Fwp%2Fv2%2Fmedia&parent=1124"}],"curies":[{"name":"wp","href":"https:\/\/api.w.org\/{rel}","templated":true}]}}