{"id":111,"date":"2013-11-14T16:08:31","date_gmt":"2013-11-14T15:08:31","guid":{"rendered":"http:\/\/www.presstourism.ch\/WP_ALEX\/?page_id=111"},"modified":"2014-05-03T18:25:55","modified_gmt":"2014-05-03T17:25:55","slug":"galitch-saskia","status":"publish","type":"page","link":"http:\/\/www.presstourism.ch\/?page_id=111","title":{"rendered":"Galitch Saskia"},"content":{"rendered":"<p><a href=\"https:\/\/i1.wp.com\/www.presstourism.ch\/WP_ALEX\/wp-content\/uploads\/2013\/11\/Galitch.jpg\"><img loading=\"lazy\" class=\"alignnone size-medium wp-image-42\" src=\"https:\/\/i1.wp.com\/www.presstourism.ch\/WP_ALEX\/wp-content\/uploads\/2013\/11\/Galitch-225x300.jpg?resize=225%2C300\" alt=\"Galitch\" width=\"225\" height=\"300\" srcset=\"https:\/\/i0.wp.com\/www.presstourism.ch\/wp-content\/uploads\/2013\/11\/Galitch.jpg?resize=225%2C300 225w, https:\/\/i0.wp.com\/www.presstourism.ch\/wp-content\/uploads\/2013\/11\/Galitch.jpg?w=480 480w\" sizes=\"(max-width: 225px) 100vw, 225px\" data-recalc-dims=\"1\" \/><\/a><\/p>\n<p><strong>Publications:<\/strong><\/p>\n<p><a href=\"http:\/\/www.femina.ch\/loisirs\/voyages\/le-quebec-au-fil-du-saint-laurent\">Le Qu\u00e9bec au fil du Saint-Laurent<\/a><\/p>\n<p><strong>GALITCH, Saskia<\/strong><br \/>\nPlace des Notes-Bleues<br \/>\n1041 Naz<br \/>\nMobile: 079 637 16 55<br \/>\nM\u00e9dia: Le Matin \/ T\u00e9l\u00e9Top Matin<br \/>\nLangues: fran\u00e7ais, allemand, anglais, espagnol<\/p>\n","protected":false},"excerpt":{"rendered":"<p>Publications: Le Qu\u00e9bec au fil du Saint-Laurent GALITCH, Saskia Place des Notes-Bleues 1041 Naz Mobile: 079 637 16 55 M\u00e9dia: Le Matin \/ T\u00e9l\u00e9Top Matin Langues: fran\u00e7ais, allemand, anglais, espagnol<\/p>\n","protected":false},"author":1,"featured_media":0,"parent":76,"menu_order":0,"comment_status":"open","ping_status":"open","template":"","meta":{"ngg_post_thumbnail":0,"spay_email":""},"jetpack_sharing_enabled":true,"jetpack_shortlink":"https:\/\/wp.me\/P468TV-1N","_links":{"self":[{"href":"http:\/\/www.presstourism.ch\/index.php?rest_route=\/wp\/v2\/pages\/111"}],"collection":[{"href":"http:\/\/www.presstourism.ch\/index.php?rest_route=\/wp\/v2\/pages"}],"about":[{"href":"http:\/\/www.presstourism.ch\/index.php?rest_route=\/wp\/v2\/types\/page"}],"author":[{"embeddable":true,"href":"http:\/\/www.presstourism.ch\/index.php?rest_route=\/wp\/v2\/users\/1"}],"replies":[{"embeddable":true,"href":"http:\/\/www.presstourism.ch\/index.php?rest_route=%2Fwp%2Fv2%2Fcomments&post=111"}],"version-history":[{"count":5,"href":"http:\/\/www.presstourism.ch\/index.php?rest_route=\/wp\/v2\/pages\/111\/revisions"}],"predecessor-version":[{"id":738,"href":"http:\/\/www.presstourism.ch\/index.php?rest_route=\/wp\/v2\/pages\/111\/revisions\/738"}],"up":[{"embeddable":true,"href":"http:\/\/www.presstourism.ch\/index.php?rest_route=\/wp\/v2\/pages\/76"}],"wp:attachment":[{"href":"http:\/\/www.presstourism.ch\/index.php?rest_route=%2Fwp%2Fv2%2Fmedia&parent=111"}],"curies":[{"name":"wp","href":"https:\/\/api.w.org\/{rel}","templated":true}]}}