{"id":109,"date":"2013-11-14T13:10:28","date_gmt":"2013-11-14T12:10:28","guid":{"rendered":"http:\/\/www.presstourism.ch\/WP_ALEX\/?page_id=109"},"modified":"2019-07-08T06:43:31","modified_gmt":"2019-07-08T05:43:31","slug":"de-lucia-colette","status":"publish","type":"page","link":"http:\/\/www.presstourism.ch\/?page_id=109","title":{"rendered":"de Lucia Colette"},"content":{"rendered":"<p><strong><a href=\"https:\/\/i0.wp.com\/www.presstourism.ch\/WP_ALEX\/wp-content\/uploads\/2013\/11\/de-Lucia.jpg\"><img loading=\"lazy\" class=\"alignnone size-full wp-image-39\" src=\"https:\/\/i0.wp.com\/www.presstourism.ch\/WP_ALEX\/wp-content\/uploads\/2013\/11\/de-Lucia.jpg?resize=116%2C147\" alt=\"de Lucia\" width=\"116\" height=\"147\" data-recalc-dims=\"1\" \/><\/a><br \/>\n<\/strong><\/p>\n<p><strong>Nouveau site:<\/strong><\/p>\n<p><a href=\"http:\/\/www.echappeesbelles.ch\">www.echappeesbelles.ch<\/a><\/p>\n<p><strong>Quelques publications:<\/strong><br \/>\n<a href=\"http:\/\/sb4-1.infomaniak.ch\/sites\/c4\/c493c95f91125629724acfd1fee9774f\/attachments\/File\/deLucia20080708_p38_Yvoire_et_les_Carroz.pdf\"><br \/>\nYvoire et Les Carroz<\/a><br \/>\n<a href=\"http:\/\/sb4-1.infomaniak.ch\/sites\/c4\/c493c95f91125629724acfd1fee9774f\/attachments\/File\/deLucia200910_Salins_les_bains.pdf\"><br \/>\nSalins-les-Bains<\/a><br \/>\n<a href=\"http:\/\/sb4-1.infomaniak.ch\/sites\/c4\/c493c95f91125629724acfd1fee9774f\/attachments\/File\/deLuciaBiarritz.pdf\"><br \/>\nBiarritz imp\u00e9riale<\/a><br \/>\n<a href=\"http:\/\/sb4-1.infomaniak.ch\/sites\/c4\/c493c95f91125629724acfd1fee9774f\/attachments\/File\/deLuciaLoisirs_Salins_Unesco.pdf\"><br \/>\nSalins, tr\u00e9sor de l&rsquo;Unesco<\/a><br \/>\n<a href=\"http:\/\/sb4-1.infomaniak.ch\/sites\/c4\/c493c95f91125629724acfd1fee9774f\/attachments\/File\/deLuciaLoisirs-Frontalier-Mag-dec-09_Montb__liard.pdf\"><br \/>\nR\u00e9veillon \u00e0 Montb\u00e9liard<\/a><\/p>\n<h4><b>DE LUCIA, Colette<\/b><\/h4>\n<h4>Poste restante \/ 1241 Puplinge<\/h4>\n<p>Mobile: 079 292 93 10<br \/>\nEmail: <b><a href=\"mailto:colette.de.lucia@me.com\">colette.de.lucia@me.com<\/a><\/b><br \/>\nFonction: Journaliste RP, \u00e9ditrice, \u00e9crivain<br \/>\nM\u00e9dia: Echapp\u00e9es Belles: <a href=\"http:\/\/www.echappeesbelles.ch\">www.echappeesbelles.ch<\/a><br \/>\nLangues: Fran\u00e7ais, italien, anglais<\/p>\n","protected":false},"excerpt":{"rendered":"<p>Nouveau site: www.echappeesbelles.ch Quelques publications: Yvoire et Les Carroz Salins-les-Bains Biarritz imp\u00e9riale Salins, tr\u00e9sor de l&rsquo;Unesco R\u00e9veillon \u00e0 Montb\u00e9liard DE LUCIA, Colette Poste restante \/ 1241 Puplinge Mobile: 079 292 93 10 Email: colette.de.lucia@me.com Fonction: Journaliste RP, \u00e9ditrice, \u00e9crivain M\u00e9dia: &hellip; <a href=\"http:\/\/www.presstourism.ch\/?page_id=109\">Continuer la lecture <span class=\"meta-nav\">&rarr;<\/span><\/a><\/p>\n","protected":false},"author":1,"featured_media":0,"parent":76,"menu_order":0,"comment_status":"open","ping_status":"open","template":"","meta":{"ngg_post_thumbnail":0,"spay_email":""},"jetpack_sharing_enabled":true,"jetpack_shortlink":"https:\/\/wp.me\/P468TV-1L","_links":{"self":[{"href":"http:\/\/www.presstourism.ch\/index.php?rest_route=\/wp\/v2\/pages\/109"}],"collection":[{"href":"http:\/\/www.presstourism.ch\/index.php?rest_route=\/wp\/v2\/pages"}],"about":[{"href":"http:\/\/www.presstourism.ch\/index.php?rest_route=\/wp\/v2\/types\/page"}],"author":[{"embeddable":true,"href":"http:\/\/www.presstourism.ch\/index.php?rest_route=\/wp\/v2\/users\/1"}],"replies":[{"embeddable":true,"href":"http:\/\/www.presstourism.ch\/index.php?rest_route=%2Fwp%2Fv2%2Fcomments&post=109"}],"version-history":[{"count":6,"href":"http:\/\/www.presstourism.ch\/index.php?rest_route=\/wp\/v2\/pages\/109\/revisions"}],"predecessor-version":[{"id":5985,"href":"http:\/\/www.presstourism.ch\/index.php?rest_route=\/wp\/v2\/pages\/109\/revisions\/5985"}],"up":[{"embeddable":true,"href":"http:\/\/www.presstourism.ch\/index.php?rest_route=\/wp\/v2\/pages\/76"}],"wp:attachment":[{"href":"http:\/\/www.presstourism.ch\/index.php?rest_route=%2Fwp%2Fv2%2Fmedia&parent=109"}],"curies":[{"name":"wp","href":"https:\/\/api.w.org\/{rel}","templated":true}]}}