{"id":106,"date":"2013-11-14T13:07:36","date_gmt":"2013-11-14T12:07:36","guid":{"rendered":"http:\/\/www.presstourism.ch\/WP_ALEX\/?page_id=106"},"modified":"2024-04-13T12:02:25","modified_gmt":"2024-04-13T10:02:25","slug":"decotte-alex","status":"publish","type":"page","link":"http:\/\/www.presstourism.ch\/?page_id=106","title":{"rendered":"D\u00e9cotte Alex"},"content":{"rendered":"\n<figure class=\"wp-block-image\"><img loading=\"lazy\" width=\"234\" height=\"300\" src=\"https:\/\/i1.wp.com\/www.presstourism.ch\/WP_ALEX\/wp-content\/uploads\/2013\/11\/Orchis-DSC08046-234x300.jpg?resize=234%2C300\" alt=\"Orchis DSC08046\" class=\"wp-image-2411\" srcset=\"https:\/\/i2.wp.com\/www.presstourism.ch\/wp-content\/uploads\/2013\/11\/Orchis-DSC08046.jpg?resize=234%2C300 234w, https:\/\/i2.wp.com\/www.presstourism.ch\/wp-content\/uploads\/2013\/11\/Orchis-DSC08046.jpg?resize=600%2C769 600w, https:\/\/i2.wp.com\/www.presstourism.ch\/wp-content\/uploads\/2013\/11\/Orchis-DSC08046.jpg?w=744 744w\" sizes=\"(max-width: 234px) 100vw, 234px\" data-recalc-dims=\"1\" \/><\/figure>\n\n\n\n<p><strong>Alex D\u00e9cotte \/&nbsp;<\/strong>Journaliste et r\u00e9alisateur \/ Avenue Sainte-C\u00e9cile 25 \/ CH &#8211; 1217 Meyrin \/ T\u00e9l. +4122 731 52 45 Mobile: +4179 200 77 45<br><a href=\"mailto:decotte@gmail.com\">decotte@gmail.com<\/a><br><a href=\"http:\/\/www.alexdecotte.com\">www.alexdecotte.com<\/a><br><a href=\"http:\/\/www.bourlingue.net\">www.bourlingue.net<\/a><br><a href=\"http:\/\/fr.youtube.com\/alexdecotte\">http:\/\/fr.youtube.com\/alexdecotte<\/a><\/p>\n\n\n\n<p><blockquote class=\"wp-embedded-content\" data-secret=\"auuJDUM7N1\"><a href=\"http:\/\/www.presstourism.ch\/?page_id=8125\">Rivi\u00e8res \u00e0 sec<\/a><\/blockquote><iframe class=\"wp-embedded-content\" sandbox=\"allow-scripts\" security=\"restricted\" style=\"position: absolute; clip: rect(1px, 1px, 1px, 1px);\" title=\"\u00ab\u00a0Rivi\u00e8res \u00e0 sec\u00a0\u00bb &#8212; presstourism.ch\" src=\"http:\/\/www.presstourism.ch\/?page_id=8125&#038;embed=true#?secret=auuJDUM7N1\" data-secret=\"auuJDUM7N1\" width=\"584\" height=\"329\" frameborder=\"0\" marginwidth=\"0\" marginheight=\"0\" scrolling=\"no\"><\/iframe><\/p>\n\n\n\n<p><\/p>\n\n\n\n<figure class=\"wp-block-embed is-type-wp-embed is-provider-presstourism-ch wp-block-embed-presstourism-ch\"><div class=\"wp-block-embed__wrapper\">\n<blockquote class=\"wp-embedded-content\" data-secret=\"HXdIEMy2Ic\"><a href=\"http:\/\/www.presstourism.ch\/?page_id=6727\">Provence<\/a><\/blockquote><iframe class=\"wp-embedded-content\" sandbox=\"allow-scripts\" security=\"restricted\" style=\"position: absolute; clip: rect(1px, 1px, 1px, 1px);\" title=\"\u00ab\u00a0Provence\u00a0\u00bb &#8212; presstourism.ch\" src=\"http:\/\/www.presstourism.ch\/?page_id=6727&#038;embed=true#?secret=HXdIEMy2Ic\" data-secret=\"HXdIEMy2Ic\" width=\"584\" height=\"329\" frameborder=\"0\" marginwidth=\"0\" marginheight=\"0\" scrolling=\"no\"><\/iframe>\n<\/div><\/figure>\n\n\n\n<figure class=\"wp-block-embed is-type-wp-embed is-provider-presstourism-ch wp-block-embed-presstourism-ch\"><div class=\"wp-block-embed__wrapper\">\n<blockquote class=\"wp-embedded-content\" data-secret=\"SGadvot5eV\"><a href=\"http:\/\/www.presstourism.ch\/?page_id=6590\">La grande aventure du Transsib\u00e9rien<\/a><\/blockquote><iframe class=\"wp-embedded-content\" sandbox=\"allow-scripts\" security=\"restricted\" style=\"position: absolute; clip: rect(1px, 1px, 1px, 1px);\" title=\"\u00ab\u00a0La grande aventure du Transsib\u00e9rien\u00a0\u00bb &#8212; presstourism.ch\" src=\"http:\/\/www.presstourism.ch\/?page_id=6590&#038;embed=true#?secret=SGadvot5eV\" data-secret=\"SGadvot5eV\" width=\"584\" height=\"329\" frameborder=\"0\" marginwidth=\"0\" marginheight=\"0\" scrolling=\"no\"><\/iframe>\n<\/div><\/figure>\n\n\n<figure class=\"wp-block-embed-wordpress wp-block-embed is-type-wp-embed is-provider-presstourism-ch\">\n<div class=\"wp-block-embed__wrapper\">http:\/\/www.presstourism.ch\/?page_id=6484<\/div>\n<\/figure>\n\n\n<figure class=\"wp-block-embed-wordpress wp-block-embed is-type-wp-embed is-provider-presstourism-ch\"><div class=\"wp-block-embed__wrapper\">\n<blockquote class=\"wp-embedded-content\" data-secret=\"5qmiCMjI09\"><a href=\"http:\/\/www.presstourism.ch\/?page_id=5664\">A voir et \u00e0 vivre: l&rsquo;Arm\u00e9nie<\/a><\/blockquote><iframe class=\"wp-embedded-content\" sandbox=\"allow-scripts\" security=\"restricted\" style=\"position: absolute; clip: rect(1px, 1px, 1px, 1px);\" title=\"\u00ab\u00a0A voir et \u00e0 vivre: l&rsquo;Arm\u00e9nie\u00a0\u00bb &#8212; presstourism.ch\" src=\"http:\/\/www.presstourism.ch\/?page_id=5664&#038;embed=true#?secret=5qmiCMjI09\" data-secret=\"5qmiCMjI09\" width=\"584\" height=\"329\" frameborder=\"0\" marginwidth=\"0\" marginheight=\"0\" scrolling=\"no\"><\/iframe>\n<\/div><\/figure>\n\n\n\n<figure class=\"wp-block-embed-wordpress wp-block-embed is-type-wp-embed is-provider-presstourism-ch\"><div class=\"wp-block-embed__wrapper\">\n<blockquote class=\"wp-embedded-content\" data-secret=\"gpxbDDyZay\"><a href=\"http:\/\/www.presstourism.ch\/?page_id=5688\">Alphabet<\/a><\/blockquote><iframe class=\"wp-embedded-content\" sandbox=\"allow-scripts\" security=\"restricted\" style=\"position: absolute; clip: rect(1px, 1px, 1px, 1px);\" title=\"\u00ab\u00a0Alphabet\u00a0\u00bb &#8212; presstourism.ch\" src=\"http:\/\/www.presstourism.ch\/?page_id=5688&#038;embed=true#?secret=gpxbDDyZay\" data-secret=\"gpxbDDyZay\" width=\"584\" height=\"329\" frameborder=\"0\" marginwidth=\"0\" marginheight=\"0\" scrolling=\"no\"><\/iframe>\n<\/div><\/figure>\n\n\n\n<figure class=\"wp-block-embed-wordpress wp-block-embed is-type-wp-embed is-provider-presstourism-ch\"><div class=\"wp-block-embed__wrapper\">\n<blockquote class=\"wp-embedded-content\" data-secret=\"xkz3bKZbiP\"><a href=\"http:\/\/www.presstourism.ch\/?page_id=5711\">Amberd<\/a><\/blockquote><iframe class=\"wp-embedded-content\" sandbox=\"allow-scripts\" security=\"restricted\" style=\"position: absolute; clip: rect(1px, 1px, 1px, 1px);\" title=\"\u00ab\u00a0Amberd\u00a0\u00bb &#8212; presstourism.ch\" src=\"http:\/\/www.presstourism.ch\/?page_id=5711&#038;embed=true#?secret=xkz3bKZbiP\" data-secret=\"xkz3bKZbiP\" width=\"584\" height=\"329\" frameborder=\"0\" marginwidth=\"0\" marginheight=\"0\" scrolling=\"no\"><\/iframe>\n<\/div><\/figure>\n\n\n\n<figure class=\"wp-block-embed-wordpress wp-block-embed is-type-wp-embed is-provider-presstourism-ch\"><div class=\"wp-block-embed__wrapper\">\n<blockquote class=\"wp-embedded-content\" data-secret=\"VR8HzTWzeG\"><a href=\"http:\/\/www.presstourism.ch\/?p=5744\">Areni, premier vin du monde<\/a><\/blockquote><iframe class=\"wp-embedded-content\" sandbox=\"allow-scripts\" security=\"restricted\" style=\"position: absolute; clip: rect(1px, 1px, 1px, 1px);\" title=\"\u00ab\u00a0Areni, premier vin du monde\u00a0\u00bb &#8212; presstourism.ch\" src=\"http:\/\/www.presstourism.ch\/?p=5744&#038;embed=true#?secret=VR8HzTWzeG\" data-secret=\"VR8HzTWzeG\" width=\"584\" height=\"329\" frameborder=\"0\" marginwidth=\"0\" marginheight=\"0\" scrolling=\"no\"><\/iframe>\n<\/div><\/figure>\n\n\n\n<figure class=\"wp-block-embed-wordpress wp-block-embed is-type-wp-embed is-provider-presstourism-ch\"><div class=\"wp-block-embed__wrapper\">\n<blockquote class=\"wp-embedded-content\" data-secret=\"kNgxViwSNN\"><a href=\"http:\/\/www.presstourism.ch\/?page_id=5796\">Aznavour<\/a><\/blockquote><iframe class=\"wp-embedded-content\" sandbox=\"allow-scripts\" security=\"restricted\" style=\"position: absolute; clip: rect(1px, 1px, 1px, 1px);\" title=\"\u00ab\u00a0Aznavour\u00a0\u00bb &#8212; presstourism.ch\" src=\"http:\/\/www.presstourism.ch\/?page_id=5796&#038;embed=true#?secret=kNgxViwSNN\" data-secret=\"kNgxViwSNN\" width=\"584\" height=\"329\" frameborder=\"0\" marginwidth=\"0\" marginheight=\"0\" scrolling=\"no\"><\/iframe>\n<\/div><\/figure>\n\n\n\n<figure class=\"wp-block-embed-wordpress wp-block-embed is-type-wp-embed is-provider-presstourism-ch\"><div class=\"wp-block-embed__wrapper\">\n<blockquote class=\"wp-embedded-content\" data-secret=\"9sqoSmVL05\"><a href=\"http:\/\/www.presstourism.ch\/?page_id=5188\">Caravanes de sel<\/a><\/blockquote><iframe class=\"wp-embedded-content\" sandbox=\"allow-scripts\" security=\"restricted\" style=\"position: absolute; clip: rect(1px, 1px, 1px, 1px);\" title=\"\u00ab\u00a0Caravanes de sel\u00a0\u00bb &#8212; presstourism.ch\" src=\"http:\/\/www.presstourism.ch\/?page_id=5188&#038;embed=true#?secret=9sqoSmVL05\" data-secret=\"9sqoSmVL05\" width=\"584\" height=\"329\" frameborder=\"0\" marginwidth=\"0\" marginheight=\"0\" scrolling=\"no\"><\/iframe>\n<\/div><\/figure>\n\n\n\n<figure class=\"wp-block-embed-wordpress wp-block-embed is-type-wp-embed is-provider-presstourism-ch\"><div class=\"wp-block-embed__wrapper\">\n<blockquote class=\"wp-embedded-content\" data-secret=\"wzxxaYTYA2\"><a href=\"http:\/\/www.presstourism.ch\/?page_id=5177\">Rio Cauca<\/a><\/blockquote><iframe class=\"wp-embedded-content\" sandbox=\"allow-scripts\" security=\"restricted\" style=\"position: absolute; clip: rect(1px, 1px, 1px, 1px);\" title=\"\u00ab\u00a0Rio Cauca\u00a0\u00bb &#8212; presstourism.ch\" src=\"http:\/\/www.presstourism.ch\/?page_id=5177&#038;embed=true#?secret=wzxxaYTYA2\" data-secret=\"wzxxaYTYA2\" width=\"584\" height=\"329\" frameborder=\"0\" marginwidth=\"0\" marginheight=\"0\" scrolling=\"no\"><\/iframe>\n<\/div><\/figure>\n\n\n\n<figure class=\"wp-block-embed-wordpress wp-block-embed is-type-wp-embed is-provider-presstourism-ch\"><div class=\"wp-block-embed__wrapper\">\n<blockquote class=\"wp-embedded-content\" data-secret=\"Aqgimsk4Dn\"><a href=\"http:\/\/www.presstourism.ch\/?page_id=2426\">Angola: rod\u00e9o au p\u00e9nitencier<\/a><\/blockquote><iframe class=\"wp-embedded-content\" sandbox=\"allow-scripts\" security=\"restricted\" style=\"position: absolute; clip: rect(1px, 1px, 1px, 1px);\" title=\"\u00ab\u00a0Angola: rod\u00e9o au p\u00e9nitencier\u00a0\u00bb &#8212; presstourism.ch\" src=\"http:\/\/www.presstourism.ch\/?page_id=2426&#038;embed=true#?secret=Aqgimsk4Dn\" data-secret=\"Aqgimsk4Dn\" width=\"584\" height=\"329\" frameborder=\"0\" marginwidth=\"0\" marginheight=\"0\" scrolling=\"no\"><\/iframe>\n<\/div><\/figure>\n\n\n\n<figure class=\"wp-block-embed-wordpress wp-block-embed is-type-wp-embed is-provider-presstourism-ch\"><div class=\"wp-block-embed__wrapper\">\n<blockquote class=\"wp-embedded-content\" data-secret=\"tduXvBryZu\"><a href=\"http:\/\/www.presstourism.ch\/?page_id=4943\">Bosnie, trag\u00e9die vivante<\/a><\/blockquote><iframe class=\"wp-embedded-content\" sandbox=\"allow-scripts\" security=\"restricted\" style=\"position: absolute; clip: rect(1px, 1px, 1px, 1px);\" title=\"\u00ab\u00a0Bosnie, trag\u00e9die vivante\u00a0\u00bb &#8212; presstourism.ch\" src=\"http:\/\/www.presstourism.ch\/?page_id=4943&#038;embed=true#?secret=tduXvBryZu\" data-secret=\"tduXvBryZu\" width=\"584\" height=\"329\" frameborder=\"0\" marginwidth=\"0\" marginheight=\"0\" scrolling=\"no\"><\/iframe>\n<\/div><\/figure>\n\n\n\n<figure class=\"wp-block-embed-wordpress wp-block-embed is-type-wp-embed is-provider-presstourism-ch\"><div class=\"wp-block-embed__wrapper\">\n<blockquote class=\"wp-embedded-content\" data-secret=\"ngz7OJg9N3\"><a href=\"http:\/\/www.presstourism.ch\/?p=2423\">S\u00e9millante Bonifacio<\/a><\/blockquote><iframe class=\"wp-embedded-content\" sandbox=\"allow-scripts\" security=\"restricted\" style=\"position: absolute; clip: rect(1px, 1px, 1px, 1px);\" title=\"\u00ab\u00a0S\u00e9millante Bonifacio\u00a0\u00bb &#8212; presstourism.ch\" src=\"http:\/\/www.presstourism.ch\/?p=2423&#038;embed=true#?secret=ngz7OJg9N3\" data-secret=\"ngz7OJg9N3\" width=\"584\" height=\"329\" frameborder=\"0\" marginwidth=\"0\" marginheight=\"0\" scrolling=\"no\"><\/iframe>\n<\/div><\/figure>\n\n\n\n<figure class=\"wp-block-embed-wordpress wp-block-embed is-type-wp-embed is-provider-presstourism-ch\"><div class=\"wp-block-embed__wrapper\">\n<blockquote class=\"wp-embedded-content\" data-secret=\"HsJPf0EQs7\"><a href=\"http:\/\/www.presstourism.ch\/?page_id=2408\">Cuba subjectif<\/a><\/blockquote><iframe class=\"wp-embedded-content\" sandbox=\"allow-scripts\" security=\"restricted\" style=\"position: absolute; clip: rect(1px, 1px, 1px, 1px);\" title=\"\u00ab\u00a0Cuba subjectif\u00a0\u00bb &#8212; presstourism.ch\" src=\"http:\/\/www.presstourism.ch\/?page_id=2408&#038;embed=true#?secret=HsJPf0EQs7\" data-secret=\"HsJPf0EQs7\" width=\"584\" height=\"329\" frameborder=\"0\" marginwidth=\"0\" marginheight=\"0\" scrolling=\"no\"><\/iframe>\n<\/div><\/figure>\n\n\n\n<p><strong>Reportages vid\u00e9o:<\/strong><\/p>\n\n\n\n<p><strong><a href=\"https:\/\/www.youtube.com\/user\/ALEXDECOTTE\">Cha\u00eene YouTube<\/a><\/strong><br><a href=\"http:\/\/www.youtube.com\/watch?v=_HX4QVcQd5k\"><br>Air Solidarit\u00e9 en Afrique<\/a><br><a href=\"http:\/\/www.alexdecotte.com\/8.html\"><br>De l&rsquo;URSS \u00e0 la Russie<\/a><br><a href=\"http:\/\/www.youtube.com\/watch?v=NFmLLL6ySa8\"><br>Elephants orphelins au Kenya<\/a><br><a href=\"http:\/\/www.alexdecotte.com\/10.html\"><br>Indiens et Rod\u00e9os au Canada<\/a><br><a href=\"http:\/\/www.youtube.com\/watch?v=3K-7r3poiRw\"><br>Burkina: La danses des fesses \u00e0 Ouagadougou<\/a><br><a href=\"http:\/\/www.youtube.com\/watch?v=lm-vquyXlP0\"><br>Maroc: La possession des Gnawas <\/a><br><a href=\"http:\/\/www.youtube.com\/watch?v=FwfLZ490SKQ\"><br>Maximilien Bruggmann, un homme, une vie<\/a><br><a href=\"http:\/\/www.youtube.com\/watch?v=e1TCJbXOTrs\"><br>Rodrigues : laval et polkarisse<\/a><br><a href=\"http:\/\/www.youtube.com\/watch?v=DpJJlUQi3V4\"><br>Rodrigues : le lagon du poisson-picasso<\/a><br><a href=\"http:\/\/www.alexdecotte.com\/7.html\"><br>Roumanie et Securitate<\/a> <a href=\"http:\/\/www.alexdecotte.com\/9.html\">Sahara alg\u00e9rien<\/a><br><a href=\"http:\/\/www.youtube.com\/watch?v=OYm8I-9FXZ0\"><br>Seychelles : La Digue de Molly la Douce<\/a><br><a href=\"http:\/\/www.youtube.com\/watch?v=b7RkLFSrb74\"><br>Seychelles : l\u2019\u00e9rotisme des cocofesses<\/a><br><a href=\"http:\/\/www.youtube.com\/watch?v=701a7GeoTp0\"><br>Un printemps au Sahara<\/a><\/p>\n\n\n\n<p><strong>Voyages en train<\/strong> \/ Transsib\u00e9rien<\/p>\n\n\n\n<p><a href=\"http:\/\/fr.youtube.com\/watch?v=vI4iZgAQA9c\">1. De Moscou \u00e0 Ekaterinbourg<\/a><br><a href=\"http:\/\/fr.youtube.com\/watch?v=NO1CdRetDB4\">2. Ekaterinbourg<br><\/a><a href=\"http:\/\/fr.youtube.com\/watch?v=PrFwKUb-A4s\">3. Novossibirsk<\/a><br><a href=\"http:\/\/fr.youtube.com\/watch?v=codf--mnV24\">4. Novossibirsk Irkoutsk<\/a><br><a href=\"http:\/\/fr.youtube.com\/watch?v=DCWGH1Ol05Q\">5. Le lac Ba\u00efkal<\/a><br><a href=\"http:\/\/fr.youtube.com\/watch?v=lg6ur_oO39Y\">6. Oulan Bator et le Gobi<\/a><br><a href=\"http:\/\/fr.youtube.com\/watch?v=UaJXOBd6jdY\">7. P\u00e9kin et la Grande Muraille<br><\/a><strong><br>Voyages en train<\/strong> \/ Orient Express<\/p>\n\n\n\n<p><a href=\"http:\/\/fr.youtube.com\/watch?v=Nl2-Qi8w2ww\">1. Un peu d&rsquo;histoire<\/a><br><a href=\"http:\/\/fr.youtube.com\/watch?v=FhyNIWwtXTY\">2. Paris &#8211; Venise<\/a><br><a href=\"http:\/\/fr.youtube.com\/watch?v=LLzC1ZNnwaM\">3. Venise &#8211; Budapest<\/a><br><a href=\"http:\/\/fr.youtube.com\/watch?v=Em_oZYeCsUg\">4. Budapest &#8211; Bucarest<\/a><br><a href=\"http:\/\/fr.youtube.com\/watch?v=bA2NfSmZ2rE\">5. Bucarest &#8211; Istanbul<\/a><\/p>\n\n\n\n<p><strong>Autres r\u00e9cits de voyages sur<\/strong> <strong><a href=\"http:\/\/www.bourlingue.net\">www.bourlingue.net<\/a><\/strong><\/p>\n\n\n\n<p><strong><br>DECOTTE, Alex<\/strong><br>Avenue Sainte-C\u00e9cile 25<br>1217 Meyrin \/ Gen\u00e8ve<br>T\u00e9l. 022 731 52 45, mobile: 079 200 77 45<br>Email: <a href=\"mailto:decotte@gmail.com\">decotte@gmail.com<\/a><br>Sites:<br><a href=\"http:\/\/www.alexdecotte.com\">www.alexdecotte.com<\/a><br><a href=\"http:\/\/www.bourlingue.net\">www.bourlingue.net<\/a><br><a href=\"http:\/\/fr.youtube.com\/alexdecotte\">http:\/\/fr.youtube.com\/alexdecotte<\/a><br>Fonction: journaliste, r\u00e9alisateur<br>M\u00e9dia: TSR1 et TSR2, TV5, RSR1<br>Langues: fran\u00e7ais, allemand, anglais, espagnol, roumain<\/p>\n","protected":false},"excerpt":{"rendered":"<p>Alex D\u00e9cotte \/&nbsp;Journaliste et r\u00e9alisateur \/ Avenue Sainte-C\u00e9cile 25 \/ CH &#8211; 1217 Meyrin \/ T\u00e9l. +4122 731 52 45 Mobile: +4179 200 77 45decotte@gmail.comwww.alexdecotte.comwww.bourlingue.nethttp:\/\/fr.youtube.com\/alexdecotte Rivi\u00e8res \u00e0 sec http:\/\/www.presstourism.ch\/?page_id=6484 Reportages vid\u00e9o: Cha\u00eene YouTubeAir Solidarit\u00e9 en AfriqueDe l&rsquo;URSS \u00e0 la RussieElephants &hellip; <a href=\"http:\/\/www.presstourism.ch\/?page_id=106\">Continuer la lecture <span class=\"meta-nav\">&rarr;<\/span><\/a><\/p>\n","protected":false},"author":1,"featured_media":0,"parent":76,"menu_order":0,"comment_status":"open","ping_status":"open","template":"","meta":{"ngg_post_thumbnail":0,"spay_email":""},"jetpack_sharing_enabled":true,"jetpack_shortlink":"https:\/\/wp.me\/P468TV-1I","_links":{"self":[{"href":"http:\/\/www.presstourism.ch\/index.php?rest_route=\/wp\/v2\/pages\/106"}],"collection":[{"href":"http:\/\/www.presstourism.ch\/index.php?rest_route=\/wp\/v2\/pages"}],"about":[{"href":"http:\/\/www.presstourism.ch\/index.php?rest_route=\/wp\/v2\/types\/page"}],"author":[{"embeddable":true,"href":"http:\/\/www.presstourism.ch\/index.php?rest_route=\/wp\/v2\/users\/1"}],"replies":[{"embeddable":true,"href":"http:\/\/www.presstourism.ch\/index.php?rest_route=%2Fwp%2Fv2%2Fcomments&post=106"}],"version-history":[{"count":36,"href":"http:\/\/www.presstourism.ch\/index.php?rest_route=\/wp\/v2\/pages\/106\/revisions"}],"predecessor-version":[{"id":9425,"href":"http:\/\/www.presstourism.ch\/index.php?rest_route=\/wp\/v2\/pages\/106\/revisions\/9425"}],"up":[{"embeddable":true,"href":"http:\/\/www.presstourism.ch\/index.php?rest_route=\/wp\/v2\/pages\/76"}],"wp:attachment":[{"href":"http:\/\/www.presstourism.ch\/index.php?rest_route=%2Fwp%2Fv2%2Fmedia&parent=106"}],"curies":[{"name":"wp","href":"https:\/\/api.w.org\/{rel}","templated":true}]}}