{"id":1050,"date":"2014-08-09T09:00:02","date_gmt":"2014-08-09T08:00:02","guid":{"rendered":"http:\/\/www.presstourism.ch\/WP_ALEX\/?page_id=1050"},"modified":"2024-04-13T00:22:38","modified_gmt":"2024-04-12T22:22:38","slug":"winterthour-merite-vraiment-le-detour","status":"publish","type":"page","link":"http:\/\/www.presstourism.ch\/?page_id=1050","title":{"rendered":"Winterthour m\u00e9rite vraiment le d\u00e9tour"},"content":{"rendered":"<p>Il y a d\u00e9j\u00e0 45 ans qu\u2019Yverdon-les-Bains a li\u00e9 des liens d\u2019amiti\u00e9 avec cette cit\u00e9 de Suisse al\u00e9manique, petit tr\u00e9sor d\u2019art, d\u2019histoire et de nature. Une bonne occasion d\u2019aller la d\u00e9couvrir.<\/p>\n<p>Ses nombreux mus\u00e9es renferment des collections d\u2019art prestigieuses alors que ses richesses architecturales, ses monuments et sa tradition du spectacle savent concilier l\u2019\u00e9l\u00e9gance citadine et le charme au naturel. Ville jumel\u00e9e avec Yverdon-les-Bains depuis 45 ans, Winterthour est une destination id\u00e9ale pour passer trois jours ou m\u00eame un peu plus riches de d\u00e9couvertes, d\u2019animations et de d\u00e9tente.<\/p>\n<p style=\"text-align: center;\"><a href=\"https:\/\/i1.wp.com\/www.presstourism.ch\/WP_ALEX\/wp-content\/uploads\/2014\/08\/1WinterthourBalade-copie.jpg\"><img loading=\"lazy\" class=\"alignnone size-medium wp-image-1051\" src=\"https:\/\/i2.wp.com\/www.presstourism.ch\/WP_ALEX\/wp-content\/uploads\/2014\/08\/1WinterthourBalade-copie-300x200.jpg?resize=300%2C200\" alt=\"Balades estivales La R\u008egion en 2014\" width=\"300\" height=\"200\" srcset=\"https:\/\/i0.wp.com\/www.presstourism.ch\/wp-content\/uploads\/2014\/08\/1WinterthourBalade-copie.jpg?resize=300%2C200 300w, https:\/\/i0.wp.com\/www.presstourism.ch\/wp-content\/uploads\/2014\/08\/1WinterthourBalade-copie.jpg?resize=600%2C400 600w, https:\/\/i0.wp.com\/www.presstourism.ch\/wp-content\/uploads\/2014\/08\/1WinterthourBalade-copie.jpg?w=900 900w\" sizes=\"(max-width: 300px) 100vw, 300px\" data-recalc-dims=\"1\" \/><\/a><\/p>\n<h5 style=\"text-align: center;\">Il fait bon fl\u00e2ner dans la vieille ville, dont cette vue a \u00e9t\u00e9 prise depuis l\u2019un des clochers de l&rsquo;\u00e9glise paroissiale Sankt Laurentius. \u00a9Tourisme Winterthour<\/h5>\n<p>Juste en face de la Bahnhofplatz, il faut emprunter les rues pi\u00e9tonnes pour rejoindre et admirer le charme intact de la vieille ville. Un c\u0153ur m\u00e9di\u00e9val qui bat du matin au soir au rythme des boutiques, des march\u00e9s et, en \u00e9t\u00e9, des festivals. Il suffit d\u2019y fl\u00e2ner pour se sentir en vacances et s\u2019attarder pourquoi pas sur la terrasse d\u2019un caf\u00e9 ou d\u2019un restaurant. Une autre option consiste \u00e0 rejoindre l\u2019aire Sulzer o\u00f9 les grosses machines se sont arr\u00eat\u00e9es pour donner naissance \u00e0 un quartier en pleine \u00e9volution. Car si la r\u00e9volution industrielle catapulta Winterthour vers l\u2019avenir, avec notamment son usine de locomotives, les ateliers, les bureaux et les entrep\u00f4ts de cette entreprise se sont transform\u00e9s en un quartier o\u00f9 les cath\u00e9drales de briques, toujours en mutation pour certaines, sont devenues des habitations, des ateliers d\u2019artistes et de designers, des salles de sport et de loisirs.<\/p>\n<h5 style=\"text-align: center;\"><a href=\"https:\/\/i2.wp.com\/www.presstourism.ch\/WP_ALEX\/wp-content\/uploads\/2014\/08\/2WinterthourBalade-copie.jpg\"><img loading=\"lazy\" class=\"alignnone size-medium wp-image-1052\" src=\"https:\/\/i2.wp.com\/www.presstourism.ch\/WP_ALEX\/wp-content\/uploads\/2014\/08\/2WinterthourBalade-copie-300x200.jpg?resize=300%2C200\" alt=\"Balades estivales 2014 La R\u008egion\" width=\"300\" height=\"200\" srcset=\"https:\/\/i0.wp.com\/www.presstourism.ch\/wp-content\/uploads\/2014\/08\/2WinterthourBalade-copie.jpg?resize=300%2C200 300w, https:\/\/i0.wp.com\/www.presstourism.ch\/wp-content\/uploads\/2014\/08\/2WinterthourBalade-copie.jpg?resize=600%2C400 600w, https:\/\/i0.wp.com\/www.presstourism.ch\/wp-content\/uploads\/2014\/08\/2WinterthourBalade-copie.jpg?w=900 900w\" sizes=\"(max-width: 300px) 100vw, 300px\" data-recalc-dims=\"1\" \/><\/a><\/h5>\n<h5 style=\"text-align: center;\">Les anciens entrep\u00f4ts de Sulzer ont laiss\u00e9 place \u00e0 des habitations, des ateliers d\u2019artistes et de designers ainsi que des restos sympas comme ici le Outback Lodge.<\/h5>\n<p>Depuis 2003, la Fondation suisse pour la photographie g\u00e8re dans un ancien b\u00e2timent industriel l\u2019h\u00e9ritage des plus grands photographes suisses et, dans l\u2019\u00e9difice voisin, le Centre de la photographie consacre 1300 m2 \u00e0 des expositions temporaires (Gr\u00fczenstrasse 44-45, <a href=\"http:\/\/www.fotomuseum.ch\/\">www.fotomuseum.ch<\/a>). Et quand on ajoutera que Winterthour est aussi une \u00abville-jardins\u00bb, avec un nombre impressionnant de parcs et d\u2019espaces verts, vous comprendrez qu\u2019elle le m\u00e9rite vraiment, ce d\u00e9tour\u2026<\/p>\n<h5 style=\"text-align: center;\"><a href=\"https:\/\/i1.wp.com\/www.presstourism.ch\/WP_ALEX\/wp-content\/uploads\/2014\/08\/3WinterthourBalade-copie.jpg\"><img loading=\"lazy\" class=\"alignnone size-medium wp-image-1053\" src=\"https:\/\/i0.wp.com\/www.presstourism.ch\/WP_ALEX\/wp-content\/uploads\/2014\/08\/3WinterthourBalade-copie-300x179.jpg?resize=300%2C179\" alt=\"Winterthour, balades estivales La R\u008egion 2014\" width=\"300\" height=\"179\" srcset=\"https:\/\/i2.wp.com\/www.presstourism.ch\/wp-content\/uploads\/2014\/08\/3WinterthourBalade-copie.jpg?resize=300%2C179 300w, https:\/\/i2.wp.com\/www.presstourism.ch\/wp-content\/uploads\/2014\/08\/3WinterthourBalade-copie.jpg?resize=600%2C359 600w, https:\/\/i2.wp.com\/www.presstourism.ch\/wp-content\/uploads\/2014\/08\/3WinterthourBalade-copie.jpg?w=900 900w\" sizes=\"(max-width: 300px) 100vw, 300px\" data-recalc-dims=\"1\" \/><\/a><\/h5>\n<h5 style=\"text-align: center;\">La nouvelle station de bus de l\u2019Hauptbahnhof, r\u00e9cemment r\u00e9am\u00e9nag\u00e9e avec un toit au design tout particulier et soutenu d\u2019un seul tenant.<\/h5>\n<p style=\"text-align: right;\"><strong>Texte et photos: Roger Juillerat<\/strong><\/p>\n<p>&nbsp;<\/p>\n<h5 style=\"text-align: center;\"><a href=\"https:\/\/i1.wp.com\/www.presstourism.ch\/WP_ALEX\/wp-content\/uploads\/2014\/08\/4BaladeWinterthour-copie.jpg\"><img loading=\"lazy\" class=\"alignnone size-medium wp-image-1054\" src=\"https:\/\/i2.wp.com\/www.presstourism.ch\/WP_ALEX\/wp-content\/uploads\/2014\/08\/4BaladeWinterthour-copie-256x300.jpg?resize=256%2C300\" alt=\"Balade \u0088 Winterthour, juillet 2015\" width=\"256\" height=\"300\" srcset=\"https:\/\/i0.wp.com\/www.presstourism.ch\/wp-content\/uploads\/2014\/08\/4BaladeWinterthour-copie.jpg?resize=256%2C300 256w, https:\/\/i0.wp.com\/www.presstourism.ch\/wp-content\/uploads\/2014\/08\/4BaladeWinterthour-copie.jpg?w=600 600w\" sizes=\"(max-width: 256px) 100vw, 256px\" data-recalc-dims=\"1\" \/><\/a><\/h5>\n<h5 style=\"text-align: center;\">Winterthour est aussi une ville verte et compte de jolies maisons \u00e0 colombages.<\/h5>\n<h2>Informations pratiques<\/h2>\n<p><strong>Y aller:<\/strong> Le plus simple est de s\u2019y rendre en train depuis la Suisse romande (dur\u00e9e de 2&nbsp;h&nbsp;30 depuis Yverdon et 3&nbsp;h&nbsp;30 depuis Gen\u00e8ve). La ville jumel\u00e9e compte de bons h\u00f4tels et restaurants.<\/p>\n<p><strong>\u00c0 voir aussi:<\/strong> Le Swiss Science Center Technorama et son univers du savoir.&nbsp; La Collection Oskar Reinhart avec des \u0153uvres de la peinture europ\u00e9enne couvrant cinq si\u00e8cles. Le Mus\u00e9e des Beaux Arts et ses collections de Picasso \u00e0 Klee. La Maison Le Sel, le lieu le plus populaire de la cit\u00e9 avec ses concerts et son ambiance de f\u00eate (Untere Vogelsangstrasse 6).<\/p>\n<p><strong>Pour tout savoir:<\/strong> Winterthur Tourismus, Im Hauptbahnhof, 052 267 67 00, <a href=\"mailto:tourismus@win.ch\">tourismus@win.ch<\/a>, <a href=\"http:\/\/www.winterthur-tourismus.ch\/\">www.winterthur-tourismus.ch<\/a>. <a href=\"http:\/\/www.myswitzerland.com\/\">www.myswitzerland.com<\/a><\/p>\n<h5 style=\"text-align: center;\">&nbsp;<a href=\"https:\/\/i1.wp.com\/www.presstourism.ch\/WP_ALEX\/wp-content\/uploads\/2014\/08\/5BaladeWinterthourTechnorama.jpg\"><img loading=\"lazy\" class=\"alignnone size-medium wp-image-1055\" src=\"https:\/\/i0.wp.com\/www.presstourism.ch\/WP_ALEX\/wp-content\/uploads\/2014\/08\/5BaladeWinterthourTechnorama-300x189.jpg?resize=300%2C189\" alt=\"Balade \u0088 Winterthour, juillet 2014\" width=\"300\" height=\"189\" srcset=\"https:\/\/i2.wp.com\/www.presstourism.ch\/wp-content\/uploads\/2014\/08\/5BaladeWinterthourTechnorama.jpg?resize=300%2C189 300w, https:\/\/i2.wp.com\/www.presstourism.ch\/wp-content\/uploads\/2014\/08\/5BaladeWinterthourTechnorama.jpg?resize=600%2C378 600w, https:\/\/i2.wp.com\/www.presstourism.ch\/wp-content\/uploads\/2014\/08\/5BaladeWinterthourTechnorama.jpg?w=800 800w\" sizes=\"(max-width: 300px) 100vw, 300px\" data-recalc-dims=\"1\" \/><\/a><\/h5>\n<h5 style=\"text-align: center;\">Le Swiss Center Technorama offre un champ d&rsquo;exp\u00e9rimentation unique et la possibilit\u00e9 de r\u00e9aliser soi-m\u00eame des exp\u00e9riences.<\/h5>\n<p><a href=\"http:\/\/www.presstourism.ch\/wp-content\/uploads\/2014\/08\/WinterthourBalade4.pdf\">Voir ou t\u00e9l\u00e9charger le PDF<\/a><\/p>\n","protected":false},"excerpt":{"rendered":"<p>Il y a d\u00e9j\u00e0 45 ans qu\u2019Yverdon-les-Bains a li\u00e9 des liens d\u2019amiti\u00e9 avec cette cit\u00e9 de Suisse al\u00e9manique, petit tr\u00e9sor d\u2019art, d\u2019histoire et de nature. Une bonne occasion d\u2019aller la d\u00e9couvrir. Ses nombreux mus\u00e9es renferment des collections d\u2019art prestigieuses alors &hellip; <a href=\"http:\/\/www.presstourism.ch\/?page_id=1050\">Continuer la lecture <span class=\"meta-nav\">&rarr;<\/span><\/a><\/p>\n","protected":false},"author":1,"featured_media":0,"parent":341,"menu_order":0,"comment_status":"open","ping_status":"open","template":"","meta":{"ngg_post_thumbnail":0,"spay_email":""},"jetpack_sharing_enabled":true,"jetpack_shortlink":"https:\/\/wp.me\/P468TV-gW","_links":{"self":[{"href":"http:\/\/www.presstourism.ch\/index.php?rest_route=\/wp\/v2\/pages\/1050"}],"collection":[{"href":"http:\/\/www.presstourism.ch\/index.php?rest_route=\/wp\/v2\/pages"}],"about":[{"href":"http:\/\/www.presstourism.ch\/index.php?rest_route=\/wp\/v2\/types\/page"}],"author":[{"embeddable":true,"href":"http:\/\/www.presstourism.ch\/index.php?rest_route=\/wp\/v2\/users\/1"}],"replies":[{"embeddable":true,"href":"http:\/\/www.presstourism.ch\/index.php?rest_route=%2Fwp%2Fv2%2Fcomments&post=1050"}],"version-history":[{"count":4,"href":"http:\/\/www.presstourism.ch\/index.php?rest_route=\/wp\/v2\/pages\/1050\/revisions"}],"predecessor-version":[{"id":9349,"href":"http:\/\/www.presstourism.ch\/index.php?rest_route=\/wp\/v2\/pages\/1050\/revisions\/9349"}],"up":[{"embeddable":true,"href":"http:\/\/www.presstourism.ch\/index.php?rest_route=\/wp\/v2\/pages\/341"}],"wp:attachment":[{"href":"http:\/\/www.presstourism.ch\/index.php?rest_route=%2Fwp%2Fv2%2Fmedia&parent=1050"}],"curies":[{"name":"wp","href":"https:\/\/api.w.org\/{rel}","templated":true}]}}