{"id":1028,"date":"2014-08-07T17:22:43","date_gmt":"2014-08-07T16:22:43","guid":{"rendered":"http:\/\/www.presstourism.ch\/WP_ALEX\/?page_id=1028"},"modified":"2024-04-13T00:20:59","modified_gmt":"2024-04-12T22:20:59","slug":"escapade-sur-la-route-des-menhirs","status":"publish","type":"page","link":"http:\/\/www.presstourism.ch\/?page_id=1028","title":{"rendered":"Escapade sur la route des menhirs"},"content":{"rendered":"<p style=\"text-align: center;\"><a href=\"https:\/\/i0.wp.com\/www.presstourism.ch\/WP_ALEX\/wp-content\/uploads\/2014\/08\/1BRouteMenhirsClendy.jpg\"><img loading=\"lazy\" class=\"alignnone size-medium wp-image-1032\" src=\"https:\/\/i1.wp.com\/www.presstourism.ch\/WP_ALEX\/wp-content\/uploads\/2014\/08\/1BRouteMenhirsClendy-300x225.jpg?resize=300%2C225\" alt=\"1BRouteMenhirsClendy\" width=\"300\" height=\"225\" srcset=\"https:\/\/i2.wp.com\/www.presstourism.ch\/wp-content\/uploads\/2014\/08\/1BRouteMenhirsClendy.jpg?resize=300%2C225 300w, https:\/\/i2.wp.com\/www.presstourism.ch\/wp-content\/uploads\/2014\/08\/1BRouteMenhirsClendy.jpg?resize=600%2C450 600w, https:\/\/i2.wp.com\/www.presstourism.ch\/wp-content\/uploads\/2014\/08\/1BRouteMenhirsClendy.jpg?w=1024 1024w\" sizes=\"(max-width: 300px) 100vw, 300px\" data-recalc-dims=\"1\" \/><\/a><\/p>\n<p>NORD VAUDOIS \u2013 Entre Yverdon-les-Bains et Corcelles-Concise, les blocs erratiques ont \u00e9t\u00e9 dispos\u00e9s \u00e0 l\u2019\u00e9poque pr\u00e9historique et se dressent toujours fi\u00e8rement au coin d\u2019une clairi\u00e8re, d\u2019un champ de bl\u00e9 ou d\u2019une vigne.<\/p>\n<p style=\"text-align: center;\">&nbsp;<a href=\"https:\/\/i1.wp.com\/www.presstourism.ch\/WP_ALEX\/wp-content\/uploads\/2014\/08\/1ARouteMenhirsClendy.jpg\"><img loading=\"lazy\" class=\"alignnone size-medium wp-image-1029\" src=\"https:\/\/i0.wp.com\/www.presstourism.ch\/WP_ALEX\/wp-content\/uploads\/2014\/08\/1ARouteMenhirsClendy-300x225.jpg?resize=300%2C225\" alt=\"1ARouteMenhirsClendy\" width=\"300\" height=\"225\" srcset=\"https:\/\/i1.wp.com\/www.presstourism.ch\/wp-content\/uploads\/2014\/08\/1ARouteMenhirsClendy.jpg?resize=300%2C225 300w, https:\/\/i1.wp.com\/www.presstourism.ch\/wp-content\/uploads\/2014\/08\/1ARouteMenhirsClendy.jpg?resize=600%2C450 600w, https:\/\/i1.wp.com\/www.presstourism.ch\/wp-content\/uploads\/2014\/08\/1ARouteMenhirsClendy.jpg?w=1024 1024w\" sizes=\"(max-width: 300px) 100vw, 300px\" data-recalc-dims=\"1\" \/><\/a><\/p>\n<h5 style=\"text-align: center;\">Le site des menhirs de Clendy, \u00e0 Yverdon-les-Bains, avec ses myst\u00e8res et ses ondes b\u00e9n\u00e9fiques. \u00a9Photos: Roger Juillerat<\/h5>\n<p>Mine de rien, on remonte 6000 ans d\u2019histoire quand on se lance, \u00e0 pied ou \u00e0 v\u00e9lo, sur le chemin des m\u00e9galithes du Nord vaudois. Tout commence sur le fameux site de Clendy, \u00e0 Yverdon-les-Bains. Avec ses 45 menhirs, il est reconnu comme le plus grand et le plus \u00e9tonnant de Suisse, avec ses deux alignements et ses quatre groupements de pierres.<\/p>\n<p>En arrivant dans la petite clairi\u00e8re depuis le Centre de badminton, on remarque que les blocs ont vraiment \u00e9t\u00e9 taill\u00e9s en forme humaine. Ils font m\u00eame penser \u00e0 des groupes familiaux compos\u00e9s des parents et des enfants. Car dans chacun d\u2019eux se trouvent une \u00e0 trois grandes st\u00e8les et plusieurs petites. On dit que l\u2019on peut y ressentir des ondes b\u00e9n\u00e9fiques, notamment lors des soirs de pleine lune. Deux micro menhirs du site se trouvent au Mus\u00e9e d\u2019Yverdon et r\u00e9gion, l\u2019occasion de faire\u2026 d\u2019une pierre deux coup en visitant ce dernier et l\u2019exposition de son 250<sup>e<\/sup> anniversaire.<\/p>\n<p><strong>Autres t\u00e9moins<\/strong><\/p>\n<p>Dans le village de Valeyres-sous-Montagny, on trouvera la pierre \u00e0 cupules de Crusille-Dessus et \u00e0 Grandson, en plein champ, le menhir des Echatelards, sur la route menant \u00e0 Fiez. Bonvillars a aussi son m\u00e9galithe, en pleine vigne, alors qu\u2019Onnens poss\u00e8de son dolmen, monument fun\u00e9raire tr\u00e8s int\u00e9ressant. On le voit bien quand on passe sur l\u2019autoroute et l\u2019on y acc\u00e8de facilement depuis le sud-ouest du village. C\u2019est un t\u00e9moin du fameux site arch\u00e9ologique de Praz Berthoud.<\/p>\n<p style=\"text-align: center;\"><a href=\"https:\/\/i1.wp.com\/www.presstourism.ch\/WP_ALEX\/wp-content\/uploads\/2014\/08\/2RteMenhirsOnnensJPG.jpg\"><img loading=\"lazy\" class=\"alignnone size-medium wp-image-1030\" src=\"https:\/\/i1.wp.com\/www.presstourism.ch\/WP_ALEX\/wp-content\/uploads\/2014\/08\/2RteMenhirsOnnensJPG-300x225.jpg?resize=300%2C225\" alt=\"2RteMenhirsOnnensJPG\" width=\"300\" height=\"225\" srcset=\"https:\/\/i2.wp.com\/www.presstourism.ch\/wp-content\/uploads\/2014\/08\/2RteMenhirsOnnensJPG.jpg?resize=300%2C225 300w, https:\/\/i2.wp.com\/www.presstourism.ch\/wp-content\/uploads\/2014\/08\/2RteMenhirsOnnensJPG.jpg?resize=600%2C450 600w, https:\/\/i2.wp.com\/www.presstourism.ch\/wp-content\/uploads\/2014\/08\/2RteMenhirsOnnensJPG.jpg?w=1024 1024w\" sizes=\"(max-width: 300px) 100vw, 300px\" data-recalc-dims=\"1\" \/><\/a><\/p>\n<h5 style=\"text-align: center;\">Le dolmen de Praz Berthoud \u00e0 Onnens, d\u00e9couvert lors des fouilles men\u00e9es sur le site de 1997 \u00e0 2004.<\/h5>\n<p>Enfin, en continuant sur la petite route au bord de l\u2019A1, on atteint sans probl\u00e8me les quatre menhirs de Corcelles-Concise, qui en poss\u00e8de un cinqui\u00e8me \u00e0 La Vernette en direction du lac. Les silhouettes des quatre premiers se dressent fi\u00e8rement sur le petit plateau sous les vignes. Un joli p\u00e9riple pour toute une histoire en quelque sorte.<\/p>\n<p style=\"text-align: center;\"><a href=\"https:\/\/i0.wp.com\/www.presstourism.ch\/WP_ALEX\/wp-content\/uploads\/2014\/08\/3RteMenhirsCorcellesC.jpg\"><img loading=\"lazy\" class=\"alignnone size-medium wp-image-1031\" src=\"https:\/\/i1.wp.com\/www.presstourism.ch\/WP_ALEX\/wp-content\/uploads\/2014\/08\/3RteMenhirsCorcellesC-300x225.jpg?resize=300%2C225\" alt=\"3RteMenhirsCorcellesC\" width=\"300\" height=\"225\" srcset=\"https:\/\/i0.wp.com\/www.presstourism.ch\/wp-content\/uploads\/2014\/08\/3RteMenhirsCorcellesC.jpg?resize=300%2C225 300w, https:\/\/i0.wp.com\/www.presstourism.ch\/wp-content\/uploads\/2014\/08\/3RteMenhirsCorcellesC.jpg?resize=600%2C450 600w, https:\/\/i0.wp.com\/www.presstourism.ch\/wp-content\/uploads\/2014\/08\/3RteMenhirsCorcellesC.jpg?w=1024 1024w\" sizes=\"(max-width: 300px) 100vw, 300px\" data-recalc-dims=\"1\" \/><\/a><\/p>\n<h5 style=\"text-align: center;\">L\u2019ensemble des m\u00e9galithes de Corcelles-Concise, en gneiss et en granit d\u2019origine, sur le petit plateau au-dessus du village.<\/h5>\n<p style=\"text-align: right;\"><strong>Texte et photos: Roger Juillerat<\/strong><\/p>\n<hr>\n<p>&nbsp;<\/p>\n<h2>Infos pratiques<\/h2>\n<p><strong>Y aller:<\/strong> Parcours facile \u00e0 pied ou \u00e0 v\u00e9lo entre Yverdon et Corcelles-Concise. A poursuivre jusqu\u2019\u00e0 l\u2019H\u00f4tel du Lac et Gare \u00e0 Concise pour se d\u00e9salt\u00e9rer et go\u00fbter aux bons petits plats de St\u00e9phane Fanchini,<\/p>\n<p><strong>Documentation:<\/strong> Guide \u00abD\u2019un m\u00e9galithe \u00e0 l\u2019autre\u00bb (10 francs), disponible au Mus\u00e9e et \u00e0 l\u2019Office du tourisme, ainsi que dans les librairies d\u2019Yverdon-les-Bains. Avec les sites de menhirs du Nord vaudois et du littoral neuch\u00e2telois. <a href=\"http:\/\/www.musee-yverdon-region.ch\/\">www.musee-yverdon-region.ch<\/a>, <a href=\"http:\/\/www.yverdonlesbainsregion.ch\/\">www.yverdonlesbainsregion.ch<\/a>. Guide des lieux myst\u00e9rieux de Suisse romande, Stefan Ansermet, Editions Favre.<\/p>\n<p style=\"text-align: center;\"><a href=\"https:\/\/i2.wp.com\/www.presstourism.ch\/WP_ALEX\/wp-content\/uploads\/2014\/08\/4RteMenhirsRestoConcise.jpg\"><img loading=\"lazy\" class=\"alignnone size-medium wp-image-1034\" src=\"https:\/\/i0.wp.com\/www.presstourism.ch\/WP_ALEX\/wp-content\/uploads\/2014\/08\/4RteMenhirsRestoConcise-300x225.jpg?resize=300%2C225\" alt=\"4RteMenhirsRestoConcise\" width=\"300\" height=\"225\" srcset=\"https:\/\/i2.wp.com\/www.presstourism.ch\/wp-content\/uploads\/2014\/08\/4RteMenhirsRestoConcise.jpg?resize=300%2C225 300w, https:\/\/i2.wp.com\/www.presstourism.ch\/wp-content\/uploads\/2014\/08\/4RteMenhirsRestoConcise.jpg?resize=600%2C450 600w, https:\/\/i2.wp.com\/www.presstourism.ch\/wp-content\/uploads\/2014\/08\/4RteMenhirsRestoConcise.jpg?w=1024 1024w\" sizes=\"(max-width: 300px) 100vw, 300px\" data-recalc-dims=\"1\" \/><\/a><\/p>\n<h5 style=\"text-align: center;\">L\u2019H\u00f4tel du Lac et Gare et son restaurant accueillant \u00e0 Concise pour r\u00e9cup\u00e9rer d\u2019une belle balade.<\/h5>\n<p><a href=\"http:\/\/www.presstourism.ch\/wp-content\/uploads\/2014\/08\/MenhirsNVDAlex2.pdf\">Lire ou t\u00e9l\u00e9charger le PDF<\/a><\/p>\n","protected":false},"excerpt":{"rendered":"<p>NORD VAUDOIS \u2013 Entre Yverdon-les-Bains et Corcelles-Concise, les blocs erratiques ont \u00e9t\u00e9 dispos\u00e9s \u00e0 l\u2019\u00e9poque pr\u00e9historique et se dressent toujours fi\u00e8rement au coin d\u2019une clairi\u00e8re, d\u2019un champ de bl\u00e9 ou d\u2019une vigne. &nbsp; Le site des menhirs de Clendy, \u00e0 &hellip; <a href=\"http:\/\/www.presstourism.ch\/?page_id=1028\">Continuer la lecture <span class=\"meta-nav\">&rarr;<\/span><\/a><\/p>\n","protected":false},"author":1,"featured_media":0,"parent":341,"menu_order":0,"comment_status":"open","ping_status":"open","template":"","meta":{"ngg_post_thumbnail":0,"spay_email":""},"jetpack_sharing_enabled":true,"jetpack_shortlink":"https:\/\/wp.me\/P468TV-gA","_links":{"self":[{"href":"http:\/\/www.presstourism.ch\/index.php?rest_route=\/wp\/v2\/pages\/1028"}],"collection":[{"href":"http:\/\/www.presstourism.ch\/index.php?rest_route=\/wp\/v2\/pages"}],"about":[{"href":"http:\/\/www.presstourism.ch\/index.php?rest_route=\/wp\/v2\/types\/page"}],"author":[{"embeddable":true,"href":"http:\/\/www.presstourism.ch\/index.php?rest_route=\/wp\/v2\/users\/1"}],"replies":[{"embeddable":true,"href":"http:\/\/www.presstourism.ch\/index.php?rest_route=%2Fwp%2Fv2%2Fcomments&post=1028"}],"version-history":[{"count":3,"href":"http:\/\/www.presstourism.ch\/index.php?rest_route=\/wp\/v2\/pages\/1028\/revisions"}],"predecessor-version":[{"id":9348,"href":"http:\/\/www.presstourism.ch\/index.php?rest_route=\/wp\/v2\/pages\/1028\/revisions\/9348"}],"up":[{"embeddable":true,"href":"http:\/\/www.presstourism.ch\/index.php?rest_route=\/wp\/v2\/pages\/341"}],"wp:attachment":[{"href":"http:\/\/www.presstourism.ch\/index.php?rest_route=%2Fwp%2Fv2%2Fmedia&parent=1028"}],"curies":[{"name":"wp","href":"https:\/\/api.w.org\/{rel}","templated":true}]}}