{"id":102,"date":"2013-11-14T12:59:24","date_gmt":"2013-11-14T11:59:24","guid":{"rendered":"http:\/\/www.presstourism.ch\/WP_ALEX\/?page_id=102"},"modified":"2019-01-01T15:36:01","modified_gmt":"2019-01-01T14:36:01","slug":"bruggmann-maximilien","status":"publish","type":"page","link":"http:\/\/www.presstourism.ch\/?page_id=102","title":{"rendered":"Bruggmann Maximilien"},"content":{"rendered":"\n<figure class=\"wp-block-embed is-type-rich is-provider-presstourism-ch\"><div class=\"wp-block-embed__wrapper\">\n<blockquote class=\"wp-embedded-content\" data-secret=\"Re2jwhPWbs\"><a href=\"http:\/\/www.presstourism.ch\/WP_ALEX\/?page_id=5188\">Caravanes de sel<\/a><\/blockquote><iframe class=\"wp-embedded-content\" sandbox=\"allow-scripts\" security=\"restricted\" style=\"position: absolute; clip: rect(1px, 1px, 1px, 1px);\" src=\"http:\/\/www.presstourism.ch\/WP_ALEX\/?page_id=5188&#038;embed=true#?secret=Re2jwhPWbs\" data-secret=\"Re2jwhPWbs\" width=\"584\" height=\"329\" title=\"\u00ab\u00a0Caravanes de sel\u00a0\u00bb &#8212; presstourism.ch\" frameborder=\"0\" marginwidth=\"0\" marginheight=\"0\" scrolling=\"no\"><\/iframe>\n<\/div><\/figure>\n\n\n<p><strong>Le photographe Maximilien Bruggmann n&rsquo;est plus<\/strong><\/p>\n<p>YVERDON-LES-BAINS \/ 22 ao\u00fbt 2016 &#8211; Ses lumineuses images \u00e9taient des instants d&rsquo;\u00e9ternit\u00e9 et il s&rsquo;en est all\u00e9 rejoindre cette derni\u00e8re. Pendant plus d\u2019un demi-si\u00e8cle, il a parcouru le monde et il laisse aujourd&rsquo;hui des t\u00e9moignages d&rsquo;une grande richesse.<\/p>\n<p><a href=\"https:\/\/i2.wp.com\/www.presstourism.ch\/WP_ALEX\/wp-content\/uploads\/2013\/11\/24-D-01-n-90511-052_modifi\u00e9-1.jpg\"><img loading=\"lazy\" class=\"aligncenter wp-image-2923 size-large\" src=\"https:\/\/i0.wp.com\/www.presstourism.ch\/WP_ALEX\/wp-content\/uploads\/2013\/11\/24-D-01-n-90511-052_modifi\u00e9-1-1024x683.jpg?resize=584%2C390\" alt=\"24 D 01 n-90511-052_modifi\u00e9-1\" width=\"584\" height=\"390\" srcset=\"https:\/\/i1.wp.com\/www.presstourism.ch\/wp-content\/uploads\/2013\/11\/24-D-01-n-90511-052_modifi\u00e9-1.jpg?resize=1024%2C683 1024w, https:\/\/i1.wp.com\/www.presstourism.ch\/wp-content\/uploads\/2013\/11\/24-D-01-n-90511-052_modifi\u00e9-1.jpg?resize=300%2C200 300w, https:\/\/i1.wp.com\/www.presstourism.ch\/wp-content\/uploads\/2013\/11\/24-D-01-n-90511-052_modifi\u00e9-1.jpg?resize=768%2C512 768w, https:\/\/i1.wp.com\/www.presstourism.ch\/wp-content\/uploads\/2013\/11\/24-D-01-n-90511-052_modifi\u00e9-1.jpg?resize=600%2C400 600w, https:\/\/i1.wp.com\/www.presstourism.ch\/wp-content\/uploads\/2013\/11\/24-D-01-n-90511-052_modifi\u00e9-1.jpg?w=1168 1168w, https:\/\/i1.wp.com\/www.presstourism.ch\/wp-content\/uploads\/2013\/11\/24-D-01-n-90511-052_modifi\u00e9-1.jpg?w=1752 1752w\" sizes=\"(max-width: 584px) 100vw, 584px\" data-recalc-dims=\"1\" \/><\/a>Maximilien Bruggmann, une des grandes \u00e9toiles de la photographie, est d\u00e9c\u00e9d\u00e9 dans la nuit de samedi \u00e0 dimanche au CHUV. Il avait f\u00eat\u00e9 tout r\u00e9cemment son 82e anniversaire et, pendant un demi-si\u00e8cle, l\u2019Yverdonnois n\u00e9 dans l&rsquo;Entlebuch lucernois a couru les cinq continents pour saisir au vol des images qui constituent des t\u00e9moignages et des documents d&rsquo;une grande vari\u00e9t\u00e9 et d&rsquo;une extraordinaire richesse. Il a aussi dirig\u00e9 des exp\u00e9ditions \u00e0 la recherche de peintures rupestres, en particulier dans les lieux les plus recul\u00e9s du d\u00e9sert saharien.<\/p>\n<div id=\"attachment_2924\" style=\"width: 650px\" class=\"wp-caption aligncenter\"><a href=\"https:\/\/i2.wp.com\/www.presstourism.ch\/WP_ALEX\/wp-content\/uploads\/2013\/11\/MaximilienBruggmann.jpg\"><img aria-describedby=\"caption-attachment-2924\" loading=\"lazy\" class=\"wp-image-2924 size-large\" src=\"https:\/\/i1.wp.com\/www.presstourism.ch\/WP_ALEX\/wp-content\/uploads\/2013\/11\/MaximilienBruggmann-1024x683.jpg?resize=584%2C390\" alt=\"Maximilien au milieu de ses photos et des souvenis ramen\u008es de ses voyages.\" width=\"584\" height=\"390\" srcset=\"https:\/\/i0.wp.com\/www.presstourism.ch\/wp-content\/uploads\/2013\/11\/MaximilienBruggmann.jpg?resize=1024%2C683 1024w, https:\/\/i0.wp.com\/www.presstourism.ch\/wp-content\/uploads\/2013\/11\/MaximilienBruggmann.jpg?resize=300%2C200 300w, https:\/\/i0.wp.com\/www.presstourism.ch\/wp-content\/uploads\/2013\/11\/MaximilienBruggmann.jpg?resize=768%2C512 768w, https:\/\/i0.wp.com\/www.presstourism.ch\/wp-content\/uploads\/2013\/11\/MaximilienBruggmann.jpg?resize=600%2C400 600w, https:\/\/i0.wp.com\/www.presstourism.ch\/wp-content\/uploads\/2013\/11\/MaximilienBruggmann.jpg?w=1168 1168w, https:\/\/i0.wp.com\/www.presstourism.ch\/wp-content\/uploads\/2013\/11\/MaximilienBruggmann.jpg?w=1752 1752w\" sizes=\"(max-width: 584px) 100vw, 584px\" data-recalc-dims=\"1\" \/><\/a><p id=\"caption-attachment-2924\" class=\"wp-caption-text\">Maximilien au milieu de ses photos et des souvenirs ramen\u00e9\u008es de ses voyages.<\/p><\/div>\n<p>J&rsquo;ai eu l&rsquo;occasion de le c\u00f4toyer souvent et encore r\u00e9cemment; c&rsquo;\u00e9tait un homme chaleureux, volontaire, profond et tellement gentil. Comme le souligne Alex D\u00e9cotte, l&rsquo;ancien journaliste et animateur de la T\u00e9l\u00e9vision romande, qui a fait en son temps plusieurs reportages et des livres avec lui: \u00ab\u00a0Ce fr\u00e8re en amiti\u00e9 m&rsquo;\u00e9tait particuli\u00e8rement cher, d\u00e9clare-t-il. C&rsquo;est ce qui m&rsquo;a pouss\u00e9 \u00e0 cr\u00e9er l&rsquo;Association des Amis de Maximilien Bruggmann. Le travail de num\u00e9risation et de publication que nous avons entrepris depuis des mois \u2013 et qui sera poursuivi \u2013 m\u2019avait rapproch\u00e9 un peu plus encore de lui et j&rsquo;esp\u00e8re que son oeuvre, loin de dispara\u00eetre des m\u00e9moires, \u00e9veille la conscience et l\u2019imaginaire d\u2019autres voyageurs, d\u2019autres passionn\u00e9s et d\u2019autres g\u00e9n\u00e9rations\u00a0\u00bb.<\/p>\n<p><strong>Plus de cinquante livres<\/strong><\/p>\n<p>Les archives photographiques de Maximilien Bruggmann \u2013 pr\u00e8s de 150.000 diapositives, des films, gravures, peintures et documents \u2013 sont ainsi sous bonne garde et ses amis vont perp\u00e9tuer son immense travail. Les photos prises dans le d\u00e9sert, les gauchos argentins, la route des \u00e9pices, les d\u00e9cors d\u00e9mesur\u00e9s des parcs nationaux am\u00e9ricains, le chatoiement color\u00e9 des c\u00e9r\u00e9monies am\u00e9rindiennes, les glaces du Qu\u00e9bec et les panoramas grandioses des Alpes, etc., sont d&rsquo;une esth\u00e9tique rare et d&rsquo;une grande valeur. Et l\u2019extr\u00eame m\u00e9ticulosit\u00e9 que ce graphiste de formation et explorateur mettait dans tout ce qu&rsquo;il entreprenait figure dans de nombreux livres, notamment aux \u00e9ditions Silva.<\/p>\n<p><a href=\"https:\/\/i2.wp.com\/www.presstourism.ch\/WP_ALEX\/wp-content\/uploads\/2013\/11\/MaximilienHasselblad.jpg\"><img loading=\"lazy\" class=\"aligncenter wp-image-2925 size-full\" src=\"https:\/\/i2.wp.com\/www.presstourism.ch\/WP_ALEX\/wp-content\/uploads\/2013\/11\/MaximilienHasselblad.jpg?resize=500%2C547\" alt=\"MaximilienHasselblad\" width=\"500\" height=\"547\" srcset=\"https:\/\/i1.wp.com\/www.presstourism.ch\/wp-content\/uploads\/2013\/11\/MaximilienHasselblad.jpg?w=500 500w, https:\/\/i1.wp.com\/www.presstourism.ch\/wp-content\/uploads\/2013\/11\/MaximilienHasselblad.jpg?resize=274%2C300 274w\" sizes=\"(max-width: 500px) 100vw, 500px\" data-recalc-dims=\"1\" \/><\/a>Il a aussi \u00e9t\u00e9 le photographe officiel de l&rsquo;Expo 64 \u00e0 Lausanne, a d\u00e9couvert des sites historiques au Niger et collabor\u00e9 avec plusieurs scientifiques des Mus\u00e9es d&rsquo;ethnographie de Neuch\u00e2tel, B\u00e2le et Gen\u00e8ve. Sans oublier, bien entendu, ses nombreuses expositions et conf\u00e9rences. J&rsquo;esp\u00e8re bien qu&rsquo;on pourra lui en consacrer de nouveau une \u00e0 Yverdon-les-Bains, cette ville qu&rsquo;il aimait tant, et dans laquelle il revenait toujours apr\u00e8s ses nombreuses exp\u00e9ditions. Bon voyage Maximilien.<\/p>\n<p><strong>Roger Juillerat<\/strong><\/p>\n<p><em><a href=\"http:\/\/www.presstourism.ch\/WP_ALEX\/wp-content\/uploads\/2013\/11\/NVT_Mardi230816_w-De\u0301ce\u0300sMaximilien2.pdf\">Lire ou t\u00e9l\u00e9charger l&rsquo;article publi\u00e9 le 23.8.2016 dans La R\u00e9gion &#8211; Nord vaudois<\/a><\/em><\/p>\n<hr>\n<p><a href=\"https:\/\/i1.wp.com\/www.presstourism.ch\/WP_ALEX\/wp-content\/uploads\/2013\/11\/Bruggmann.jpg\"><img loading=\"lazy\" class=\"alignnone size-medium wp-image-37\" src=\"https:\/\/i2.wp.com\/www.presstourism.ch\/WP_ALEX\/wp-content\/uploads\/2013\/11\/Bruggmann-200x300.jpg?resize=200%2C300\" alt=\"Bruggmann\" width=\"200\" height=\"300\" srcset=\"https:\/\/i0.wp.com\/www.presstourism.ch\/wp-content\/uploads\/2013\/11\/Bruggmann.jpg?resize=200%2C300 200w, https:\/\/i0.wp.com\/www.presstourism.ch\/wp-content\/uploads\/2013\/11\/Bruggmann.jpg?resize=685%2C1024 685w, https:\/\/i0.wp.com\/www.presstourism.ch\/wp-content\/uploads\/2013\/11\/Bruggmann.jpg?w=1044 1044w\" sizes=\"(max-width: 200px) 100vw, 200px\" data-recalc-dims=\"1\" \/><\/a><\/p>\n<p><b>BRUGGMANN, Maximilien (1934-2016)<br>\nMembre d&rsquo;honneur de Presstourism.ch<\/b><\/p>\n<p><strong>Publications:<\/strong> <a href=\"http:\/\/www.presstourism.ch\/WP_ALEX\/wp-content\/uploads\/2013\/11\/Bruggmann-Livres-1964-2007.pdf\">Livres 1964 2007<\/a><\/p>\n<p><strong>Voyages et missions:<\/strong> <a href=\"http:\/\/www.presstourism.ch\/WP_ALEX\/wp-content\/uploads\/2013\/11\/Voyages-1957-2013.pdf\">Voyages 1957-2013<\/a><\/p>\n<p><strong>Reportages photographiques:<\/strong><\/p>\n<p><span style=\"text-decoration: underline;\">Art rupestre du Sahara \/ R\u00e9gion de l&rsquo;A\u00efr<\/span><\/p>\n<ul>\n<li><a href=\"http:\/\/maximilienbruggmann.com\/sahara\/art-rupestre\/air\/anakom\/\">Anakom<\/a><\/li>\n<li><a href=\"http:\/\/maximilienbruggmann.com\/sahara\/art-rupestre\/air\/dabous\/\">Dabous<\/a><\/li>\n<li><a href=\"http:\/\/maximilienbruggmann.com\/sahara\/art-rupestre\/air\/sites-divers\/\">Sites-divers<\/a><\/li>\n<li><a href=\"http:\/\/maximilienbruggmann.com\/sahara\/art-rupestre\/air\/tagueit\/\">Tagueit<\/a><\/li>\n<li><a href=\"http:\/\/maximilienbruggmann.com\/sahara\/art-rupestre\/air\/tanakom\/\">Tanakom<\/a><\/li>\n<li><a href=\"http:\/\/maximilienbruggmann.com\/sahara\/art-rupestre\/air\/tezirzek\/\">Tezirzek<\/a><\/li>\n<\/ul>\n<p><a href=\"http:\/\/maximilienbruggmann.com\/sahara\/art-rupestre\/djado\/\">Art rupestre du Sahara \/ R\u00e9gion du Djado<\/a><\/p>\n<p><span style=\"text-decoration: underline;\">Art rupestre du Sahara \/ R\u00e9gion de l&rsquo;Enneri Blaka<\/span><\/p>\n<ul>\n<li><a href=\"http:\/\/maximilienbruggmann.com\/sahara\/art-rupestre\/enneri-blaka\/enneri-blaka-site-1\/\">Site 1<\/a><\/li>\n<li><a href=\"http:\/\/maximilienbruggmann.com\/sahara\/art-rupestre\/enneri-blaka\/enneri-blaka-sites-2-et-3\/\">Sites 2 et 3<\/a><\/li>\n<li><a href=\"http:\/\/maximilienbruggmann.com\/sahara\/art-rupestre\/enneri-blaka\/enneri-blaka-site-4\/\">Site 4<\/a><\/li>\n<li><a href=\"http:\/\/maximilienbruggmann.com\/sahara\/art-rupestre\/enneri-blaka\/enneri-blaka-sites-5-a-11\/\">Sites 5 a 11<\/a><\/li>\n<\/ul>\n<p><a href=\"http:\/\/maximilienbruggmann.com\/sahara\/art-rupestre\/fezzan\/\">Art rupestre du Sahara \/ R\u00e9gion du Fezzan<\/a><\/p>\n<p><span style=\"text-decoration: underline;\">Art rupestre du Sahara \/ R\u00e9gion du Tassili n\u2019Ajjer (Alg\u00e9rie)<\/span><\/p>\n<ul>\n<li><a href=\"http:\/\/maximilienbruggmann.com\/sahara\/art-rupestre\/tassili-najjer\/jabbaren\/\">Jabbaren<\/a><\/li>\n<li><a href=\"http:\/\/maximilienbruggmann.com\/sahara\/art-rupestre\/tassili-najjer\/ouan-bender-algerie\/\">Ouan-Bender<\/a><\/li>\n<li><a href=\"http:\/\/maximilienbruggmann.com\/sahara\/art-rupestre\/tassili-najjer\/ozeneare-algerie\/\">Ozeneare<\/a><\/li>\n<li><a href=\"http:\/\/maximilienbruggmann.com\/sahara\/art-rupestre\/tassili-najjer\/site-de-sefar-algerie\/\">S\u00e9far-algerie<\/a><\/li>\n<\/ul>\n<p><a href=\"http:\/\/maximilienbruggmann.com\/sahara\/art-rupestre\/tibesti\/\">Art rupestre du Tibesti \/ Tchad &amp; Libye (en cours)<\/a><\/p>\n<p><span style=\"text-decoration: underline;\">Autres reportages sahariens<\/span><\/p>\n<ul>\n<li><a href=\"http:\/\/maximilienbruggmann.com\/sahara\/pays\/niger-2\/\">Niger<\/a><\/li>\n<li><a href=\"http:\/\/maximilienbruggmann.com\/sahara\/peuples-sahariens\/touareg\/\">Touareg<\/a><\/li>\n<\/ul>\n<p><span style=\"text-decoration: underline;\">Monde inca \/ Pi\u00e8ces de mus\u00e9es<\/span><\/p>\n<ul>\n<li><a href=\"http:\/\/maximilienbruggmann.com\/incas\/musees\/bijoux\/\">Bijoux<\/a><\/li>\n<li><a href=\"http:\/\/maximilienbruggmann.com\/incas\/musees\/exterieur\/\">Divers<\/a><\/li>\n<li><a href=\"http:\/\/maximilienbruggmann.com\/incas\/musees\/figurines\/\">Figurines<\/a><\/li>\n<li><a href=\"http:\/\/maximilienbruggmann.com\/incas\/musees\/momies\/\">Momies<\/a><\/li>\n<li><a href=\"http:\/\/maximilienbruggmann.com\/incas\/musees\/objets\/\">Objets<\/a><\/li>\n<li><a href=\"http:\/\/maximilienbruggmann.com\/incas\/musees\/poterie\/\">Poterie<\/a><\/li>\n<li><a href=\"http:\/\/maximilienbruggmann.com\/incas\/musees\/tissus\/\">Tissus<\/a><\/li>\n<\/ul>\n<p><span style=\"text-decoration: underline;\">Monde inca \/ Lieux et sites<\/span><\/p>\n<ul>\n<li><a href=\"http:\/\/maximilienbruggmann.com\/incas\/sites\/macchu-picchu\/\"><span style=\"text-decoration: underline;\">Macchu-Picchu<\/span><\/a><\/li>\n<\/ul>\n<p><span style=\"text-decoration: underline;\">Autres reportages photographiques<\/span><\/p>\n<ul>\n<li><a href=\"http:\/\/maximilienbruggmann.com\/sujets-divers\/camargue-transhumance-des-chevaux\/\">Camargue: transhumance des chevaux<\/a><\/li>\n<li><a href=\"http:\/\/maximilienbruggmann.com\/sujets-divers\/visages-du-monde\/\">Regards du monde<\/a><\/li>\n<li><a href=\"http:\/\/maximilienbruggmann.com\/cowboys-rodeos\/\">Cowboys &amp; Rod\u00e9os (avec Alex D\u00e9cotte)<\/a><\/li>\n<li><a href=\"http:\/\/maximilienbruggmann.com\/northwest-coast-indians\/\">Indiens de la c\u00f4te nord-ouest (Canada)<\/a><\/li>\n<\/ul>\n<p><a href=\"http:\/\/maximilienbruggmann.com\/oeuvre-peint-1994-1999\/\">Oeuvre peint 1994-1999<\/a><\/p>\n<p><strong>Sites:<\/strong><\/p>\n<p><a href=\"http:\/\/www.maximilienbruggmann.com\">www.maximilienbruggmann.com<\/a><br>\n<a href=\"http:\/\/www.maximilien-bruggmann.ch\">www.maximilien-bruggmann.ch<\/a><br>\n<a href=\"http:\/\/www-les-amis-de-maximilien.org\">www-les-amis-de-maximilien.org<\/a><\/p>\n<p><strong><a href=\"http:\/\/www.youtube.com\/watch?v=FwfLZ490SKQ\">Portrait vid\u00e9o:<\/a><\/strong> En cinquante ans de photographie, de bourlingue et de rencontres, Maximilien Bruggmann a publi\u00e9 une bonne cinquantaine de livres et tourn\u00e9 un unique film mais quel film: Ombres bleues du Tassili, consacr\u00e9 \u00e0 la vie quotidienne des Touareg en 1961.<\/p>\n<p>&nbsp;<\/p>","protected":false},"excerpt":{"rendered":"<p>Le photographe Maximilien Bruggmann n&rsquo;est plus YVERDON-LES-BAINS \/ 22 ao\u00fbt 2016 &#8211; Ses lumineuses images \u00e9taient des instants d&rsquo;\u00e9ternit\u00e9 et il s&rsquo;en est all\u00e9 rejoindre cette derni\u00e8re. Pendant plus d\u2019un demi-si\u00e8cle, il a parcouru le monde et il laisse aujourd&rsquo;hui &hellip; <a href=\"http:\/\/www.presstourism.ch\/?page_id=102\">Continuer la lecture <span class=\"meta-nav\">&rarr;<\/span><\/a><\/p>\n","protected":false},"author":1,"featured_media":0,"parent":76,"menu_order":0,"comment_status":"open","ping_status":"open","template":"","meta":{"ngg_post_thumbnail":0,"spay_email":""},"jetpack_sharing_enabled":true,"jetpack_shortlink":"https:\/\/wp.me\/P468TV-1E","_links":{"self":[{"href":"http:\/\/www.presstourism.ch\/index.php?rest_route=\/wp\/v2\/pages\/102"}],"collection":[{"href":"http:\/\/www.presstourism.ch\/index.php?rest_route=\/wp\/v2\/pages"}],"about":[{"href":"http:\/\/www.presstourism.ch\/index.php?rest_route=\/wp\/v2\/types\/page"}],"author":[{"embeddable":true,"href":"http:\/\/www.presstourism.ch\/index.php?rest_route=\/wp\/v2\/users\/1"}],"replies":[{"embeddable":true,"href":"http:\/\/www.presstourism.ch\/index.php?rest_route=%2Fwp%2Fv2%2Fcomments&post=102"}],"version-history":[{"count":12,"href":"http:\/\/www.presstourism.ch\/index.php?rest_route=\/wp\/v2\/pages\/102\/revisions"}],"predecessor-version":[{"id":5200,"href":"http:\/\/www.presstourism.ch\/index.php?rest_route=\/wp\/v2\/pages\/102\/revisions\/5200"}],"up":[{"embeddable":true,"href":"http:\/\/www.presstourism.ch\/index.php?rest_route=\/wp\/v2\/pages\/76"}],"wp:attachment":[{"href":"http:\/\/www.presstourism.ch\/index.php?rest_route=%2Fwp%2Fv2%2Fmedia&parent=102"}],"curies":[{"name":"wp","href":"https:\/\/api.w.org\/{rel}","templated":true}]}}