{"id":100,"date":"2013-11-14T12:56:06","date_gmt":"2013-11-14T11:56:06","guid":{"rendered":"http:\/\/www.presstourism.ch\/WP_ALEX\/?page_id=100"},"modified":"2024-04-13T10:23:31","modified_gmt":"2024-04-13T08:23:31","slug":"brissot-nina","status":"publish","type":"page","link":"http:\/\/www.presstourism.ch\/?page_id=100","title":{"rendered":"Brissot Nina"},"content":{"rendered":"\n<figure class=\"wp-block-image size-full\"><img loading=\"lazy\" width=\"399\" height=\"600\" src=\"https:\/\/i2.wp.com\/www.presstourism.ch\/wp-content\/uploads\/2013\/11\/Brissot.jpg?resize=399%2C600\" alt=\"\" class=\"wp-image-36\" srcset=\"https:\/\/i2.wp.com\/www.presstourism.ch\/wp-content\/uploads\/2013\/11\/Brissot.jpg?w=399 399w, https:\/\/i2.wp.com\/www.presstourism.ch\/wp-content\/uploads\/2013\/11\/Brissot.jpg?resize=199%2C300 199w\" sizes=\"(max-width: 399px) 100vw, 399px\" data-recalc-dims=\"1\" \/><\/figure>\n\n\n\n<p>Quelques publications:<\/p>\n\n\n\n<p><a href=\"http:\/\/www.presstourism.ch\/?page_id=4486\">Malte, un archipel culturel d&rsquo;une rare richesse<\/a><\/p>\n\n\n\n<p><a href=\"http:\/\/www.presstourism.ch\/?page_id=4395\">Viens poupoule, viens poupoule\u2026.<\/a><\/p>\n\n\n\n<p><a href=\"http:\/\/www.presstourism.ch\/?p=4358\" rel=\"bookmark\">La Bresse, ses volailles, sa cr\u00e8me, son beurre AOC<\/a><\/p>\n\n\n\n<p><a title=\"TGV: Trente ans \u00e0 toute allure\" href=\"http:\/\/www.presstourism.ch\/?page_id=1641\">TGV: 30 ans \u00e0 toute allure<\/a><\/p>\n\n\n\n<p><a title=\"Vienne, la ville du baiser\u2026.\" href=\"http:\/\/www.presstourism.ch\/?page_id=1627\">Vienne, la ville du baiser<\/a><\/p>\n\n\n\n<p><a title=\"Tout truffe et pur plaisir\" href=\"http:\/\/www.presstourism.ch\/?page_id=782\">Croatie: tout truffe et pur plaisir<\/a><\/p>\n\n\n\n<p><a href=\"http:\/\/www.leregional.ch\/N38135\/sous-les-etoiles-du-desert.html\">Tunisie: Sous les \u00e9toiles du d\u00e9sert<\/a><a href=\"http:\/\/sb4-1.infomaniak.ch\/sites\/c4\/c493c95f91125629724acfd1fee9774f\/attachments\/File\/BRISSOTavant_la_saisie_des_glaces.pdf\"><br>Les glaces du p\u00f4le <\/a><br><a href=\"http:\/\/sb4-1.infomaniak.ch\/sites\/c4\/c493c95f91125629724acfd1fee9774f\/attachments\/File\/BRISSOTEvasion_Maurice_I_Reve_r__alit__.pdf\">Maurice, r\u00eave et r\u00e9alit\u00e9<\/a><br><a href=\"http:\/\/sb4-1.infomaniak.ch\/sites\/c4\/c493c95f91125629724acfd1fee9774f\/attachments\/File\/BRISSOTEvasion_Maurice_II_Port_Louis.pdf\">De Port-Louis \u00e0 Eur\u00e9ka<\/a><br><a href=\"http:\/\/sb4-1.infomaniak.ch\/sites\/c4\/c493c95f91125629724acfd1fee9774f\/attachments\/File\/BRISSOTEvasion-Alentejo.pdf\">Alentejo<\/a><br><a href=\"http:\/\/sb4-1.infomaniak.ch\/sites\/c4\/c493c95f91125629724acfd1fee9774f\/attachments\/File\/BRISSOTEvasion-Chypre.pdf\">Chypre<\/a><br><a href=\"http:\/\/sb4-1.infomaniak.ch\/sites\/c4\/c493c95f91125629724acfd1fee9774f\/attachments\/File\/BRISSOTEvasion-REG452_Kenya_Safari.pdf\">Safari au Kenya<\/a><br><a href=\"http:\/\/sb4-1.infomaniak.ch\/sites\/c4\/c493c95f91125629724acfd1fee9774f\/attachments\/File\/BRISSOTEvasion-REG453_Mombassa.pdf\">Mombassa<\/a><br><a href=\"http:\/\/sb4-1.infomaniak.ch\/sites\/c4\/c493c95f91125629724acfd1fee9774f\/attachments\/File\/BRISSOTEvasion-Tunisie-Tozeur-et-les-Oasis.pdf\">Tozeur<\/a><br><a href=\"http:\/\/sb4-1.infomaniak.ch\/sites\/c4\/c493c95f91125629724acfd1fee9774f\/attachments\/File\/BRISSOTfeminin_Crans_beaut__.pdf\">Beaut\u00e9 \u00e0 Crans<\/a><br><a href=\"http:\/\/sb4-1.infomaniak.ch\/sites\/c4\/c493c95f91125629724acfd1fee9774f\/attachments\/File\/BRISSOTHotel-du-Lac_Vevey.pdf\">H\u00f4tel du Lac<\/a><br><a href=\"http:\/\/sb4-1.infomaniak.ch\/sites\/c4\/c493c95f91125629724acfd1fee9774f\/attachments\/File\/BRISSOTJuliette_Greco.pdf\">Juliette Gr\u00e9co<\/a><br><a href=\"http:\/\/sb4-1.infomaniak.ch\/sites\/c4\/c493c95f91125629724acfd1fee9774f\/attachments\/File\/BRISSOTLa_Tunisie_court.pdf\">Escapade en Tunisie<\/a><br><a href=\"http:\/\/sb4-1.infomaniak.ch\/sites\/c4\/c493c95f91125629724acfd1fee9774f\/attachments\/File\/BRISSOTLaVielamourla_mort.pdf\">La vie, l&rsquo;amour, la mort<\/a><br><a href=\"http:\/\/sb4-1.infomaniak.ch\/sites\/c4\/c493c95f91125629724acfd1fee9774f\/attachments\/File\/BRISSOTLe-maquillage-permanent.pdf\">Dangers du maquillage<\/a><br><a href=\"http:\/\/sb4-1.infomaniak.ch\/sites\/c4\/c493c95f91125629724acfd1fee9774f\/attachments\/File\/BRISSOTLiberteHelvetia.pdf\">Libert\u00e9 Helvetia<\/a><br><a href=\"http:\/\/sb4-1.infomaniak.ch\/sites\/c4\/c493c95f91125629724acfd1fee9774f\/attachments\/File\/BRISSOTMalte.pdf\">Malte<\/a><br><a href=\"http:\/\/sb4-1.infomaniak.ch\/sites\/c4\/c493c95f91125629724acfd1fee9774f\/attachments\/File\/BRISSOTParisNoel.pdf\">Paris \u00e0 No\u00ebl<\/a><br><a href=\"http:\/\/sb4-1.infomaniak.ch\/sites\/c4\/c493c95f91125629724acfd1fee9774f\/attachments\/File\/BRISSOTPetits_riens_autour_du_voyage.pdf\">Petits riens<\/a><br><a href=\"http:\/\/sb4-1.infomaniak.ch\/sites\/c4\/c493c95f91125629724acfd1fee9774f\/attachments\/File\/BRISSOTREG470-P40_%282%29_Kourou_Ariane.pdf\">Ariane \u00e0 Kourou<\/a><br><a href=\"http:\/\/sb4-1.infomaniak.ch\/sites\/c4\/c493c95f91125629724acfd1fee9774f\/attachments\/File\/BRISSOTREG473-PP40-41Guyane.pdf\">Guyane<\/a><\/p>\n\n\n\n<p><strong>BRISSOT, Nina<\/strong><span style=\"font-size: large;\"><span style=\"font-family: Arial;\"><br>Editions Le R\u00e9gional SA, Swiss Media Center<br>Rue du Clos 12 \/ Case postale 700<br>1800 Vevey<br>T\u00e9l. 021 721 20 3<\/span><\/span><span style=\"font-family: Arial;\">7, f<span style=\"font-size: large;\">ax 021 721 20 31, mobile: 079 213 31 37<br>Fonction: R\u00e9dactrice en chef<br>Email: <\/span><a href=\"nailto:n.brissot@leregional.ch\"><span style=\"text-decoration: underline;\">n.brissot<\/span><span style=\"font-size: large;\"><span style=\"text-decoration: underline;\">@leregional.ch<\/span><\/span><\/a><span style=\"font-size: large;\"><br>M\u00e9dias: Le R\u00e9gional<br>Langues : Fran\u00e7ais, anglais<\/span><\/span><\/p>\n","protected":false},"excerpt":{"rendered":"<p>Quelques publications: Malte, un archipel culturel d&rsquo;une rare richesse Viens poupoule, viens poupoule\u2026. La Bresse, ses volailles, sa cr\u00e8me, son beurre AOC TGV: 30 ans \u00e0 toute allure Vienne, la ville du baiser Croatie: tout truffe et pur plaisir Tunisie: &hellip; <a href=\"http:\/\/www.presstourism.ch\/?page_id=100\">Continuer la lecture <span class=\"meta-nav\">&rarr;<\/span><\/a><\/p>\n","protected":false},"author":1,"featured_media":0,"parent":76,"menu_order":0,"comment_status":"open","ping_status":"open","template":"","meta":{"ngg_post_thumbnail":0,"spay_email":""},"jetpack_sharing_enabled":true,"jetpack_shortlink":"https:\/\/wp.me\/P468TV-1C","_links":{"self":[{"href":"http:\/\/www.presstourism.ch\/index.php?rest_route=\/wp\/v2\/pages\/100"}],"collection":[{"href":"http:\/\/www.presstourism.ch\/index.php?rest_route=\/wp\/v2\/pages"}],"about":[{"href":"http:\/\/www.presstourism.ch\/index.php?rest_route=\/wp\/v2\/types\/page"}],"author":[{"embeddable":true,"href":"http:\/\/www.presstourism.ch\/index.php?rest_route=\/wp\/v2\/users\/1"}],"replies":[{"embeddable":true,"href":"http:\/\/www.presstourism.ch\/index.php?rest_route=%2Fwp%2Fv2%2Fcomments&post=100"}],"version-history":[{"count":10,"href":"http:\/\/www.presstourism.ch\/index.php?rest_route=\/wp\/v2\/pages\/100\/revisions"}],"predecessor-version":[{"id":9386,"href":"http:\/\/www.presstourism.ch\/index.php?rest_route=\/wp\/v2\/pages\/100\/revisions\/9386"}],"up":[{"embeddable":true,"href":"http:\/\/www.presstourism.ch\/index.php?rest_route=\/wp\/v2\/pages\/76"}],"wp:attachment":[{"href":"http:\/\/www.presstourism.ch\/index.php?rest_route=%2Fwp%2Fv2%2Fmedia&parent=100"}],"curies":[{"name":"wp","href":"https:\/\/api.w.org\/{rel}","templated":true}]}}